{"id":3501,"date":"2021-05-10T09:42:16","date_gmt":"2021-05-10T02:42:16","guid":{"rendered":"https:\/\/ladigi.vn\/thiet-ke-website\/?post_type=product&#038;p=3501"},"modified":"2025-01-10T09:39:35","modified_gmt":"2025-01-10T02:39:35","slug":"thiet-ke-web-ban-nem-mau-so-4-vnmattres","status":"publish","type":"product","link":"https:\/\/ladigi.vn\/thiet-ke-website\/mau-web\/thiet-ke-web-ban-nem-mau-so-4-vnmattres\/","title":{"rendered":"C\u1eeda H\u00e0ng N\u1ec7m M\u1eabu S\u1ed1 4"},"content":{"rendered":"<p>\n Ch\u00e0o m\u1eebng qu\u00fd kh\u00e1ch \u0111\u1ebfn v\u1edbi C\u1eeda H\u00e0ng N\u1ec7m M\u1eabu S\u1ed1 4!\n<\/p>\n<p>\n B\u1ea1n \u0111ang t\u00ecm ki\u1ebfm m\u1ed9t \u0111\u1ecba ch\u1ec9 uy t\u00edn v\u00e0 chuy\u00ean nghi\u1ec7p \u0111\u1ec3 thi\u1ebft k\u1ebf website cho c\u1eeda h\u00e0ng n\u1ec7m c\u1ee7a m\u00ecnh? V\u1eady th\u00ec h\u00e3y \u0111\u1ec3 LADIGI Agency gi\u00fap b\u1ea1n!\n<\/p>\n<p>\n V\u1edbi kinh nghi\u1ec7m nhi\u1ec1u n\u0103m trong l\u0129nh v\u1ef1c thi\u1ebft k\u1ebf website, LADIGI cam k\u1ebft mang \u0111\u1ebfn cho b\u1ea1n m\u1ed9t giao di\u1ec7n web \u0111\u1eb9p v\u00e0 chuy\u00ean nghi\u1ec7p, gi\u00fap t\u0103ng c\u01b0\u1eddng s\u1ef1 chuy\u00ean nghi\u1ec7p v\u00e0 uy t\u00edn c\u1ee7a c\u1eeda h\u00e0ng n\u1ec7m c\u1ee7a b\u1ea1n.\n<\/p>\n<p>\n Giao di\u1ec7n web \u0111\u01b0\u1ee3c thi\u1ebft k\u1ebf b\u1edfi \u0111\u1ed9i ng\u0169 thi\u1ebft k\u1ebf chuy\u00ean nghi\u1ec7p c\u1ee7a LADIGI, \u0111\u1ea3m b\u1ea3o s\u1ef1 d\u1ec5 s\u1eed d\u1ee5ng v\u00e0 th\u00e2n thi\u1ec7n v\u1edbi ng\u01b0\u1eddi d\u00f9ng. B\u1ea1n s\u1ebd kh\u00f4ng ph\u1ea3i lo l\u1eafng v\u1ec1 vi\u1ec7c kh\u00e1ch h\u00e0ng c\u1ee7a b\u1ea1n s\u1ebd g\u1eb7p kh\u00f3 kh\u0103n khi s\u1eed d\u1ee5ng website c\u1ee7a b\u1ea1n.\n<\/p>\n<p>\n \u0110\u1eb7c bi\u1ec7t, website \u0111\u01b0\u1ee3c thi\u1ebft k\u1ebf b\u1edfi LADIGI ho\u00e0n to\u00e0n t\u01b0\u01a1ng th\u00edch tr\u00ean m\u1ecdi thi\u1ebft b\u1ecb, t\u1eeb m\u00e1y t\u00ednh \u0111\u1ec3 b\u00e0n, laptop, \u0111i\u1ec7n tho\u1ea1i di \u0111\u1ed9ng cho \u0111\u1ebfn m\u00e1y t\u00ednh b\u1ea3ng. \u0110i\u1ec1u n\u00e0y gi\u00fap kh\u00e1ch h\u00e0ng c\u1ee7a b\u1ea1n c\u00f3 th\u1ec3 truy c\u1eadp v\u00e0o website c\u1ee7a b\u1ea1n b\u1ea5t k\u1ec3 \u0111ang \u1edf \u0111\u00e2u v\u00e0 tr\u00ean thi\u1ebft b\u1ecb n\u00e0o.\n<\/p>\n<p>\n M\u00e3 ngu\u1ed3n c\u1ee7a website \u0111\u01b0\u1ee3c s\u1eed d\u1ee5ng l\u00e0 WordPress v\u1edbi Theme Flatsome v\u00e0 UX Builder, gi\u00fap d\u1ec5 d\u00e0ng t\u00f9y bi\u1ebfn v\u00e0 thay \u0111\u1ed5i giao di\u1ec7n theo \u00fd mu\u1ed1n c\u1ee7a b\u1ea1n. \u0110\u1ed9i ng\u0169 k\u1ef9 thu\u1eadt c\u1ee7a LADIGI s\u1ebd h\u1ed7 tr\u1ee3 b\u1ea1n trong qu\u00e1 tr\u00ecnh t\u00f9y bi\u1ebfn \u0111\u1ec3 \u0111\u1ea3m b\u1ea3o website c\u1ee7a b\u1ea1n s\u1ebd ho\u1ea1t \u0111\u1ed9ng t\u1ed1t nh\u1ea5t.\n<\/p>\n<p>\n M\u1ed9t trong nh\u1eefng y\u1ebfu t\u1ed1 quan tr\u1ecdng c\u1ee7a m\u1ed9t website th\u00e0nh c\u00f4ng l\u00e0 t\u1ed1c \u0111\u1ed9 t\u1ea3i trang. V\u1edbi LADIGI, b\u1ea1n s\u1ebd kh\u00f4ng ph\u1ea3i lo l\u1eafng v\u1ec1 v\u1ea5n \u0111\u1ec1 n\u00e0y. Ch\u00fang t\u00f4i cam k\u1ebft \u0111\u1ea3m b\u1ea3o t\u1ed1c \u0111\u1ed9 t\u1ea3i trang nhanh, gi\u00fap kh\u00e1ch h\u00e0ng c\u1ee7a b\u1ea1n c\u00f3 tr\u1ea3i nghi\u1ec7m t\u1ed1t nh\u1ea5t khi truy c\u1eadp v\u00e0o website c\u1ee7a b\u1ea1n.\n<\/p>\n<p>\n H\u00e3y \u0111\u1ec3 LADIGI Agency gi\u00fap b\u1ea1n thi\u1ebft k\u1ebf website chuy\u00ean nghi\u1ec7p tr\u1ecdn g\u00f3i cho c\u1eeda h\u00e0ng n\u1ec7m c\u1ee7a b\u1ea1n. Ch\u00fang t\u00f4i cam k\u1ebft s\u1ebd mang \u0111\u1ebfn cho b\u1ea1n m\u1ed9t website ho\u00e0n h\u1ea3o, gi\u00fap t\u0103ng c\u01b0\u1eddng s\u1ef1 chuy\u00ean nghi\u1ec7p v\u00e0 hi\u1ec7u qu\u1ea3 kinh doanh c\u1ee7a b\u1ea1n.\n<\/p>\n<p>\n V\u00e0 \u0111\u1eebng qu\u00ean gh\u00e9 th\u0103m website c\u1ee7a ch\u00fang t\u00f4i t\u1ea1i<br \/>\n <a href=\"https:\/\/ladigi.vn\/thiet-ke-website\/\"><\/p>\n<blockquote class=\"wp-embedded-content\" data-secret=\"nE6INkqYAw\"><p><a href=\"https:\/\/ladigi.vn\/thiet-ke-website\/\">Trang ch\u1ee7<\/a><\/p><\/blockquote>\n<p><iframe class=\"wp-embedded-content\" sandbox=\"allow-scripts\" security=\"restricted\" style=\"position: absolute; visibility: hidden;\" title=\"&#8220;Trang ch\u1ee7&#8221; &#8212; LADIGI WebDesign\" src=\"https:\/\/ladigi.vn\/thiet-ke-website\/embed\/#?secret=pqF7nHNfLD#?secret=nE6INkqYAw\" data-secret=\"nE6INkqYAw\" width=\"600\" height=\"338\" frameborder=\"0\" marginwidth=\"0\" marginheight=\"0\" scrolling=\"no\"><\/iframe><br \/>\n <\/a><br \/>\n \u0111\u1ec3 bi\u1ebft th\u00eam th\u00f4ng tin chi ti\u1ebft v\u1ec1 d\u1ecbch v\u1ee5 thi\u1ebft k\u1ebf website c\u1ee7a LADIGI.\n<\/p>\n<p>\n H\u00e3y \u0111\u1ec3 LADIGI gi\u00fap b\u1ea1n mang \u0111\u1ebfn cho kh\u00e1ch h\u00e0ng c\u1ee7a b\u1ea1n m\u1ed9t tr\u1ea3i nghi\u1ec7m tuy\u1ec7t v\u1eddi tr\u00ean website c\u1ee7a b\u1ea1n!<\/p>\n","protected":false},"excerpt":{"rendered":"<p>D\u1ecbch v\u1ee5 Thi\u1ebft k\u1ebf website C\u1eeda H\u00e0ng N\u1ec7m M\u1eabu S\u1ed1 4 mang \u0111\u1ebfn cho kh\u00e1ch h\u00e0ng m\u1ed9t trang web \u0111\u1eb9p v\u00e0 chuy\u00ean nghi\u1ec7p, v\u1edbi giao di\u1ec7n d\u1ec5 s\u1eed d\u1ee5ng v\u00e0 t\u01b0\u01a1ng th\u00edch tr\u00ean m\u1ecdi thi\u1ebft b\u1ecb. S\u1eed d\u1ee5ng m\u00e3 ngu\u1ed3n Wordpress v\u1edbi Theme Flatsome v\u00e0 UX Builder, kh\u00e1ch h\u00e0ng c\u00f3 th\u1ec3 d\u1ec5 d\u00e0ng t\u00f9y bi\u1ebfn theo \u00fd mu\u1ed1n. \u0110\u1eb7c bi\u1ec7t, t\u1ed1c \u0111\u1ed9 t\u1ea3i trang nhanh gi\u00fap ng\u01b0\u1eddi d\u00f9ng tr\u1ea3i nghi\u1ec7m m\u01b0\u1ee3t m\u00e0 v\u00e0 ti\u1ebft ki\u1ec7m th\u1eddi gian. H\u00e3y \u0111\u1ec3 ch\u00fang t\u00f4i gi\u00fap b\u1ea1n t\u1ea1o n\u00ean m\u1ed9t trang web ho\u00e0n h\u1ea3o cho c\u1eeda h\u00e0ng n\u1ec7m c\u1ee7a b\u1ea1n.<\/p>\n","protected":false},"featured_media":3506,"comment_status":"open","ping_status":"closed","template":"","meta":[],"product_cat":[16,30],"product_tag":[23],"class_list":{"0":"post-3501","1":"product","2":"type-product","3":"status-publish","4":"has-post-thumbnail","6":"product_cat-tat-ca","7":"product_cat-noi-that","8":"product_tag-ban-hang","10":"first","11":"instock","12":"shipping-taxable","13":"purchasable","14":"product-type-simple"},"_links":{"self":[{"href":"https:\/\/ladigi.vn\/thiet-ke-website\/wp-json\/wp\/v2\/product\/3501","targetHints":{"allow":["GET"]}}],"collection":[{"href":"https:\/\/ladigi.vn\/thiet-ke-website\/wp-json\/wp\/v2\/product"}],"about":[{"href":"https:\/\/ladigi.vn\/thiet-ke-website\/wp-json\/wp\/v2\/types\/product"}],"replies":[{"embeddable":true,"href":"https:\/\/ladigi.vn\/thiet-ke-website\/wp-json\/wp\/v2\/comments?post=3501"}],"wp:featuredmedia":[{"embeddable":true,"href":"https:\/\/ladigi.vn\/thiet-ke-website\/wp-json\/wp\/v2\/media\/3506"}],"wp:attachment":[{"href":"https:\/\/ladigi.vn\/thiet-ke-website\/wp-json\/wp\/v2\/media?parent=3501"}],"wp:term":[{"taxonomy":"product_cat","embeddable":true,"href":"https:\/\/ladigi.vn\/thiet-ke-website\/wp-json\/wp\/v2\/product_cat?post=3501"},{"taxonomy":"product_tag","embeddable":true,"href":"https:\/\/ladigi.vn\/thiet-ke-website\/wp-json\/wp\/v2\/product_tag?post=3501"}],"curies":[{"name":"wp","href":"https:\/\/api.w.org\/{rel}","templated":true}]}}