{"id":3511,"date":"2021-05-10T09:47:16","date_gmt":"2021-05-10T02:47:16","guid":{"rendered":"https:\/\/ladigi.vn\/thiet-ke-website\/?post_type=product&#038;p=3511"},"modified":"2025-01-10T12:08:32","modified_gmt":"2025-01-10T05:08:32","slug":"thiet-ke-website-thoi-trang-mau-so-21","status":"publish","type":"product","link":"https:\/\/ladigi.vn\/thiet-ke-website\/mau-web\/thiet-ke-website-thoi-trang-mau-so-21\/","title":{"rendered":"B\u00e1n H\u00e0ng Th\u1eddi Trang M\u1eabu S\u1ed1 21"},"content":{"rendered":"<p>\n Ch\u00e0o m\u1ecdi ng\u01b0\u1eddi,\n<\/p>\n<p>\n B\u1ea1n \u0111ang mu\u1ed1n kinh doanh th\u1eddi trang tr\u1ef1c tuy\u1ebfn nh\u01b0ng ch\u01b0a bi\u1ebft b\u1eaft \u0111\u1ea7u t\u1eeb \u0111\u00e2u? \u0110\u1eebng lo, LADIGI Agency s\u1ebd gi\u00fap b\u1ea1n gi\u1ea3i quy\u1ebft v\u1ea5n \u0111\u1ec1 n\u00e0y v\u1edbi d\u1ecbch v\u1ee5 Thi\u1ebft k\u1ebf website B\u00e1n H\u00e0ng Th\u1eddi Trang M\u1eabu S\u1ed1 21.\n<\/p>\n<p>\n V\u1edbi kinh nghi\u1ec7m nhi\u1ec1u n\u0103m trong l\u0129nh v\u1ef1c thi\u1ebft k\u1ebf website, ch\u00fang t\u00f4i cam k\u1ebft mang \u0111\u1ebfn cho b\u1ea1n m\u1ed9t giao di\u1ec7n web \u0111\u1eb9p, chuy\u00ean nghi\u1ec7p v\u00e0 d\u1ec5 s\u1eed d\u1ee5ng. Ch\u00fang t\u00f4i hi\u1ec3u r\u1eb1ng giao di\u1ec7n l\u00e0 y\u1ebfu t\u1ed1 quan tr\u1ecdng gi\u00fap thu h\u00fat v\u00e0 gi\u1eef ch\u00e2n kh\u00e1ch h\u00e0ng tr\u00ean website c\u1ee7a b\u1ea1n. V\u00ec v\u1eady, ch\u00fang t\u00f4i lu\u00f4n t\u1eadp trung v\u00e0o vi\u1ec7c thi\u1ebft k\u1ebf giao di\u1ec7n \u0111\u1eb9p m\u1eaft v\u00e0 th\u00e2n thi\u1ec7n v\u1edbi ng\u01b0\u1eddi d\u00f9ng.\n<\/p>\n<p>\n Kh\u00f4ng ch\u1ec9 \u0111\u1eb9p m\u1eaft, giao di\u1ec7n web c\u1ee7a ch\u00fang t\u00f4i c\u00f2n \u0111\u01b0\u1ee3c t\u1ed1i \u01b0u \u0111\u1ec3 t\u01b0\u01a1ng th\u00edch tr\u00ean m\u1ecdi thi\u1ebft b\u1ecb. \u0110i\u1ec1u n\u00e0y gi\u00fap kh\u00e1ch h\u00e0ng c\u1ee7a b\u1ea1n c\u00f3 th\u1ec3 tr\u1ea3i nghi\u1ec7m website c\u1ee7a b\u1ea1n m\u1ed9t c\u00e1ch thu\u1eadn ti\u1ec7n v\u00e0 d\u1ec5 d\u00e0ng tr\u00ean c\u00e1c thi\u1ebft b\u1ecb di \u0111\u1ed9ng, m\u00e1y t\u00ednh b\u1ea3ng hay m\u00e1y t\u00ednh \u0111\u1ec3 b\u00e0n.\n<\/p>\n<p>\n \u0110\u1ec3 \u0111\u1ea3m b\u1ea3o t\u00ednh linh ho\u1ea1t v\u00e0 d\u1ec5 d\u00e0ng t\u00f9y bi\u1ebfn, ch\u00fang t\u00f4i s\u1eed d\u1ee5ng m\u00e3 ngu\u1ed3n WordPress k\u1ebft h\u1ee3p v\u1edbi Theme Flatsome v\u00e0 UX Builder. \u0110i\u1ec1u n\u00e0y cho ph\u00e9p ch\u00fang t\u00f4i t\u1ea1o ra nh\u1eefng trang web \u0111\u1eb9p v\u00e0 \u0111\u1ed9c \u0111\u00e1o, ph\u00f9 h\u1ee3p v\u1edbi nhu c\u1ea7u v\u00e0 mong mu\u1ed1n c\u1ee7a kh\u00e1ch h\u00e0ng.\n<\/p>\n<p>\n V\u1edbi t\u1ed1c \u0111\u1ed9 t\u1ea3i trang nhanh, ch\u00fang t\u00f4i cam k\u1ebft website c\u1ee7a b\u1ea1n s\u1ebd \u0111\u01b0\u1ee3c t\u1ea3i nhanh ch\u00f3ng, gi\u00fap c\u1ea3i thi\u1ec7n tr\u1ea3i nghi\u1ec7m c\u1ee7a kh\u00e1ch h\u00e0ng v\u00e0 t\u0103ng kh\u1ea3 n\u0103ng t\u01b0\u01a1ng t\u00e1c tr\u00ean website.\n<\/p>\n<p>\n N\u1ebfu b\u1ea1n \u0111ang t\u00ecm ki\u1ebfm m\u1ed9t \u0111\u01a1n v\u1ecb thi\u1ebft k\u1ebf website chuy\u00ean nghi\u1ec7p v\u00e0 \u0111\u00e1ng tin c\u1eady, h\u00e3y \u0111\u1ebfn v\u1edbi LADIGI Agency. Ch\u00fang t\u00f4i s\u1ebd \u0111\u1ed3ng h\u00e0nh c\u00f9ng b\u1ea1n \u0111\u1ec3 t\u1ea1o n\u00ean m\u1ed9t website b\u00e1n h\u00e0ng th\u1eddi trang \u0111\u1eb9p v\u00e0 hi\u1ec7u qu\u1ea3.\n<\/p>\n<p>\n \u0110\u1eebng ch\u1ea7n ch\u1eeb n\u1eefa, h\u00e3y li\u00ean h\u1ec7 v\u1edbi ch\u00fang t\u00f4i ngay h\u00f4m nay \u0111\u1ec3 \u0111\u01b0\u1ee3c t\u01b0 v\u1ea5n v\u00e0 b\u00e1o gi\u00e1 chi ti\u1ebft. B\u1ea1n c\u0169ng c\u00f3 th\u1ec3 t\u00ecm hi\u1ec3u th\u00eam v\u1ec1 d\u1ecbch v\u1ee5 Thi\u1ebft k\u1ebf website t\u00f9y ch\u1ec9nh theo y\u00eau c\u1ea7u c\u1ee7a ch\u00fang t\u00f4i t\u1ea1i \u0111\u01b0\u1eddng link sau:<br \/>\n <a href=\"https:\/\/ladigi.vn\/thiet-ke-website\/\"><br \/>\n  Thi\u1ebft k\u1ebf website t\u00f9y ch\u1ec9nh theo y\u00eau c\u1ea7u<br \/>\n <\/a>\n<\/p>\n<p>\n H\u00e3y \u0111\u1ec3 LADIGI Agency gi\u00fap b\u1ea1n th\u1ec3 hi\u1ec7n s\u1ef1 chuy\u00ean nghi\u1ec7p v\u00e0 t\u1ea1o d\u1ef1ng th\u01b0\u01a1ng hi\u1ec7u th\u00e0nh c\u00f4ng tr\u00ean kh\u00f4ng gian m\u1ea1ng. Ch\u00fang t\u00f4i mong \u0111\u1ee3i \u0111\u01b0\u1ee3c h\u1ee3p t\u00e1c c\u00f9ng b\u1ea1n!\n<\/p>\n<p>\n Tr\u00e2n tr\u1ecdng,\n<\/p>\n<p>\n LADIGI Agency.<\/p>\n","protected":false},"excerpt":{"rendered":"<p>D\u1ecbch v\u1ee5 Thi\u1ebft k\u1ebf website B\u00e1n H\u00e0ng Th\u1eddi Trang M\u1eabu S\u1ed1 21 l\u00e0 s\u1ef1 l\u1ef1a ch\u1ecdn ho\u00e0n h\u1ea3o cho c\u00e1c doanh nghi\u1ec7p trong ng\u00e0nh th\u1eddi trang. V\u1edbi giao di\u1ec7n \u0111\u1eb9p, chuy\u00ean nghi\u1ec7p v\u00e0 d\u1ec5 s\u1eed d\u1ee5ng, website c\u1ee7a b\u1ea1n s\u1ebd thu h\u00fat kh\u00e1ch h\u00e0ng ngay t\u1eeb c\u00e1i nh\u00ecn \u0111\u1ea7u ti\u00ean. \u0110\u1eb7c bi\u1ec7t, giao di\u1ec7n \u0111\u01b0\u1ee3c t\u1ed1i \u01b0u \u0111\u1ec3 t\u01b0\u01a1ng th\u00edch tr\u00ean m\u1ecdi thi\u1ebft b\u1ecb, gi\u00fap kh\u00e1ch h\u00e0ng d\u1ec5 d\u00e0ng truy c\u1eadp v\u00e0 mua s\u1eafm tr\u00ean \u0111i\u1ec7n tho\u1ea1i hay m\u00e1y t\u00ednh b\u1ea3ng. S\u1eed d\u1ee5ng m\u00e3 ngu\u1ed3n Wordpress v\u1edbi Theme Flatsome v\u00e0 UX Builder, ch\u00fang t\u00f4i cam k\u1ebft t\u1ea1o ra m\u1ed9t website d\u1ec5 t\u00f9y bi\u1ebfn v\u00e0 t\u1ed1i \u01b0u h\u00f3a t\u1ed1c \u0111\u1ed9 t\u1ea3i trang nhanh ch\u00f3ng, mang l\u1ea1i tr\u1ea3i nghi\u1ec7m mua s\u1eafm tuy\u1ec7t v\u1eddi cho kh\u00e1ch h\u00e0ng.<\/p>\n","protected":false},"featured_media":3513,"comment_status":"open","ping_status":"closed","template":"","meta":[],"product_cat":[16,34],"product_tag":[23],"class_list":{"0":"post-3511","1":"product","2":"type-product","3":"status-publish","4":"has-post-thumbnail","6":"product_cat-tat-ca","7":"product_cat-thoi-trang","8":"product_tag-ban-hang","10":"first","11":"instock","12":"shipping-taxable","13":"purchasable","14":"product-type-simple"},"_links":{"self":[{"href":"https:\/\/ladigi.vn\/thiet-ke-website\/wp-json\/wp\/v2\/product\/3511","targetHints":{"allow":["GET"]}}],"collection":[{"href":"https:\/\/ladigi.vn\/thiet-ke-website\/wp-json\/wp\/v2\/product"}],"about":[{"href":"https:\/\/ladigi.vn\/thiet-ke-website\/wp-json\/wp\/v2\/types\/product"}],"replies":[{"embeddable":true,"href":"https:\/\/ladigi.vn\/thiet-ke-website\/wp-json\/wp\/v2\/comments?post=3511"}],"wp:featuredmedia":[{"embeddable":true,"href":"https:\/\/ladigi.vn\/thiet-ke-website\/wp-json\/wp\/v2\/media\/3513"}],"wp:attachment":[{"href":"https:\/\/ladigi.vn\/thiet-ke-website\/wp-json\/wp\/v2\/media?parent=3511"}],"wp:term":[{"taxonomy":"product_cat","embeddable":true,"href":"https:\/\/ladigi.vn\/thiet-ke-website\/wp-json\/wp\/v2\/product_cat?post=3511"},{"taxonomy":"product_tag","embeddable":true,"href":"https:\/\/ladigi.vn\/thiet-ke-website\/wp-json\/wp\/v2\/product_tag?post=3511"}],"curies":[{"name":"wp","href":"https:\/\/api.w.org\/{rel}","templated":true}]}}