{"id":3512,"date":"2021-05-10T09:49:43","date_gmt":"2021-05-10T02:49:43","guid":{"rendered":"https:\/\/ladigi.vn\/thiet-ke-website\/?post_type=product&#038;p=3512"},"modified":"2025-01-10T12:09:44","modified_gmt":"2025-01-10T05:09:44","slug":"medicalpro-thiet-ke-web-y-te-phong-kham-benh-vien","status":"publish","type":"product","link":"https:\/\/ladigi.vn\/thiet-ke-website\/mau-web\/medicalpro-thiet-ke-web-y-te-phong-kham-benh-vien\/","title":{"rendered":"Y T\u1ebf, Ph\u00f2ng Kh\u00e1m, B\u1ec7nh Vi\u1ec7n"},"content":{"rendered":"<p>\n <strong><br \/>\n  Thi\u1ebft k\u1ebf website Y T\u1ebf, Ph\u00f2ng Kh\u00e1m, B\u1ec7nh Vi\u1ec7n &#8211; S\u1ef1 l\u1ef1a ch\u1ecdn t\u1ed1i \u01b0u cho h\u1ec7 th\u1ed1ng y t\u1ebf c\u1ee7a b\u1ea1n<br \/>\n <\/strong>\n<\/p>\n<p>\n B\u1ea1n \u0111ang t\u00ecm ki\u1ebfm m\u1ed9t d\u1ecbch v\u1ee5 thi\u1ebft k\u1ebf website chuy\u00ean nghi\u1ec7p v\u00e0 \u0111\u1eb9p m\u1eaft cho h\u1ec7 th\u1ed1ng y t\u1ebf c\u1ee7a m\u00ecnh? B\u1ea1n mu\u1ed1n c\u00f3 m\u1ed9t giao di\u1ec7n web d\u1ec5 s\u1eed d\u1ee5ng v\u00e0 t\u01b0\u01a1ng th\u00edch tr\u00ean m\u1ecdi thi\u1ebft b\u1ecb? V\u00e0 \u0111\u1eb7c bi\u1ec7t, b\u1ea1n mong mu\u1ed1n t\u1ed1c \u0111\u1ed9 t\u1ea3i trang nhanh \u0111\u1ec3 thu h\u00fat \u0111\u01b0\u1ee3c nhi\u1ec1u kh\u00e1ch h\u00e0ng h\u01a1n? H\u00e3y \u0111\u1ec3 LADIGI Agency gi\u00fap b\u1ea1n v\u1edbi d\u1ecbch v\u1ee5 Thi\u1ebft k\u1ebf website Y T\u1ebf, Ph\u00f2ng Kh\u00e1m, B\u1ec7nh Vi\u1ec7n.\n<\/p>\n<p>\n <strong><br \/>\n  Giao di\u1ec7n web \u0111\u01b0\u1ee3c thi\u1ebft k\u1ebf \u0111\u1eb9p, chuy\u00ean nghi\u1ec7p, d\u1ec5 s\u1eed d\u1ee5ng<br \/>\n <\/strong>\n<\/p>\n<p>\n V\u1edbi \u0111\u1ed9i ng\u0169 thi\u1ebft k\u1ebf chuy\u00ean nghi\u1ec7p v\u00e0 kinh nghi\u1ec7m l\u00e2u n\u0103m trong l\u0129nh v\u1ef1c thi\u1ebft k\u1ebf website, ch\u00fang t\u00f4i cam k\u1ebft mang \u0111\u1ebfn cho b\u1ea1n m\u1ed9t giao di\u1ec7n web \u0111\u1eb9p m\u1eaft v\u00e0 chuy\u00ean nghi\u1ec7p. Ch\u00fang t\u00f4i lu\u00f4n t\u00ecm t\u00f2i v\u00e0 \u00e1p d\u1ee5ng nh\u1eefng xu h\u01b0\u1edbng thi\u1ebft k\u1ebf m\u1edbi nh\u1ea5t \u0111\u1ec3 t\u1ea1o n\u00ean m\u1ed9t website \u0111\u1ed9c \u0111\u00e1o v\u00e0 n\u1ed5i b\u1eadt trong ng\u00e0nh y t\u1ebf.\n<\/p>\n<p>\n <strong><br \/>\n  T\u01b0\u01a1ng th\u00edch tr\u00ean m\u1ecdi thi\u1ebft b\u1ecb<br \/>\n <\/strong>\n<\/p>\n<p>\n V\u1edbi s\u1ef1 ph\u00e1t tri\u1ec3n kh\u00f4ng ng\u1eebng c\u1ee7a c\u00f4ng ngh\u1ec7, vi\u1ec7c s\u1eed d\u1ee5ng c\u00e1c thi\u1ebft b\u1ecb di \u0111\u1ed9ng \u0111\u1ec3 truy c\u1eadp internet \u0111\u00e3 tr\u1edf n\u00ean ph\u1ed5 bi\u1ebfn h\u01a1n bao gi\u1edd h\u1ebft. V\u00ec v\u1eady, ch\u00fang t\u00f4i \u0111\u1ea3m b\u1ea3o website c\u1ee7a b\u1ea1n s\u1ebd t\u01b0\u01a1ng th\u00edch ho\u00e0n h\u1ea3o tr\u00ean m\u1ecdi thi\u1ebft b\u1ecb, t\u1eeb m\u00e1y t\u00ednh \u0111\u1ec3 b\u00e0n \u0111\u1ebfn \u0111i\u1ec7n tho\u1ea1i di \u0111\u1ed9ng, gi\u00fap kh\u00e1ch h\u00e0ng d\u1ec5 d\u00e0ng truy c\u1eadp v\u00e0 t\u00ecm ki\u1ebfm th\u00f4ng tin v\u1ec1 h\u1ec7 th\u1ed1ng y t\u1ebf c\u1ee7a b\u1ea1n.\n<\/p>\n<p>\n <strong><br \/>\n  M\u00e3 ngu\u1ed3n WordPress v\u1edbi Theme Flatsome v\u00e0 UX Builder d\u1ec5 t\u00f9y bi\u1ebfn<br \/>\n <\/strong>\n<\/p>\n<p>\n Ch\u00fang t\u00f4i s\u1eed d\u1ee5ng m\u00e3 ngu\u1ed3n WordPress k\u1ebft h\u1ee3p v\u1edbi Theme Flatsome v\u00e0 UX Builder \u0111\u1ec3 t\u1ea1o n\u00ean m\u1ed9t website d\u1ec5 t\u00f9y bi\u1ebfn v\u00e0 qu\u1ea3n l\u00fd. V\u1edbi giao di\u1ec7n tr\u1ef1c quan v\u00e0 t\u00ednh n\u0103ng k\u00e9o v\u00e0 th\u1ea3, b\u1ea1n c\u00f3 th\u1ec3 d\u1ec5 d\u00e0ng t\u1ea1o n\u00ean nh\u1eefng trang web \u0111\u1eb9p v\u00e0 chuy\u00ean nghi\u1ec7p m\u00e0 kh\u00f4ng c\u1ea7n c\u00f3 ki\u1ebfn th\u1ee9c v\u1ec1 l\u1eadp tr\u00ecnh.\n<\/p>\n<p>\n <strong><br \/>\n  T\u1ed1c \u0111\u1ed9 t\u1ea3i trang nhanh<br \/>\n <\/strong>\n<\/p>\n<p>\n Kh\u00f4ng ch\u1ec9 \u0111\u1eb9p m\u1eaft v\u00e0 d\u1ec5 s\u1eed d\u1ee5ng, website c\u1ee7a b\u1ea1n c\u00f2n \u0111\u01b0\u1ee3c \u0111\u1ea3m b\u1ea3o c\u00f3 t\u1ed1c \u0111\u1ed9 t\u1ea3i trang nhanh. V\u1edbi vi\u1ec7c t\u1ed1i \u01b0u h\u00f3a m\u00e3 ngu\u1ed3n v\u00e0 s\u1eed d\u1ee5ng c\u00e1c c\u00f4ng ngh\u1ec7 m\u1edbi nh\u1ea5t, ch\u00fang t\u00f4i cam k\u1ebft mang \u0111\u1ebfn cho kh\u00e1ch h\u00e0ng tr\u1ea3i nghi\u1ec7m truy c\u1eadp website m\u01b0\u1ee3t m\u00e0 v\u00e0 nhanh ch\u00f3ng.\n<\/p>\n<p>\n <strong><br \/>\n  Gi\u1edbi thi\u1ec7u v\u1ec1 LADIGI Agency<br \/>\n <\/strong>\n<\/p>\n<p>\n LADIGI Agency l\u00e0 m\u1ed9t \u0111\u01a1n v\u1ecb chuy\u00ean cung c\u1ea5p c\u00e1c d\u1ecbch v\u1ee5 thi\u1ebft k\u1ebf website chuy\u00ean nghi\u1ec7p v\u00e0 hi\u1ec7u qu\u1ea3. V\u1edbi \u0111\u1ed9i ng\u0169 nh\u00e2n vi\u00ean t\u1eadn t\u00e2m v\u00e0 nhi\u1ec7t huy\u1ebft, ch\u00fang t\u00f4i lu\u00f4n n\u1ed7 l\u1ef1c \u0111\u1ec3 mang \u0111\u1ebfn cho kh\u00e1ch h\u00e0ng nh\u1eefng gi\u1ea3i ph\u00e1p t\u1ed1i \u01b0u nh\u1ea5t cho h\u1ec7 th\u1ed1ng y t\u1ebf c\u1ee7a h\u1ecd.\n<\/p>\n<p>\n <strong><br \/>\n  Li\u00ean h\u1ec7 ngay v\u1edbi ch\u00fang t\u00f4i<br \/>\n <\/strong>\n<\/p>\n<p>\n N\u1ebfu b\u1ea1n \u0111ang c\u00f3 nhu c\u1ea7u thi\u1ebft k\u1ebf website cho h\u1ec7 th\u1ed1ng y t\u1ebf c\u1ee7a m\u00ecnh, h\u00e3y li\u00ean h\u1ec7 ngay v\u1edbi LADIGI Agency \u0111\u1ec3 \u0111\u01b0\u1ee3c t\u01b0 v\u1ea5n v\u00e0 h\u1ed7 tr\u1ee3 t\u1ed1t nh\u1ea5t. Ch\u00fang t\u00f4i cam k\u1ebft s\u1ebd mang \u0111\u1ebfn cho b\u1ea1n m\u1ed9t website \u0111\u1eb9p, chuy\u00ean nghi\u1ec7p v\u00e0 hi\u1ec7u qu\u1ea3. \u0110\u1ec3 bi\u1ebft th\u00eam chi ti\u1ebft v\u1ec1 d\u1ecbch v\u1ee5 Thi\u1ebft k\u1ebf website Y T\u1ebf, Ph\u00f2ng Kh\u00e1m, B\u1ec7nh Vi\u1ec7n c\u1ee7a ch\u00fang t\u00f4i, vui l\u00f2ng truy c\u1eadp<br \/>\n <a href=\"https:\/\/ladigi.vn\/thiet-ke-website\/\"><br \/>\n  \u0111\u01b0\u1eddng link n\u00e0y<br \/>\n <\/a><br \/>\n . H\u00e3y \u0111\u1ec3 LADIGI Agency tr\u1edf th\u00e0nh \u0111\u1ed1i t\u00e1c tin c\u1eady c\u1ee7a b\u1ea1n trong vi\u1ec7c ph\u00e1t tri\u1ec3n h\u1ec7 th\u1ed1ng y t\u1ebf c\u1ee7a b\u1ea1n!<\/p>\n","protected":false},"excerpt":{"rendered":"<p>D\u1ecbch v\u1ee5 Thi\u1ebft k\u1ebf website Y T\u1ebf, Ph\u00f2ng Kh\u00e1m, B\u1ec7nh Vi\u1ec7n c\u1ee7a ch\u00fang t\u00f4i mang \u0111\u1ebfn cho kh\u00e1ch h\u00e0ng nh\u1eefng giao di\u1ec7n web \u0111\u1eb9p, chuy\u00ean nghi\u1ec7p v\u00e0 d\u1ec5 s\u1eed d\u1ee5ng. V\u1edbi vi\u1ec7c t\u1ed1i \u01b0u h\u00f3a cho m\u1ecdi thi\u1ebft b\u1ecb, kh\u00e1ch h\u00e0ng c\u00f3 th\u1ec3 truy c\u1eadp v\u00e0 s\u1eed d\u1ee5ng web m\u1ed9t c\u00e1ch thu\u1eadn ti\u1ec7n nh\u1ea5t. M\u00e3 ngu\u1ed3n Wordpress c\u00f9ng v\u1edbi Theme Flatsome v\u00e0 UX Builder cho ph\u00e9p t\u00f9y bi\u1ebfn web m\u1ed9t c\u00e1ch d\u1ec5 d\u00e0ng. \u0110\u1eb7c bi\u1ec7t, t\u1ed1c \u0111\u1ed9 t\u1ea3i trang nhanh s\u1ebd mang l\u1ea1i tr\u1ea3i nghi\u1ec7m tuy\u1ec7t v\u1eddi cho ng\u01b0\u1eddi d\u00f9ng.<\/p>\n","protected":false},"featured_media":3515,"comment_status":"open","ping_status":"closed","template":"","meta":[],"product_cat":[16,26,53],"product_tag":[],"class_list":{"0":"post-3512","1":"product","2":"type-product","3":"status-publish","4":"has-post-thumbnail","6":"product_cat-tat-ca","7":"product_cat-phong-kham","8":"product_cat-suc-khoe","10":"first","11":"instock","12":"shipping-taxable","13":"purchasable","14":"product-type-simple"},"_links":{"self":[{"href":"https:\/\/ladigi.vn\/thiet-ke-website\/wp-json\/wp\/v2\/product\/3512","targetHints":{"allow":["GET"]}}],"collection":[{"href":"https:\/\/ladigi.vn\/thiet-ke-website\/wp-json\/wp\/v2\/product"}],"about":[{"href":"https:\/\/ladigi.vn\/thiet-ke-website\/wp-json\/wp\/v2\/types\/product"}],"replies":[{"embeddable":true,"href":"https:\/\/ladigi.vn\/thiet-ke-website\/wp-json\/wp\/v2\/comments?post=3512"}],"wp:featuredmedia":[{"embeddable":true,"href":"https:\/\/ladigi.vn\/thiet-ke-website\/wp-json\/wp\/v2\/media\/3515"}],"wp:attachment":[{"href":"https:\/\/ladigi.vn\/thiet-ke-website\/wp-json\/wp\/v2\/media?parent=3512"}],"wp:term":[{"taxonomy":"product_cat","embeddable":true,"href":"https:\/\/ladigi.vn\/thiet-ke-website\/wp-json\/wp\/v2\/product_cat?post=3512"},{"taxonomy":"product_tag","embeddable":true,"href":"https:\/\/ladigi.vn\/thiet-ke-website\/wp-json\/wp\/v2\/product_tag?post=3512"}],"curies":[{"name":"wp","href":"https:\/\/api.w.org\/{rel}","templated":true}]}}