{"id":3520,"date":"2021-05-10T09:57:43","date_gmt":"2021-05-10T02:57:43","guid":{"rendered":"https:\/\/ladigi.vn\/thiet-ke-website\/?post_type=product&#038;p=3520"},"modified":"2025-01-10T12:13:08","modified_gmt":"2025-01-10T05:13:08","slug":"thiet-ke-website-ban-o-to-mitsubishi-mau-so-2","status":"publish","type":"product","link":"https:\/\/ladigi.vn\/thiet-ke-website\/mau-web\/thiet-ke-website-ban-o-to-mitsubishi-mau-so-2\/","title":{"rendered":"Xe \u00d4 T\u00f4 Mitsubishi M\u1eabu S\u1ed1 2"},"content":{"rendered":"<p>\n Ch\u00e0o m\u1eebng c\u00e1c b\u1ea1n \u0111\u1ebfn v\u1edbi LADIGI Agency &#8211; \u0111\u01a1n v\u1ecb thi\u1ebft k\u1ebf website chuy\u00ean nghi\u1ec7p v\u00e0 uy t\u00edn h\u00e0ng \u0111\u1ea7u t\u1ea1i Vi\u1ec7t Nam.\n<\/p>\n<p>\n B\u1ea1n \u0111ang c\u00f3 nhu c\u1ea7u t\u00ecm ki\u1ebfm m\u1ed9t \u0111\u01a1n v\u1ecb thi\u1ebft k\u1ebf website chuy\u00ean nghi\u1ec7p cho d\u00f2ng xe \u00f4 t\u00f4 Mitsubishi m\u1eabu s\u1ed1 2 c\u1ee7a m\u00ecnh? H\u00e3y \u0111\u1ec3 LADIGI gi\u00fap b\u1ea1n!\n<\/p>\n<p>\n V\u1edbi kinh nghi\u1ec7m nhi\u1ec1u n\u0103m trong l\u0129nh v\u1ef1c thi\u1ebft k\u1ebf website, ch\u00fang t\u00f4i t\u1ef1 tin mang \u0111\u1ebfn cho b\u1ea1n giao di\u1ec7n web \u0111\u1eb9p v\u00e0 chuy\u00ean nghi\u1ec7p, gi\u00fap t\u0103ng c\u01b0\u1eddng s\u1ef1 chuy\u00ean nghi\u1ec7p v\u00e0 \u0111\u1eb3ng c\u1ea5p c\u1ee7a d\u00f2ng xe Mitsubishi m\u1eabu s\u1ed1 2.\n<\/p>\n<p>\n Giao di\u1ec7n web c\u1ee7a ch\u00fang t\u00f4i \u0111\u01b0\u1ee3c thi\u1ebft k\u1ebf d\u1ec5 s\u1eed d\u1ee5ng, gi\u00fap ng\u01b0\u1eddi d\u00f9ng d\u1ec5 d\u00e0ng t\u00ecm th\u1ea5y th\u00f4ng tin c\u1ea7n thi\u1ebft v\u00e0 t\u01b0\u01a1ng t\u00e1c tr\u00ean website c\u1ee7a b\u1ea1n m\u1ed9t c\u00e1ch thu\u1eadn ti\u1ec7n. B\u00ean c\u1ea1nh \u0111\u00f3, giao di\u1ec7n web c\u0169ng \u0111\u01b0\u1ee3c t\u1ed1i \u01b0u h\u00f3a \u0111\u1ec3 hi\u1ec3n th\u1ecb t\u1ed1t tr\u00ean m\u1ecdi thi\u1ebft b\u1ecb, t\u1eeb m\u00e1y t\u00ednh \u0111\u1ec3 b\u00e0n \u0111\u1ebfn \u0111i\u1ec7n tho\u1ea1i di \u0111\u1ed9ng.\n<\/p>\n<p>\n \u0110\u1ec3 \u0111\u1ea3m b\u1ea3o s\u1ef1 linh ho\u1ea1t v\u00e0 d\u1ec5 d\u00e0ng t\u00f9y bi\u1ebfn, ch\u00fang t\u00f4i s\u1eed d\u1ee5ng m\u00e3 ngu\u1ed3n WordPress v\u1edbi Theme Flatsome v\u00e0 UX Builder. \u0110i\u1ec1u n\u00e0y gi\u00fap cho vi\u1ec7c t\u00f9y ch\u1ec9nh giao di\u1ec7n web tr\u1edf n\u00ean d\u1ec5 d\u00e0ng v\u00e0 nhanh ch\u00f3ng, gi\u00fap b\u1ea1n ti\u1ebft ki\u1ec7m \u0111\u01b0\u1ee3c th\u1eddi gian v\u00e0 chi ph\u00ed.\n<\/p>\n<p>\n M\u1ed9t trong nh\u1eefng y\u1ebfu t\u1ed1 quan tr\u1ecdng c\u1ee7a m\u1ed9t website l\u00e0 t\u1ed1c \u0111\u1ed9 t\u1ea3i trang. V\u1edbi LADIGI, ch\u00fang t\u00f4i cam k\u1ebft mang \u0111\u1ebfn cho b\u1ea1n m\u1ed9t website c\u00f3 t\u1ed1c \u0111\u1ed9 t\u1ea3i trang nhanh, gi\u00fap c\u1ea3i thi\u1ec7n tr\u1ea3i nghi\u1ec7m c\u1ee7a ng\u01b0\u1eddi d\u00f9ng v\u00e0 t\u1ed1i \u01b0u h\u00f3a th\u1ee9 h\u1ea1ng tr\u00ean c\u00e1c c\u00f4ng c\u1ee5 t\u00ecm ki\u1ebfm.\n<\/p>\n<p>\n H\u00e3y \u0111\u1ec3 LADIGI gi\u00fap b\u1ea1n t\u1ea1o n\u00ean m\u1ed9t website chuy\u00ean nghi\u1ec7p v\u00e0 hi\u1ec7u qu\u1ea3 cho d\u00f2ng xe \u00f4 t\u00f4 Mitsubishi m\u1eabu s\u1ed1 2 c\u1ee7a b\u1ea1n. V\u1edbi \u0111\u1ed9i ng\u0169 nh\u00e2n vi\u00ean gi\u00e0u kinh nghi\u1ec7m v\u00e0 t\u1eadn t\u00e2m, ch\u00fang t\u00f4i cam k\u1ebft s\u1ebd mang \u0111\u1ebfn cho b\u1ea1n s\u1ef1 h\u00e0i l\u00f2ng v\u00e0 \u0111\u00e1p \u1ee9ng m\u1ecdi y\u00eau c\u1ea7u c\u1ee7a b\u1ea1n.\n<\/p>\n<p>\n \u0110\u1eebng ng\u1ea7n ng\u1ea1i li\u00ean h\u1ec7 v\u1edbi ch\u00fang t\u00f4i ngay h\u00f4m nay \u0111\u1ec3 \u0111\u01b0\u1ee3c t\u01b0 v\u1ea5n v\u00e0 b\u00e1o gi\u00e1 t\u1ed1t nh\u1ea5t cho d\u1ecbch v\u1ee5 thi\u1ebft k\u1ebf website c\u1ee7a b\u1ea1n.\n<\/p>\n<p>\n Xem th\u00eam th\u00f4ng tin v\u1ec1 d\u1ecbch v\u1ee5 thi\u1ebft k\u1ebf website c\u1ee7a LADIGI t\u1ea1i<br \/>\n <a href=\"https:\/\/ladigi.vn\/thiet-ke-website\/\"><br \/>\n  \u0111\u00e2y<br \/>\n <\/a><br \/>\n . Ch\u00fang t\u00f4i hy v\u1ecdng s\u1ebd \u0111\u01b0\u1ee3c h\u1ee3p t\u00e1c c\u00f9ng b\u1ea1n trong t\u01b0\u01a1ng lai g\u1ea7n!<\/p>\n","protected":false},"excerpt":{"rendered":"<p>D\u1ecbch v\u1ee5 Thi\u1ebft k\u1ebf website Xe \u00d4 T\u00f4 Mitsubishi M\u1eabu S\u1ed1 2 l\u00e0 gi\u1ea3i ph\u00e1p ho\u00e0n h\u1ea3o cho c\u00e1c doanh nghi\u1ec7p kinh doanh xe \u00f4 t\u00f4 Mitsubishi. V\u1edbi giao di\u1ec7n \u0111\u1eb9p, chuy\u00ean nghi\u1ec7p v\u00e0 d\u1ec5 s\u1eed d\u1ee5ng, website s\u1ebd thu h\u00fat kh\u00e1ch h\u00e0ng ngay t\u1eeb c\u00e1i nh\u00ecn \u0111\u1ea7u ti\u00ean. \u0110\u1eb7c bi\u1ec7t, giao di\u1ec7n web n\u00e0y \u0111\u01b0\u1ee3c t\u1ed1i \u01b0u \u0111\u1ec3 t\u01b0\u01a1ng th\u00edch tr\u00ean m\u1ecdi thi\u1ebft b\u1ecb, gi\u00fap kh\u00e1ch h\u00e0ng d\u1ec5 d\u00e0ng truy c\u1eadp v\u00e0 tr\u1ea3i nghi\u1ec7m s\u1ea3n ph\u1ea9m c\u1ee7a b\u1ea1n. B\u00ean c\u1ea1nh \u0111\u00f3, m\u00e3 ngu\u1ed3n Wordpress v\u1edbi Theme Flatsome v\u00e0 UX Builder gi\u00fap d\u1ec5 d\u00e0ng t\u00f9y bi\u1ebfn v\u00e0 t\u1ed1i \u01b0u h\u00f3a website. T\u1ed1c \u0111\u1ed9 t\u1ea3i trang nhanh c\u0169ng l\u00e0 m\u1ed9t \u0111i\u1ec3m c\u1ed9ng cho d\u1ecbch v\u1ee5 n\u00e0y, gi\u00fap kh\u00e1ch h\u00e0ng c\u00f3 tr\u1ea3i nghi\u1ec7m m\u01b0\u1ee3t m\u00e0 v\u00e0 ti\u1ebft ki\u1ec7m th\u1eddi gian.<\/p>\n","protected":false},"featured_media":3523,"comment_status":"open","ping_status":"closed","template":"","meta":[],"product_cat":[16,33],"product_tag":[],"class_list":{"0":"post-3520","1":"product","2":"type-product","3":"status-publish","4":"has-post-thumbnail","6":"product_cat-tat-ca","7":"product_cat-o-to","9":"first","10":"instock","11":"shipping-taxable","12":"purchasable","13":"product-type-simple"},"_links":{"self":[{"href":"https:\/\/ladigi.vn\/thiet-ke-website\/wp-json\/wp\/v2\/product\/3520","targetHints":{"allow":["GET"]}}],"collection":[{"href":"https:\/\/ladigi.vn\/thiet-ke-website\/wp-json\/wp\/v2\/product"}],"about":[{"href":"https:\/\/ladigi.vn\/thiet-ke-website\/wp-json\/wp\/v2\/types\/product"}],"replies":[{"embeddable":true,"href":"https:\/\/ladigi.vn\/thiet-ke-website\/wp-json\/wp\/v2\/comments?post=3520"}],"wp:featuredmedia":[{"embeddable":true,"href":"https:\/\/ladigi.vn\/thiet-ke-website\/wp-json\/wp\/v2\/media\/3523"}],"wp:attachment":[{"href":"https:\/\/ladigi.vn\/thiet-ke-website\/wp-json\/wp\/v2\/media?parent=3520"}],"wp:term":[{"taxonomy":"product_cat","embeddable":true,"href":"https:\/\/ladigi.vn\/thiet-ke-website\/wp-json\/wp\/v2\/product_cat?post=3520"},{"taxonomy":"product_tag","embeddable":true,"href":"https:\/\/ladigi.vn\/thiet-ke-website\/wp-json\/wp\/v2\/product_tag?post=3520"}],"curies":[{"name":"wp","href":"https:\/\/api.w.org\/{rel}","templated":true}]}}