{"id":3524,"date":"2021-05-10T09:59:17","date_gmt":"2021-05-10T02:59:17","guid":{"rendered":"https:\/\/ladigi.vn\/thiet-ke-website\/?post_type=product&#038;p=3524"},"modified":"2025-01-10T12:15:26","modified_gmt":"2025-01-10T05:15:26","slug":"thiet-ke-website-ban-dien-thoai-laptop-may-tinh-bang-apple","status":"publish","type":"product","link":"https:\/\/ladigi.vn\/thiet-ke-website\/mau-web\/thiet-ke-website-ban-dien-thoai-laptop-may-tinh-bang-apple\/","title":{"rendered":"\u0110i\u1ec7n Tho\u1ea1i, Laptop, M\u00e1y T\u00ednh B\u1ea3ng Apple"},"content":{"rendered":"<p>\n Ch\u00e0o m\u1eebng \u0111\u1ebfn v\u1edbi LADIGI Agency &#8211; \u0111\u01a1n v\u1ecb thi\u1ebft k\u1ebf website chuy\u00ean nghi\u1ec7p v\u00e0 uy t\u00edn h\u00e0ng \u0111\u1ea7u t\u1ea1i Vi\u1ec7t Nam!\n<\/p>\n<p>\n B\u1ea1n \u0111ang c\u1ea7n thi\u1ebft k\u1ebf m\u1ed9t website cho c\u00e1c s\u1ea3n ph\u1ea9m \u0111i\u1ec7n tho\u1ea1i, laptop, m\u00e1y t\u00ednh b\u1ea3ng c\u1ee7a Apple? B\u1ea1n mu\u1ed1n c\u00f3 m\u1ed9t giao di\u1ec7n \u0111\u1eb9p, d\u1ec5 s\u1eed d\u1ee5ng v\u00e0 t\u01b0\u01a1ng th\u00edch tr\u00ean m\u1ecdi thi\u1ebft b\u1ecb? H\u00e3y \u0111\u1ec3 LADIGI Agency gi\u00fap b\u1ea1n!\n<\/p>\n<p>\n V\u1edbi kinh nghi\u1ec7m l\u00e2u n\u0103m trong l\u0129nh v\u1ef1c thi\u1ebft k\u1ebf website, ch\u00fang t\u00f4i cam k\u1ebft mang \u0111\u1ebfn cho b\u1ea1n m\u1ed9t giao di\u1ec7n web \u0111\u1eb9p m\u1eaft, chuy\u00ean nghi\u1ec7p v\u00e0 d\u1ec5 s\u1eed d\u1ee5ng. Ch\u00fang t\u00f4i s\u1eed d\u1ee5ng m\u00e3 ngu\u1ed3n WordPress v\u1edbi Theme Flatsome v\u00e0 UX Builder \u0111\u1ec3 t\u1ea1o ra nh\u1eefng trang web \u0111\u1eb9p v\u00e0 d\u1ec5 t\u00f9y bi\u1ebfn theo \u00fd mu\u1ed1n c\u1ee7a b\u1ea1n.\n<\/p>\n<p>\n M\u1ed9t trong nh\u1eefng y\u1ebfu t\u1ed1 quan tr\u1ecdng c\u1ee7a m\u1ed9t trang web l\u00e0 t\u1ed1c \u0111\u1ed9 t\u1ea3i trang. Ch\u00fang t\u00f4i cam k\u1ebft \u0111\u1ea3m b\u1ea3o t\u1ed1c \u0111\u1ed9 t\u1ea3i trang nhanh, gi\u00fap kh\u00e1ch h\u00e0ng tr\u1ea3i nghi\u1ec7m m\u1ed9t c\u00e1ch thu\u1eadn l\u1ee3i v\u00e0 kh\u00f4ng b\u1ecb gi\u00e1n \u0111o\u1ea1n.\n<\/p>\n<p>\n V\u1edbi d\u1ecbch v\u1ee5 thi\u1ebft k\u1ebf website c\u1ee7a LADIGI, b\u1ea1n s\u1ebd ho\u00e0n to\u00e0n y\u00ean t\u00e2m v\u00e0 h\u00e0i l\u00f2ng v\u1edbi k\u1ebft qu\u1ea3 cu\u1ed1i c\u00f9ng. Ch\u00fang t\u00f4i lu\u00f4n \u0111\u1eb7t l\u1ee3i \u00edch c\u1ee7a kh\u00e1ch h\u00e0ng l\u00ean h\u00e0ng \u0111\u1ea7u v\u00e0 \u0111\u1ea3m b\u1ea3o mang l\u1ea1i nh\u1eefng gi\u00e1 tr\u1ecb t\u1ed1t nh\u1ea5t cho doanh nghi\u1ec7p c\u1ee7a b\u1ea1n.\n<\/p>\n<p>\n \u0110\u1eebng ng\u1ea7n ng\u1ea1i li\u00ean h\u1ec7 v\u1edbi ch\u00fang t\u00f4i \u0111\u1ec3 \u0111\u01b0\u1ee3c t\u01b0 v\u1ea5n v\u00e0 b\u00e1o gi\u00e1 chi ti\u1ebft v\u1ec1 d\u1ecbch v\u1ee5 thi\u1ebft k\u1ebf website theo y\u00eau c\u1ea7u. Ch\u00fang t\u00f4i s\u1eb5n s\u00e0ng h\u1ed7 tr\u1ee3 v\u00e0 \u0111\u1ed3ng h\u00e0nh c\u00f9ng b\u1ea1n tr\u00ean con \u0111\u01b0\u1eddng ph\u00e1t tri\u1ec3n kinh doanh.\n<\/p>\n<p>\n Xem th\u00eam th\u00f4ng tin v\u1ec1 d\u1ecbch v\u1ee5 thi\u1ebft k\u1ebf web c\u1ee7a ch\u00fang t\u00f4i t\u1ea1i \u0111\u00e2y:<br \/>\n <a href=\"https:\/\/ladigi.vn\/thiet-ke-website\/\"><br \/>\n  D\u1ecbch v\u1ee5 thi\u1ebft k\u1ebf web theo y\u00eau c\u1ea7u<br \/>\n <\/a>\n<\/p>\n<p>\n H\u00e3y \u0111\u1ec3 LADIGI Agency gi\u00fap b\u1ea1n t\u1ea1o n\u00ean m\u1ed9t website \u0111\u1eb9p v\u00e0 hi\u1ec7u qu\u1ea3 cho doanh nghi\u1ec7p c\u1ee7a b\u1ea1n!<\/p>\n","protected":false},"excerpt":{"rendered":"<p>D\u1ecbch v\u1ee5 thi\u1ebft k\u1ebf website \u0110i\u1ec7n Tho\u1ea1i, Laptop, M\u00e1y T\u00ednh B\u1ea3ng Apple mang \u0111\u1ebfn cho kh\u00e1ch h\u00e0ng m\u1ed9t tr\u1ea3i nghi\u1ec7m tuy\u1ec7t v\u1eddi v\u1edbi giao di\u1ec7n \u0111\u1eb9p, chuy\u00ean nghi\u1ec7p v\u00e0 d\u1ec5 s\u1eed d\u1ee5ng. \u0110\u1ea3m b\u1ea3o t\u01b0\u01a1ng th\u00edch tr\u00ean m\u1ecdi thi\u1ebft b\u1ecb, t\u1eeb \u0111i\u1ec7n tho\u1ea1i \u0111\u1ebfn m\u00e1y t\u00ednh b\u1ea3ng v\u00e0 laptop. S\u1eed d\u1ee5ng m\u00e3 ngu\u1ed3n Wordpress v\u1edbi Theme Flatsome v\u00e0 UX Builder, kh\u00e1ch h\u00e0ng c\u00f3 th\u1ec3 d\u1ec5 d\u00e0ng t\u00f9y bi\u1ebfn website theo \u00fd mu\u1ed1n. T\u1ed1c \u0111\u1ed9 t\u1ea3i trang nhanh gi\u00fap kh\u00e1ch h\u00e0ng ti\u1ebft ki\u1ec7m th\u1eddi gian v\u00e0 t\u0103ng tr\u1ea3i nghi\u1ec7m ng\u01b0\u1eddi d\u00f9ng.<\/p>\n","protected":false},"featured_media":3526,"comment_status":"open","ping_status":"closed","template":"","meta":[],"product_cat":[16,37,62],"product_tag":[23],"class_list":{"0":"post-3524","1":"product","2":"type-product","3":"status-publish","4":"has-post-thumbnail","6":"product_cat-tat-ca","7":"product_cat-dien-may","8":"product_cat-thiet-bi-dien-tu","9":"product_tag-ban-hang","11":"first","12":"instock","13":"shipping-taxable","14":"purchasable","15":"product-type-simple"},"_links":{"self":[{"href":"https:\/\/ladigi.vn\/thiet-ke-website\/wp-json\/wp\/v2\/product\/3524","targetHints":{"allow":["GET"]}}],"collection":[{"href":"https:\/\/ladigi.vn\/thiet-ke-website\/wp-json\/wp\/v2\/product"}],"about":[{"href":"https:\/\/ladigi.vn\/thiet-ke-website\/wp-json\/wp\/v2\/types\/product"}],"replies":[{"embeddable":true,"href":"https:\/\/ladigi.vn\/thiet-ke-website\/wp-json\/wp\/v2\/comments?post=3524"}],"wp:featuredmedia":[{"embeddable":true,"href":"https:\/\/ladigi.vn\/thiet-ke-website\/wp-json\/wp\/v2\/media\/3526"}],"wp:attachment":[{"href":"https:\/\/ladigi.vn\/thiet-ke-website\/wp-json\/wp\/v2\/media?parent=3524"}],"wp:term":[{"taxonomy":"product_cat","embeddable":true,"href":"https:\/\/ladigi.vn\/thiet-ke-website\/wp-json\/wp\/v2\/product_cat?post=3524"},{"taxonomy":"product_tag","embeddable":true,"href":"https:\/\/ladigi.vn\/thiet-ke-website\/wp-json\/wp\/v2\/product_tag?post=3524"}],"curies":[{"name":"wp","href":"https:\/\/api.w.org\/{rel}","templated":true}]}}