{"id":3541,"date":"2021-05-10T10:12:07","date_gmt":"2021-05-10T03:12:07","guid":{"rendered":"https:\/\/ladigi.vn\/thiet-ke-website\/?post_type=product&#038;p=3541"},"modified":"2025-01-10T12:24:38","modified_gmt":"2025-01-10T05:24:38","slug":"thiet-ke-website-dich-vu-quang-cao-ads-marketing-online-seo","status":"publish","type":"product","link":"https:\/\/ladigi.vn\/thiet-ke-website\/mau-web\/thiet-ke-website-dich-vu-quang-cao-ads-marketing-online-seo\/","title":{"rendered":"D\u1ecbch V\u1ee5 Qu\u1ea3ng C\u00e1o Ads, Marketing Online, SEO"},"content":{"rendered":"<p>\n <strong><br \/>\n  <a href=\"https:\/\/ladigi.vn\/thiet-ke-website\/\"><br \/>\n   Thi\u1ebft k\u1ebf website theo xu h\u01b0\u1edbng hi\u1ec7n \u0111\u1ea1i LADIGI<br \/>\n  <\/a><br \/>\n <\/strong>\n<\/p>\n<p>\n B\u1ea1n \u0111ang t\u00ecm ki\u1ebfm m\u1ed9t \u0111\u01a1n v\u1ecb thi\u1ebft k\u1ebf website chuy\u00ean nghi\u1ec7p v\u00e0 \u0111\u1ea7y \u0111\u1ee7 c\u00e1c d\u1ecbch v\u1ee5 qu\u1ea3ng c\u00e1o tr\u1ef1c tuy\u1ebfn? V\u1eady th\u00ec h\u00e3y \u0111\u1ebfn v\u1edbi LADIGI Agency \u2013 \u0111\u01a1n v\u1ecb cung c\u1ea5p d\u1ecbch v\u1ee5 Thi\u1ebft k\u1ebf website, Qu\u1ea3ng c\u00e1o Ads, Marketing Online v\u00e0 SEO h\u00e0ng \u0111\u1ea7u hi\u1ec7n nay.\n<\/p>\n<p>\n V\u1edbi s\u1ef1 ph\u00e1t tri\u1ec3n kh\u00f4ng ng\u1eebng c\u1ee7a c\u00f4ng ngh\u1ec7, vi\u1ec7c c\u00f3 m\u1ed9t website chuy\u00ean nghi\u1ec7p v\u00e0 t\u01b0\u01a1ng th\u00edch tr\u00ean m\u1ecdi thi\u1ebft b\u1ecb \u0111\u00e3 tr\u1edf th\u00e0nh m\u1ed9t y\u00eau c\u1ea7u c\u1ea7n thi\u1ebft cho m\u1ecdi doanh nghi\u1ec7p. Tuy nhi\u00ean, kh\u00f4ng ph\u1ea3i ai c\u0169ng c\u00f3 \u0111\u1ee7 k\u1ef9 n\u0103ng v\u00e0 th\u1eddi gian \u0111\u1ec3 t\u1ef1 thi\u1ebft k\u1ebf v\u00e0 qu\u1ea3n l\u00fd website. \u0110\u00f3 l\u00e0 l\u00fd do t\u1ea1i sao LADIGI Agency \u0111\u00e3 ra \u0111\u1eddi, \u0111\u1ec3 gi\u00fap c\u00e1c doanh nghi\u1ec7p d\u1ec5 d\u00e0ng s\u1edf h\u1eefu m\u1ed9t website chuy\u00ean nghi\u1ec7p v\u00e0 hi\u1ec7u qu\u1ea3.\n<\/p>\n<p>\n V\u1edbi \u0111\u1ed9i ng\u0169 chuy\u00ean gia gi\u00e0u kinh nghi\u1ec7m v\u00e0 ki\u1ebfn th\u1ee9c s\u00e2u r\u1ed9ng v\u1ec1 thi\u1ebft k\u1ebf website, LADIGI Agency cam k\u1ebft mang \u0111\u1ebfn cho b\u1ea1n m\u1ed9t giao di\u1ec7n web \u0111\u1eb9p, chuy\u00ean nghi\u1ec7p v\u00e0 d\u1ec5 s\u1eed d\u1ee5ng. Ch\u00fang t\u00f4i s\u1eed d\u1ee5ng m\u00e3 ngu\u1ed3n WordPress k\u1ebft h\u1ee3p v\u1edbi Theme Flatsome v\u00e0 UX Builder \u0111\u1ec3 t\u1ea1o n\u00ean nh\u1eefng giao di\u1ec7n website \u0111\u1eb9p m\u1eaft v\u00e0 d\u1ec5 t\u00f9y bi\u1ebfn theo \u00fd mu\u1ed1n c\u1ee7a kh\u00e1ch h\u00e0ng.\n<\/p>\n<p>\n M\u1ed9t trong nh\u1eefng y\u1ebfu t\u1ed1 c\u1ef1c k\u1ef3 quan tr\u1ecdng trong thi\u1ebft k\u1ebf website ch\u00ednh l\u00e0 t\u1ed1c \u0111\u1ed9 t\u1ea3i trang. V\u1edbi LADIGI Agency, b\u1ea1n ho\u00e0n to\u00e0n y\u00ean t\u00e2m v\u1ec1 v\u1ea5n \u0111\u1ec1 n\u00e0y. Ch\u00fang t\u00f4i cam k\u1ebft s\u1ebd t\u1ed1i \u01b0u h\u00f3a t\u1ed1c \u0111\u1ed9 t\u1ea3i trang c\u1ee7a website c\u1ee7a b\u1ea1n \u0111\u1ec3 \u0111\u1ea3m b\u1ea3o tr\u1ea3i nghi\u1ec7m t\u1ed1t nh\u1ea5t cho ng\u01b0\u1eddi d\u00f9ng.\n<\/p>\n<p>\n \u0110\u1ebfn v\u1edbi LADIGI Agency, b\u1ea1n s\u1ebd kh\u00f4ng ch\u1ec9 c\u00f3 m\u1ed9t website \u0111\u1eb9p v\u00e0 chuy\u00ean nghi\u1ec7p m\u00e0 c\u00f2n \u0111\u01b0\u1ee3c h\u1ed7 tr\u1ee3 v\u00e0 t\u01b0 v\u1ea5n v\u1ec1 c\u00e1c d\u1ecbch v\u1ee5 qu\u1ea3ng c\u00e1o tr\u1ef1c tuy\u1ebfn nh\u01b0 Ads, Marketing Online v\u00e0 SEO. Ch\u00fang t\u00f4i s\u1ebd gi\u00fap b\u1ea1n ti\u1ebfp c\u1eadn v\u1edbi kh\u00e1ch h\u00e0ng ti\u1ec1m n\u0103ng m\u1ed9t c\u00e1ch hi\u1ec7u qu\u1ea3 v\u00e0 n\u00e2ng cao th\u01b0\u01a1ng hi\u1ec7u c\u1ee7a doanh nghi\u1ec7p.\n<\/p>\n<p>\n V\u1edbi ph\u01b0\u01a1ng ch\u00e2m &#8220;S\u1ef1 h\u00e0i l\u00f2ng c\u1ee7a kh\u00e1ch h\u00e0ng l\u00e0 th\u00e0nh c\u00f4ng c\u1ee7a ch\u00fang t\u00f4i&#8221;, LADIGI Agency cam k\u1ebft s\u1ebd mang \u0111\u1ebfn cho b\u1ea1n nh\u1eefng d\u1ecbch v\u1ee5 ch\u1ea5t l\u01b0\u1ee3ng v\u00e0 gi\u00e1 tr\u1ecb t\u1ed1t nh\u1ea5t.\n<\/p>\n<p>\n H\u00e3y \u0111\u1ebfn v\u1edbi LADIGI Agency v\u00e0 tr\u1ea3i nghi\u1ec7m s\u1ef1 chuy\u00ean nghi\u1ec7p v\u00e0 hi\u1ec7u qu\u1ea3 c\u1ee7a d\u1ecbch v\u1ee5 Thi\u1ebft k\u1ebf website, Qu\u1ea3ng c\u00e1o Ads, Marketing Online v\u00e0 SEO c\u1ee7a ch\u00fang t\u00f4i.\n<\/p>\n<p>\n <strong><br \/>\n  Li\u00ean h\u1ec7 v\u1edbi ch\u00fang t\u00f4i \u0111\u1ec3 b\u1eaft \u0111\u1ea7u thi\u1ebft k\u1ebf website theo xu h\u01b0\u1edbng hi\u1ec7n \u0111\u1ea1i ngay h\u00f4m nay!<br \/>\n <\/strong>\n<\/p>\n<p>\n <a href=\"https:\/\/ladigi.vn\/thiet-ke-website\/\"><br \/>\n  Thi\u1ebft k\u1ebf website theo xu h\u01b0\u1edbng hi\u1ec7n \u0111\u1ea1i LADIGI<br \/>\n <\/a><\/p>\n","protected":false},"excerpt":{"rendered":"<p>D\u1ecbch v\u1ee5 Thi\u1ebft k\u1ebf website D\u1ecbch V\u1ee5 Qu\u1ea3ng C\u00e1o Ads, Marketing Online, SEO l\u00e0 gi\u1ea3i ph\u00e1p t\u1ed1i \u01b0u \u0111\u1ec3 t\u0103ng c\u01b0\u1eddng hi\u1ec7u qu\u1ea3 kinh doanh tr\u1ef1c tuy\u1ebfn. V\u1edbi giao di\u1ec7n \u0111\u1eb9p, chuy\u00ean nghi\u1ec7p v\u00e0 d\u1ec5 s\u1eed d\u1ee5ng, website s\u1ebd t\u1ea1o \u0111\u01b0\u1ee3c \u1ea5n t\u01b0\u1ee3ng m\u1ea1nh v\u1edbi kh\u00e1ch h\u00e0ng. \u0110\u1eb7c bi\u1ec7t, giao di\u1ec7n t\u01b0\u01a1ng th\u00edch tr\u00ean m\u1ecdi thi\u1ebft b\u1ecb gi\u00fap \u0111\u1ea3m b\u1ea3o tr\u1ea3i nghi\u1ec7m ng\u01b0\u1eddi d\u00f9ng t\u1ed1t nh\u1ea5t. S\u1eed d\u1ee5ng m\u00e3 ngu\u1ed3n Wordpress v\u1edbi Theme Flatsome v\u00e0 UX Builder, kh\u00e1ch h\u00e0ng c\u00f3 th\u1ec3 d\u1ec5 d\u00e0ng t\u00f9y bi\u1ebfn website theo \u00fd mu\u1ed1n. \u0110i\u1ec3m m\u1ea1nh c\u1ee7a d\u1ecbch v\u1ee5 n\u00e0y c\u00f2n l\u00e0 t\u1ed1c \u0111\u1ed9 t\u1ea3i trang nhanh, gi\u00fap thu h\u00fat ng\u01b0\u1eddi d\u00f9ng v\u00e0 t\u0103ng c\u01b0\u1eddng th\u1ee9 h\u1ea1ng tr\u00ean c\u00e1c c\u00f4ng c\u1ee5 t\u00ecm ki\u1ebfm.<\/p>\n","protected":false},"featured_media":3543,"comment_status":"open","ping_status":"closed","template":"","meta":[],"product_cat":[16,42,41],"product_tag":[24],"class_list":{"0":"post-3541","1":"product","2":"type-product","3":"status-publish","4":"has-post-thumbnail","6":"product_cat-tat-ca","7":"product_cat-dich-vu","8":"product_cat-marketing","9":"product_tag-cong-ty","11":"first","12":"instock","13":"shipping-taxable","14":"purchasable","15":"product-type-simple"},"_links":{"self":[{"href":"https:\/\/ladigi.vn\/thiet-ke-website\/wp-json\/wp\/v2\/product\/3541","targetHints":{"allow":["GET"]}}],"collection":[{"href":"https:\/\/ladigi.vn\/thiet-ke-website\/wp-json\/wp\/v2\/product"}],"about":[{"href":"https:\/\/ladigi.vn\/thiet-ke-website\/wp-json\/wp\/v2\/types\/product"}],"replies":[{"embeddable":true,"href":"https:\/\/ladigi.vn\/thiet-ke-website\/wp-json\/wp\/v2\/comments?post=3541"}],"wp:featuredmedia":[{"embeddable":true,"href":"https:\/\/ladigi.vn\/thiet-ke-website\/wp-json\/wp\/v2\/media\/3543"}],"wp:attachment":[{"href":"https:\/\/ladigi.vn\/thiet-ke-website\/wp-json\/wp\/v2\/media?parent=3541"}],"wp:term":[{"taxonomy":"product_cat","embeddable":true,"href":"https:\/\/ladigi.vn\/thiet-ke-website\/wp-json\/wp\/v2\/product_cat?post=3541"},{"taxonomy":"product_tag","embeddable":true,"href":"https:\/\/ladigi.vn\/thiet-ke-website\/wp-json\/wp\/v2\/product_tag?post=3541"}],"curies":[{"name":"wp","href":"https:\/\/api.w.org\/{rel}","templated":true}]}}