{"id":3548,"date":"2021-05-10T10:15:54","date_gmt":"2021-05-10T03:15:54","guid":{"rendered":"https:\/\/ladigi.vn\/thiet-ke-website\/?post_type=product&#038;p=3548"},"modified":"2025-01-10T12:28:02","modified_gmt":"2025-01-10T05:28:02","slug":"thiet-ke-website-ban-laptop-may-tinh-mau-so-2","status":"publish","type":"product","link":"https:\/\/ladigi.vn\/thiet-ke-website\/mau-web\/thiet-ke-website-ban-laptop-may-tinh-mau-so-2\/","title":{"rendered":"C\u1eeda H\u00e0ng Laptop, M\u00e1y T\u00ednh"},"content":{"rendered":"<p>\n Ch\u00e0o m\u1ecdi ng\u01b0\u1eddi,\n<\/p>\n<p>\n B\u1ea1n \u0111ang c\u00f3 k\u1ebf ho\u1ea1ch kinh doanh c\u1eeda h\u00e0ng laptop, m\u00e1y t\u00ednh v\u00e0 \u0111ang t\u00ecm ki\u1ebfm m\u1ed9t \u0111\u01a1n v\u1ecb thi\u1ebft k\u1ebf website chuy\u00ean nghi\u1ec7p? H\u00e3y \u0111\u1ec3 LADIGI Agency gi\u00fap b\u1ea1n!\n<\/p>\n<p>\n Ch\u00fang t\u00f4i l\u00e0 m\u1ed9t \u0111\u01a1n v\u1ecb thi\u1ebft k\u1ebf website uy t\u00edn v\u00e0 chuy\u00ean nghi\u1ec7p, v\u1edbi nhi\u1ec1u n\u0103m kinh nghi\u1ec7m trong l\u0129nh v\u1ef1c n\u00e0y. Ch\u00fang t\u00f4i cam k\u1ebft mang \u0111\u1ebfn cho b\u1ea1n m\u1ed9t giao di\u1ec7n web \u0111\u1eb9p, chuy\u00ean nghi\u1ec7p v\u00e0 d\u1ec5 s\u1eed d\u1ee5ng, gi\u00fap c\u1eeda h\u00e0ng c\u1ee7a b\u1ea1n thu h\u00fat nhi\u1ec1u kh\u00e1ch h\u00e0ng h\u01a1n.\n<\/p>\n<p>\n M\u1ed9t trong nh\u1eefng \u0111i\u1ec3m n\u1ed5i b\u1eadt c\u1ee7a d\u1ecbch v\u1ee5 thi\u1ebft k\u1ebf website c\u1ee7a ch\u00fang t\u00f4i l\u00e0 t\u00ednh t\u01b0\u01a1ng th\u00edch tr\u00ean m\u1ecdi thi\u1ebft b\u1ecb. \u0110i\u1ec1u n\u00e0y \u0111\u1ea3m b\u1ea3o r\u1eb1ng kh\u00e1ch h\u00e0ng c\u1ee7a b\u1ea1n c\u00f3 th\u1ec3 truy c\u1eadp v\u00e0o website c\u1ee7a b\u1ea1n m\u1ed9t c\u00e1ch thu\u1eadn ti\u1ec7n tr\u00ean b\u1ea5t k\u1ef3 thi\u1ebft b\u1ecb n\u00e0o, t\u1eeb m\u00e1y t\u00ednh \u0111\u1ec3 b\u00e0n \u0111\u1ebfn \u0111i\u1ec7n tho\u1ea1i di \u0111\u1ed9ng.\n<\/p>\n<p>\n Ch\u00fang t\u00f4i s\u1eed d\u1ee5ng m\u00e3 ngu\u1ed3n WordPress v\u1edbi Theme Flatsome v\u00e0 UX Builder \u0111\u1ec3 thi\u1ebft k\u1ebf website cho b\u1ea1n. \u0110i\u1ec1u n\u00e0y gi\u00fap cho vi\u1ec7c t\u00f9y bi\u1ebfn giao di\u1ec7n v\u00e0 ch\u1ee9c n\u0103ng c\u1ee7a website tr\u1edf n\u00ean d\u1ec5 d\u00e0ng v\u00e0 linh ho\u1ea1t h\u01a1n bao gi\u1edd h\u1ebft.\n<\/p>\n<p>\n Kh\u00f4ng ch\u1ec9 \u0111\u1eb9p m\u1eaft v\u00e0 d\u1ec5 s\u1eed d\u1ee5ng, website c\u1ee7a b\u1ea1n c\u00f2n \u0111\u01b0\u1ee3c \u0111\u1ea3m b\u1ea3o t\u1ed1c \u0111\u1ed9 t\u1ea3i trang nhanh. \u0110i\u1ec1u n\u00e0y r\u1ea5t quan tr\u1ecdng \u0111\u1ec3 thu h\u00fat v\u00e0 gi\u1eef ch\u00e2n kh\u00e1ch h\u00e0ng, \u0111\u1ed3ng th\u1eddi c\u0169ng gi\u00fap n\u00e2ng cao th\u1ee9 h\u1ea1ng c\u1ee7a website tr\u00ean c\u00e1c c\u00f4ng c\u1ee5 t\u00ecm ki\u1ebfm.\n<\/p>\n<p>\n V\u1edbi \u0111\u1ed9i ng\u0169 nh\u00e2n vi\u00ean gi\u00e0u kinh nghi\u1ec7m v\u00e0 t\u1eadn t\u00e2m, ch\u00fang t\u00f4i cam k\u1ebft s\u1ebd mang \u0111\u1ebfn cho b\u1ea1n m\u1ed9t d\u1ecbch v\u1ee5 thi\u1ebft k\u1ebf website ho\u00e0n h\u1ea3o v\u00e0 \u0111\u00e1p \u1ee9ng m\u1ecdi nhu c\u1ea7u c\u1ee7a b\u1ea1n.\n<\/p>\n<p>\n \u0110\u1eebng ch\u1ea7n ch\u1eeb n\u1eefa, h\u00e3y li\u00ean h\u1ec7 v\u1edbi LADIGI Agency ngay h\u00f4m nay \u0111\u1ec3 c\u00f3 \u0111\u01b0\u1ee3c m\u1ed9t website chuy\u00ean nghi\u1ec7p v\u00e0 hi\u1ec7u qu\u1ea3 cho c\u1eeda h\u00e0ng c\u1ee7a b\u1ea1n. Xem th\u00eam th\u00f4ng tin v\u1ec1 d\u1ecbch v\u1ee5 thi\u1ebft k\u1ebf website c\u1ee7a ch\u00fang t\u00f4i t\u1ea1i \u0111\u01b0\u1eddng link<br \/>\n <a href=\"https:\/\/ladigi.vn\/thiet-ke-website\/\"><br \/>\n  Thi\u1ebft k\u1ebf website chuy\u00ean nghi\u1ec7p LADIGI<br \/>\n <\/a><br \/>\n .\n<\/p>\n<p>\n H\u00e3y \u0111\u1ec3 ch\u00fang t\u00f4i gi\u00fap b\u1ea1n mang \u0111\u1ebfn s\u1ef1 th\u00e0nh c\u00f4ng cho c\u1eeda h\u00e0ng c\u1ee7a b\u1ea1n tr\u00ean m\u00f4i tr\u01b0\u1eddng kinh doanh tr\u1ef1c tuy\u1ebfn!<\/p>\n","protected":false},"excerpt":{"rendered":"<p>D\u1ecbch v\u1ee5 Thi\u1ebft k\u1ebf website C\u1eeda H\u00e0ng Laptop, M\u00e1y T\u00ednh cung c\u1ea5p m\u1ed9t giao di\u1ec7n web \u0111\u1eb9p v\u00e0 chuy\u00ean nghi\u1ec7p, t\u1ea1o c\u1ea3m gi\u00e1c th\u00e2n thi\u1ec7n v\u00e0 d\u1ec5 s\u1eed d\u1ee5ng cho kh\u00e1ch h\u00e0ng. Giao di\u1ec7n n\u00e0y c\u0169ng \u0111\u01b0\u1ee3c t\u1ed1i \u01b0u h\u00f3a \u0111\u1ec3 t\u01b0\u01a1ng th\u00edch tr\u00ean m\u1ecdi thi\u1ebft b\u1ecb, gi\u00fap kh\u00e1ch h\u00e0ng c\u00f3 tr\u1ea3i nghi\u1ec7m t\u1ed1t nh\u1ea5t tr\u00ean \u0111i\u1ec7n tho\u1ea1i, m\u00e1y t\u00ednh b\u1ea3ng v\u00e0 m\u00e1y t\u00ednh. V\u1edbi m\u00e3 ngu\u1ed3n Wordpress v\u00e0 s\u1eed d\u1ee5ng Theme Flatsome v\u00e0 UX Builder, kh\u00e1ch h\u00e0ng c\u00f3 th\u1ec3 d\u1ec5 d\u00e0ng t\u00f9y bi\u1ebfn giao di\u1ec7n theo \u00fd mu\u1ed1n c\u1ee7a h\u1ecd. \u0110i\u1ec1u \u0111\u1eb7c bi\u1ec7t, t\u1ed1c \u0111\u1ed9 t\u1ea3i trang nhanh gi\u00fap kh\u00e1ch h\u00e0ng ti\u1ebft ki\u1ec7m th\u1eddi gian v\u00e0 t\u0103ng tr\u1ea3i nghi\u1ec7m khi duy\u1ec7t web.<\/p>\n","protected":false},"featured_media":3550,"comment_status":"open","ping_status":"closed","template":"","meta":[],"product_cat":[16,62],"product_tag":[23],"class_list":{"0":"post-3548","1":"product","2":"type-product","3":"status-publish","4":"has-post-thumbnail","6":"product_cat-tat-ca","7":"product_cat-thiet-bi-dien-tu","8":"product_tag-ban-hang","10":"first","11":"instock","12":"shipping-taxable","13":"purchasable","14":"product-type-simple"},"_links":{"self":[{"href":"https:\/\/ladigi.vn\/thiet-ke-website\/wp-json\/wp\/v2\/product\/3548","targetHints":{"allow":["GET"]}}],"collection":[{"href":"https:\/\/ladigi.vn\/thiet-ke-website\/wp-json\/wp\/v2\/product"}],"about":[{"href":"https:\/\/ladigi.vn\/thiet-ke-website\/wp-json\/wp\/v2\/types\/product"}],"replies":[{"embeddable":true,"href":"https:\/\/ladigi.vn\/thiet-ke-website\/wp-json\/wp\/v2\/comments?post=3548"}],"wp:featuredmedia":[{"embeddable":true,"href":"https:\/\/ladigi.vn\/thiet-ke-website\/wp-json\/wp\/v2\/media\/3550"}],"wp:attachment":[{"href":"https:\/\/ladigi.vn\/thiet-ke-website\/wp-json\/wp\/v2\/media?parent=3548"}],"wp:term":[{"taxonomy":"product_cat","embeddable":true,"href":"https:\/\/ladigi.vn\/thiet-ke-website\/wp-json\/wp\/v2\/product_cat?post=3548"},{"taxonomy":"product_tag","embeddable":true,"href":"https:\/\/ladigi.vn\/thiet-ke-website\/wp-json\/wp\/v2\/product_tag?post=3548"}],"curies":[{"name":"wp","href":"https:\/\/api.w.org\/{rel}","templated":true}]}}