{"id":3554,"date":"2021-05-10T10:21:17","date_gmt":"2021-05-10T03:21:17","guid":{"rendered":"https:\/\/ladigi.vn\/thiet-ke-website\/?post_type=product&#038;p=3554"},"modified":"2025-01-10T12:31:27","modified_gmt":"2025-01-10T05:31:27","slug":"thiet-ke-web-baby-shop-danh-cho-shop-hang-tieu-dung-tre-em-tre-so-sinh","status":"publish","type":"product","link":"https:\/\/ladigi.vn\/thiet-ke-website\/mau-web\/thiet-ke-web-baby-shop-danh-cho-shop-hang-tieu-dung-tre-em-tre-so-sinh\/","title":{"rendered":"Shop H\u00e0ng Ti\u00eau D\u00f9ng Tr\u1ebb Em, Tr\u1ebb S\u01a1 Sinh"},"content":{"rendered":"<p>\n Ch\u00e0o c\u00e1c b\u1eadc ph\u1ee5 huynh \u0111ang t\u00ecm ki\u1ebfm m\u1ed9t website b\u00e1n h\u00e0ng ti\u00eau d\u00f9ng cho tr\u1ebb em v\u00e0 tr\u1ebb s\u01a1 sinh \u0111\u1eb9p, chuy\u00ean nghi\u1ec7p v\u00e0 d\u1ec5 s\u1eed d\u1ee5ng!\n<\/p>\n<p>\n B\u1ea1n \u0111ang b\u0103n kho\u0103n kh\u00f4ng bi\u1ebft n\u00ean l\u1ef1a ch\u1ecdn website b\u00e1n h\u00e0ng n\u00e0o cho con y\u00eau c\u1ee7a m\u00ecnh? \u0110\u1eebng lo l\u1eafng n\u1eefa, LADIGI Agency s\u1ebd gi\u00fap b\u1ea1n gi\u1ea3i quy\u1ebft v\u1ea5n \u0111\u1ec1 n\u00e0y v\u1edbi d\u1ecbch v\u1ee5 thi\u1ebft k\u1ebf website Shop H\u00e0ng Ti\u00eau D\u00f9ng Tr\u1ebb Em, Tr\u1ebb S\u01a1 Sinh.\n<\/p>\n<p>\n Ch\u00fang t\u00f4i cam k\u1ebft mang \u0111\u1ebfn cho b\u1ea1n m\u1ed9t giao di\u1ec7n web \u0111\u1eb9p, chuy\u00ean nghi\u1ec7p v\u00e0 d\u1ec5 s\u1eed d\u1ee5ng. V\u1edbi s\u1ef1 k\u1ebft h\u1ee3p gi\u1eefa m\u00e3 ngu\u1ed3n WordPress v\u00e0 Theme Flatsome c\u00f9ng v\u1edbi UX Builder, ch\u00fang t\u00f4i \u0111\u1ea3m b\u1ea3o website c\u1ee7a b\u1ea1n s\u1ebd c\u00f3 m\u1ed9t giao di\u1ec7n \u0111\u1eb9p m\u1eaft, t\u01b0\u01a1ng th\u00edch tr\u00ean m\u1ecdi thi\u1ebft b\u1ecb v\u00e0 d\u1ec5 d\u00e0ng t\u00f9y bi\u1ebfn theo \u00fd mu\u1ed1n.\n<\/p>\n<p>\n Kh\u00f4ng ch\u1ec9 v\u1eady, t\u1ed1c \u0111\u1ed9 t\u1ea3i trang c\u1ee7a website c\u0169ng l\u00e0 m\u1ed9t y\u1ebfu t\u1ed1 quan tr\u1ecdng m\u00e0 ch\u00fang t\u00f4i \u0111\u1eb7c bi\u1ec7t ch\u00fa tr\u1ecdng. V\u1edbi t\u1ed1c \u0111\u1ed9 t\u1ea3i trang nhanh, tr\u1ea3i nghi\u1ec7m c\u1ee7a kh\u00e1ch h\u00e0ng s\u1ebd \u0111\u01b0\u1ee3c c\u1ea3i thi\u1ec7n v\u00e0 gi\u00fap t\u0103ng doanh thu cho website c\u1ee7a b\u1ea1n.\n<\/p>\n<p>\n V\u1edbi \u0111\u1ed9i ng\u0169 nh\u00e2n vi\u00ean gi\u00e0u kinh nghi\u1ec7m v\u00e0 t\u1eadn t\u00e2m, LADIGI Agency cam k\u1ebft s\u1ebd mang \u0111\u1ebfn cho b\u1ea1n m\u1ed9t d\u1ecbch v\u1ee5 thi\u1ebft k\u1ebf website t\u1ed1t nh\u1ea5t. Ch\u00fang t\u00f4i hi\u1ec3u r\u1eb1ng website l\u00e0 m\u1ed9t c\u00f4ng c\u1ee5 quan tr\u1ecdng \u0111\u1ec3 kinh doanh v\u00e0 ch\u00fang t\u00f4i s\u1eb5n s\u00e0ng h\u1ed7 tr\u1ee3 b\u1ea1n \u0111\u1ec3 t\u1ea1o ra m\u1ed9t website b\u00e1n h\u00e0ng th\u00e0nh c\u00f4ng.\n<\/p>\n<p>\n \u0110\u1ec3 bi\u1ebft th\u00eam th\u00f4ng tin v\u1ec1 d\u1ecbch v\u1ee5 thi\u1ebft k\u1ebf web tr\u1ecdn g\u00f3i gi\u00e1 r\u1ebb c\u1ee7a LADIGI Agency, h\u00e3y truy c\u1eadp v\u00e0o \u0111\u01b0\u1eddng link sau:<br \/>\n <a href=\"https:\/\/ladigi.vn\/thiet-ke-website\/\"><br \/>\n  Thi\u1ebft k\u1ebf web tr\u1ecdn g\u00f3i gi\u00e1 r\u1ebb LADIGI<br \/>\n <\/a>\n<\/p>\n<p>\n H\u00e3y \u0111\u1ec3 LADIGI Agency gi\u00fap b\u1ea1n t\u1ea1o n\u00ean m\u1ed9t website b\u00e1n h\u00e0ng ti\u00eau d\u00f9ng cho tr\u1ebb em v\u00e0 tr\u1ebb s\u01a1 sinh ho\u00e0n h\u1ea3o v\u00e0 hi\u1ec7u qu\u1ea3!<\/p>\n","protected":false},"excerpt":{"rendered":"<p>D\u1ecbch v\u1ee5 Thi\u1ebft k\u1ebf website Shop H\u00e0ng Ti\u00eau D\u00f9ng Tr\u1ebb Em, Tr\u1ebb S\u01a1 Sinh mang \u0111\u1ebfn cho kh\u00e1ch h\u00e0ng m\u1ed9t tr\u1ea3i nghi\u1ec7m mua s\u1eafm tr\u1ef1c tuy\u1ebfn ho\u00e0n h\u1ea3o. V\u1edbi giao di\u1ec7n \u0111\u01b0\u1ee3c thi\u1ebft k\u1ebf \u0111\u1eb9p m\u1eaft, chuy\u00ean nghi\u1ec7p v\u00e0 d\u1ec5 s\u1eed d\u1ee5ng, kh\u00e1ch h\u00e0ng c\u00f3 th\u1ec3 d\u1ec5 d\u00e0ng t\u00ecm ki\u1ebfm v\u00e0 mua s\u1eafm c\u00e1c s\u1ea3n ph\u1ea9m d\u00e0nh cho tr\u1ebb em v\u00e0 s\u01a1 sinh m\u1ed9t c\u00e1ch thu\u1eadn ti\u1ec7n. \u0110\u1eb7c bi\u1ec7t, website \u0111\u01b0\u1ee3c t\u1ed1i \u01b0u t\u01b0\u01a1ng th\u00edch tr\u00ean m\u1ecdi thi\u1ebft b\u1ecb, gi\u00fap kh\u00e1ch h\u00e0ng c\u00f3 th\u1ec3 truy c\u1eadp v\u00e0 mua h\u00e0ng b\u1ea5t k\u1ef3 l\u00fac n\u00e0o, b\u1ea5t k\u1ef3 \u0111\u00e2u. V\u1edbi m\u00e3 ngu\u1ed3n Wordpress v\u00e0 s\u1eed d\u1ee5ng Theme Flatsome v\u00e0 UX Builder, kh\u00e1ch h\u00e0ng c\u00f3 th\u1ec3 d\u1ec5 d\u00e0ng t\u00f9y bi\u1ebfn giao di\u1ec7n theo \u00fd th\u00edch. \u0110i\u1ec1u \u0111\u1eb7c bi\u1ec7t h\u01a1n, t\u1ed1c \u0111\u1ed9 t\u1ea3i trang nhanh gi\u00fap kh\u00e1ch h\u00e0ng c\u00f3 tr\u1ea3i nghi\u1ec7m mua s\u1eafm tr\u1ef1c tuy\u1ebfn m\u01b0\u1ee3t m\u00e0 v\u00e0 ti\u1ebft ki\u1ec7m th\u1eddi gian.<\/p>\n","protected":false},"featured_media":3558,"comment_status":"open","ping_status":"closed","template":"","meta":[],"product_cat":[16,53,40],"product_tag":[23],"class_list":{"0":"post-3554","1":"product","2":"type-product","3":"status-publish","4":"has-post-thumbnail","6":"product_cat-tat-ca","7":"product_cat-suc-khoe","8":"product_cat-thuc-pham","9":"product_tag-ban-hang","11":"first","12":"instock","13":"shipping-taxable","14":"purchasable","15":"product-type-simple"},"_links":{"self":[{"href":"https:\/\/ladigi.vn\/thiet-ke-website\/wp-json\/wp\/v2\/product\/3554","targetHints":{"allow":["GET"]}}],"collection":[{"href":"https:\/\/ladigi.vn\/thiet-ke-website\/wp-json\/wp\/v2\/product"}],"about":[{"href":"https:\/\/ladigi.vn\/thiet-ke-website\/wp-json\/wp\/v2\/types\/product"}],"replies":[{"embeddable":true,"href":"https:\/\/ladigi.vn\/thiet-ke-website\/wp-json\/wp\/v2\/comments?post=3554"}],"wp:featuredmedia":[{"embeddable":true,"href":"https:\/\/ladigi.vn\/thiet-ke-website\/wp-json\/wp\/v2\/media\/3558"}],"wp:attachment":[{"href":"https:\/\/ladigi.vn\/thiet-ke-website\/wp-json\/wp\/v2\/media?parent=3554"}],"wp:term":[{"taxonomy":"product_cat","embeddable":true,"href":"https:\/\/ladigi.vn\/thiet-ke-website\/wp-json\/wp\/v2\/product_cat?post=3554"},{"taxonomy":"product_tag","embeddable":true,"href":"https:\/\/ladigi.vn\/thiet-ke-website\/wp-json\/wp\/v2\/product_tag?post=3554"}],"curies":[{"name":"wp","href":"https:\/\/api.w.org\/{rel}","templated":true}]}}