{"id":3557,"date":"2021-05-10T10:23:30","date_gmt":"2021-05-10T03:23:30","guid":{"rendered":"https:\/\/ladigi.vn\/thiet-ke-website\/?post_type=product&#038;p=3557"},"modified":"2025-01-10T12:33:50","modified_gmt":"2025-01-10T05:33:50","slug":"thiet-ke-website-kien-truc-noi-that-mau-so-3-icon-architecture","status":"publish","type":"product","link":"https:\/\/ladigi.vn\/thiet-ke-website\/mau-web\/thiet-ke-website-kien-truc-noi-that-mau-so-3-icon-architecture\/","title":{"rendered":"Ki\u1ebfn Tr\u00fac, N\u1ed9i Th\u1ea5t M\u1eabu S\u1ed1 3"},"content":{"rendered":"<p>\n <strong><br \/>\n  Thi\u1ebft k\u1ebf website Ki\u1ebfn Tr\u00fac, N\u1ed9i Th\u1ea5t M\u1eabu S\u1ed1 3 &#8211; S\u1ef1 l\u1ef1a ch\u1ecdn ho\u00e0n h\u1ea3o cho kh\u00f4ng gian s\u1ed1ng c\u1ee7a b\u1ea1n<br \/>\n <\/strong>\n<\/p>\n<p>\n B\u1ea1n \u0111ang t\u00ecm ki\u1ebfm m\u1ed9t d\u1ecbch v\u1ee5 thi\u1ebft k\u1ebf website chuy\u00ean nghi\u1ec7p v\u00e0 \u0111\u1eb9p m\u1eaft cho c\u00f4ng ty ki\u1ebfn tr\u00fac, n\u1ed9i th\u1ea5t c\u1ee7a m\u00ecnh? V\u1eady th\u00ec h\u00e3y \u0111\u1ebfn v\u1edbi ch\u00fang t\u00f4i &#8211; LADIGI Agency! Ch\u00fang t\u00f4i t\u1ef1 h\u00e0o l\u00e0 \u0111\u01a1n v\u1ecb h\u00e0ng \u0111\u1ea7u trong l\u0129nh v\u1ef1c thi\u1ebft k\u1ebf website cho c\u00e1c c\u00f4ng ty ki\u1ebfn tr\u00fac v\u00e0 n\u1ed9i th\u1ea5t t\u1ea1i Vi\u1ec7t Nam.\n<\/p>\n<p>\n V\u1edbi s\u1ef1 k\u1ebft h\u1ee3p gi\u1eefa ngh\u1ec7 thu\u1eadt v\u00e0 c\u00f4ng ngh\u1ec7, ch\u00fang t\u00f4i t\u1ef1 tin mang \u0111\u1ebfn cho b\u1ea1n m\u1ed9t giao di\u1ec7n website \u0111\u1eb9p m\u1eaft, chuy\u00ean nghi\u1ec7p v\u00e0 d\u1ec5 s\u1eed d\u1ee5ng. Ch\u00fang t\u00f4i hi\u1ec3u r\u1eb1ng vi\u1ec7c thi\u1ebft k\u1ebf website l\u00e0 m\u1ed9t ph\u1ea7n quan tr\u1ecdng trong vi\u1ec7c gi\u1edbi thi\u1ec7u s\u1ea3n ph\u1ea9m v\u00e0 d\u1ecbch v\u1ee5 c\u1ee7a b\u1ea1n \u0111\u1ebfn kh\u00e1ch h\u00e0ng. V\u00ec v\u1eady, ch\u00fang t\u00f4i lu\u00f4n t\u1eadp trung v\u00e0o vi\u1ec7c t\u1ea1o ra m\u1ed9t giao di\u1ec7n web \u0111\u1eb9p v\u00e0 \u1ea5n t\u01b0\u1ee3ng, gi\u00fap b\u1ea1n thu h\u00fat v\u00e0 gi\u1eef ch\u00e2n kh\u00e1ch h\u00e0ng.\n<\/p>\n<p>\n M\u1ed9t trong nh\u1eefng \u0111i\u1ec3m n\u1ed5i b\u1eadt c\u1ee7a d\u1ecbch v\u1ee5 thi\u1ebft k\u1ebf website Ki\u1ebfn Tr\u00fac, N\u1ed9i Th\u1ea5t M\u1eabu S\u1ed1 3 c\u1ee7a ch\u00fang t\u00f4i l\u00e0 t\u00ednh t\u01b0\u01a1ng th\u00edch tr\u00ean m\u1ecdi thi\u1ebft b\u1ecb. V\u1edbi s\u1ef1 ph\u00e1t tri\u1ec3n c\u1ee7a c\u00f4ng ngh\u1ec7, ng\u00e0y nay ng\u01b0\u1eddi d\u00f9ng truy c\u1eadp website kh\u00f4ng ch\u1ec9 qua m\u00e1y t\u00ednh m\u00e0 c\u00f2n qua \u0111i\u1ec7n tho\u1ea1i di \u0111\u1ed9ng v\u00e0 m\u00e1y t\u00ednh b\u1ea3ng. V\u00ec v\u1eady, ch\u00fang t\u00f4i \u0111\u1ea3m b\u1ea3o giao di\u1ec7n website c\u1ee7a b\u1ea1n s\u1ebd hi\u1ec3n th\u1ecb ho\u00e0n h\u1ea3o tr\u00ean m\u1ecdi thi\u1ebft b\u1ecb, gi\u00fap b\u1ea1n ti\u1ebfp c\u1eadn \u0111\u01b0\u1ee3c nhi\u1ec1u kh\u00e1ch h\u00e0ng h\u01a1n.\n<\/p>\n<p>\n Ch\u00fang t\u00f4i s\u1eed d\u1ee5ng m\u00e3 ngu\u1ed3n WordPress v\u1edbi Theme Flatsome v\u00e0 UX Builder \u0111\u1ec3 thi\u1ebft k\u1ebf website cho b\u1ea1n. \u0110\u00e2y l\u00e0 nh\u1eefng c\u00f4ng c\u1ee5 m\u1ea1nh m\u1ebd v\u00e0 d\u1ec5 t\u00f9y bi\u1ebfn, gi\u00fap ch\u00fang t\u00f4i t\u1ea1o ra nh\u1eefng giao di\u1ec7n website \u0111\u1eb9p v\u00e0 \u0111\u1ed9c \u0111\u00e1o cho kh\u00e1ch h\u00e0ng. B\u1ea1n s\u1ebd c\u00f3 m\u1ed9t giao di\u1ec7n website ho\u00e0n to\u00e0n ph\u00f9 h\u1ee3p v\u1edbi th\u01b0\u01a1ng hi\u1ec7u v\u00e0 m\u1ee5c ti\u00eau kinh doanh c\u1ee7a m\u00ecnh.\n<\/p>\n<p>\n Kh\u00f4ng ch\u1ec9 \u0111\u1eb9p m\u1eaft v\u00e0 chuy\u00ean nghi\u1ec7p, d\u1ecbch v\u1ee5 thi\u1ebft k\u1ebf website Ki\u1ebfn Tr\u00fac, N\u1ed9i Th\u1ea5t M\u1eabu S\u1ed1 3 c\u1ee7a ch\u00fang t\u00f4i c\u00f2n \u0111\u1ea3m b\u1ea3o t\u1ed1c \u0111\u1ed9 t\u1ea3i trang nhanh. Ch\u00fang t\u00f4i s\u1eed d\u1ee5ng c\u00e1c c\u00f4ng ngh\u1ec7 t\u1ed1i \u01b0u h\u00f3a \u0111\u1ec3 \u0111\u1ea3m b\u1ea3o website c\u1ee7a b\u1ea1n s\u1ebd \u0111\u01b0\u1ee3c t\u1ea3i nhanh ch\u00f3ng, gi\u00fap kh\u00e1ch h\u00e0ng c\u00f3 tr\u1ea3i nghi\u1ec7m t\u1ed1t h\u01a1n v\u00e0 t\u0103ng c\u01b0\u1eddng kh\u1ea3 n\u0103ng t\u01b0\u01a1ng t\u00e1c.\n<\/p>\n<p>\n V\u1edbi \u0111\u1ed9i ng\u0169 nh\u00e2n vi\u00ean gi\u00e0u kinh nghi\u1ec7m v\u00e0 nhi\u1ec7t huy\u1ebft, ch\u00fang t\u00f4i cam k\u1ebft mang \u0111\u1ebfn cho b\u1ea1n d\u1ecbch v\u1ee5 thi\u1ebft k\u1ebf website ch\u1ea5t l\u01b0\u1ee3ng v\u00e0 uy t\u00edn nh\u1ea5t. Ch\u00fang t\u00f4i lu\u00f4n l\u1eafng nghe v\u00e0 \u0111\u00e1p \u1ee9ng m\u1ecdi y\u00eau c\u1ea7u c\u1ee7a kh\u00e1ch h\u00e0ng, \u0111\u1ea3m b\u1ea3o s\u1ef1 h\u00e0i l\u00f2ng v\u00e0 th\u00e0nh c\u00f4ng c\u1ee7a b\u1ea1n.\n<\/p>\n<p>\n \u0110\u1ebfn v\u1edbi LADIGI Agency, b\u1ea1n s\u1ebd kh\u00f4ng ch\u1ec9 c\u00f3 m\u1ed9t giao di\u1ec7n website \u0111\u1eb9p m\u1eaft v\u00e0 chuy\u00ean nghi\u1ec7p m\u00e0 c\u00f2n \u0111\u01b0\u1ee3c h\u1ed7 tr\u1ee3 v\u00e0 t\u01b0 v\u1ea5n trong qu\u00e1 tr\u00ecnh v\u1eadn h\u00e0nh v\u00e0 ph\u00e1t tri\u1ec3n website c\u1ee7a m\u00ecnh. Ch\u00fang t\u00f4i cam k\u1ebft s\u1ebd lu\u00f4n \u0111\u1ed3ng h\u00e0nh c\u00f9ng b\u1ea1n tr\u00ean con \u0111\u01b0\u1eddng chinh ph\u1ee5c kh\u00e1ch h\u00e0ng v\u00e0 ph\u00e1t tri\u1ec3n th\u01b0\u01a1ng hi\u1ec7u c\u1ee7a m\u00ecnh.\n<\/p>\n<p>\n V\u1eady n\u00ean, n\u1ebfu b\u1ea1n \u0111ang t\u00ecm ki\u1ebfm m\u1ed9t \u0111\u01a1n v\u1ecb thi\u1ebft k\u1ebf website chuy\u00ean nghi\u1ec7p v\u00e0 \u0111\u00e1ng tin c\u1eady cho c\u00f4ng ty ki\u1ebfn tr\u00fac, n\u1ed9i th\u1ea5t c\u1ee7a m\u00ecnh, h\u00e3y \u0111\u1ebfn v\u1edbi LADIGI Agency. Ch\u00fang t\u00f4i s\u1eb5n s\u00e0ng \u0111em \u0111\u1ebfn cho b\u1ea1n d\u1ecbch v\u1ee5 thi\u1ebft k\u1ebf website Ki\u1ebfn Tr\u00fac, N\u1ed9i Th\u1ea5t M\u1eabu S\u1ed1 3 ho\u00e0n h\u1ea3o nh\u1ea5t!\n<\/p>\n<p>\n <a href=\"https:\/\/ladigi.vn\/thiet-ke-website\/\"><br \/>\n  C\u00f4ng ty thi\u1ebft k\u1ebf website LADIGI Agency<br \/>\n <\/a><br \/>\n &#8211; \u0110\u1ed3ng h\u00e0nh c\u00f9ng b\u1ea1n tr\u00ean con \u0111\u01b0\u1eddng th\u00e0nh c\u00f4ng!<\/p>\n","protected":false},"excerpt":{"rendered":"<p>D\u1ecbch v\u1ee5 Thi\u1ebft k\u1ebf website Ki\u1ebfn Tr\u00fac, N\u1ed9i Th\u1ea5t M\u1eabu S\u1ed1 3 l\u00e0 gi\u1ea3i ph\u00e1p ho\u00e0n h\u1ea3o cho c\u00e1c doanh nghi\u1ec7p trong l\u0129nh v\u1ef1c ki\u1ebfn tr\u00fac v\u00e0 n\u1ed9i th\u1ea5t. V\u1edbi giao di\u1ec7n \u0111\u1eb9p, chuy\u00ean nghi\u1ec7p v\u00e0 d\u1ec5 s\u1eed d\u1ee5ng, website s\u1ebd gi\u00fap kh\u00e1ch h\u00e0ng tr\u1ea3i nghi\u1ec7m t\u1ed1t h\u01a1n v\u00e0 t\u0103ng c\u01b0\u1eddng \u0111\u1ed9 tin c\u1eady. \u0110\u1eb7c bi\u1ec7t, website \u0111\u01b0\u1ee3c t\u1ed1i \u01b0u h\u00f3a t\u01b0\u01a1ng th\u00edch tr\u00ean m\u1ecdi thi\u1ebft b\u1ecb, \u0111\u1ea3m b\u1ea3o kh\u00e1ch h\u00e0ng c\u00f3 th\u1ec3 truy c\u1eadp m\u1ecdi l\u00fac, m\u1ecdi n\u01a1i. S\u1eed d\u1ee5ng m\u00e3 ngu\u1ed3n Wordpress v\u1edbi Theme Flatsome v\u00e0 UX Builder, kh\u00e1ch h\u00e0ng c\u00f3 th\u1ec3 d\u1ec5 d\u00e0ng t\u00f9y bi\u1ebfn n\u1ed9i dung v\u00e0 thi\u1ebft k\u1ebf theo \u00fd mu\u1ed1n. \u0110i\u1ec1u \u0111\u1eb7c bi\u1ec7t, t\u1ed1c \u0111\u1ed9 t\u1ea3i trang nhanh gi\u00fap kh\u00e1ch h\u00e0ng ti\u1ebft ki\u1ec7m th\u1eddi gian v\u00e0 tr\u1ea3i nghi\u1ec7m website m\u1ed9t c\u00e1ch tr\u01a1n tru.<\/p>\n","protected":false},"featured_media":3560,"comment_status":"open","ping_status":"closed","template":"","meta":[],"product_cat":[16,30],"product_tag":[24],"class_list":{"0":"post-3557","1":"product","2":"type-product","3":"status-publish","4":"has-post-thumbnail","6":"product_cat-tat-ca","7":"product_cat-noi-that","8":"product_tag-cong-ty","10":"first","11":"instock","12":"shipping-taxable","13":"purchasable","14":"product-type-simple"},"_links":{"self":[{"href":"https:\/\/ladigi.vn\/thiet-ke-website\/wp-json\/wp\/v2\/product\/3557","targetHints":{"allow":["GET"]}}],"collection":[{"href":"https:\/\/ladigi.vn\/thiet-ke-website\/wp-json\/wp\/v2\/product"}],"about":[{"href":"https:\/\/ladigi.vn\/thiet-ke-website\/wp-json\/wp\/v2\/types\/product"}],"replies":[{"embeddable":true,"href":"https:\/\/ladigi.vn\/thiet-ke-website\/wp-json\/wp\/v2\/comments?post=3557"}],"wp:featuredmedia":[{"embeddable":true,"href":"https:\/\/ladigi.vn\/thiet-ke-website\/wp-json\/wp\/v2\/media\/3560"}],"wp:attachment":[{"href":"https:\/\/ladigi.vn\/thiet-ke-website\/wp-json\/wp\/v2\/media?parent=3557"}],"wp:term":[{"taxonomy":"product_cat","embeddable":true,"href":"https:\/\/ladigi.vn\/thiet-ke-website\/wp-json\/wp\/v2\/product_cat?post=3557"},{"taxonomy":"product_tag","embeddable":true,"href":"https:\/\/ladigi.vn\/thiet-ke-website\/wp-json\/wp\/v2\/product_tag?post=3557"}],"curies":[{"name":"wp","href":"https:\/\/api.w.org\/{rel}","templated":true}]}}