{"id":3562,"date":"2021-05-10T10:28:49","date_gmt":"2021-05-10T03:28:49","guid":{"rendered":"https:\/\/ladigi.vn\/thiet-ke-website\/?post_type=product&#038;p=3562"},"modified":"2025-01-10T12:36:12","modified_gmt":"2025-01-10T05:36:12","slug":"thiet-ke-website-thoi-trang-dep-mau-so-19","status":"publish","type":"product","link":"https:\/\/ladigi.vn\/thiet-ke-website\/mau-web\/thiet-ke-website-thoi-trang-dep-mau-so-19\/","title":{"rendered":"B\u00e1n H\u00e0ng Th\u1eddi Trang Nam N\u1eef"},"content":{"rendered":"<p>\n Ch\u00e0o m\u1eebng b\u1ea1n \u0111\u1ebfn v\u1edbi LADIGI Agency &#8211; \u0111\u01a1n v\u1ecb chuy\u00ean cung c\u1ea5p d\u1ecbch v\u1ee5 thi\u1ebft k\u1ebf website b\u00e1n h\u00e0ng th\u1eddi trang nam n\u1eef.\n<\/p>\n<p>\n B\u1ea1n \u0111ang c\u00f3 \u00fd t\u01b0\u1edfng kinh doanh th\u1eddi trang nam n\u1eef v\u00e0 mu\u1ed1n m\u1edf r\u1ed9ng th\u1ecb tr\u01b0\u1eddng b\u1eb1ng c\u00e1ch t\u1ea1o m\u1ed9t website b\u00e1n h\u00e0ng chuy\u00ean nghi\u1ec7p? H\u00e3y \u0111\u1ec3 LADIGI Agency gi\u00fap b\u1ea1n th\u1ef1c hi\u1ec7n \u0111i\u1ec1u \u0111\u00f3.\n<\/p>\n<p>\n V\u1edbi kinh nghi\u1ec7m v\u00e0 s\u1ef1 \u0111am m\u00ea trong l\u0129nh v\u1ef1c thi\u1ebft k\u1ebf website, ch\u00fang t\u00f4i cam k\u1ebft mang \u0111\u1ebfn cho b\u1ea1n m\u1ed9t giao di\u1ec7n web \u0111\u1eb9p, chuy\u00ean nghi\u1ec7p v\u00e0 d\u1ec5 s\u1eed d\u1ee5ng. Ch\u00fang t\u00f4i hi\u1ec3u r\u1eb1ng giao di\u1ec7n web l\u00e0 m\u1ed9t y\u1ebfu t\u1ed1 quan tr\u1ecdng trong vi\u1ec7c thu h\u00fat kh\u00e1ch h\u00e0ng v\u00e0 t\u1ea1o s\u1ef1 tin t\u01b0\u1edfng cho h\u1ecd khi mua s\u1eafm tr\u1ef1c tuy\u1ebfn. V\u00ec v\u1eady, ch\u00fang t\u00f4i lu\u00f4n \u0111\u1eb7t ch\u1ea5t l\u01b0\u1ee3ng v\u00e0 t\u00ednh th\u1ea9m m\u1ef9 l\u00ean h\u00e0ng \u0111\u1ea7u trong qu\u00e1 tr\u00ecnh thi\u1ebft k\u1ebf website.\n<\/p>\n<p>\n \u0110\u1ec3 \u0111\u00e1p \u1ee9ng nhu c\u1ea7u ng\u00e0y c\u00e0ng t\u0103ng c\u1ee7a ng\u01b0\u1eddi d\u00f9ng di \u0111\u1ed9ng, ch\u00fang t\u00f4i \u0111\u1ea3m b\u1ea3o giao di\u1ec7n web c\u1ee7a b\u1ea1n s\u1ebd t\u01b0\u01a1ng th\u00edch ho\u00e0n h\u1ea3o tr\u00ean m\u1ecdi thi\u1ebft b\u1ecb, t\u1eeb m\u00e1y t\u00ednh \u0111\u1ec3 b\u00e0n \u0111\u1ebfn \u0111i\u1ec7n tho\u1ea1i di \u0111\u1ed9ng. \u0110i\u1ec1u n\u00e0y gi\u00fap kh\u00e1ch h\u00e0ng c\u1ee7a b\u1ea1n c\u00f3 th\u1ec3 truy c\u1eadp v\u00e0 mua s\u1eafm d\u1ec5 d\u00e0ng m\u1ecdi l\u00fac, m\u1ecdi n\u01a1i.\n<\/p>\n<p>\n \u0110\u1ec3 t\u1ea1o s\u1ef1 \u0111a d\u1ea1ng v\u00e0 \u0111\u1ed9c \u0111\u00e1o cho website c\u1ee7a b\u1ea1n, ch\u00fang t\u00f4i s\u1eed d\u1ee5ng m\u00e3 ngu\u1ed3n WordPress v\u1edbi Theme Flatsome v\u00e0 UX Builder. \u0110\u00e2y l\u00e0 nh\u1eefng c\u00f4ng c\u1ee5 m\u1ea1nh m\u1ebd v\u00e0 d\u1ec5 t\u00f9y bi\u1ebfn, gi\u00fap b\u1ea1n c\u00f3 th\u1ec3 thay \u0111\u1ed5i giao di\u1ec7n v\u00e0 n\u1ed9i dung trang web m\u1ed9t c\u00e1ch linh ho\u1ea1t v\u00e0 nhanh ch\u00f3ng.\n<\/p>\n<p>\n Kh\u00f4ng ch\u1ec9 \u0111\u1eb9p m\u1eaft v\u00e0 d\u1ec5 s\u1eed d\u1ee5ng, website c\u1ee7a b\u1ea1n c\u00f2n \u0111\u01b0\u1ee3c \u0111\u1ea3m b\u1ea3o t\u1ed1c \u0111\u1ed9 t\u1ea3i trang nhanh. \u0110i\u1ec1u n\u00e0y gi\u00fap t\u0103ng tr\u1ea3i nghi\u1ec7m c\u1ee7a kh\u00e1ch h\u00e0ng khi s\u1eed d\u1ee5ng website v\u00e0 c\u0169ng l\u00e0 m\u1ed9t y\u1ebfu t\u1ed1 quan tr\u1ecdng trong vi\u1ec7c t\u1ed1i \u01b0u h\u00f3a SEO.\n<\/p>\n<p>\n V\u1edbi \u0111\u1ed9i ng\u0169 nh\u00e2n vi\u00ean gi\u00e0u kinh nghi\u1ec7m v\u00e0 t\u1eadn t\u00e2m, LADIGI Agency cam k\u1ebft mang \u0111\u1ebfn cho b\u1ea1n m\u1ed9t website b\u00e1n h\u00e0ng th\u1eddi trang nam n\u1eef ho\u00e0n h\u1ea3o, gi\u00fap b\u1ea1n thu h\u00fat kh\u00e1ch h\u00e0ng v\u00e0 t\u0103ng doanh thu.\n<\/p>\n<p>\n H\u00e3y \u0111\u1ec3 LADIGI Agency gi\u00fap b\u1ea1n ph\u00e1t tri\u1ec3n m\u1ed9t website b\u00e1n h\u00e0ng chuy\u00ean nghi\u1ec7p v\u00e0 hi\u1ec7u qu\u1ea3. \u0110\u1ec3 bi\u1ebft th\u00eam th\u00f4ng tin chi ti\u1ebft v\u1ec1 d\u1ecbch v\u1ee5 ph\u00e1t tri\u1ec3n website doanh nghi\u1ec7p c\u1ee7a ch\u00fang t\u00f4i, vui l\u00f2ng truy c\u1eadp<br \/>\n <a href=\"https:\/\/ladigi.vn\/thiet-ke-website\/\"><br \/>\n  \u0111\u01b0\u1eddng link n\u00e0y<br \/>\n <\/a><br \/>\n . Ch\u00fang t\u00f4i lu\u00f4n s\u1eb5n s\u00e0ng h\u1ed7 tr\u1ee3 b\u1ea1n trong m\u1ecdi v\u1ea5n \u0111\u1ec1 li\u00ean quan \u0111\u1ebfn thi\u1ebft k\u1ebf website.\n<\/p>\n<p>\n H\u00e3y \u0111\u1ec3 LADIGI Agency tr\u1edf th\u00e0nh \u0111\u1ed1i t\u00e1c tin c\u1eady c\u1ee7a b\u1ea1n trong vi\u1ec7c ph\u00e1t tri\u1ec3n th\u01b0\u01a1ng hi\u1ec7u v\u00e0 kinh doanh tr\u1ef1c tuy\u1ebfn. H\u00e3y li\u00ean h\u1ec7 v\u1edbi ch\u00fang t\u00f4i ngay h\u00f4m nay \u0111\u1ec3 b\u1eaft \u0111\u1ea7u h\u00e0nh tr\u00ecnh th\u00e0nh c\u00f4ng c\u1ee7a b\u1ea1n!<\/p>\n","protected":false},"excerpt":{"rendered":"<p>D\u1ecbch v\u1ee5 Thi\u1ebft k\u1ebf website B\u00e1n H\u00e0ng Th\u1eddi Trang Nam N\u1eef mang \u0111\u1ebfn cho b\u1ea1n m\u1ed9t giao di\u1ec7n web \u0111\u1eb9p v\u00e0 chuy\u00ean nghi\u1ec7p, gi\u00fap kh\u00e1ch h\u00e0ng d\u1ec5 d\u00e0ng t\u00ecm ki\u1ebfm v\u00e0 mua s\u1eafm s\u1ea3n ph\u1ea9m. V\u1edbi t\u00ednh n\u0103ng t\u01b0\u01a1ng th\u00edch tr\u00ean m\u1ecdi thi\u1ebft b\u1ecb, b\u1ea1n c\u00f3 th\u1ec3 ti\u1ebfp c\u1eadn v\u1edbi kh\u00e1ch h\u00e0ng m\u1ecdi l\u00fac, m\u1ecdi n\u01a1i. S\u1eed d\u1ee5ng m\u00e3 ngu\u1ed3n Wordpress v\u1edbi Theme Flatsome v\u00e0 UX Builder, d\u1ecbch v\u1ee5 c\u1ee7a ch\u00fang t\u00f4i gi\u00fap b\u1ea1n d\u1ec5 d\u00e0ng t\u00f9y bi\u1ebfn v\u00e0 qu\u1ea3n l\u00fd website. \u0110\u1eb7c bi\u1ec7t, t\u1ed1c \u0111\u1ed9 t\u1ea3i trang nhanh gi\u00fap t\u0103ng tr\u1ea3i nghi\u1ec7m c\u1ee7a kh\u00e1ch h\u00e0ng v\u00e0 c\u1ea3i thi\u1ec7n th\u1ee9 h\u1ea1ng tr\u00ean c\u00e1c c\u00f4ng c\u1ee5 t\u00ecm ki\u1ebfm.<\/p>\n","protected":false},"featured_media":3565,"comment_status":"open","ping_status":"closed","template":"","meta":[],"product_cat":[16,34],"product_tag":[23],"class_list":{"0":"post-3562","1":"product","2":"type-product","3":"status-publish","4":"has-post-thumbnail","6":"product_cat-tat-ca","7":"product_cat-thoi-trang","8":"product_tag-ban-hang","10":"first","11":"instock","12":"shipping-taxable","13":"purchasable","14":"product-type-simple"},"_links":{"self":[{"href":"https:\/\/ladigi.vn\/thiet-ke-website\/wp-json\/wp\/v2\/product\/3562","targetHints":{"allow":["GET"]}}],"collection":[{"href":"https:\/\/ladigi.vn\/thiet-ke-website\/wp-json\/wp\/v2\/product"}],"about":[{"href":"https:\/\/ladigi.vn\/thiet-ke-website\/wp-json\/wp\/v2\/types\/product"}],"replies":[{"embeddable":true,"href":"https:\/\/ladigi.vn\/thiet-ke-website\/wp-json\/wp\/v2\/comments?post=3562"}],"wp:featuredmedia":[{"embeddable":true,"href":"https:\/\/ladigi.vn\/thiet-ke-website\/wp-json\/wp\/v2\/media\/3565"}],"wp:attachment":[{"href":"https:\/\/ladigi.vn\/thiet-ke-website\/wp-json\/wp\/v2\/media?parent=3562"}],"wp:term":[{"taxonomy":"product_cat","embeddable":true,"href":"https:\/\/ladigi.vn\/thiet-ke-website\/wp-json\/wp\/v2\/product_cat?post=3562"},{"taxonomy":"product_tag","embeddable":true,"href":"https:\/\/ladigi.vn\/thiet-ke-website\/wp-json\/wp\/v2\/product_tag?post=3562"}],"curies":[{"name":"wp","href":"https:\/\/api.w.org\/{rel}","templated":true}]}}