{"id":3568,"date":"2021-05-10T10:33:30","date_gmt":"2021-05-10T03:33:30","guid":{"rendered":"https:\/\/ladigi.vn\/thiet-ke-website\/?post_type=product&#038;p=3568"},"modified":"2025-01-10T12:39:42","modified_gmt":"2025-01-10T05:39:42","slug":"thiet-ke-website-gioi-thieu-tour-du-lich-viet-hoa","status":"publish","type":"product","link":"https:\/\/ladigi.vn\/thiet-ke-website\/mau-web\/thiet-ke-website-gioi-thieu-tour-du-lich-viet-hoa\/","title":{"rendered":"Tour Du L\u1ecbch"},"content":{"rendered":"<p>\n Ch\u00e0o m\u1eebng qu\u00fd kh\u00e1ch \u0111\u1ebfn v\u1edbi LADIGI Agency \u2013 \u0111\u01a1n v\u1ecb chuy\u00ean cung c\u1ea5p d\u1ecbch v\u1ee5 thi\u1ebft k\u1ebf website tour du l\u1ecbch chuy\u00ean nghi\u1ec7p v\u00e0 \u0111\u1eb3ng c\u1ea5p. V\u1edbi m\u1ee5c ti\u00eau mang \u0111\u1ebfn cho kh\u00e1ch h\u00e0ng nh\u1eefng tr\u1ea3i nghi\u1ec7m tuy\u1ec7t v\u1eddi tr\u00ean m\u1ed7i chuy\u1ebfn du l\u1ecbch, ch\u00fang t\u00f4i \u0111\u00e3 kh\u00f4ng ng\u1eebng c\u1ea3i ti\u1ebfn v\u00e0 \u0111\u1ea7u t\u01b0 v\u00e0o d\u1ecbch v\u1ee5 thi\u1ebft k\u1ebf website tour du l\u1ecbch.\n<\/p>\n<p>\n V\u1edbi s\u1ef1 ph\u00e1t tri\u1ec3n c\u1ee7a c\u00f4ng ngh\u1ec7, vi\u1ec7c s\u1eed d\u1ee5ng website \u0111\u1ec3 qu\u1ea3ng b\u00e1 v\u00e0 b\u00e1n tour du l\u1ecbch \u0111\u00e3 tr\u1edf th\u00e0nh xu h\u01b0\u1edbng kh\u00f4ng th\u1ec3 thi\u1ebfu trong ng\u00e0nh du l\u1ecbch. Ch\u00ednh v\u00ec v\u1eady, vi\u1ec7c s\u1edf h\u1eefu m\u1ed9t giao di\u1ec7n website \u0111\u1eb9p, chuy\u00ean nghi\u1ec7p v\u00e0 d\u1ec5 s\u1eed d\u1ee5ng l\u00e0 y\u1ebfu t\u1ed1 quan tr\u1ecdng \u0111\u1ec3 thu h\u00fat v\u00e0 gi\u1eef ch\u00e2n kh\u00e1ch h\u00e0ng.\n<\/p>\n<p>\n T\u1ea1i LADIGI Agency, ch\u00fang t\u00f4i cam k\u1ebft mang \u0111\u1ebfn cho kh\u00e1ch h\u00e0ng nh\u1eefng giao di\u1ec7n website tour du l\u1ecbch \u0111\u1eb9p, chuy\u00ean nghi\u1ec7p v\u00e0 d\u1ec5 s\u1eed d\u1ee5ng. V\u1edbi kinh nghi\u1ec7m v\u00e0 s\u1ef1 am hi\u1ec3u v\u1ec1 th\u1ecb tr\u01b0\u1eddng du l\u1ecbch, ch\u00fang t\u00f4i lu\u00f4n \u0111\u1ea3m b\u1ea3o r\u1eb1ng giao di\u1ec7n website c\u1ee7a b\u1ea1n s\u1ebd ph\u00f9 h\u1ee3p v\u1edbi m\u1ee5c \u0111\u00edch kinh doanh v\u00e0 thu h\u00fat \u0111\u01b0\u1ee3c nhi\u1ec1u kh\u00e1ch h\u00e0ng.\n<\/p>\n<p>\n \u0110\u1ec3 \u0111\u1ea3m b\u1ea3o t\u00ednh t\u01b0\u01a1ng th\u00edch tr\u00ean m\u1ecdi thi\u1ebft b\u1ecb, ch\u00fang t\u00f4i s\u1eed d\u1ee5ng m\u00e3 ngu\u1ed3n WordPress v\u1edbi Theme Flatsome v\u00e0 UX Builder. \u0110\u00e2y l\u00e0 nh\u1eefng c\u00f4ng c\u1ee5 \u0111\u01b0\u1ee3c \u0111\u00e1nh gi\u00e1 cao v\u1ec1 t\u00ednh linh ho\u1ea1t v\u00e0 d\u1ec5 t\u00f9y bi\u1ebfn, gi\u00fap t\u1ed1i \u01b0u h\u00f3a tr\u1ea3i nghi\u1ec7m ng\u01b0\u1eddi d\u00f9ng tr\u00ean c\u1ea3 m\u00e1y t\u00ednh v\u00e0 \u0111i\u1ec7n tho\u1ea1i di \u0111\u1ed9ng.\n<\/p>\n<p>\n Kh\u00f4ng ch\u1ec9 \u0111\u1eb9p m\u1eaft v\u00e0 d\u1ec5 s\u1eed d\u1ee5ng, giao di\u1ec7n website c\u1ee7a LADIGI Agency c\u00f2n c\u00f3 t\u1ed1c \u0111\u1ed9 t\u1ea3i trang nhanh. Ch\u00fang t\u00f4i hi\u1ec3u r\u1eb1ng th\u1eddi gian l\u00e0 v\u00e0ng \u0111\u1ed1i v\u1edbi kh\u00e1ch h\u00e0ng, v\u00ec v\u1eady vi\u1ec7c c\u00f3 m\u1ed9t website t\u1ea3i trang ch\u1eadm c\u00f3 th\u1ec3 l\u00e0m m\u1ea5t \u0111i nhi\u1ec1u c\u01a1 h\u1ed9i kinh doanh. Ch\u00ednh v\u00ec v\u1eady, ch\u00fang t\u00f4i lu\u00f4n \u0111\u1ea3m b\u1ea3o r\u1eb1ng website c\u1ee7a b\u1ea1n s\u1ebd c\u00f3 t\u1ed1c \u0111\u1ed9 t\u1ea3i trang nhanh ch\u00f3ng, gi\u00fap kh\u00e1ch h\u00e0ng tr\u1ea3i nghi\u1ec7m m\u01b0\u1ee3t m\u00e0 v\u00e0 kh\u00f4ng b\u1ecb gi\u00e1n \u0111o\u1ea1n.\n<\/p>\n<p>\n N\u1ebfu b\u1ea1n \u0111ang t\u00ecm ki\u1ebfm m\u1ed9t \u0111\u01a1n v\u1ecb thi\u1ebft k\u1ebf giao di\u1ec7n website tour du l\u1ecbch chuy\u00ean nghi\u1ec7p v\u00e0 \u0111\u1eb3ng c\u1ea5p, h\u00e3y \u0111\u1ebfn v\u1edbi LADIGI Agency. Ch\u00fang t\u00f4i cam k\u1ebft s\u1ebd mang \u0111\u1ebfn cho b\u1ea1n m\u1ed9t giao di\u1ec7n website ho\u00e0n h\u1ea3o, gi\u00fap t\u0103ng c\u01b0\u1eddng hi\u1ec7u qu\u1ea3 kinh doanh v\u00e0 th\u00fac \u0111\u1ea9y s\u1ef1 ph\u00e1t tri\u1ec3n c\u1ee7a doanh nghi\u1ec7p.\n<\/p>\n<p>\n \u0110\u1ec3 bi\u1ebft th\u00eam th\u00f4ng tin chi ti\u1ebft v\u1ec1 d\u1ecbch v\u1ee5 thi\u1ebft k\u1ebf website c\u1ee7a ch\u00fang t\u00f4i, vui l\u00f2ng truy c\u1eadp<br \/>\n <a href=\"https:\/\/ladigi.vn\/thiet-ke-website\/\"><br \/>\n  C\u00f4ng ty thi\u1ebft k\u1ebf giao di\u1ec7n website c\u1ee7a LADIGI Agency<br \/>\n <\/a><br \/>\n . Ch\u00fang t\u00f4i lu\u00f4n s\u1eb5n s\u00e0ng h\u1ed7 tr\u1ee3 v\u00e0 t\u01b0 v\u1ea5n cho b\u1ea1n v\u1ec1 c\u00e1c gi\u1ea3i ph\u00e1p thi\u1ebft k\u1ebf website ph\u00f9 h\u1ee3p v\u1edbi doanh nghi\u1ec7p c\u1ee7a b\u1ea1n. H\u00e3y \u0111\u1ec3 LADIGI Agency tr\u1edf th\u00e0nh \u0111\u1ed1i t\u00e1c \u0111\u00e1ng tin c\u1eady c\u1ee7a b\u1ea1n trong vi\u1ec7c ph\u00e1t tri\u1ec3n kinh doanh v\u00e0 th\u00fac \u0111\u1ea9y s\u1ef1 ph\u00e1t tri\u1ec3n c\u1ee7a doanh nghi\u1ec7p.<\/p>\n","protected":false},"excerpt":{"rendered":"<p>D\u1ecbch v\u1ee5 Thi\u1ebft k\u1ebf website Tour Du L\u1ecbch cung c\u1ea5p cho kh\u00e1ch h\u00e0ng m\u1ed9t trang web \u0111\u1eb9p, chuy\u00ean nghi\u1ec7p v\u00e0 d\u1ec5 s\u1eed d\u1ee5ng. V\u1edbi giao di\u1ec7n t\u1ed1i \u01b0u, trang web c\u00f3 th\u1ec3 hi\u1ec3n th\u1ecb t\u1ed1t tr\u00ean m\u1ecdi thi\u1ebft b\u1ecb, gi\u00fap kh\u00e1ch h\u00e0ng ti\u1ebfp c\u1eadn th\u00f4ng tin m\u1ed9t c\u00e1ch thu\u1eadn ti\u1ec7n. S\u1eed d\u1ee5ng m\u00e3 ngu\u1ed3n Wordpress v\u1edbi Theme Flatsome v\u00e0 UX Builder, kh\u00e1ch h\u00e0ng c\u00f3 th\u1ec3 d\u1ec5 d\u00e0ng t\u00f9y bi\u1ebfn trang web theo \u00fd mu\u1ed1n c\u1ee7a m\u00ecnh. \u0110\u1eb7c bi\u1ec7t, t\u1ed1c \u0111\u1ed9 t\u1ea3i trang nhanh s\u1ebd gi\u00fap kh\u00e1ch h\u00e0ng ti\u1ebft ki\u1ec7m th\u1eddi gian v\u00e0 c\u00f3 tr\u1ea3i nghi\u1ec7m truy c\u1eadp trang web t\u1ed1t h\u01a1n.<\/p>\n","protected":false},"featured_media":3573,"comment_status":"open","ping_status":"closed","template":"","meta":[],"product_cat":[16,42,27],"product_tag":[24],"class_list":{"0":"post-3568","1":"product","2":"type-product","3":"status-publish","4":"has-post-thumbnail","6":"product_cat-tat-ca","7":"product_cat-dich-vu","8":"product_cat-du-lich","9":"product_tag-cong-ty","11":"first","12":"instock","13":"shipping-taxable","14":"purchasable","15":"product-type-simple"},"_links":{"self":[{"href":"https:\/\/ladigi.vn\/thiet-ke-website\/wp-json\/wp\/v2\/product\/3568","targetHints":{"allow":["GET"]}}],"collection":[{"href":"https:\/\/ladigi.vn\/thiet-ke-website\/wp-json\/wp\/v2\/product"}],"about":[{"href":"https:\/\/ladigi.vn\/thiet-ke-website\/wp-json\/wp\/v2\/types\/product"}],"replies":[{"embeddable":true,"href":"https:\/\/ladigi.vn\/thiet-ke-website\/wp-json\/wp\/v2\/comments?post=3568"}],"wp:featuredmedia":[{"embeddable":true,"href":"https:\/\/ladigi.vn\/thiet-ke-website\/wp-json\/wp\/v2\/media\/3573"}],"wp:attachment":[{"href":"https:\/\/ladigi.vn\/thiet-ke-website\/wp-json\/wp\/v2\/media?parent=3568"}],"wp:term":[{"taxonomy":"product_cat","embeddable":true,"href":"https:\/\/ladigi.vn\/thiet-ke-website\/wp-json\/wp\/v2\/product_cat?post=3568"},{"taxonomy":"product_tag","embeddable":true,"href":"https:\/\/ladigi.vn\/thiet-ke-website\/wp-json\/wp\/v2\/product_tag?post=3568"}],"curies":[{"name":"wp","href":"https:\/\/api.w.org\/{rel}","templated":true}]}}