{"id":3570,"date":"2021-05-10T10:32:16","date_gmt":"2021-05-10T03:32:16","guid":{"rendered":"https:\/\/ladigi.vn\/thiet-ke-website\/?post_type=product&#038;p=3570"},"modified":"2025-01-10T12:40:49","modified_gmt":"2025-01-10T05:40:49","slug":"thiet-ke-website-noi-that-mau-so-24","status":"publish","type":"product","link":"https:\/\/ladigi.vn\/thiet-ke-website\/mau-web\/thiet-ke-website-noi-that-mau-so-24\/","title":{"rendered":"N\u1ed9i Th\u1ea5t M\u1eabu S\u1ed1 24"},"content":{"rendered":"<p>\n Ch\u00e0o m\u1ecdi ng\u01b0\u1eddi,\n<\/p>\n<p>\n B\u1ea1n \u0111ang t\u00ecm ki\u1ebfm m\u1ed9t d\u1ecbch v\u1ee5 thi\u1ebft k\u1ebf website n\u1ed9i th\u1ea5t chuy\u00ean nghi\u1ec7p v\u00e0 \u0111\u1eb9p m\u1eaft? V\u1eady th\u00ec h\u00e3y c\u00f9ng LADIGI Agency kh\u00e1m ph\u00e1 v\u1ec1 d\u1ecbch v\u1ee5 Thi\u1ebft k\u1ebf website N\u1ed9i Th\u1ea5t M\u1eabu S\u1ed1 24.\n<\/p>\n<p>\n V\u1edbi s\u1ef1 ph\u00e1t tri\u1ec3n kh\u00f4ng ng\u1eebng c\u1ee7a c\u00f4ng ngh\u1ec7, vi\u1ec7c c\u00f3 m\u1ed9t website \u0111\u1ec3 gi\u1edbi thi\u1ec7u s\u1ea3n ph\u1ea9m v\u00e0 d\u1ecbch v\u1ee5 c\u1ee7a m\u00ecnh \u0111\u00e3 tr\u1edf th\u00e0nh m\u1ed9t y\u1ebfu t\u1ed1 quan tr\u1ecdng trong kinh doanh. \u0110\u1eb7c bi\u1ec7t \u0111\u1ed1i v\u1edbi ng\u00e0nh n\u1ed9i th\u1ea5t, m\u1ed9t website chuy\u00ean nghi\u1ec7p v\u00e0 \u0111\u1eb9p m\u1eaft s\u1ebd gi\u00fap b\u1ea1n thu h\u00fat \u0111\u01b0\u1ee3c nhi\u1ec1u kh\u00e1ch h\u00e0ng h\u01a1n.\n<\/p>\n<p>\n \u0110\u1ebfn v\u1edbi d\u1ecbch v\u1ee5 Thi\u1ebft k\u1ebf website N\u1ed9i Th\u1ea5t M\u1eabu S\u1ed1 24 c\u1ee7a LADIGI, b\u1ea1n s\u1ebd \u0111\u01b0\u1ee3c tr\u1ea3i nghi\u1ec7m m\u1ed9t giao di\u1ec7n web \u0111\u1eb9p m\u1eaft, chuy\u00ean nghi\u1ec7p v\u00e0 d\u1ec5 s\u1eed d\u1ee5ng. Ch\u00fang t\u00f4i cam k\u1ebft s\u1ebd mang \u0111\u1ebfn cho b\u1ea1n m\u1ed9t website ho\u00e0n to\u00e0n t\u01b0\u01a1ng th\u00edch tr\u00ean m\u1ecdi thi\u1ebft b\u1ecb, gi\u00fap kh\u00e1ch h\u00e0ng d\u1ec5 d\u00e0ng truy c\u1eadp v\u00e0 tr\u1ea3i nghi\u1ec7m s\u1ea3n ph\u1ea9m c\u1ee7a b\u1ea1n m\u1ed9t c\u00e1ch thu\u1eadn ti\u1ec7n nh\u1ea5t.\n<\/p>\n<p>\n M\u00e3 ngu\u1ed3n c\u1ee7a website s\u1ebd \u0111\u01b0\u1ee3c x\u00e2y d\u1ef1ng tr\u00ean n\u1ec1n t\u1ea3ng WordPress, v\u1edbi s\u1ef1 k\u1ebft h\u1ee3p gi\u1eefa Theme Flatsome v\u00e0 UX Builder. \u0110i\u1ec1u n\u00e0y gi\u00fap cho website c\u1ee7a b\u1ea1n c\u00f3 th\u1ec3 d\u1ec5 d\u00e0ng t\u00f9y bi\u1ebfn theo \u00fd mu\u1ed1n c\u1ee7a b\u1ea1n m\u00e0 kh\u00f4ng c\u1ea7n \u0111\u1ebfn b\u1ea5t k\u1ef3 ki\u1ebfn th\u1ee9c v\u1ec1 l\u1eadp tr\u00ecnh. B\u1ea1n ch\u1ec9 c\u1ea7n t\u1eadp trung v\u00e0o vi\u1ec7c qu\u1ea3n l\u00fd n\u1ed9i dung v\u00e0 c\u00e1c ho\u1ea1t \u0111\u1ed9ng kinh doanh c\u1ee7a m\u00ecnh.\n<\/p>\n<p>\n M\u1ed9t trong nh\u1eefng y\u1ebfu t\u1ed1 quan tr\u1ecdng c\u1ee7a m\u1ed9t website l\u00e0 t\u1ed1c \u0111\u1ed9 t\u1ea3i trang. V\u1edbi d\u1ecbch v\u1ee5 Thi\u1ebft k\u1ebf website N\u1ed9i Th\u1ea5t M\u1eabu S\u1ed1 24 c\u1ee7a LADIGI, ch\u00fang t\u00f4i cam k\u1ebft s\u1ebd mang \u0111\u1ebfn cho b\u1ea1n m\u1ed9t website c\u00f3 t\u1ed1c \u0111\u1ed9 t\u1ea3i trang nhanh, gi\u00fap kh\u00e1ch h\u00e0ng kh\u00f4ng ph\u1ea3i ch\u1edd \u0111\u1ee3i qu\u00e1 l\u00e2u \u0111\u1ec3 truy c\u1eadp v\u00e0 xem th\u00f4ng tin s\u1ea3n ph\u1ea9m c\u1ee7a b\u1ea1n.\n<\/p>\n<p>\n \u0110\u1ebfn v\u1edbi LADIGI Agency, b\u1ea1n s\u1ebd \u0111\u01b0\u1ee3c h\u1ed7 tr\u1ee3 b\u1edfi \u0111\u1ed9i ng\u0169 chuy\u00ean gia c\u00f3 kinh nghi\u1ec7m v\u00e0 t\u1eadn t\u00ecnh. Ch\u00fang t\u00f4i cam k\u1ebft s\u1ebd \u0111\u00e1p \u1ee9ng m\u1ecdi y\u00eau c\u1ea7u c\u1ee7a b\u1ea1n v\u00e0 mang \u0111\u1ebfn cho b\u1ea1n m\u1ed9t website ho\u00e0n h\u1ea3o nh\u1ea5t.\n<\/p>\n<p>\n \u0110\u1eebng ng\u1ea7n ng\u1ea1i li\u00ean h\u1ec7 v\u1edbi ch\u00fang t\u00f4i \u0111\u1ec3 \u0111\u01b0\u1ee3c t\u01b0 v\u1ea5n v\u00e0 b\u00e1o gi\u00e1 chi ti\u1ebft v\u1ec1 d\u1ecbch v\u1ee5 Thi\u1ebft k\u1ebf website N\u1ed9i Th\u1ea5t M\u1eabu S\u1ed1 24. H\u00e3y truy c\u1eadp ngay v\u00e0o \u0111\u01b0\u1eddng link<br \/>\n <a href=\"https:\/\/ladigi.vn\/thiet-ke-website\/\"><br \/>\n  Thi\u1ebft k\u1ebf website tr\u1ecdn g\u00f3i LADIGI<br \/>\n <\/a><br \/>\n \u0111\u1ec3 bi\u1ebft th\u00eam th\u00f4ng tin chi ti\u1ebft v\u00e0 \u0111\u0103ng k\u00fd d\u1ecbch v\u1ee5 c\u1ee7a ch\u00fang t\u00f4i.\n<\/p>\n<p>\n C\u1ea3m \u01a1n b\u1ea1n \u0111\u00e3 quan t\u00e2m \u0111\u1ebfn d\u1ecbch v\u1ee5 c\u1ee7a LADIGI Agency. Ch\u00fang t\u00f4i mong mu\u1ed1n \u0111\u01b0\u1ee3c h\u1ee3p t\u00e1c c\u00f9ng b\u1ea1n trong t\u01b0\u01a1ng lai g\u1ea7n. Ch\u00fac b\u1ea1n th\u00e0nh c\u00f4ng v\u00e0 ph\u00e1t tri\u1ec3n trong kinh doanh!<\/p>\n","protected":false},"excerpt":{"rendered":"<p>D\u1ecbch v\u1ee5 Thi\u1ebft k\u1ebf website N\u1ed9i Th\u1ea5t M\u1eabu S\u1ed1 24 mang \u0111\u1ebfn cho kh\u00e1ch h\u00e0ng nh\u1eefng giao di\u1ec7n web \u0111\u1eb9p, chuy\u00ean nghi\u1ec7p v\u00e0 d\u1ec5 s\u1eed d\u1ee5ng. V\u1edbi thi\u1ebft k\u1ebf t\u01b0\u01a1ng th\u00edch tr\u00ean m\u1ecdi thi\u1ebft b\u1ecb, kh\u00e1ch h\u00e0ng c\u00f3 th\u1ec3 tr\u1ea3i nghi\u1ec7m trang web m\u1ed9t c\u00e1ch thu\u1eadn ti\u1ec7n v\u00e0 linh ho\u1ea1t. S\u1eed d\u1ee5ng m\u00e3 ngu\u1ed3n Wordpress v\u1edbi Theme Flatsome v\u00e0 UX Builder, kh\u00e1ch h\u00e0ng c\u00f3 th\u1ec3 d\u1ec5 d\u00e0ng t\u00f9y bi\u1ebfn v\u00e0 c\u1eadp nh\u1eadt n\u1ed9i dung tr\u00ean trang web. \u0110\u1eb7c bi\u1ec7t, t\u1ed1c \u0111\u1ed9 t\u1ea3i trang nhanh gi\u00fap kh\u00e1ch h\u00e0ng ti\u1ebft ki\u1ec7m th\u1eddi gian v\u00e0 tr\u1ea3i nghi\u1ec7m trang web m\u1ed9t c\u00e1ch m\u01b0\u1ee3t m\u00e0.<\/p>\n","protected":false},"featured_media":3571,"comment_status":"open","ping_status":"closed","template":"","meta":[],"product_cat":[16,30],"product_tag":[24],"class_list":{"0":"post-3570","1":"product","2":"type-product","3":"status-publish","4":"has-post-thumbnail","6":"product_cat-tat-ca","7":"product_cat-noi-that","8":"product_tag-cong-ty","10":"first","11":"instock","12":"shipping-taxable","13":"purchasable","14":"product-type-simple"},"_links":{"self":[{"href":"https:\/\/ladigi.vn\/thiet-ke-website\/wp-json\/wp\/v2\/product\/3570","targetHints":{"allow":["GET"]}}],"collection":[{"href":"https:\/\/ladigi.vn\/thiet-ke-website\/wp-json\/wp\/v2\/product"}],"about":[{"href":"https:\/\/ladigi.vn\/thiet-ke-website\/wp-json\/wp\/v2\/types\/product"}],"replies":[{"embeddable":true,"href":"https:\/\/ladigi.vn\/thiet-ke-website\/wp-json\/wp\/v2\/comments?post=3570"}],"wp:featuredmedia":[{"embeddable":true,"href":"https:\/\/ladigi.vn\/thiet-ke-website\/wp-json\/wp\/v2\/media\/3571"}],"wp:attachment":[{"href":"https:\/\/ladigi.vn\/thiet-ke-website\/wp-json\/wp\/v2\/media?parent=3570"}],"wp:term":[{"taxonomy":"product_cat","embeddable":true,"href":"https:\/\/ladigi.vn\/thiet-ke-website\/wp-json\/wp\/v2\/product_cat?post=3570"},{"taxonomy":"product_tag","embeddable":true,"href":"https:\/\/ladigi.vn\/thiet-ke-website\/wp-json\/wp\/v2\/product_tag?post=3570"}],"curies":[{"name":"wp","href":"https:\/\/api.w.org\/{rel}","templated":true}]}}