{"id":3576,"date":"2021-05-10T10:38:17","date_gmt":"2021-05-10T03:38:17","guid":{"rendered":"https:\/\/ladigi.vn\/thiet-ke-website\/?post_type=product&#038;p=3576"},"modified":"2025-01-10T12:43:42","modified_gmt":"2025-01-10T05:43:42","slug":"thiet-ke-website-bat-dong-san-mau-so-40","status":"publish","type":"product","link":"https:\/\/ladigi.vn\/thiet-ke-website\/mau-web\/thiet-ke-website-bat-dong-san-mau-so-40\/","title":{"rendered":"B\u1ea5t \u0110\u1ed9ng S\u1ea3n M\u1eabu S\u1ed1 40"},"content":{"rendered":"<h1>\n D\u1ecbch v\u1ee5 Thi\u1ebft k\u1ebf website B\u1ea5t \u0110\u1ed9ng S\u1ea3n M\u1eabu S\u1ed1 40<br \/>\n<\/h1>\n<p>\n Ch\u00e0o m\u1eebng \u0111\u1ebfn v\u1edbi d\u1ecbch v\u1ee5 thi\u1ebft k\u1ebf website b\u1ea5t \u0111\u1ed9ng s\u1ea3n m\u1eabu s\u1ed1 40, n\u01a1i ch\u00fang t\u00f4i mang \u0111\u1ebfn cho b\u1ea1n m\u1ed9t giao di\u1ec7n web \u0111\u1eb9p m\u1eaft, chuy\u00ean nghi\u1ec7p v\u00e0 d\u1ec5 s\u1eed d\u1ee5ng. T\u1ea1i \u0111\u00e2y, b\u1ea1n s\u1ebd tr\u1ea3i nghi\u1ec7m m\u1ed9t thi\u1ebft k\u1ebf giao di\u1ec7n t\u1ed1i \u01b0u kh\u00f4ng ch\u1ec9 thu h\u00fat ng\u01b0\u1eddi d\u00f9ng m\u00e0 c\u00f2n d\u1ec5 d\u00e0ng \u0111i\u1ec1u h\u01b0\u1edbng, gi\u00fap kh\u00e1ch h\u00e0ng t\u00ecm ki\u1ebfm th\u00f4ng tin m\u1ed9t c\u00e1ch nhanh ch\u00f3ng v\u00e0 thu\u1eadn ti\u1ec7n nh\u1ea5t.\n<\/p>\n<h2>\n T\u01b0\u01a1ng th\u00edch tr\u00ean m\u1ecdi thi\u1ebft b\u1ecb<br \/>\n<\/h2>\n<p>\n Trong th\u1eddi \u0111\u1ea1i c\u00f4ng ngh\u1ec7 ng\u00e0y nay, ng\u01b0\u1eddi d\u00f9ng c\u00f3 th\u1ec3 truy c\u1eadp website t\u1eeb nhi\u1ec1u lo\u1ea1i thi\u1ebft b\u1ecb kh\u00e1c nhau. V\u1edbi d\u1ecbch v\u1ee5 thi\u1ebft k\u1ebf website b\u1ea5t \u0111\u1ed9ng s\u1ea3n m\u1eabu s\u1ed1 40, ch\u00fang t\u00f4i \u0111\u1ea3m b\u1ea3o r\u1eb1ng giao di\u1ec7n c\u1ee7a b\u1ea1n s\u1ebd t\u01b0\u01a1ng th\u00edch ho\u00e0n h\u1ea3o tr\u00ean m\u1ecdi thi\u1ebft b\u1ecb, t\u1eeb m\u00e1y t\u00ednh \u0111\u1ec3 b\u00e0n, laptop cho \u0111\u1ebfn smartphone v\u00e0 tablet. \u0110i\u1ec1u n\u00e0y gi\u00fap t\u0103ng c\u01b0\u1eddng tr\u1ea3i nghi\u1ec7m ng\u01b0\u1eddi d\u00f9ng v\u00e0 t\u1ed1i \u01b0u h\u00f3a c\u00f4ng c\u1ee5 t\u00ecm ki\u1ebfm.\n<\/p>\n<h2>\n M\u00e3 ngu\u1ed3n WordPress v\u1edbi Theme Flatsome v\u00e0 UX Builder<br \/>\n<\/h2>\n<p>\n Ch\u00fang t\u00f4i s\u1eed d\u1ee5ng m\u00e3 ngu\u1ed3n WordPress v\u1edbi theme Flatsome v\u00e0 UX Builder \u0111\u1ec3 mang l\u1ea1i cho b\u1ea1n s\u1ef1 linh ho\u1ea1t t\u1ed1i \u0111a trong qu\u00e1 tr\u00ecnh t\u00f9y bi\u1ebfn website. \u0110\u1eb7c bi\u1ec7t, giao di\u1ec7n th\u00e2n thi\u1ec7n v\u1edbi ng\u01b0\u1eddi d\u00f9ng cho ph\u00e9p b\u1ea1n d\u1ec5 d\u00e0ng ch\u1ec9nh s\u1eeda n\u1ed9i dung, thay \u0111\u1ed5i b\u1ed1 c\u1ee5c v\u00e0 th\u1ef1c hi\u1ec7n c\u00e1c thay \u0111\u1ed5i m\u1ed9t c\u00e1ch nhanh ch\u00f3ng m\u00e0 kh\u00f4ng c\u1ea7n ph\u1ea3i c\u00f3 nhi\u1ec1u ki\u1ebfn th\u1ee9c v\u1ec1 l\u1eadp tr\u00ecnh.\n<\/p>\n<h2>\n T\u1ed1c \u0111\u1ed9 t\u1ea3i trang nhanh<br \/>\n<\/h2>\n<p>\n M\u1ed9t trong nh\u1eefng \u01b0u \u0111i\u1ec3m n\u1ed5i b\u1eadt c\u1ee7a d\u1ecbch v\u1ee5 thi\u1ebft k\u1ebf website b\u1ea5t \u0111\u1ed9ng s\u1ea3n m\u1eabu s\u1ed1 40 l\u00e0 t\u1ed1c \u0111\u1ed9 t\u1ea3i trang nhanh ch\u00f3ng. Ch\u00fang t\u00f4i hi\u1ec3u r\u1eb1ng th\u1eddi gian l\u00e0 v\u00e0ng, v\u00ec v\u1eady vi\u1ec7c t\u1ed1i \u01b0u t\u1ed1c \u0111\u1ed9 t\u1ea3i trang kh\u00f4ng ch\u1ec9 gi\u00fap c\u1ea3i thi\u1ec7n tr\u1ea3i nghi\u1ec7m ng\u01b0\u1eddi d\u00f9ng m\u00e0 c\u00f2n \u1ea3nh h\u01b0\u1edfng t\u00edch c\u1ef1c \u0111\u1ebfn th\u1ee9 h\u1ea1ng SEO c\u1ee7a website tr\u00ean c\u00e1c c\u00f4ng c\u1ee5 t\u00ecm ki\u1ebfm.\n<\/p>\n<hr\/>\n<p>\n N\u1ebfu b\u1ea1n \u0111ang t\u00ecm ki\u1ebfm m\u1ed9t \u0111\u01a1n v\u1ecb thi\u1ebft k\u1ebf website chuy\u00ean nghi\u1ec7p v\u00e0 uy t\u00edn, h\u00e3y \u0111\u1ebfn v\u1edbi<br \/>\n <strong><br \/>\n  LADIGI Agency<br \/>\n <\/strong><br \/>\n . Ch\u00fang t\u00f4i cam k\u1ebft mang \u0111\u1ebfn cho b\u1ea1n nh\u1eefng gi\u1ea3i ph\u00e1p thi\u1ebft k\u1ebf t\u1ed1i \u01b0u nh\u1ea5t \u0111\u1ec3 ph\u00e1t tri\u1ec3n kinh doanh tr\u1ef1c tuy\u1ebfn c\u1ee7a b\u1ea1n. \u0110\u1ec3 bi\u1ebft th\u00eam th\u00f4ng tin, h\u00e3y tham kh\u1ea3o<br \/>\n <a href=\"https:\/\/ladigi.vn\/thiet-ke-website\/\"><br \/>\n  C\u00f4ng ty thi\u1ebft k\u1ebf web chu\u1ea9n SEO<br \/>\n <\/a><br \/>\n .<\/p>\n","protected":false},"excerpt":{"rendered":"<p>D\u1ecbch v\u1ee5 Thi\u1ebft k\u1ebf website B\u1ea5t \u0110\u1ed9ng S\u1ea3n M\u1eabu S\u1ed1 40 mang \u0111\u1ebfn giao di\u1ec7n \u0111\u1eb9p, chuy\u00ean nghi\u1ec7p v\u00e0 d\u1ec5 s\u1eed d\u1ee5ng. Trang web t\u01b0\u01a1ng th\u00edch m\u1ecdi thi\u1ebft b\u1ecb, s\u1eed d\u1ee5ng m\u00e3 ngu\u1ed3n Wordpress v\u1edbi Theme Flatsome v\u00e0 UX Builder d\u1ec5 t\u00f9y bi\u1ebfn. \u0110\u1eb7c bi\u1ec7t, t\u1ed1c \u0111\u1ed9 t\u1ea3i trang nhanh ch\u00f3ng \u0111\u1ea3m b\u1ea3o tr\u1ea3i nghi\u1ec7m t\u1ed1i \u01b0u cho ng\u01b0\u1eddi d\u00f9ng.<\/p>\n","protected":false},"featured_media":3579,"comment_status":"open","ping_status":"closed","template":"","meta":[],"product_cat":[16,28],"product_tag":[24],"class_list":{"0":"post-3576","1":"product","2":"type-product","3":"status-publish","4":"has-post-thumbnail","6":"product_cat-tat-ca","7":"product_cat-bat-dong-san","8":"product_tag-cong-ty","10":"first","11":"instock","12":"shipping-taxable","13":"purchasable","14":"product-type-simple"},"_links":{"self":[{"href":"https:\/\/ladigi.vn\/thiet-ke-website\/wp-json\/wp\/v2\/product\/3576","targetHints":{"allow":["GET"]}}],"collection":[{"href":"https:\/\/ladigi.vn\/thiet-ke-website\/wp-json\/wp\/v2\/product"}],"about":[{"href":"https:\/\/ladigi.vn\/thiet-ke-website\/wp-json\/wp\/v2\/types\/product"}],"replies":[{"embeddable":true,"href":"https:\/\/ladigi.vn\/thiet-ke-website\/wp-json\/wp\/v2\/comments?post=3576"}],"wp:featuredmedia":[{"embeddable":true,"href":"https:\/\/ladigi.vn\/thiet-ke-website\/wp-json\/wp\/v2\/media\/3579"}],"wp:attachment":[{"href":"https:\/\/ladigi.vn\/thiet-ke-website\/wp-json\/wp\/v2\/media?parent=3576"}],"wp:term":[{"taxonomy":"product_cat","embeddable":true,"href":"https:\/\/ladigi.vn\/thiet-ke-website\/wp-json\/wp\/v2\/product_cat?post=3576"},{"taxonomy":"product_tag","embeddable":true,"href":"https:\/\/ladigi.vn\/thiet-ke-website\/wp-json\/wp\/v2\/product_tag?post=3576"}],"curies":[{"name":"wp","href":"https:\/\/api.w.org\/{rel}","templated":true}]}}