{"id":3593,"date":"2021-05-10T10:47:12","date_gmt":"2021-05-10T03:47:12","guid":{"rendered":"https:\/\/ladigi.vn\/thiet-ke-website\/?post_type=product&#038;p=3593"},"modified":"2025-01-10T12:50:36","modified_gmt":"2025-01-10T05:50:36","slug":"thiet-ke-website-danh-cho-cong-ty-to-chuc-su-kien","status":"publish","type":"product","link":"https:\/\/ladigi.vn\/thiet-ke-website\/mau-web\/thiet-ke-website-danh-cho-cong-ty-to-chuc-su-kien\/","title":{"rendered":"T\u1ed5 Ch\u1ee9c S\u1ef1 Ki\u1ec7n"},"content":{"rendered":"<h1>\n D\u1ecbch V\u1ee5 Thi\u1ebft K\u1ebf Website T\u1ed5 Ch\u1ee9c S\u1ef1 Ki\u1ec7n<br \/>\n<\/h1>\n<p>\n Trong th\u1eddi \u0111\u1ea1i s\u1ed1 h\u00f3a ng\u00e0y nay, vi\u1ec7c s\u1edf h\u1eefu m\u1ed9t website chuy\u00ean nghi\u1ec7p l\u00e0 \u0111i\u1ec1u c\u1ea7n thi\u1ebft \u0111\u1ed1i v\u1edbi c\u00e1c t\u1ed5 ch\u1ee9c s\u1ef1 ki\u1ec7n. D\u1ecbch v\u1ee5 thi\u1ebft k\u1ebf website T\u1ed5 Ch\u1ee9c S\u1ef1 Ki\u1ec7n c\u1ee7a ch\u00fang t\u00f4i cam k\u1ebft mang \u0111\u1ebfn cho b\u1ea1n m\u1ed9t giao di\u1ec7n web \u0111\u1eb9p m\u1eaft, hi\u1ec7n \u0111\u1ea1i v\u00e0 d\u1ec5 s\u1eed d\u1ee5ng.\n<\/p>\n<h2>\n Giao Di\u1ec7n \u0110\u1eb9p, Chuy\u00ean Nghi\u1ec7p<br \/>\n<\/h2>\n<p>\n Giao di\u1ec7n website \u0111\u01b0\u1ee3c thi\u1ebft k\u1ebf v\u1edbi s\u1ef1 s\u00e1ng t\u1ea1o v\u00e0 t\u00e2m huy\u1ebft, kh\u00f4ng ch\u1ec9 thu h\u00fat ng\u01b0\u1eddi xem m\u00e0 c\u00f2n ph\u1ea3n \u00e1nh \u0111\u00fang b\u1ea3n s\u1eafc v\u00e0 phong c\u00e1ch c\u1ee7a t\u1ed5 ch\u1ee9c s\u1ef1 ki\u1ec7n. Ch\u00fang t\u00f4i ch\u00fa tr\u1ecdng \u0111\u1ebfn tr\u1ea3i nghi\u1ec7m ng\u01b0\u1eddi d\u00f9ng, gi\u00fap kh\u00e1ch h\u00e0ng d\u1ec5 d\u00e0ng t\u00ecm ki\u1ebfm th\u00f4ng tin m\u00e0 h\u1ecd c\u1ea7n.\n<\/p>\n<h2>\n T\u01b0\u01a1ng Th\u00edch Tr\u00ean M\u1ecdi Thi\u1ebft B\u1ecb<br \/>\n<\/h2>\n<p>\n Ch\u00fang t\u00f4i hi\u1ec3u r\u1eb1ng, trong m\u1ed9t th\u1ebf gi\u1edbi ng\u00e0y c\u00e0ng di \u0111\u1ed9ng, website c\u1ee7a b\u1ea1n c\u1ea7n ph\u1ea3i ho\u1ea1t \u0111\u1ed9ng t\u1ed1t tr\u00ean m\u1ecdi thi\u1ebft b\u1ecb. V\u1edbi thi\u1ebft k\u1ebf responsive, website s\u1ebd t\u1ef1 \u0111\u1ed9ng \u0111i\u1ec1u ch\u1ec9nh k\u00edch th\u01b0\u1edbc v\u00e0 b\u1ed1 c\u1ee5c ph\u00f9 h\u1ee3p v\u1edbi m\u1ecdi lo\u1ea1i m\u00e0n h\u00ecnh t\u1eeb m\u00e1y t\u00ednh \u0111\u1ec3 b\u00e0n, laptop \u0111\u1ebfn smartphone v\u00e0 tablet.\n<\/p>\n<h2>\n M\u00e3 Ngu\u1ed3n WordPress V\u1edbi Theme Flatsome v\u00e0 UX Builder<br \/>\n<\/h2>\n<p>\n Ch\u00fang t\u00f4i s\u1eed d\u1ee5ng m\u00e3 ngu\u1ed3n WordPress v\u1edbi Theme Flatsome, mang l\u1ea1i kh\u1ea3 n\u0103ng t\u00f9y bi\u1ebfn linh ho\u1ea1t v\u00e0 d\u1ec5 d\u00e0ng. V\u1edbi UX Builder, b\u1ea1n c\u00f3 th\u1ec3 thay \u0111\u1ed5i c\u1ea5u tr\u00fac v\u00e0 n\u1ed9i dung c\u1ee7a website m\u00e0 kh\u00f4ng c\u1ea7n bi\u1ebft v\u1ec1 l\u1eadp tr\u00ecnh, gi\u00fap b\u1ea1n d\u1ec5 d\u00e0ng qu\u1ea3n l\u00fd v\u00e0 c\u1eadp nh\u1eadt th\u00f4ng tin v\u1ec1 s\u1ef1 ki\u1ec7n.\n<\/p>\n<h2>\n T\u1ed1c \u0110\u1ed9 T\u1ea3i Trang Nhanh<br \/>\n<\/h2>\n<p>\n M\u1ed9t website t\u1ea3i nhanh kh\u00f4ng ch\u1ec9 mang \u0111\u1ebfn tr\u1ea3i nghi\u1ec7m t\u1ed1t h\u01a1n cho ng\u01b0\u1eddi d\u00f9ng m\u00e0 c\u00f2n g\u00f3p ph\u1ea7n quan tr\u1ecdng trong vi\u1ec7c t\u1ed1i \u01b0u h\u00f3a SEO. Ch\u00fang t\u00f4i t\u1ed1i \u01b0u h\u00f3a t\u1ed1c \u0111\u1ed9 t\u1ea3i trang \u0111\u1ec3 \u0111\u1ea3m b\u1ea3o kh\u00e1ch h\u00e0ng c\u1ee7a b\u1ea1n kh\u00f4ng g\u1eb7p ph\u1ea3i s\u1ef1 ch\u1eadm tr\u1ec5 khi truy c\u1eadp v\u00e0o th\u00f4ng tin s\u1ef1 ki\u1ec7n.\n<\/p>\n<h3>\n Gi\u1edbi Thi\u1ec7u LADIGI<br \/>\n<\/h3>\n<p>\n Ch\u00fang t\u00f4i, LADIGI Agency, chuy\u00ean cung c\u1ea5p d\u1ecbch v\u1ee5 thi\u1ebft k\u1ebf website th\u00e2n thi\u1ec7n v\u1edbi di \u0111\u1ed9ng v\u00e0 t\u1ed1i \u01b0u h\u00f3a cho m\u1ecdi t\u1ed5 ch\u1ee9c. V\u1edbi kinh nghi\u1ec7m nhi\u1ec1u n\u0103m trong l\u0129nh v\u1ef1c thi\u1ebft k\u1ebf, ch\u00fang t\u00f4i t\u1ef1 tin mang \u0111\u1ebfn cho b\u1ea1n nh\u1eefng s\u1ea3n ph\u1ea9m ch\u1ea5t l\u01b0\u1ee3ng nh\u1ea5t.\n<\/p>\n<p>\n \u0110\u1ec3 t\u00ecm hi\u1ec3u th\u00eam v\u1ec1 d\u1ecbch v\u1ee5 thi\u1ebft k\u1ebf website c\u1ee7a ch\u00fang t\u00f4i, h\u00e3y gh\u00e9 th\u0103m:<br \/>\n <a href=\"https:\/\/ladigi.vn\/thiet-ke-website\/\"><br \/>\n  Thi\u1ebft k\u1ebf website th\u00e2n thi\u1ec7n v\u1edbi di \u0111\u1ed9ng LADIGI<br \/>\n <\/a><br \/>\n .<\/p>\n","protected":false},"excerpt":{"rendered":"<p>D\u1ecbch v\u1ee5 thi\u1ebft k\u1ebf website cho t\u1ed5 ch\u1ee9c s\u1ef1 ki\u1ec7n mang \u0111\u1ebfn giao di\u1ec7n \u0111\u1eb9p, chuy\u00ean nghi\u1ec7p v\u00e0 d\u1ec5 s\u1eed d\u1ee5ng. Website t\u01b0\u01a1ng th\u00edch tr\u00ean m\u1ecdi thi\u1ebft b\u1ecb v\u1edbi m\u00e3 ngu\u1ed3n Wordpress, s\u1eed d\u1ee5ng Theme Flatsome v\u00e0 UX Builder d\u1ec5 t\u00f9y bi\u1ebfn. \u0110\u1eb7c bi\u1ec7t, t\u1ed1c \u0111\u1ed9 t\u1ea3i trang nhanh, t\u1ed1i \u01b0u tr\u1ea3i nghi\u1ec7m ng\u01b0\u1eddi d\u00f9ng.<\/p>\n","protected":false},"featured_media":3597,"comment_status":"open","ping_status":"closed","template":"","meta":[],"product_cat":[16,42,57],"product_tag":[24],"class_list":{"0":"post-3593","1":"product","2":"type-product","3":"status-publish","4":"has-post-thumbnail","6":"product_cat-tat-ca","7":"product_cat-dich-vu","8":"product_cat-su-kien","9":"product_tag-cong-ty","11":"first","12":"instock","13":"shipping-taxable","14":"purchasable","15":"product-type-simple"},"_links":{"self":[{"href":"https:\/\/ladigi.vn\/thiet-ke-website\/wp-json\/wp\/v2\/product\/3593","targetHints":{"allow":["GET"]}}],"collection":[{"href":"https:\/\/ladigi.vn\/thiet-ke-website\/wp-json\/wp\/v2\/product"}],"about":[{"href":"https:\/\/ladigi.vn\/thiet-ke-website\/wp-json\/wp\/v2\/types\/product"}],"replies":[{"embeddable":true,"href":"https:\/\/ladigi.vn\/thiet-ke-website\/wp-json\/wp\/v2\/comments?post=3593"}],"wp:featuredmedia":[{"embeddable":true,"href":"https:\/\/ladigi.vn\/thiet-ke-website\/wp-json\/wp\/v2\/media\/3597"}],"wp:attachment":[{"href":"https:\/\/ladigi.vn\/thiet-ke-website\/wp-json\/wp\/v2\/media?parent=3593"}],"wp:term":[{"taxonomy":"product_cat","embeddable":true,"href":"https:\/\/ladigi.vn\/thiet-ke-website\/wp-json\/wp\/v2\/product_cat?post=3593"},{"taxonomy":"product_tag","embeddable":true,"href":"https:\/\/ladigi.vn\/thiet-ke-website\/wp-json\/wp\/v2\/product_tag?post=3593"}],"curies":[{"name":"wp","href":"https:\/\/api.w.org\/{rel}","templated":true}]}}