{"id":3626,"date":"2021-05-10T11:10:14","date_gmt":"2021-05-10T04:10:14","guid":{"rendered":"https:\/\/ladigi.vn\/thiet-ke-website\/?post_type=product&#038;p=3626"},"modified":"2025-01-10T13:04:24","modified_gmt":"2025-01-10T06:04:24","slug":"thiet-ke-website-dich-vu-thanh-lap-cong-ty-doanh-nghiep","status":"publish","type":"product","link":"https:\/\/ladigi.vn\/thiet-ke-website\/mau-web\/thiet-ke-website-dich-vu-thanh-lap-cong-ty-doanh-nghiep\/","title":{"rendered":"C\u00f4ng Ty, Doanh Nghi\u1ec7p"},"content":{"rendered":"<h1>\n D\u1ecbch v\u1ee5 Thi\u1ebft k\u1ebf website C\u00f4ng Ty, Doanh Nghi\u1ec7p<br \/>\n<\/h1>\n<p>\n Trong th\u1eddi \u0111\u1ea1i s\u1ed1 ng\u00e0y nay, vi\u1ec7c s\u1edf h\u1eefu m\u1ed9t website \u0111\u1eb9p, chuy\u00ean nghi\u1ec7p v\u00e0 d\u1ec5 s\u1eed d\u1ee5ng l\u00e0 \u0111i\u1ec1u c\u1ea7n thi\u1ebft \u0111\u1ed1i v\u1edbi b\u1ea5t k\u1ef3 c\u00f4ng ty hay doanh nghi\u1ec7p n\u00e0o. D\u1ecbch v\u1ee5 thi\u1ebft k\u1ebf website c\u1ee7a ch\u00fang t\u00f4i cam k\u1ebft mang \u0111\u1ebfn giao di\u1ec7n web kh\u00f4ng ch\u1ec9 thu h\u00fat m\u00e0 c\u00f2n th\u00e2n thi\u1ec7n v\u1edbi ng\u01b0\u1eddi d\u00f9ng.\n<\/p>\n<h2>\n Giao di\u1ec7n web \u0111\u1eb9p v\u00e0 chuy\u00ean nghi\u1ec7p<br \/>\n<\/h2>\n<p>\n Ch\u00fang t\u00f4i hi\u1ec3u r\u1eb1ng giao di\u1ec7n website l\u00e0 b\u1ed9 m\u1eb7t \u0111\u1ea1i di\u1ec7n cho th\u01b0\u01a1ng hi\u1ec7u c\u1ee7a b\u1ea1n. V\u1edbi \u0111\u1ed9i ng\u0169 thi\u1ebft k\u1ebf gi\u00e0u kinh nghi\u1ec7m, ch\u00fang t\u00f4i s\u00e1ng t\u1ea1o nh\u1eefng thi\u1ebft k\u1ebf \u0111\u1ed9c \u0111\u00e1o v\u00e0 chuy\u00ean nghi\u1ec7p, gi\u00fap g\u00e2y \u1ea5n t\u01b0\u1ee3ng ngay t\u1eeb c\u00e1i nh\u00ecn \u0111\u1ea7u ti\u00ean. Giao di\u1ec7n \u0111\u01b0\u1ee3c t\u1ed1i \u01b0u h\u00f3a cho ng\u01b0\u1eddi d\u00f9ng, gi\u00fap h\u1ecd d\u1ec5 d\u00e0ng t\u00ecm ki\u1ebfm th\u00f4ng tin v\u00e0 s\u1ea3n ph\u1ea9m m\u00e0 b\u1ea1n cung c\u1ea5p.\n<\/p>\n<h2>\n T\u01b0\u01a1ng th\u00edch tr\u00ean m\u1ecdi thi\u1ebft b\u1ecb<br \/>\n<\/h2>\n<p>\n Website c\u1ee7a b\u1ea1n s\u1ebd \u0111\u01b0\u1ee3c thi\u1ebft k\u1ebf v\u1edbi t\u00ednh n\u0103ng Responsive, \u0111\u1ea3m b\u1ea3o t\u01b0\u01a1ng th\u00edch tr\u00ean m\u1ecdi thi\u1ebft b\u1ecb, t\u1eeb m\u00e1y t\u00ednh \u0111\u1ec3 b\u00e0n, laptop \u0111\u1ebfn \u0111i\u1ec7n tho\u1ea1i di \u0111\u1ed9ng v\u00e0 m\u00e1y t\u00ednh b\u1ea3ng. \u0110i\u1ec1u n\u00e0y kh\u00f4ng ch\u1ec9 gi\u00fap b\u1ea1n ti\u1ebfp c\u1eadn m\u1ed9t l\u01b0\u1ee3ng kh\u00e1ch h\u00e0ng r\u1ed9ng l\u1edbn m\u00e0 c\u00f2n n\u00e2ng cao tr\u1ea3i nghi\u1ec7m ng\u01b0\u1eddi d\u00f9ng.\n<\/p>\n<h2>\n M\u00e3 ngu\u1ed3n WordPress v\u1edbi Theme Flatsome v\u00e0 UX Builder<br \/>\n<\/h2>\n<p>\n Ch\u00fang t\u00f4i s\u1eed d\u1ee5ng m\u00e3 ngu\u1ed3n WordPress v\u1edbi vi\u1ec7c t\u00edch h\u1ee3p Theme Flatsome v\u00e0 UX Builder, cho ph\u00e9p b\u1ea1n d\u1ec5 d\u00e0ng t\u00f9y bi\u1ebfn giao di\u1ec7n c\u1ee7a website. B\u1ea1n c\u00f3 th\u1ec3 tu\u1ef3 ch\u1ecdn m\u00e0u s\u1eafc, h\u00ecnh \u1ea3nh v\u00e0 b\u1ed1 c\u1ee5c ch\u1ec9 b\u1eb1ng nh\u1eefng c\u00fa click \u0111\u01a1n gi\u1ea3n m\u00e0 kh\u00f4ng c\u1ea7n b\u1ea5t k\u1ef3 ki\u1ebfn th\u1ee9c l\u1eadp tr\u00ecnh n\u00e0o.\n<\/p>\n<h2>\n T\u1ed1c \u0111\u1ed9 t\u1ea3i trang nhanh<br \/>\n<\/h2>\n<p>\n Ch\u00fang t\u00f4i cam k\u1ebft website c\u1ee7a b\u1ea1n s\u1ebd c\u00f3 t\u1ed1c \u0111\u1ed9 t\u1ea3i trang nhanh ch\u00f3ng, \u0111i\u1ec1u n\u00e0y kh\u00f4ng ch\u1ec9 \u1ea3nh h\u01b0\u1edfng \u0111\u1ebfn tr\u1ea3i nghi\u1ec7m ng\u01b0\u1eddi d\u00f9ng m\u00e0 c\u00f2n c\u00f3 t\u00e1c \u0111\u1ed9ng t\u00edch c\u1ef1c \u0111\u1ebfn SEO. M\u1ed9t website t\u1ea3i nhanh s\u1ebd gi\u1eef ch\u00e2n kh\u00e1ch h\u00e0ng v\u00e0 gi\u1ea3m t\u1ef7 l\u1ec7 tho\u00e1t trang.\n<\/p>\n<h3>\n Gi\u1edbi thi\u1ec7u LADIGI Agency<br \/>\n<\/h3>\n<p>\n N\u1ebfu b\u1ea1n \u0111ang t\u00ecm ki\u1ebfm m\u1ed9t \u0111\u1ed1i t\u00e1c uy t\u00edn \u0111\u1ec3 thi\u1ebft k\u1ebf website cho c\u00f4ng ty ho\u1eb7c doanh nghi\u1ec7p c\u1ee7a m\u00ecnh, h\u00e3y \u0111\u1ebfn v\u1edbi LADIGI Agency. Ch\u00fang t\u00f4i cam k\u1ebft cung c\u1ea5p d\u1ecbch v\u1ee5 x\u00e2y d\u1ef1ng website to\u00e0n di\u1ec7n, t\u1eeb thi\u1ebft k\u1ebf \u0111\u1ebfn t\u1ed1i \u01b0u h\u00f3a v\u00e0 b\u1ea3o tr\u00ec. H\u00e3y tr\u1ea3i nghi\u1ec7m d\u1ecbch v\u1ee5 c\u1ee7a ch\u00fang t\u00f4i \u0111\u1ec3 \u0111\u01b0a th\u01b0\u01a1ng hi\u1ec7u c\u1ee7a b\u1ea1n l\u00ean m\u1ed9t t\u1ea7m cao m\u1edbi!\n<\/p>\n<p>\n <a href=\"https:\/\/ladigi.vn\/thiet-ke-website\/\"><br \/>\n  <strong><br \/>\n   D\u1ecbch v\u1ee5 X\u00e2y d\u1ef1ng website to\u00e0n di\u1ec7n LADIGI<br \/>\n  <\/strong><br \/>\n <\/a><\/p>\n","protected":false},"excerpt":{"rendered":"<p>D\u1ecbch v\u1ee5 thi\u1ebft k\u1ebf website cho c\u00f4ng ty, doanh nghi\u1ec7p cung c\u1ea5p giao di\u1ec7n \u0111\u1eb9p, chuy\u00ean nghi\u1ec7p v\u00e0 d\u1ec5 s\u1eed d\u1ee5ng. Website t\u01b0\u01a1ng th\u00edch tr\u00ean m\u1ecdi thi\u1ebft b\u1ecb, s\u1eed d\u1ee5ng m\u00e3 ngu\u1ed3n WordPress v\u1edbi Theme Flatsome v\u00e0 UX Builder cho kh\u1ea3 n\u0103ng t\u00f9y bi\u1ebfn linh ho\u1ea1t. T\u1ed1c \u0111\u1ed9 t\u1ea3i trang nhanh ch\u00f3ng, n\u00e2ng cao tr\u1ea3i nghi\u1ec7m ng\u01b0\u1eddi d\u00f9ng.<\/p>\n","protected":false},"featured_media":3628,"comment_status":"open","ping_status":"closed","template":"","meta":[],"product_cat":[16,42],"product_tag":[24],"class_list":{"0":"post-3626","1":"product","2":"type-product","3":"status-publish","4":"has-post-thumbnail","6":"product_cat-tat-ca","7":"product_cat-dich-vu","8":"product_tag-cong-ty","10":"first","11":"instock","12":"shipping-taxable","13":"purchasable","14":"product-type-simple"},"_links":{"self":[{"href":"https:\/\/ladigi.vn\/thiet-ke-website\/wp-json\/wp\/v2\/product\/3626","targetHints":{"allow":["GET"]}}],"collection":[{"href":"https:\/\/ladigi.vn\/thiet-ke-website\/wp-json\/wp\/v2\/product"}],"about":[{"href":"https:\/\/ladigi.vn\/thiet-ke-website\/wp-json\/wp\/v2\/types\/product"}],"replies":[{"embeddable":true,"href":"https:\/\/ladigi.vn\/thiet-ke-website\/wp-json\/wp\/v2\/comments?post=3626"}],"wp:featuredmedia":[{"embeddable":true,"href":"https:\/\/ladigi.vn\/thiet-ke-website\/wp-json\/wp\/v2\/media\/3628"}],"wp:attachment":[{"href":"https:\/\/ladigi.vn\/thiet-ke-website\/wp-json\/wp\/v2\/media?parent=3626"}],"wp:term":[{"taxonomy":"product_cat","embeddable":true,"href":"https:\/\/ladigi.vn\/thiet-ke-website\/wp-json\/wp\/v2\/product_cat?post=3626"},{"taxonomy":"product_tag","embeddable":true,"href":"https:\/\/ladigi.vn\/thiet-ke-website\/wp-json\/wp\/v2\/product_tag?post=3626"}],"curies":[{"name":"wp","href":"https:\/\/api.w.org\/{rel}","templated":true}]}}