{"id":3629,"date":"2021-05-10T11:11:58","date_gmt":"2021-05-10T04:11:58","guid":{"rendered":"https:\/\/ladigi.vn\/thiet-ke-website\/?post_type=product&#038;p=3629"},"modified":"2025-01-10T13:05:16","modified_gmt":"2025-01-10T06:05:16","slug":"thiet-ke-website-the-gioi-di-dong-mau-so-5","status":"publish","type":"product","link":"https:\/\/ladigi.vn\/thiet-ke-website\/mau-web\/thiet-ke-website-the-gioi-di-dong-mau-so-5\/","title":{"rendered":"Th\u1ebf Gi\u1edbi Di \u0110\u1ed9ng M\u1eabu 5"},"content":{"rendered":"<h1>\n D\u1ecbch v\u1ee5 Thi\u1ebft k\u1ebf website Th\u1ebf Gi\u1edbi Di \u0110\u1ed9ng M\u1eabu 5<br \/>\n<\/h1>\n<p>\n Ch\u00fang t\u00f4i t\u1ef1 h\u00e0o gi\u1edbi thi\u1ec7u d\u1ecbch v\u1ee5 thi\u1ebft k\u1ebf website Th\u1ebf Gi\u1edbi Di \u0110\u1ed9ng M\u1eabu 5, v\u1edbi nh\u1eefng \u0111\u1eb7c \u0111i\u1ec3m n\u1ed5i b\u1eadt gi\u00fap n\u00e2ng cao tr\u1ea3i nghi\u1ec7m ng\u01b0\u1eddi d\u00f9ng v\u00e0 t\u1ed1i \u01b0u h\u00f3a hi\u1ec7u qu\u1ea3 kinh doanh cho doanh nghi\u1ec7p c\u1ee7a b\u1ea1n.\n<\/p>\n<h2>\n Giao di\u1ec7n \u0111\u1eb9p, chuy\u00ean nghi\u1ec7p v\u00e0 d\u1ec5 s\u1eed d\u1ee5ng<br \/>\n<\/h2>\n<p>\n Website \u0111\u01b0\u1ee3c thi\u1ebft k\u1ebf v\u1edbi giao di\u1ec7n \u0111\u1eb9p m\u1eaft, chuy\u00ean nghi\u1ec7p, mang \u0111\u1ebfn s\u1ef1 thu h\u00fat ngay t\u1eeb c\u00e1i nh\u00ecn \u0111\u1ea7u ti\u00ean. V\u1edbi b\u1ed1 c\u1ee5c r\u00f5 r\u00e0ng, d\u1ec5 d\u00e0ng t\u00ecm ki\u1ebfm th\u00f4ng tin, kh\u00e1ch h\u00e0ng s\u1ebd nhanh ch\u00f3ng ti\u1ebfp c\u1eadn \u0111\u01b0\u1ee3c s\u1ea3n ph\u1ea9m v\u00e0 d\u1ecbch v\u1ee5 m\u00e0 b\u1ea1n cung c\u1ea5p.\n<\/p>\n<h2>\n T\u01b0\u01a1ng th\u00edch tr\u00ean m\u1ecdi thi\u1ebft b\u1ecb<br \/>\n<\/h2>\n<p>\n Ch\u00fang t\u00f4i \u0111\u1ea3m b\u1ea3o website c\u1ee7a b\u1ea1n s\u1ebd hi\u1ec3n th\u1ecb ho\u00e0n h\u1ea3o tr\u00ean m\u1ecdi thi\u1ebft b\u1ecb, t\u1eeb m\u00e1y t\u00ednh b\u00e0n, laptop \u0111\u1ebfn smartphone v\u00e0 tablet. \u0110i\u1ec1u n\u00e0y kh\u00f4ng ch\u1ec9 gi\u00fap t\u0103ng c\u01b0\u1eddng tr\u1ea3i nghi\u1ec7m ng\u01b0\u1eddi d\u00f9ng m\u00e0 c\u00f2n c\u1ea3i thi\u1ec7n kh\u1ea3 n\u0103ng ti\u1ebfp c\u1eadn v\u00e0 t\u01b0\u01a1ng t\u00e1c c\u1ee7a kh\u00e1ch h\u00e0ng v\u1edbi website.\n<\/p>\n<h2>\n M\u00e3 ngu\u1ed3n WordPress v\u1edbi Theme Flatsome v\u00e0 UX Builder<br \/>\n<\/h2>\n<p>\n Website \u0111\u01b0\u1ee3c x\u00e2y d\u1ef1ng tr\u00ean n\u1ec1n t\u1ea3ng m\u00e3 ngu\u1ed3n WordPress m\u1ea1nh m\u1ebd, s\u1eed d\u1ee5ng Theme Flatsome cho ph\u00e9p t\u00f9y bi\u1ebfn d\u1ec5 d\u00e0ng v\u00e0 nhanh ch\u00f3ng. V\u1edbi UX Builder, b\u1ea1n ho\u00e0n to\u00e0n c\u00f3 th\u1ec3 t\u1ef1 tay ch\u1ec9nh s\u1eeda v\u00e0 tinh ch\u1ec9nh giao di\u1ec7n sao cho ph\u00f9 h\u1ee3p v\u1edbi phong c\u00e1ch v\u00e0 nhu c\u1ea7u c\u1ee7a doanh nghi\u1ec7p m\u00ecnh m\u00e0 kh\u00f4ng c\u1ea7n qu\u00e1 nhi\u1ec1u ki\u1ebfn th\u1ee9c v\u1ec1 l\u1eadp tr\u00ecnh.\n<\/p>\n<h2>\n T\u1ed1c \u0111\u1ed9 t\u1ea3i trang nhanh<br \/>\n<\/h2>\n<p>\n Ch\u00fang t\u00f4i \u01b0u ti\u00ean t\u1ed1i \u01b0u h\u00f3a t\u1ed1c \u0111\u1ed9 t\u1ea3i trang cho website, gi\u00fap ng\u01b0\u1eddi d\u00f9ng truy c\u1eadp m\u1ed9t c\u00e1ch nhanh ch\u00f3ng v\u00e0 d\u1ec5 d\u00e0ng. T\u1ed1c \u0111\u1ed9 t\u1ea3i trang nhanh kh\u00f4ng ch\u1ec9 n\u00e2ng cao tr\u1ea3i nghi\u1ec7m ng\u01b0\u1eddi d\u00f9ng m\u00e0 c\u00f2n g\u00f3p ph\u1ea7n c\u1ea3i thi\u1ec7n th\u1ee9 h\u1ea1ng t\u00ecm ki\u1ebfm tr\u00ean c\u00e1c c\u00f4ng c\u1ee5 t\u00ecm ki\u1ebfm.\n<\/p>\n<hr\/>\n<p>\n N\u1ebfu b\u1ea1n \u0111ang t\u00ecm ki\u1ebfm m\u1ed9t \u0111\u01a1n v\u1ecb thi\u1ebft k\u1ebf website chuy\u00ean nghi\u1ec7p, h\u00e3y \u0111\u1ebfn v\u1edbi<br \/>\n <strong><br \/>\n  LADIGI<br \/>\n <\/strong><br \/>\n . Ch\u00fang t\u00f4i cung c\u1ea5p d\u1ecbch v\u1ee5 thi\u1ebft k\u1ebf website v\u1edbi ch\u1ea5t l\u01b0\u1ee3ng t\u1ed1t nh\u1ea5t v\u00e0 cam k\u1ebft mang l\u1ea1i s\u1ef1 h\u00e0i l\u00f2ng cho b\u1ea1n.<br \/>\n <a href=\"https:\/\/ladigi.vn\/thiet-ke-website\/\"><br \/>\n  C\u00f4ng ty cung c\u1ea5p d\u1ecbch v\u1ee5 thi\u1ebft k\u1ebf website LADIGI<br \/>\n <\/a><br \/>\n l\u00e0 l\u1ef1a ch\u1ecdn ho\u00e0n h\u1ea3o cho m\u1ecdi doanh nghi\u1ec7p.<\/p>\n","protected":false},"excerpt":{"rendered":"<p>D\u1ecbch v\u1ee5 Thi\u1ebft k\u1ebf website Th\u1ebf Gi\u1edbi Di \u0110\u1ed9ng M\u1eabu 5 mang \u0111\u1ebfn giao di\u1ec7n \u0111\u1eb9p, chuy\u00ean nghi\u1ec7p v\u00e0 d\u1ec5 s\u1eed d\u1ee5ng. Website t\u01b0\u01a1ng th\u00edch tr\u00ean m\u1ecdi thi\u1ebft b\u1ecb, s\u1eed d\u1ee5ng m\u00e3 ngu\u1ed3n WordPress v\u1edbi Theme Flatsome v\u00e0 UX Builder d\u1ec5 t\u00f9y bi\u1ebfn. T\u1ed1c \u0111\u1ed9 t\u1ea3i trang nhanh, \u0111\u00e1p \u1ee9ng nhu c\u1ea7u ng\u01b0\u1eddi d\u00f9ng hi\u1ec7u qu\u1ea3.<\/p>\n","protected":false},"featured_media":3631,"comment_status":"open","ping_status":"closed","template":"","meta":[],"product_cat":[16,37],"product_tag":[23],"class_list":{"0":"post-3629","1":"product","2":"type-product","3":"status-publish","4":"has-post-thumbnail","6":"product_cat-tat-ca","7":"product_cat-dien-may","8":"product_tag-ban-hang","10":"first","11":"instock","12":"shipping-taxable","13":"purchasable","14":"product-type-simple"},"_links":{"self":[{"href":"https:\/\/ladigi.vn\/thiet-ke-website\/wp-json\/wp\/v2\/product\/3629","targetHints":{"allow":["GET"]}}],"collection":[{"href":"https:\/\/ladigi.vn\/thiet-ke-website\/wp-json\/wp\/v2\/product"}],"about":[{"href":"https:\/\/ladigi.vn\/thiet-ke-website\/wp-json\/wp\/v2\/types\/product"}],"replies":[{"embeddable":true,"href":"https:\/\/ladigi.vn\/thiet-ke-website\/wp-json\/wp\/v2\/comments?post=3629"}],"wp:featuredmedia":[{"embeddable":true,"href":"https:\/\/ladigi.vn\/thiet-ke-website\/wp-json\/wp\/v2\/media\/3631"}],"wp:attachment":[{"href":"https:\/\/ladigi.vn\/thiet-ke-website\/wp-json\/wp\/v2\/media?parent=3629"}],"wp:term":[{"taxonomy":"product_cat","embeddable":true,"href":"https:\/\/ladigi.vn\/thiet-ke-website\/wp-json\/wp\/v2\/product_cat?post=3629"},{"taxonomy":"product_tag","embeddable":true,"href":"https:\/\/ladigi.vn\/thiet-ke-website\/wp-json\/wp\/v2\/product_tag?post=3629"}],"curies":[{"name":"wp","href":"https:\/\/api.w.org\/{rel}","templated":true}]}}