{"id":3634,"date":"2021-05-10T11:17:17","date_gmt":"2021-05-10T04:17:17","guid":{"rendered":"https:\/\/ladigi.vn\/thiet-ke-website\/?post_type=product&#038;p=3634"},"modified":"2025-01-10T13:07:56","modified_gmt":"2025-01-10T06:07:56","slug":"thiet-ke-website-gioi-thieu-tham-my-vien-tien-sy-thanh-nhan","status":"publish","type":"product","link":"https:\/\/ladigi.vn\/thiet-ke-website\/mau-web\/thiet-ke-website-gioi-thieu-tham-my-vien-tien-sy-thanh-nhan\/","title":{"rendered":"Spa, Th\u1ea9m M\u1ef9 Vi\u1ec7n"},"content":{"rendered":"<h1>\n D\u1ecbch v\u1ee5 Thi\u1ebft k\u1ebf website Spa, Th\u1ea9m M\u1ef9 Vi\u1ec7n<br \/>\n<\/h1>\n<p>\n B\u1ea1n \u0111ang t\u00ecm ki\u1ebfm m\u1ed9t gi\u1ea3i ph\u00e1p thi\u1ebft k\u1ebf website cho Spa ho\u1eb7c Th\u1ea9m M\u1ef9 Vi\u1ec7n c\u1ee7a m\u00ecnh? Ch\u00fang t\u00f4i t\u1ef1 h\u00e0o gi\u1edbi thi\u1ec7u d\u1ecbch v\u1ee5 thi\u1ebft k\u1ebf website chuy\u00ean nghi\u1ec7p, mang \u0111\u1ebfn cho b\u1ea1n giao di\u1ec7n \u0111\u1eb9p m\u1eaft, th\u00e2n thi\u1ec7n v\u00e0 d\u1ec5 s\u1eed d\u1ee5ng.\n<\/p>\n<h2>\n Giao di\u1ec7n web \u0111\u1eb9p, chuy\u00ean nghi\u1ec7p<br \/>\n<\/h2>\n<p>\n Ch\u00fang t\u00f4i cam k\u1ebft thi\u1ebft k\u1ebf giao di\u1ec7n website v\u1edbi phong c\u00e1ch hi\u1ec7n \u0111\u1ea1i v\u00e0 chuy\u00ean nghi\u1ec7p, gi\u00fap n\u00e2ng cao h\u00ecnh \u1ea3nh th\u01b0\u01a1ng hi\u1ec7u c\u1ee7a b\u1ea1n. Ngay l\u1ea7n \u0111\u1ea7u truy c\u1eadp, kh\u00e1ch h\u00e0ng s\u1ebd b\u1ecb thu h\u00fat b\u1edfi thi\u1ebft k\u1ebf \u0111\u1ed9c \u0111\u00e1o v\u00e0 m\u00e0u s\u1eafc h\u00e0i h\u00f2a, t\u1ea1o \u1ea5n t\u01b0\u1ee3ng t\u00edch c\u1ef1c trong t\u00e2m tr\u00ed h\u1ecd.\n<\/p>\n<h2>\n T\u01b0\u01a1ng th\u00edch tr\u00ean m\u1ecdi thi\u1ebft b\u1ecb<br \/>\n<\/h2>\n<p>\n Website \u0111\u01b0\u1ee3c t\u1ed1i \u01b0u h\u00f3a \u0111\u1ec3 \u0111\u1ea3m b\u1ea3o r\u1eb1ng kh\u00e1ch h\u00e0ng c\u00f3 th\u1ec3 truy c\u1eadp t\u1eeb b\u1ea5t k\u1ef3 thi\u1ebft b\u1ecb n\u00e0o, bao g\u1ed3m m\u00e1y t\u00ednh, laptop, tablet hay smartphone. \u0110i\u1ec1u n\u00e0y kh\u00f4ng ch\u1ec9 mang l\u1ea1i tr\u1ea3i nghi\u1ec7m s\u1eed d\u1ee5ng m\u01b0\u1ee3t m\u00e0 m\u00e0 c\u00f2n gi\u00fap b\u1ea1n ti\u1ebfp c\u1eadn kh\u00e1ch h\u00e0ng m\u1ed9t c\u00e1ch hi\u1ec7u qu\u1ea3 h\u01a1n.\n<\/p>\n<h2>\n M\u00e3 ngu\u1ed3n WordPress v\u1edbi Theme Flatsome v\u00e0 UX Builder<br \/>\n<\/h2>\n<p>\n Ch\u00fang t\u00f4i s\u1eed d\u1ee5ng m\u00e3 ngu\u1ed3n WordPress v\u1edbi Theme Flatsome, m\u1ed9t trong nh\u1eefng theme ph\u1ed5 bi\u1ebfn v\u00e0 linh ho\u1ea1t nh\u1ea5t hi\u1ec7n nay, k\u1ebft h\u1ee3p v\u1edbi UX Builder gi\u00fap b\u1ea1n d\u1ec5 d\u00e0ng t\u00f9y bi\u1ebfn giao di\u1ec7n website theo \u00fd th\u00edch m\u00e0 kh\u00f4ng c\u1ea7n nhi\u1ec1u ki\u1ebfn th\u1ee9c l\u1eadp tr\u00ecnh. \u0110i\u1ec1u n\u00e0y mang l\u1ea1i s\u1ef1 linh ho\u1ea1t, cho ph\u00e9p b\u1ea1n c\u1eadp nh\u1eadt, ch\u1ec9nh s\u1eeda n\u1ed9i dung v\u00e0 h\u00ecnh \u1ea3nh m\u1ed9t c\u00e1ch nhanh ch\u00f3ng.\n<\/p>\n<h2>\n T\u1ed1c \u0111\u1ed9 t\u1ea3i trang nhanh<br \/>\n<\/h2>\n<p>\n Ch\u00fang t\u00f4i ch\u00fa tr\u1ecdng \u0111\u1ebfn t\u1ed1c \u0111\u1ed9 t\u1ea3i trang, m\u1ed9t y\u1ebfu t\u1ed1 quan tr\u1ecdng \u1ea3nh h\u01b0\u1edfng \u0111\u1ebfn tr\u1ea3i nghi\u1ec7m ng\u01b0\u1eddi d\u00f9ng v\u00e0 SEO. Website c\u1ee7a b\u1ea1n s\u1ebd \u0111\u01b0\u1ee3c t\u1ed1i \u01b0u h\u00f3a \u0111\u1ec3 t\u1ea3i nhanh ch\u00f3ng, gi\u1ea3m t\u1ef7 l\u1ec7 tho\u00e1t v\u00e0 gi\u1eef ch\u00e2n kh\u00e1ch h\u00e0ng \u1edf l\u1ea1i l\u00e2u h\u01a1n.\n<\/p>\n<hr\/>\n<p>\n \u0110\u1ec3 x\u00e2y d\u1ef1ng m\u1ed9t website Spa, Th\u1ea9m M\u1ef9 Vi\u1ec7n chuy\u00ean nghi\u1ec7p, h\u00e3y li\u00ean h\u1ec7 v\u1edbi ch\u00fang t\u00f4i t\u1ea1i<br \/>\n <strong><br \/>\n  LADIGI Agency<br \/>\n <\/strong><br \/>\n . V\u1edbi \u0111\u1ed9i ng\u0169 thi\u1ebft k\u1ebf gi\u00e0u kinh nghi\u1ec7m v\u00e0 t\u00e2m huy\u1ebft, ch\u00fang t\u00f4i s\u1ebd gi\u00fap b\u1ea1n t\u1ea1o ra m\u1ed9t website n\u1ed5i b\u1eadt, thu h\u00fat kh\u00e1ch h\u00e0ng v\u00e0 gia t\u0103ng doanh s\u1ed1.\n<\/p>\n<p>\n <a href=\"https:\/\/ladigi.vn\/thiet-ke-website\/\"><br \/>\n  <strong><br \/>\n   C\u00f4ng ty thi\u1ebft k\u1ebf web gi\u00e1 r\u1ebb<br \/>\n  <\/strong><br \/>\n <\/a><br \/>\n &#8211; \u0110\u1eebng b\u1ecf l\u1ee1 c\u01a1 h\u1ed9i \u0111\u1ec3 ph\u00e1t tri\u1ec3n th\u01b0\u01a1ng hi\u1ec7u c\u1ee7a b\u1ea1n ngay h\u00f4m nay!<\/p>\n","protected":false},"excerpt":{"rendered":"<p>D\u1ecbch v\u1ee5 thi\u1ebft k\u1ebf website cho Spa v\u00e0 Th\u1ea9m M\u1ef9 Vi\u1ec7n cam k\u1ebft t\u1ea1o giao di\u1ec7n \u0111\u1eb9p, chuy\u00ean nghi\u1ec7p v\u00e0 d\u1ec5 s\u1eed d\u1ee5ng, t\u01b0\u01a1ng th\u00edch tr\u00ean m\u1ecdi thi\u1ebft b\u1ecb. S\u1eed d\u1ee5ng m\u00e3 ngu\u1ed3n Wordpress v\u1edbi Theme Flatsome v\u00e0 UX Builder linh ho\u1ea1t, website \u0111\u1ea3m b\u1ea3o t\u1ed1c \u0111\u1ed9 t\u1ea3i nhanh, n\u00e2ng cao tr\u1ea3i nghi\u1ec7m kh\u00e1ch h\u00e0ng.<\/p>\n","protected":false},"featured_media":3637,"comment_status":"open","ping_status":"closed","template":"","meta":[],"product_cat":[16,44,26],"product_tag":[24],"class_list":{"0":"post-3634","1":"product","2":"type-product","3":"status-publish","4":"has-post-thumbnail","6":"product_cat-tat-ca","7":"product_cat-lam-dep","8":"product_cat-phong-kham","9":"product_tag-cong-ty","11":"first","12":"instock","13":"shipping-taxable","14":"purchasable","15":"product-type-simple"},"_links":{"self":[{"href":"https:\/\/ladigi.vn\/thiet-ke-website\/wp-json\/wp\/v2\/product\/3634","targetHints":{"allow":["GET"]}}],"collection":[{"href":"https:\/\/ladigi.vn\/thiet-ke-website\/wp-json\/wp\/v2\/product"}],"about":[{"href":"https:\/\/ladigi.vn\/thiet-ke-website\/wp-json\/wp\/v2\/types\/product"}],"replies":[{"embeddable":true,"href":"https:\/\/ladigi.vn\/thiet-ke-website\/wp-json\/wp\/v2\/comments?post=3634"}],"wp:featuredmedia":[{"embeddable":true,"href":"https:\/\/ladigi.vn\/thiet-ke-website\/wp-json\/wp\/v2\/media\/3637"}],"wp:attachment":[{"href":"https:\/\/ladigi.vn\/thiet-ke-website\/wp-json\/wp\/v2\/media?parent=3634"}],"wp:term":[{"taxonomy":"product_cat","embeddable":true,"href":"https:\/\/ladigi.vn\/thiet-ke-website\/wp-json\/wp\/v2\/product_cat?post=3634"},{"taxonomy":"product_tag","embeddable":true,"href":"https:\/\/ladigi.vn\/thiet-ke-website\/wp-json\/wp\/v2\/product_tag?post=3634"}],"curies":[{"name":"wp","href":"https:\/\/api.w.org\/{rel}","templated":true}]}}