{"id":3641,"date":"2021-05-10T11:19:21","date_gmt":"2021-05-10T04:19:21","guid":{"rendered":"https:\/\/ladigi.vn\/thiet-ke-website\/?post_type=product&#038;p=3641"},"modified":"2025-01-10T13:10:35","modified_gmt":"2025-01-10T06:10:35","slug":"thiet-ke-website-spa-dep-mau-so-4-elly-spa","status":"publish","type":"product","link":"https:\/\/ladigi.vn\/thiet-ke-website\/mau-web\/thiet-ke-website-spa-dep-mau-so-4-elly-spa\/","title":{"rendered":"Spa, Th\u1ea9m M\u1ef9 Vi\u1ec7n M\u1eabu S\u1ed1 4"},"content":{"rendered":"<h1>\n D\u1ecbch v\u1ee5 Thi\u1ebft k\u1ebf website Spa, Th\u1ea9m M\u1ef9 Vi\u1ec7n M\u1eabu S\u1ed1 4<br \/>\n<\/h1>\n<p>\n Ch\u00e0o m\u1eebng b\u1ea1n \u0111\u1ebfn v\u1edbi d\u1ecbch v\u1ee5 thi\u1ebft k\u1ebf website cho Spa v\u00e0 Th\u1ea9m M\u1ef9 Vi\u1ec7n c\u1ee7a ch\u00fang t\u00f4i! Ch\u00fang t\u00f4i t\u1ef1 h\u00e0o gi\u1edbi thi\u1ec7u m\u1eabu website \u1ea5n t\u01b0\u1ee3ng, \u0111\u01b0\u1ee3c t\u1ed1i \u01b0u h\u00f3a d\u00e0nh ri\u00eang cho ng\u00e0nh l\u00e0m \u0111\u1eb9p, gi\u00fap b\u1ea1n thu h\u00fat v\u00e0 gi\u1eef ch\u00e2n kh\u00e1ch h\u00e0ng hi\u1ec7u qu\u1ea3.\n<\/p>\n<h2>\n Giao di\u1ec7n \u0111\u1eb9p, chuy\u00ean nghi\u1ec7p v\u00e0 d\u1ec5 s\u1eed d\u1ee5ng<br \/>\n<\/h2>\n<p>\n Website c\u1ee7a ch\u00fang t\u00f4i \u0111\u01b0\u1ee3c thi\u1ebft k\u1ebf v\u1edbi giao di\u1ec7n b\u1eaft m\u1eaft, chuy\u00ean nghi\u1ec7p, th\u1ec3 hi\u1ec7n \u0111\u00fang phong c\u00e1ch v\u00e0 \u0111\u1eb7c tr\u01b0ng c\u1ee7a ng\u00e0nh Spa v\u00e0 Th\u1ea9m M\u1ef9. V\u1edbi b\u1ed1 c\u1ee5c h\u1ee3p l\u00fd v\u00e0 d\u1ec5 d\u00e0ng \u0111i\u1ec1u h\u01b0\u1edbng, kh\u00e1ch h\u00e0ng c\u00f3 th\u1ec3 nhanh ch\u00f3ng t\u00ecm th\u1ea5y nh\u1eefng th\u00f4ng tin h\u1ecd c\u1ea7n m\u00e0 kh\u00f4ng g\u1eb7p ph\u1ea3i b\u1ea5t k\u1ef3 tr\u1edf ng\u1ea1i n\u00e0o.\n<\/p>\n<h2>\n T\u01b0\u01a1ng th\u00edch tr\u00ean m\u1ecdi thi\u1ebft b\u1ecb<br \/>\n<\/h2>\n<p>\n Ch\u00fang t\u00f4i \u0111\u1ea3m b\u1ea3o r\u1eb1ng website s\u1ebd ho\u1ea1t \u0111\u1ed9ng ho\u00e0n h\u1ea3o tr\u00ean m\u1ecdi thi\u1ebft b\u1ecb, bao g\u1ed3m m\u00e1y t\u00ednh, m\u00e1y t\u00ednh b\u1ea3ng v\u00e0 \u0111i\u1ec7n tho\u1ea1i di \u0111\u1ed9ng. T\u00ednh n\u0103ng Responsive Design (thi\u1ebft k\u1ebf t\u01b0\u01a1ng th\u00edch) gi\u00fap website c\u1ee7a b\u1ea1n lu\u00f4n hi\u1ec3n th\u1ecb \u0111\u1eb9p m\u1eaft, b\u1ea5t k\u1ec3 k\u00edch th\u01b0\u1edbc m\u00e0n h\u00ecnh c\u1ee7a ng\u01b0\u1eddi d\u00f9ng.\n<\/p>\n<h2>\n M\u00e3 ngu\u1ed3n m\u1ea1nh m\u1ebd v\u1edbi WordPress<br \/>\n<\/h2>\n<p>\n Website \u0111\u01b0\u1ee3c x\u00e2y d\u1ef1ng tr\u00ean n\u1ec1n t\u1ea3ng m\u00e3 ngu\u1ed3n m\u1edf WordPress, s\u1eed d\u1ee5ng Theme Flatsome v\u00e0 UX Builder, gi\u00fap b\u1ea1n d\u1ec5 d\u00e0ng t\u00f9y bi\u1ebfn v\u00e0 c\u1eadp nh\u1eadt n\u1ed9i dung. D\u00f9 b\u1ea1n c\u00f3 k\u1ef9 n\u0103ng l\u1eadp tr\u00ecnh hay kh\u00f4ng, b\u1ea1n v\u1eabn c\u00f3 th\u1ec3 qu\u1ea3n l\u00fd website m\u1ed9t c\u00e1ch d\u1ec5 d\u00e0ng v\u00e0 hi\u1ec7u qu\u1ea3.\n<\/p>\n<h2>\n T\u1ed1c \u0111\u1ed9 t\u1ea3i trang nhanh<br \/>\n<\/h2>\n<p>\n Ch\u00fang t\u00f4i hi\u1ec3u r\u1eb1ng t\u1ed1c \u0111\u1ed9 t\u1ea3i trang l\u00e0 m\u1ed9t trong nh\u1eefng y\u1ebfu t\u1ed1 quan tr\u1ecdng \u1ea3nh h\u01b0\u1edfng \u0111\u1ebfn tr\u1ea3i nghi\u1ec7m ng\u01b0\u1eddi d\u00f9ng. V\u1edbi c\u00e1c c\u00f4ng ngh\u1ec7 t\u1ed1i \u01b0u h\u00f3a hi\u1ec7n \u0111\u1ea1i, website c\u1ee7a b\u1ea1n s\u1ebd c\u00f3 t\u1ed1c \u0111\u1ed9 t\u1ea3i trang nhanh ch\u00f3ng, gi\u00fap kh\u00e1ch h\u00e0ng kh\u00f4ng ph\u1ea3i ch\u1edd \u0111\u1ee3i l\u00e2u khi truy c\u1eadp.\n<\/p>\n<hr\/>\n<p>\n \u0110\u1eebng ch\u1ea7n ch\u1eeb n\u1eefa! N\u1ebfu b\u1ea1n \u0111ang t\u00ecm ki\u1ebfm m\u1ed9t \u0111\u01a1n v\u1ecb thi\u1ebft k\u1ebf website chuy\u00ean nghi\u1ec7p v\u00e0 \u0111\u1ea7y \u0111\u1ee7 t\u00ednh n\u0103ng, h\u00e3y \u0111\u1ebfn v\u1edbi<br \/>\n <strong><br \/>\n  LADIGI Agency<br \/>\n <\/strong><br \/>\n . Ch\u00fang t\u00f4i cam k\u1ebft mang \u0111\u1ebfn cho b\u1ea1n gi\u1ea3i ph\u00e1p t\u1ed1i \u01b0u nh\u1ea5t cho vi\u1ec7c x\u00e2y d\u1ef1ng th\u01b0\u01a1ng hi\u1ec7u v\u00e0 ph\u00e1t tri\u1ec3n kinh doanh tr\u1ef1c tuy\u1ebfn.\n<\/p>\n<p>\n T\u00ecm hi\u1ec3u th\u00eam v\u1ec1 ch\u00fang t\u00f4i qua link sau:<br \/>\n <a href=\"https:\/\/ladigi.vn\/thiet-ke-website\/\"><br \/>\n  Thi\u1ebft k\u1ebf website \u0111\u1ea7y \u0111\u1ee7 t\u00ednh n\u0103ng LADIGI<br \/>\n <\/a><\/p>\n","protected":false},"excerpt":{"rendered":"<p>D\u1ecbch v\u1ee5 Thi\u1ebft k\u1ebf website cho Spa, Th\u1ea9m M\u1ef9 Vi\u1ec7n M\u1eabu S\u1ed1 4 mang l\u1ea1i giao di\u1ec7n \u0111\u1eb9p, chuy\u00ean nghi\u1ec7p v\u00e0 d\u1ec5 s\u1eed d\u1ee5ng. Website t\u01b0\u01a1ng th\u00edch tr\u00ean m\u1ecdi thi\u1ebft b\u1ecb, s\u1eed d\u1ee5ng m\u00e3 ngu\u1ed3n Wordpress v\u1edbi Theme Flatsome v\u00e0 UX Builder linh ho\u1ea1t. T\u1ed1c \u0111\u1ed9 t\u1ea3i trang nhanh ch\u00f3ng, t\u1ed1i \u01b0u tr\u1ea3i nghi\u1ec7m ng\u01b0\u1eddi d\u00f9ng.<\/p>\n","protected":false},"featured_media":3642,"comment_status":"open","ping_status":"closed","template":"","meta":[],"product_cat":[16,44,26],"product_tag":[24],"class_list":{"0":"post-3641","1":"product","2":"type-product","3":"status-publish","4":"has-post-thumbnail","6":"product_cat-tat-ca","7":"product_cat-lam-dep","8":"product_cat-phong-kham","9":"product_tag-cong-ty","11":"first","12":"instock","13":"shipping-taxable","14":"purchasable","15":"product-type-simple"},"_links":{"self":[{"href":"https:\/\/ladigi.vn\/thiet-ke-website\/wp-json\/wp\/v2\/product\/3641","targetHints":{"allow":["GET"]}}],"collection":[{"href":"https:\/\/ladigi.vn\/thiet-ke-website\/wp-json\/wp\/v2\/product"}],"about":[{"href":"https:\/\/ladigi.vn\/thiet-ke-website\/wp-json\/wp\/v2\/types\/product"}],"replies":[{"embeddable":true,"href":"https:\/\/ladigi.vn\/thiet-ke-website\/wp-json\/wp\/v2\/comments?post=3641"}],"wp:featuredmedia":[{"embeddable":true,"href":"https:\/\/ladigi.vn\/thiet-ke-website\/wp-json\/wp\/v2\/media\/3642"}],"wp:attachment":[{"href":"https:\/\/ladigi.vn\/thiet-ke-website\/wp-json\/wp\/v2\/media?parent=3641"}],"wp:term":[{"taxonomy":"product_cat","embeddable":true,"href":"https:\/\/ladigi.vn\/thiet-ke-website\/wp-json\/wp\/v2\/product_cat?post=3641"},{"taxonomy":"product_tag","embeddable":true,"href":"https:\/\/ladigi.vn\/thiet-ke-website\/wp-json\/wp\/v2\/product_tag?post=3641"}],"curies":[{"name":"wp","href":"https:\/\/api.w.org\/{rel}","templated":true}]}}