{"id":3675,"date":"2021-05-10T11:39:12","date_gmt":"2021-05-10T04:39:12","guid":{"rendered":"https:\/\/ladigi.vn\/thiet-ke-website\/?post_type=product&#038;p=3675"},"modified":"2025-01-10T13:24:29","modified_gmt":"2025-01-10T06:24:29","slug":"thiet-ke-website-shop-me-va-be-mau-so-5-kidsshop","status":"publish","type":"product","link":"https:\/\/ladigi.vn\/thiet-ke-website\/mau-web\/thiet-ke-website-shop-me-va-be-mau-so-5-kidsshop\/","title":{"rendered":"Shop M\u1eb9 V\u00e0 B\u00e9 M\u1eabu S\u1ed1 5"},"content":{"rendered":"<p>\n <strong><br \/>\n  D\u1ecaCH V\u1ee4 THI\u1ebeT K\u1ebe WEBSITE SHOP M\u1eb8 V\u00c0 B\u00c9 M\u1eaaU S\u1ed0 5 &#8211; THI\u1ebeT K\u1ebe \u0110\u1eb8P, CHUY\u00caN NGHI\u1ec6P V\u00c0 D\u1ec4 S\u1eec D\u1ee4NG<br \/>\n <\/strong>\n<\/p>\n<p>\n B\u1ea1n \u0111ang c\u00f3 \u00fd \u0111\u1ecbnh kinh doanh trong l\u0129nh v\u1ef1c m\u1eb9 v\u00e0 b\u00e9? B\u1ea1n mu\u1ed1n c\u00f3 m\u1ed9t giao di\u1ec7n website \u0111\u1eb9p, chuy\u00ean nghi\u1ec7p v\u00e0 d\u1ec5 s\u1eed d\u1ee5ng \u0111\u1ec3 thu h\u00fat kh\u00e1ch h\u00e0ng? H\u00e3y \u0111\u1ebfn v\u1edbi d\u1ecbch v\u1ee5 Thi\u1ebft k\u1ebf website Shop M\u1eb9 V\u00e0 B\u00e9 M\u1eabu S\u1ed1 5 c\u1ee7a ch\u00fang t\u00f4i!\n<\/p>\n<p>\n Ch\u00fang t\u00f4i cam k\u1ebft mang \u0111\u1ebfn cho b\u1ea1n m\u1ed9t giao di\u1ec7n web ho\u00e0n h\u1ea3o, t\u01b0\u01a1ng th\u00edch tr\u00ean m\u1ecdi thi\u1ebft b\u1ecb v\u00e0 d\u1ec5 d\u00e0ng t\u00f9y ch\u1ec9nh theo \u00fd mu\u1ed1n. V\u1edbi m\u00e3 ngu\u1ed3n WordPress v\u00e0 s\u1eed d\u1ee5ng Theme Flatsome v\u00e0 UX Builder, ch\u00fang t\u00f4i \u0111\u1ea3m b\u1ea3o giao di\u1ec7n website c\u1ee7a b\u1ea1n s\u1ebd \u0111\u1eb9p m\u1eaft v\u00e0 chuy\u00ean nghi\u1ec7p, thu h\u00fat s\u1ef1 ch\u00fa \u00fd c\u1ee7a kh\u00e1ch h\u00e0ng.\n<\/p>\n<p>\n Kh\u00f4ng ch\u1ec9 v\u1eady, t\u1ed1c \u0111\u1ed9 t\u1ea3i trang c\u1ee7a website c\u0169ng l\u00e0 m\u1ed9t y\u1ebfu t\u1ed1 quan tr\u1ecdng \u0111\u1ec3 thu h\u00fat v\u00e0 gi\u1eef ch\u00e2n kh\u00e1ch h\u00e0ng. Ch\u00ednh v\u00ec v\u1eady, ch\u00fang t\u00f4i s\u1eed d\u1ee5ng c\u00e1c c\u00f4ng ngh\u1ec7 hi\u1ec7n \u0111\u1ea1i v\u00e0 t\u1ed1i \u01b0u h\u00f3a t\u1ed1c \u0111\u1ed9 t\u1ea3i trang \u0111\u1ec3 \u0111\u1ea3m b\u1ea3o tr\u1ea3i nghi\u1ec7m t\u1ed1t nh\u1ea5t cho kh\u00e1ch h\u00e0ng c\u1ee7a b\u1ea1n.\n<\/p>\n<p>\n \u0110\u1eb1ng sau d\u1ecbch v\u1ee5 Thi\u1ebft k\u1ebf website Shop M\u1eb9 V\u00e0 B\u00e9 M\u1eabu S\u1ed1 5 l\u00e0 \u0111\u1ed9i ng\u0169 chuy\u00ean gia t\u00e0i n\u0103ng v\u00e0 gi\u00e0u kinh nghi\u1ec7m c\u1ee7a LADIGI (LADIGI Agency). Ch\u00fang t\u00f4i lu\u00f4n t\u1eadn t\u00e2m v\u00e0 chuy\u00ean nghi\u1ec7p trong vi\u1ec7c t\u01b0 v\u1ea5n v\u00e0 thi\u1ebft k\u1ebf website cho kh\u00e1ch h\u00e0ng.\n<\/p>\n<p>\n V\u1edbi ph\u01b0\u01a1ng ch\u00e2m &#8220;Thi\u1ebft k\u1ebf web chu\u1ea9n SEO&#8221;, ch\u00fang t\u00f4i cam k\u1ebft mang \u0111\u1ebfn cho b\u1ea1n m\u1ed9t website \u0111\u01b0\u1ee3c t\u1ed1i \u01b0u h\u00f3a t\u1ed1t tr\u00ean c\u00e1c c\u00f4ng c\u1ee5 t\u00ecm ki\u1ebfm, gi\u00fap b\u1ea1n thu h\u00fat \u0111\u01b0\u1ee3c nhi\u1ec1u l\u01b0\u1ee3t truy c\u1eadp v\u00e0 t\u0103ng doanh thu.\n<\/p>\n<p>\n H\u00e3y \u0111\u1ec3 d\u1ecbch v\u1ee5 Thi\u1ebft k\u1ebf website Shop M\u1eb9 V\u00e0 B\u00e9 M\u1eabu S\u1ed1 5 c\u1ee7a ch\u00fang t\u00f4i gi\u00fap b\u1ea1n \u0111\u01b0a th\u01b0\u01a1ng hi\u1ec7u c\u1ee7a m\u00ecnh l\u00ean m\u1ed9t t\u1ea7m cao m\u1edbi!\n<\/p>\n<p>\n <a href=\"https:\/\/ladigi.vn\/thiet-ke-website\/\"><br \/>\n  C\u00f4ng ty thi\u1ebft k\u1ebf web chu\u1ea9n SEO LADIGI<br \/>\n <\/a><br \/>\n &#8211; \u0110\u1ed1i t\u00e1c tin c\u1eady c\u1ee7a b\u1ea1n trong vi\u1ec7c ph\u00e1t tri\u1ec3n th\u01b0\u01a1ng hi\u1ec7u v\u00e0 kinh doanh tr\u1ef1c tuy\u1ebfn. Li\u00ean h\u1ec7 ngay v\u1edbi ch\u00fang t\u00f4i \u0111\u1ec3 \u0111\u01b0\u1ee3c t\u01b0 v\u1ea5n v\u00e0 b\u00e1o gi\u00e1 t\u1ed1t nh\u1ea5t!<\/p>\n","protected":false},"excerpt":{"rendered":"<p>D\u1ecbch v\u1ee5 Thi\u1ebft k\u1ebf website Shop M\u1eb9 V\u00e0 B\u00e9 M\u1eabu S\u1ed1 5 mang \u0111\u1ebfn giao di\u1ec7n \u0111\u1eb9p, chuy\u00ean nghi\u1ec7p v\u00e0 d\u1ec5 s\u1eed d\u1ee5ng. Website t\u01b0\u01a1ng th\u00edch tr\u00ean m\u1ecdi thi\u1ebft b\u1ecb, s\u1eed d\u1ee5ng m\u00e3 ngu\u1ed3n Wordpress v\u1edbi Theme Flatsome v\u00e0 UX Builder d\u1ec5 t\u00f9y bi\u1ebfn, \u0111\u1ea3m b\u1ea3o t\u1ed1c \u0111\u1ed9 t\u1ea3i trang nhanh ch\u00f3ng, ph\u1ee5c v\u1ee5 t\u1ed1t nh\u1ea5t cho kh\u00e1ch h\u00e0ng.<\/p>\n","protected":false},"featured_media":3677,"comment_status":"open","ping_status":"closed","template":"","meta":[],"product_cat":[16,32,34,40],"product_tag":[23],"class_list":{"0":"post-3675","1":"product","2":"type-product","3":"status-publish","4":"has-post-thumbnail","6":"product_cat-tat-ca","7":"product_cat-giao-duc","8":"product_cat-thoi-trang","9":"product_cat-thuc-pham","10":"product_tag-ban-hang","12":"first","13":"instock","14":"shipping-taxable","15":"purchasable","16":"product-type-simple"},"_links":{"self":[{"href":"https:\/\/ladigi.vn\/thiet-ke-website\/wp-json\/wp\/v2\/product\/3675","targetHints":{"allow":["GET"]}}],"collection":[{"href":"https:\/\/ladigi.vn\/thiet-ke-website\/wp-json\/wp\/v2\/product"}],"about":[{"href":"https:\/\/ladigi.vn\/thiet-ke-website\/wp-json\/wp\/v2\/types\/product"}],"replies":[{"embeddable":true,"href":"https:\/\/ladigi.vn\/thiet-ke-website\/wp-json\/wp\/v2\/comments?post=3675"}],"wp:featuredmedia":[{"embeddable":true,"href":"https:\/\/ladigi.vn\/thiet-ke-website\/wp-json\/wp\/v2\/media\/3677"}],"wp:attachment":[{"href":"https:\/\/ladigi.vn\/thiet-ke-website\/wp-json\/wp\/v2\/media?parent=3675"}],"wp:term":[{"taxonomy":"product_cat","embeddable":true,"href":"https:\/\/ladigi.vn\/thiet-ke-website\/wp-json\/wp\/v2\/product_cat?post=3675"},{"taxonomy":"product_tag","embeddable":true,"href":"https:\/\/ladigi.vn\/thiet-ke-website\/wp-json\/wp\/v2\/product_tag?post=3675"}],"curies":[{"name":"wp","href":"https:\/\/api.w.org\/{rel}","templated":true}]}}