{"id":3712,"date":"2021-05-10T13:56:56","date_gmt":"2021-05-10T06:56:56","guid":{"rendered":"https:\/\/ladigi.vn\/thiet-ke-website\/?post_type=product&#038;p=3712"},"modified":"2025-01-10T13:39:18","modified_gmt":"2025-01-10T06:39:18","slug":"thiet-ke-web-ban-thuc-pham-chuc-nang","status":"publish","type":"product","link":"https:\/\/ladigi.vn\/thiet-ke-website\/mau-web\/thiet-ke-web-ban-thuc-pham-chuc-nang\/","title":{"rendered":"Th\u1ef1c Ph\u1ea9m Ch\u1ee9c N\u0103ng"},"content":{"rendered":"<h1>\n D\u1ecbch v\u1ee5 Thi\u1ebft k\u1ebf website Th\u1ef1c Ph\u1ea9m Ch\u1ee9c N\u0103ng<br \/>\n<\/h1>\n<p>\n B\u1ea1n \u0111ang t\u00ecm ki\u1ebfm m\u1ed9t gi\u1ea3i ph\u00e1p ho\u00e0n h\u1ea3o cho vi\u1ec7c thi\u1ebft k\u1ebf website l\u0129nh v\u1ef1c th\u1ef1c ph\u1ea9m ch\u1ee9c n\u0103ng? Ch\u00fang t\u00f4i cung c\u1ea5p d\u1ecbch v\u1ee5 thi\u1ebft k\u1ebf website v\u1edbi nh\u1eefng \u01b0u \u0111i\u1ec3m n\u1ed5i b\u1eadt, gi\u00fap b\u1ea1n d\u1ec5 d\u00e0ng thu h\u00fat kh\u00e1ch h\u00e0ng v\u00e0 n\u00e2ng cao gi\u00e1 tr\u1ecb th\u01b0\u01a1ng hi\u1ec7u.\n<\/p>\n<h2>\n Giao di\u1ec7n \u0111\u1eb9p, chuy\u00ean nghi\u1ec7p v\u00e0 d\u1ec5 s\u1eed d\u1ee5ng<br \/>\n<\/h2>\n<p>\n Website c\u1ee7a b\u1ea1n s\u1ebd \u0111\u01b0\u1ee3c thi\u1ebft k\u1ebf v\u1edbi giao di\u1ec7n hi\u1ec7n \u0111\u1ea1i, tinh t\u1ebf v\u00e0 chuy\u00ean nghi\u1ec7p. Ch\u00fang t\u00f4i cam k\u1ebft t\u1ea1o ra nh\u1eefng trang web d\u1ec5 d\u00e0ng trong vi\u1ec7c \u0111i\u1ec1u h\u01b0\u1edbng, gi\u00fap kh\u00e1ch h\u00e0ng c\u1ee7a b\u1ea1n c\u00f3 th\u1ec3 t\u00ecm ki\u1ebfm th\u00f4ng tin m\u1ed9t c\u00e1ch nhanh ch\u00f3ng v\u00e0 thu\u1eadn ti\u1ec7n nh\u1ea5t.\n<\/p>\n<h2>\n T\u01b0\u01a1ng th\u00edch tr\u00ean m\u1ecdi thi\u1ebft b\u1ecb<br \/>\n<\/h2>\n<p>\n Ch\u00fang t\u00f4i hi\u1ec3u r\u1eb1ng ng\u01b0\u1eddi d\u00f9ng hi\u1ec7n nay ng\u00e0y c\u00e0ng c\u00f3 xu h\u01b0\u1edbng s\u1eed d\u1ee5ng nhi\u1ec1u thi\u1ebft b\u1ecb kh\u00e1c nhau \u0111\u1ec3 truy c\u1eadp internet. V\u1edbi d\u1ecbch v\u1ee5 c\u1ee7a ch\u00fang t\u00f4i, website s\u1ebd \u0111\u01b0\u1ee3c t\u1ed1i \u01b0u h\u00f3a \u0111\u1ec3 c\u00f3 th\u1ec3 ho\u1ea1t \u0111\u1ed9ng m\u01b0\u1ee3t m\u00e0 tr\u00ean t\u1ea5t c\u1ea3 c\u00e1c lo\u1ea1i thi\u1ebft b\u1ecb, t\u1eeb m\u00e1y t\u00ednh \u0111\u1ec3 b\u00e0n \u0111\u1ebfn smartphone hay tablet.\n<\/p>\n<h2>\n M\u00e3 ngu\u1ed3n WordPress v\u1edbi Theme Flatsome v\u00e0 UX Builder<br \/>\n<\/h2>\n<p>\n Ch\u00fang t\u00f4i s\u1eed d\u1ee5ng m\u00e3 ngu\u1ed3n m\u1edf WordPress k\u1ebft h\u1ee3p v\u1edbi Theme Flatsome v\u00e0 UX Builder, gi\u00fap b\u1ea1n d\u1ec5 d\u00e0ng t\u00f9y bi\u1ebfn v\u00e0 qu\u1ea3n l\u00fd n\u1ed9i dung website m\u1ed9t c\u00e1ch nhanh ch\u00f3ng. V\u1edbi n\u1ec1n t\u1ea3ng m\u1ea1nh m\u1ebd n\u00e0y, b\u1ea1n c\u00f3 th\u1ec3 thay \u0111\u1ed5i giao di\u1ec7n, b\u1ed1 c\u1ee5c v\u00e0 n\u1ed9i dung m\u1ed9t c\u00e1ch linh ho\u1ea1t m\u00e0 kh\u00f4ng c\u1ea7n ph\u1ea3i am hi\u1ec3u nhi\u1ec1u v\u1ec1 c\u00f4ng ngh\u1ec7.\n<\/p>\n<h2>\n T\u1ed1c \u0111\u1ed9 t\u1ea3i trang nhanh<br \/>\n<\/h2>\n<p>\n T\u1ed1c \u0111\u1ed9 t\u1ea3i trang l\u00e0 m\u1ed9t y\u1ebfu t\u1ed1 quan tr\u1ecdng \u1ea3nh h\u01b0\u1edfng \u0111\u1ebfn tr\u1ea3i nghi\u1ec7m ng\u01b0\u1eddi d\u00f9ng v\u00e0 SEO. Ch\u00fang t\u00f4i t\u1ed1i \u01b0u h\u00f3a website \u0111\u1ec3 \u0111\u1ea3m b\u1ea3o t\u1ed1c \u0111\u1ed9 t\u1ea3i trang \u0111\u01b0\u1ee3c c\u1ea3i thi\u1ec7n, gi\u00fap ng\u01b0\u1eddi d\u00f9ng kh\u00f4ng ph\u1ea3i ch\u1edd \u0111\u1ee3i l\u00e2u v\u00e0 d\u1ec5 d\u00e0ng truy c\u1eadp v\u00e0o c\u00e1c th\u00f4ng tin c\u1ea7n thi\u1ebft.\n<\/p>\n<hr\/>\n<p>\n N\u1ebfu b\u1ea1n \u0111ang t\u00ecm ki\u1ebfm m\u1ed9t \u0111\u01a1n v\u1ecb thi\u1ebft k\u1ebf website uy t\u00edn v\u00e0 ch\u1ea5t l\u01b0\u1ee3ng, h\u00e3y \u0111\u1ebfn v\u1edbi LADIGI Agency. Ch\u00fang t\u00f4i t\u1ef1 tin mang \u0111\u1ebfn cho b\u1ea1n gi\u1ea3i ph\u00e1p t\u1ed1i \u01b0u nh\u1ea5t trong l\u0129nh v\u1ef1c thi\u1ebft k\u1ebf website. \u0110\u1ec3 bi\u1ebft th\u00eam chi ti\u1ebft, h\u00e3y tham kh\u1ea3o d\u1ecbch v\u1ee5<br \/>\n <a href=\"https:\/\/ladigi.vn\/thiet-ke-website\/\"><br \/>\n  Thi\u1ebft k\u1ebf website b\u00e1n h\u00e0ng tr\u1ecdn g\u00f3i<br \/>\n <\/a><br \/>\n c\u1ee7a ch\u00fang t\u00f4i.<\/p>\n","protected":false},"excerpt":{"rendered":"<p>D\u1ecbch v\u1ee5 thi\u1ebft k\u1ebf website th\u1ef1c ph\u1ea9m ch\u1ee9c n\u0103ng cung c\u1ea5p giao di\u1ec7n \u0111\u1eb9p, chuy\u00ean nghi\u1ec7p v\u00e0 d\u1ec5 s\u1eed d\u1ee5ng, t\u01b0\u01a1ng th\u00edch tr\u00ean m\u1ecdi thi\u1ebft b\u1ecb. S\u1eed d\u1ee5ng m\u00e3 ngu\u1ed3n Wordpress v\u1edbi Theme Flatsome v\u00e0 UX Builder d\u1ec5 t\u00f9y bi\u1ebfn, \u0111\u1ea3m b\u1ea3o t\u1ed1c \u0111\u1ed9 t\u1ea3i trang nhanh, mang l\u1ea1i tr\u1ea3i nghi\u1ec7m ng\u01b0\u1eddi d\u00f9ng tuy\u1ec7t v\u1eddi.<\/p>\n","protected":false},"featured_media":3716,"comment_status":"open","ping_status":"closed","template":"","meta":[],"product_cat":[16,53,40],"product_tag":[23],"class_list":{"0":"post-3712","1":"product","2":"type-product","3":"status-publish","4":"has-post-thumbnail","6":"product_cat-tat-ca","7":"product_cat-suc-khoe","8":"product_cat-thuc-pham","9":"product_tag-ban-hang","11":"first","12":"instock","13":"shipping-taxable","14":"purchasable","15":"product-type-simple"},"_links":{"self":[{"href":"https:\/\/ladigi.vn\/thiet-ke-website\/wp-json\/wp\/v2\/product\/3712","targetHints":{"allow":["GET"]}}],"collection":[{"href":"https:\/\/ladigi.vn\/thiet-ke-website\/wp-json\/wp\/v2\/product"}],"about":[{"href":"https:\/\/ladigi.vn\/thiet-ke-website\/wp-json\/wp\/v2\/types\/product"}],"replies":[{"embeddable":true,"href":"https:\/\/ladigi.vn\/thiet-ke-website\/wp-json\/wp\/v2\/comments?post=3712"}],"wp:featuredmedia":[{"embeddable":true,"href":"https:\/\/ladigi.vn\/thiet-ke-website\/wp-json\/wp\/v2\/media\/3716"}],"wp:attachment":[{"href":"https:\/\/ladigi.vn\/thiet-ke-website\/wp-json\/wp\/v2\/media?parent=3712"}],"wp:term":[{"taxonomy":"product_cat","embeddable":true,"href":"https:\/\/ladigi.vn\/thiet-ke-website\/wp-json\/wp\/v2\/product_cat?post=3712"},{"taxonomy":"product_tag","embeddable":true,"href":"https:\/\/ladigi.vn\/thiet-ke-website\/wp-json\/wp\/v2\/product_tag?post=3712"}],"curies":[{"name":"wp","href":"https:\/\/api.w.org\/{rel}","templated":true}]}}