{"id":3721,"date":"2021-05-10T14:00:44","date_gmt":"2021-05-10T07:00:44","guid":{"rendered":"https:\/\/ladigi.vn\/thiet-ke-website\/?post_type=product&#038;p=3721"},"modified":"2025-01-10T13:42:46","modified_gmt":"2025-01-10T06:42:46","slug":"thiet-ke-website-nang-luong-mat-troi-so-2-easy-solar-energy","status":"publish","type":"product","link":"https:\/\/ladigi.vn\/thiet-ke-website\/mau-web\/thiet-ke-website-nang-luong-mat-troi-so-2-easy-solar-energy\/","title":{"rendered":"N\u0103ng L\u01b0\u1ee3ng M\u1eb7t Tr\u1eddi M\u1eabu S\u1ed1 2"},"content":{"rendered":"<h1>\n D\u1ecbch v\u1ee5 Thi\u1ebft k\u1ebf website N\u0103ng L\u01b0\u1ee3ng M\u1eb7t Tr\u1eddi M\u1eabu S\u1ed1 2<br \/>\n<\/h1>\n<p>\n Ch\u00e0o m\u1eebng b\u1ea1n \u0111\u1ebfn v\u1edbi d\u1ecbch v\u1ee5 Thi\u1ebft k\u1ebf website N\u0103ng L\u01b0\u1ee3ng M\u1eb7t Tr\u1eddi M\u1eabu S\u1ed1 2! Ch\u00fang t\u00f4i t\u1ef1 h\u00e0o mang \u0111\u1ebfn cho b\u1ea1n m\u1ed9t gi\u1ea3i ph\u00e1p web ho\u00e0n h\u1ea3o v\u1edbi nh\u1eefng t\u00ednh n\u0103ng n\u1ed5i b\u1eadt:\n<\/p>\n<h2>\n Giao di\u1ec7n \u0111\u1eb9p, chuy\u00ean nghi\u1ec7p v\u00e0 d\u1ec5 s\u1eed d\u1ee5ng<br \/>\n<\/h2>\n<p>\n Giao di\u1ec7n website \u0111\u01b0\u1ee3c thi\u1ebft k\u1ebf v\u1edbi phong c\u00e1ch hi\u1ec7n \u0111\u1ea1i, \u0111\u1eb9p m\u1eaft, ph\u00f9 h\u1ee3p v\u1edbi nhu c\u1ea7u c\u1ee7a ng\u00e0nh n\u0103ng l\u01b0\u1ee3ng m\u1eb7t tr\u1eddi. Ng\u01b0\u1eddi d\u00f9ng s\u1ebd d\u1ec5 d\u00e0ng t\u00ecm ki\u1ebfm th\u00f4ng tin v\u00e0 t\u01b0\u01a1ng t\u00e1c v\u1edbi c\u00e1c t\u00ednh n\u0103ng tr\u00ean trang m\u00e0 kh\u00f4ng g\u1eb7p b\u1ea5t k\u1ef3 kh\u00f3 kh\u0103n n\u00e0o.\n<\/p>\n<h2>\n T\u01b0\u01a1ng th\u00edch tr\u00ean m\u1ecdi thi\u1ebft b\u1ecb<br \/>\n<\/h2>\n<p>\n Website c\u1ee7a ch\u00fang t\u00f4i \u0111\u01b0\u1ee3c t\u1ed1i \u01b0u h\u00f3a \u0111\u1ec3 ho\u1ea1t \u0111\u1ed9ng ho\u00e0n h\u1ea3o tr\u00ean m\u1ecdi thi\u1ebft b\u1ecb, t\u1eeb m\u00e1y t\u00ednh b\u00e0n cho \u0111\u1ebfn \u0111i\u1ec7n tho\u1ea1i di \u0111\u1ed9ng. B\u1ea1n s\u1ebd kh\u00f4ng ph\u1ea3i lo l\u1eafng v\u1ec1 vi\u1ec7c giao di\u1ec7n b\u1ecb l\u1ed7i hay tr\u1ea3i nghi\u1ec7m ng\u01b0\u1eddi d\u00f9ng b\u1ecb k\u00e9m \u0111i khi truy c\u1eadp t\u1eeb b\u1ea5t k\u1ef3 thi\u1ebft b\u1ecb n\u00e0o.\n<\/p>\n<h2>\n M\u00e3 ngu\u1ed3n WordPress v\u1edbi Theme Flatsome v\u00e0 UX Builder<br \/>\n<\/h2>\n<p>\n Ch\u00fang t\u00f4i s\u1eed d\u1ee5ng m\u00e3 ngu\u1ed3n WordPress v\u1edbi Theme Flatsome, gi\u00fap vi\u1ec7c qu\u1ea3n l\u00fd v\u00e0 t\u00f9y bi\u1ebfn trang web tr\u1edf n\u00ean d\u1ec5 d\u00e0ng h\u01a1n bao gi\u1edd h\u1ebft. V\u1edbi UX Builder, b\u1ea1n c\u00f3 th\u1ec3 thay \u0111\u1ed5i b\u1ed1 c\u1ee5c v\u00e0 n\u1ed9i dung m\u1ed9t c\u00e1ch linh ho\u1ea1t m\u00e0 kh\u00f4ng c\u1ea7n nhi\u1ec1u ki\u1ebfn th\u1ee9c v\u1ec1 l\u1eadp tr\u00ecnh.\n<\/p>\n<h2>\n T\u1ed1c \u0111\u1ed9 t\u1ea3i trang nhanh<br \/>\n<\/h2>\n<p>\n M\u1ed9t trang web nhanh ch\u00f3ng v\u00e0 m\u01b0\u1ee3t m\u00e0 kh\u00f4ng ch\u1ec9 mang l\u1ea1i tr\u1ea3i nghi\u1ec7m t\u1ed1t cho ng\u01b0\u1eddi d\u00f9ng m\u00e0 c\u00f2n c\u1ea3i thi\u1ec7n th\u1ee9 h\u1ea1ng SEO. V\u1edbi s\u1ef1 t\u1ed1i \u01b0u h\u00f3a t\u1ed1c \u0111\u1ed9 t\u1ea3i trang, kh\u00e1ch h\u00e0ng s\u1ebd d\u1ec5 d\u00e0ng truy c\u1eadp v\u00e0o th\u00f4ng tin m\u00e0 h\u1ecd c\u1ea7n m\u00e0 kh\u00f4ng ph\u1ea3i ch\u1edd \u0111\u1ee3i l\u00e2u.\n<\/p>\n<hr\/>\n<p>\n N\u1ebfu b\u1ea1n \u0111ang t\u00ecm ki\u1ebfm m\u1ed9t \u0111\u01a1n v\u1ecb thi\u1ebft k\u1ebf website chuy\u00ean nghi\u1ec7p v\u00e0 uy t\u00edn, h\u00e3y \u0111\u1ebfn v\u1edbi<br \/>\n <a href=\"https:\/\/ladigi.vn\/thiet-ke-website\/\"><br \/>\n  G\u00f3i thi\u1ebft k\u1ebf website chu\u1ea9n SEO LADIGI<br \/>\n <\/a><br \/>\n . LADIGI Agency s\u1ebd \u0111\u1ed3ng h\u00e0nh c\u00f9ng b\u1ea1n trong h\u00e0nh tr\u00ecnh ph\u00e1t tri\u1ec3n doanh nghi\u1ec7p c\u1ee7a m\u00ecnh!<\/p>\n","protected":false},"excerpt":{"rendered":"<p>D\u1ecbch v\u1ee5 Thi\u1ebft k\u1ebf website N\u0103ng L\u01b0\u1ee3ng M\u1eb7t Tr\u1eddi M\u1eabu S\u1ed1 2 mang \u0111\u1ebfn giao di\u1ec7n \u0111\u1eb9p, chuy\u00ean nghi\u1ec7p v\u00e0 d\u1ec5 s\u1eed d\u1ee5ng. Website t\u01b0\u01a1ng th\u00edch v\u1edbi m\u1ecdi thi\u1ebft b\u1ecb, s\u1eed d\u1ee5ng m\u00e3 ngu\u1ed3n Wordpress v\u1edbi Theme Flatsome v\u00e0 UX Builder d\u1ec5 t\u00f9y bi\u1ebfn, \u0111\u1ea3m b\u1ea3o t\u1ed1c \u0111\u1ed9 t\u1ea3i trang nhanh ch\u00f3ng cho ng\u01b0\u1eddi d\u00f9ng.<\/p>\n","protected":false},"featured_media":3723,"comment_status":"open","ping_status":"closed","template":"","meta":[],"product_cat":[16,37],"product_tag":[24],"class_list":{"0":"post-3721","1":"product","2":"type-product","3":"status-publish","4":"has-post-thumbnail","6":"product_cat-tat-ca","7":"product_cat-dien-may","8":"product_tag-cong-ty","10":"first","11":"instock","12":"shipping-taxable","13":"purchasable","14":"product-type-simple"},"_links":{"self":[{"href":"https:\/\/ladigi.vn\/thiet-ke-website\/wp-json\/wp\/v2\/product\/3721","targetHints":{"allow":["GET"]}}],"collection":[{"href":"https:\/\/ladigi.vn\/thiet-ke-website\/wp-json\/wp\/v2\/product"}],"about":[{"href":"https:\/\/ladigi.vn\/thiet-ke-website\/wp-json\/wp\/v2\/types\/product"}],"replies":[{"embeddable":true,"href":"https:\/\/ladigi.vn\/thiet-ke-website\/wp-json\/wp\/v2\/comments?post=3721"}],"wp:featuredmedia":[{"embeddable":true,"href":"https:\/\/ladigi.vn\/thiet-ke-website\/wp-json\/wp\/v2\/media\/3723"}],"wp:attachment":[{"href":"https:\/\/ladigi.vn\/thiet-ke-website\/wp-json\/wp\/v2\/media?parent=3721"}],"wp:term":[{"taxonomy":"product_cat","embeddable":true,"href":"https:\/\/ladigi.vn\/thiet-ke-website\/wp-json\/wp\/v2\/product_cat?post=3721"},{"taxonomy":"product_tag","embeddable":true,"href":"https:\/\/ladigi.vn\/thiet-ke-website\/wp-json\/wp\/v2\/product_tag?post=3721"}],"curies":[{"name":"wp","href":"https:\/\/api.w.org\/{rel}","templated":true}]}}