{"id":3743,"date":"2021-05-10T14:16:30","date_gmt":"2021-05-10T07:16:30","guid":{"rendered":"https:\/\/ladigi.vn\/thiet-ke-website\/?post_type=product&#038;p=3743"},"modified":"2025-01-10T13:51:25","modified_gmt":"2025-01-10T06:51:25","slug":"thiet-ke-web-ban-voi-nuoc-chau-rua-chen-thiet-bi-nha-bep","status":"publish","type":"product","link":"https:\/\/ladigi.vn\/thiet-ke-website\/mau-web\/thiet-ke-web-ban-voi-nuoc-chau-rua-chen-thiet-bi-nha-bep\/","title":{"rendered":"V\u00f2i N\u01b0\u1edbc, Ch\u1eadu R\u1eeda Ch\u00e9n, Thi\u1ebft B\u1ecb Nh\u00e0 B\u1ebfp"},"content":{"rendered":"<h1>\n D\u1ecbch V\u1ee5 Thi\u1ebft K\u1ebf Website V\u00f2i N\u01b0\u1edbc, Ch\u1eadu R\u1eeda Ch\u00e9n, Thi\u1ebft B\u1ecb Nh\u00e0 B\u1ebfp<br \/>\n<\/h1>\n<p>\n Ch\u00e0o m\u1eebng b\u1ea1n \u0111\u1ebfn v\u1edbi d\u1ecbch v\u1ee5 thi\u1ebft k\u1ebf website chuy\u00ean nghi\u1ec7p cho c\u00e1c s\u1ea3n ph\u1ea9m v\u00f2i n\u01b0\u1edbc, ch\u1eadu r\u1eeda ch\u00e9n v\u00e0 thi\u1ebft b\u1ecb nh\u00e0 b\u1ebfp! Ch\u00fang t\u00f4i cam k\u1ebft mang \u0111\u1ebfn cho b\u1ea1n m\u1ed9t giao di\u1ec7n web \u0111\u1eb9p m\u1eaft, chuy\u00ean nghi\u1ec7p v\u00e0 d\u1ec5 s\u1eed d\u1ee5ng, gi\u00fap kh\u00e1ch h\u00e0ng c\u1ee7a b\u1ea1n c\u00f3 tr\u1ea3i nghi\u1ec7m t\u1ed1t nh\u1ea5t khi t\u00ecm ki\u1ebfm th\u00f4ng tin s\u1ea3n ph\u1ea9m.\n<\/p>\n<h2>\n Giao Di\u1ec7n Th\u00e2n Thi\u1ec7n<br \/>\n<\/h2>\n<p>\n Website \u0111\u01b0\u1ee3c thi\u1ebft k\u1ebf v\u1edbi giao di\u1ec7n tr\u1ef1c quan, d\u1ec5 \u0111i\u1ec1u h\u01b0\u1edbng, kh\u00e1ch h\u00e0ng c\u00f3 th\u1ec3 nhanh ch\u00f3ng t\u00ecm th\u1ea5y s\u1ea3n ph\u1ea9m m\u00e0 h\u1ecd c\u1ea7n. Vi\u1ec7c b\u1ed1 tr\u00ed n\u1ed9i dung h\u1ee3p l\u00fd s\u1ebd t\u1ea1o \u1ea5n t\u01b0\u1ee3ng t\u1ed1t ngay t\u1eeb c\u00e1i nh\u00ecn \u0111\u1ea7u ti\u00ean.\n<\/p>\n<h2>\n T\u01b0\u01a1ng Th\u00edch Tr\u00ean M\u1ecdi Thi\u1ebft B\u1ecb<br \/>\n<\/h2>\n<p>\n \u0110\u1eebng lo l\u1eafng v\u1ec1 v\u1ea5n \u0111\u1ec1 t\u01b0\u01a1ng th\u00edch! Website c\u1ee7a ch\u00fang t\u00f4i s\u1ebd ho\u1ea1t \u0111\u1ed9ng ho\u00e0n h\u1ea3o tr\u00ean m\u1ecdi thi\u1ebft b\u1ecb t\u1eeb m\u00e1y t\u00ednh \u0111\u1ec3 b\u00e0n \u0111\u1ebfn smartphone, \u0111\u1ea3m b\u1ea3o r\u1eb1ng kh\u00e1ch h\u00e0ng c\u00f3 th\u1ec3 truy c\u1eadp b\u1ea5t c\u1ee9 l\u00fac n\u00e0o v\u00e0 \u1edf b\u1ea5t k\u1ef3 \u0111\u00e2u.\n<\/p>\n<h2>\n M\u00e3 Ngu\u1ed3n Hi\u1ec7n \u0110\u1ea1i<br \/>\n<\/h2>\n<p>\n Ch\u00fang t\u00f4i s\u1eed d\u1ee5ng m\u00e3 ngu\u1ed3n WordPress v\u1edbi Theme Flatsome v\u00e0 UX Builder, gi\u00fap b\u1ea1n d\u1ec5 d\u00e0ng t\u00f9y bi\u1ebfn giao di\u1ec7n theo \u00fd th\u00edch. B\u1ea1n c\u00f3 to\u00e0n quy\u1ec1n ki\u1ec3m so\u00e1t v\u00e0 thay \u0111\u1ed5i n\u1ed9i dung m\u00e0 kh\u00f4ng c\u1ea7n ki\u1ebfn th\u1ee9c l\u1eadp tr\u00ecnh ph\u1ee9c t\u1ea1p.\n<\/p>\n<h2>\n T\u1ed1c \u0110\u1ed9 T\u1ea3i Trang Nhanh<br \/>\n<\/h2>\n<p>\n M\u1ed9t trong nh\u1eefng y\u1ebfu t\u1ed1 quan tr\u1ecdng \u0111\u1ec3 gi\u1eef ch\u00e2n kh\u00e1ch h\u00e0ng l\u00e0 t\u1ed1c \u0111\u1ed9 t\u1ea3i trang. Ch\u00fang t\u00f4i t\u1ed1i \u01b0u h\u00f3a website \u0111\u1ec3 \u0111\u1ea3m b\u1ea3o t\u1ed1c \u0111\u1ed9 t\u1ea3i nhanh, gi\u00fap c\u1ea3i thi\u1ec7n tr\u1ea3i nghi\u1ec7m ng\u01b0\u1eddi d\u00f9ng v\u00e0 th\u1ee9 h\u1ea1ng t\u00ecm ki\u1ebfm tr\u00ean Google.\n<\/p>\n<p>\n Cu\u1ed1i c\u00f9ng, LADIGI Agency ch\u00ednh l\u00e0 \u0111\u01a1n v\u1ecb thi\u1ebft k\u1ebf website h\u00e0ng \u0111\u1ea7u, chuy\u00ean cung c\u1ea5p c\u00e1c gi\u1ea3i ph\u00e1p thi\u1ebft k\u1ebf \u0111\u1ea7y \u0111\u1ee7 t\u00ednh n\u0103ng v\u00e0 \u0111\u00e1p \u1ee9ng nhu c\u1ea7u c\u1ee7a b\u1ea1n. H\u00e3y \u0111\u1ec3 ch\u00fang t\u00f4i gi\u00fap b\u1ea1n hi\u1ec7n th\u1ef1c h\u00f3a \u00fd t\u01b0\u1edfng kinh doanh online c\u1ee7a m\u00ecnh!\n<\/p>\n<p>\n Xem th\u00eam th\u00f4ng tin t\u1ea1i \u0111\u00e2y:<br \/>\n <a href=\"https:\/\/ladigi.vn\/thiet-ke-website\/\"><br \/>\n  Thi\u1ebft k\u1ebf website \u0111\u1ea7y \u0111\u1ee7 t\u00ednh n\u0103ng<br \/>\n <\/a><\/p>\n","protected":false},"excerpt":{"rendered":"<p>D\u1ecbch v\u1ee5 thi\u1ebft k\u1ebf website cho V\u00f2i N\u01b0\u1edbc, Ch\u1eadu R\u1eeda Ch\u00e9n v\u00e0 Thi\u1ebft B\u1ecb Nh\u00e0 B\u1ebfp mang \u0111\u1ebfn giao di\u1ec7n \u0111\u1eb9p, chuy\u00ean nghi\u1ec7p v\u00e0 d\u1ec5 s\u1eed d\u1ee5ng. Website t\u01b0\u01a1ng th\u00edch m\u1ecdi thi\u1ebft b\u1ecb, s\u1eed d\u1ee5ng m\u00e3 ngu\u1ed3n Wordpress v\u1edbi Theme Flatsome v\u00e0 UX Builder ti\u1ec7n l\u1ee3i. T\u1ed1c \u0111\u1ed9 t\u1ea3i trang nhanh ch\u00f3ng, t\u1ed1i \u01b0u tr\u1ea3i nghi\u1ec7m ng\u01b0\u1eddi d\u00f9ng.<\/p>\n","protected":false},"featured_media":3745,"comment_status":"open","ping_status":"closed","template":"","meta":[],"product_cat":[16,37,30],"product_tag":[23],"class_list":{"0":"post-3743","1":"product","2":"type-product","3":"status-publish","4":"has-post-thumbnail","6":"product_cat-tat-ca","7":"product_cat-dien-may","8":"product_cat-noi-that","9":"product_tag-ban-hang","11":"first","12":"instock","13":"shipping-taxable","14":"purchasable","15":"product-type-simple"},"_links":{"self":[{"href":"https:\/\/ladigi.vn\/thiet-ke-website\/wp-json\/wp\/v2\/product\/3743","targetHints":{"allow":["GET"]}}],"collection":[{"href":"https:\/\/ladigi.vn\/thiet-ke-website\/wp-json\/wp\/v2\/product"}],"about":[{"href":"https:\/\/ladigi.vn\/thiet-ke-website\/wp-json\/wp\/v2\/types\/product"}],"replies":[{"embeddable":true,"href":"https:\/\/ladigi.vn\/thiet-ke-website\/wp-json\/wp\/v2\/comments?post=3743"}],"wp:featuredmedia":[{"embeddable":true,"href":"https:\/\/ladigi.vn\/thiet-ke-website\/wp-json\/wp\/v2\/media\/3745"}],"wp:attachment":[{"href":"https:\/\/ladigi.vn\/thiet-ke-website\/wp-json\/wp\/v2\/media?parent=3743"}],"wp:term":[{"taxonomy":"product_cat","embeddable":true,"href":"https:\/\/ladigi.vn\/thiet-ke-website\/wp-json\/wp\/v2\/product_cat?post=3743"},{"taxonomy":"product_tag","embeddable":true,"href":"https:\/\/ladigi.vn\/thiet-ke-website\/wp-json\/wp\/v2\/product_tag?post=3743"}],"curies":[{"name":"wp","href":"https:\/\/api.w.org\/{rel}","templated":true}]}}