{"id":3750,"date":"2021-05-10T14:22:54","date_gmt":"2021-05-10T07:22:54","guid":{"rendered":"https:\/\/ladigi.vn\/thiet-ke-website\/?post_type=product&#038;p=3750"},"modified":"2025-01-10T13:54:06","modified_gmt":"2025-01-10T06:54:06","slug":"thiet-ke-website-gioi-thieu-cong-ty-chuyen-phat-ship-hang","status":"publish","type":"product","link":"https:\/\/ladigi.vn\/thiet-ke-website\/mau-web\/thiet-ke-website-gioi-thieu-cong-ty-chuyen-phat-ship-hang\/","title":{"rendered":"Chuy\u1ec3n Ph\u00e1t, Ship H\u00e0ng"},"content":{"rendered":"<h1>\n D\u1ecbch v\u1ee5 Thi\u1ebft k\u1ebf website Chuy\u1ec3n Ph\u00e1t, Ship H\u00e0ng<br \/>\n<\/h1>\n<p>\n Trong th\u1eddi \u0111\u1ea1i c\u00f4ng ngh\u1ec7 s\u1ed1, vi\u1ec7c s\u1edf h\u1eefu m\u1ed9t website chuy\u00ean nghi\u1ec7p l\u00e0 \u0111i\u1ec1u c\u1ea7n thi\u1ebft cho b\u1ea5t k\u1ef3 doanh nghi\u1ec7p n\u00e0o, \u0111\u1eb7c bi\u1ec7t l\u00e0 trong l\u0129nh v\u1ef1c chuy\u1ec3n ph\u00e1t v\u00e0 ship h\u00e0ng. Ch\u00fang t\u00f4i t\u1ef1 h\u00e0o mang \u0111\u1ebfn d\u1ecbch v\u1ee5 thi\u1ebft k\u1ebf website ch\u1ea5t l\u01b0\u1ee3ng cao, gi\u00fap b\u1ea1n thu h\u00fat kh\u00e1ch h\u00e0ng v\u00e0 n\u00e2ng cao th\u01b0\u01a1ng hi\u1ec7u c\u1ee7a m\u00ecnh.\n<\/p>\n<h2>\n Giao di\u1ec7n web \u0111\u1eb9p, chuy\u00ean nghi\u1ec7p v\u00e0 d\u1ec5 s\u1eed d\u1ee5ng<br \/>\n<\/h2>\n<p>\n Ch\u00fang t\u00f4i cam k\u1ebft mang \u0111\u1ebfn cho b\u1ea1n giao di\u1ec7n website \u0111\u01b0\u1ee3c thi\u1ebft k\u1ebf \u0111\u1eb9p m\u1eaft, hi\u1ec7n \u0111\u1ea1i v\u00e0 chuy\u00ean nghi\u1ec7p. M\u1ecdi chi ti\u1ebft \u0111\u1ec1u \u0111\u01b0\u1ee3c ch\u0103m ch\u00fat t\u1ec9 m\u1ec9, t\u1eeb m\u00e0u s\u1eafc cho \u0111\u1ebfn b\u1ed1 c\u1ee5c, gi\u00fap ng\u01b0\u1eddi d\u00f9ng c\u00f3 tr\u1ea3i nghi\u1ec7m t\u1ed1t nh\u1ea5t khi truy c\u1eadp.\n<\/p>\n<h2>\n T\u01b0\u01a1ng th\u00edch tr\u00ean m\u1ecdi thi\u1ebft b\u1ecb<br \/>\n<\/h2>\n<p>\n Website c\u1ee7a b\u1ea1n s\u1ebd \u0111\u01b0\u1ee3c t\u1ed1i \u01b0u h\u00f3a \u0111\u1ec3 ho\u1ea1t \u0111\u1ed9ng m\u01b0\u1ee3t m\u00e0 tr\u00ean t\u1ea5t c\u1ea3 c\u00e1c thi\u1ebft b\u1ecb, bao g\u1ed3m m\u00e1y t\u00ednh b\u00e0n, laptop, tablet v\u00e0 smartphone. \u0110i\u1ec1u n\u00e0y \u0111\u1ea3m b\u1ea3o r\u1eb1ng kh\u00e1ch h\u00e0ng c\u1ee7a b\u1ea1n c\u00f3 th\u1ec3 d\u1ec5 d\u00e0ng truy c\u1eadp th\u00f4ng tin m\u1ecdi l\u00fac, m\u1ecdi n\u01a1i.\n<\/p>\n<h2>\n M\u00e3 ngu\u1ed3n WordPress v\u1edbi Theme Flatsome v\u00e0 UX Builder d\u1ec5 t\u00f9y bi\u1ebfn<br \/>\n<\/h2>\n<p>\n Ch\u00fang t\u00f4i s\u1eed d\u1ee5ng m\u00e3 ngu\u1ed3n WordPress v\u1edbi theme Flatsome, k\u1ebft h\u1ee3p v\u1edbi UX Builder, gi\u00fap b\u1ea1n d\u1ec5 d\u00e0ng qu\u1ea3n l\u00fd v\u00e0 t\u00f9y bi\u1ebfn website c\u1ee7a m\u00ecnh m\u00e0 kh\u00f4ng c\u1ea7n ki\u1ebfn th\u1ee9c l\u1eadp tr\u00ecnh s\u00e2u. B\u1ea1n s\u1ebd c\u00f3 to\u00e0n quy\u1ec1n \u0111i\u1ec1u ch\u1ec9nh giao di\u1ec7n v\u00e0 n\u1ed9i dung theo \u00fd th\u00edch.\n<\/p>\n<h2>\n T\u1ed1c \u0111\u1ed9 t\u1ea3i trang nhanh<br \/>\n<\/h2>\n<p>\n Ch\u00fang t\u00f4i hi\u1ec3u r\u1eb1ng t\u1ed1c \u0111\u1ed9 t\u1ea3i trang l\u00e0 y\u1ebfu t\u1ed1 quan tr\u1ecdng \u1ea3nh h\u01b0\u1edfng \u0111\u1ebfn tr\u1ea3i nghi\u1ec7m c\u1ee7a ng\u01b0\u1eddi d\u00f9ng. \u0110\u00f3 l\u00e0 l\u00fd do t\u1ea1i sao ch\u00fang t\u00f4i t\u1ed1i \u01b0u h\u00f3a website c\u1ee7a b\u1ea1n \u0111\u1ec3 \u0111\u1ea3m b\u1ea3o r\u1eb1ng trang web t\u1ea3i nhanh ch\u00f3ng, gi\u00fap gi\u1eef ch\u00e2n kh\u00e1ch h\u00e0ng v\u00e0 c\u1ea3i thi\u1ec7n th\u1ee9 h\u1ea1ng tr\u00ean c\u00f4ng c\u1ee5 t\u00ecm ki\u1ebfm.\n<\/p>\n<hr\/>\n<p>\n \u0110\u1ec3 \u0111\u01b0\u1ee3c tr\u1ea3i nghi\u1ec7m d\u1ecbch v\u1ee5 thi\u1ebft k\u1ebf website tr\u1ecdn g\u00f3i ch\u1ea5t l\u01b0\u1ee3ng, b\u1ea1n h\u00e3y li\u00ean h\u1ec7 v\u1edbi<br \/>\n <strong><br \/>\n  LADIGI Agency<br \/>\n <\/strong><br \/>\n . Ch\u00fang t\u00f4i cam k\u1ebft \u0111\u1ed3ng h\u00e0nh c\u00f9ng b\u1ea1n trong h\u00e0nh tr\u00ecnh ph\u00e1t tri\u1ec3n th\u01b0\u01a1ng hi\u1ec7u c\u1ee7a m\u00ecnh v\u1edbi gi\u1ea3i ph\u00e1p t\u1ed1i \u01b0u nh\u1ea5t.\n<\/p>\n<p>\n Xin vui l\u00f2ng xem th\u00eam chi ti\u1ebft t\u1ea1i \u0111\u00e2y:<br \/>\n <a href=\"https:\/\/ladigi.vn\/thiet-ke-website\/\"><br \/>\n  D\u1ecbch v\u1ee5 thi\u1ebft k\u1ebf website tr\u1ecdn g\u00f3i<br \/>\n <\/a><\/p>\n","protected":false},"excerpt":{"rendered":"<p>D\u1ecbch v\u1ee5 Thi\u1ebft k\u1ebf website Chuy\u1ec3n Ph\u00e1t, Ship H\u00e0ng cung c\u1ea5p giao di\u1ec7n \u0111\u1eb9p, chuy\u00ean nghi\u1ec7p v\u00e0 d\u1ec5 s\u1eed d\u1ee5ng. Website t\u01b0\u01a1ng th\u00edch v\u1edbi m\u1ecdi thi\u1ebft b\u1ecb v\u00e0 s\u1eed d\u1ee5ng m\u00e3 ngu\u1ed3n Wordpress v\u1edbi Theme Flatsome, UX Builder gi\u00fap t\u00f9y bi\u1ebfn d\u1ec5 d\u00e0ng. \u0110\u1eb7c bi\u1ec7t, t\u1ed1c \u0111\u1ed9 t\u1ea3i trang nhanh ch\u00f3ng, n\u00e2ng cao tr\u1ea3i nghi\u1ec7m ng\u01b0\u1eddi d\u00f9ng.<\/p>\n","protected":false},"featured_media":3753,"comment_status":"open","ping_status":"closed","template":"","meta":[],"product_cat":[16,51,42],"product_tag":[24],"class_list":{"0":"post-3750","1":"product","2":"type-product","3":"status-publish","4":"has-post-thumbnail","6":"product_cat-tat-ca","7":"product_cat-chuyen-phat","8":"product_cat-dich-vu","9":"product_tag-cong-ty","11":"first","12":"instock","13":"shipping-taxable","14":"purchasable","15":"product-type-simple"},"_links":{"self":[{"href":"https:\/\/ladigi.vn\/thiet-ke-website\/wp-json\/wp\/v2\/product\/3750","targetHints":{"allow":["GET"]}}],"collection":[{"href":"https:\/\/ladigi.vn\/thiet-ke-website\/wp-json\/wp\/v2\/product"}],"about":[{"href":"https:\/\/ladigi.vn\/thiet-ke-website\/wp-json\/wp\/v2\/types\/product"}],"replies":[{"embeddable":true,"href":"https:\/\/ladigi.vn\/thiet-ke-website\/wp-json\/wp\/v2\/comments?post=3750"}],"wp:featuredmedia":[{"embeddable":true,"href":"https:\/\/ladigi.vn\/thiet-ke-website\/wp-json\/wp\/v2\/media\/3753"}],"wp:attachment":[{"href":"https:\/\/ladigi.vn\/thiet-ke-website\/wp-json\/wp\/v2\/media?parent=3750"}],"wp:term":[{"taxonomy":"product_cat","embeddable":true,"href":"https:\/\/ladigi.vn\/thiet-ke-website\/wp-json\/wp\/v2\/product_cat?post=3750"},{"taxonomy":"product_tag","embeddable":true,"href":"https:\/\/ladigi.vn\/thiet-ke-website\/wp-json\/wp\/v2\/product_tag?post=3750"}],"curies":[{"name":"wp","href":"https:\/\/api.w.org\/{rel}","templated":true}]}}