{"id":3754,"date":"2021-05-10T14:25:52","date_gmt":"2021-05-10T07:25:52","guid":{"rendered":"https:\/\/ladigi.vn\/thiet-ke-website\/?post_type=product&#038;p=3754"},"modified":"2025-01-10T13:55:53","modified_gmt":"2025-01-10T06:55:53","slug":"thiet-ke-website-gioi-thieu-shop-thu-cung-online-tuyet-dep","status":"publish","type":"product","link":"https:\/\/ladigi.vn\/thiet-ke-website\/mau-web\/thiet-ke-website-gioi-thieu-shop-thu-cung-online-tuyet-dep\/","title":{"rendered":"Shop Th\u00fa C\u01b0ng"},"content":{"rendered":"<h1>\n D\u1ecbch v\u1ee5 Thi\u1ebft k\u1ebf website Shop Th\u00fa C\u01b0ng<br \/>\n<\/h1>\n<p>\n Ch\u00e0o m\u1eebng b\u1ea1n \u0111\u1ebfn v\u1edbi d\u1ecbch v\u1ee5 thi\u1ebft k\u1ebf website shop th\u00fa c\u01b0ng chuy\u00ean nghi\u1ec7p! Ch\u00fang t\u00f4i cam k\u1ebft mang \u0111\u1ebfn cho b\u1ea1n m\u1ed9t website kh\u00f4ng ch\u1ec9 \u0111\u1eb9p m\u00e0 c\u00f2n d\u1ec5 d\u00e0ng s\u1eed d\u1ee5ng, gi\u00fap b\u1ea1n thu h\u00fat \u0111\u01b0\u1ee3c nhi\u1ec1u kh\u00e1ch h\u00e0ng h\u01a1n.\n<\/p>\n<h2>\n Giao di\u1ec7n web \u0111\u1eb9p, chuy\u00ean nghi\u1ec7p<br \/>\n<\/h2>\n<p>\n H\u00e3y t\u01b0\u1edfng t\u01b0\u1ee3ng m\u1ed9t giao di\u1ec7n website lung linh v\u1edbi m\u00e0u s\u1eafc h\u00e0i h\u00f2a, h\u00ecnh \u1ea3nh s\u1eafc n\u00e9t v\u00e0 b\u1ed1 c\u1ee5c h\u1ee3p l\u00fd. Ch\u00fang t\u00f4i t\u1ea1o ra nh\u1eefng thi\u1ebft k\u1ebf kh\u00f4ng ch\u1ec9 h\u1ea5p d\u1eabn m\u00e0 c\u00f2n th\u1ec3 hi\u1ec7n \u0111\u00fang tinh th\u1ea7n c\u1ee7a shop th\u00fa c\u01b0ng c\u1ee7a b\u1ea1n. Giao di\u1ec7n \u0111\u01b0\u1ee3c t\u1ed1i \u01b0u \u0111\u1ec3 \u0111\u1ea3m b\u1ea3o ng\u01b0\u1eddi d\u00f9ng c\u00f3 nh\u1eefng tr\u1ea3i nghi\u1ec7m t\u1ed1t nh\u1ea5t khi t\u00ecm ki\u1ebfm th\u00f4ng tin v\u00e0 s\u1ea3n ph\u1ea9m.\n<\/p>\n<h2>\n T\u01b0\u01a1ng th\u00edch tr\u00ean m\u1ecdi thi\u1ebft b\u1ecb<br \/>\n<\/h2>\n<p>\n Trong th\u1ebf gi\u1edbi di \u0111\u1ed9ng hi\u1ec7n nay, ch\u00fang t\u00f4i hi\u1ec3u r\u1eb1ng vi\u1ec7c website t\u01b0\u01a1ng th\u00edch tr\u00ean m\u1ecdi thi\u1ebft b\u1ecb t\u1eeb \u0111i\u1ec7n tho\u1ea1i, m\u00e1y t\u00ednh b\u1ea3ng \u0111\u1ebfn m\u00e1y t\u00ednh \u0111\u1ec3 b\u00e0n l\u00e0 \u0111i\u1ec1u r\u1ea5t quan tr\u1ecdng. Website c\u1ee7a b\u1ea1n s\u1ebd t\u1ef1 \u0111\u1ed9ng \u0111i\u1ec1u ch\u1ec9nh k\u00edch th\u01b0\u1edbc v\u00e0 b\u1ed1 c\u1ee5c, mang l\u1ea1i tr\u1ea3i nghi\u1ec7m m\u01b0\u1ee3t m\u00e0 cho ng\u01b0\u1eddi d\u00f9ng \u1edf b\u1ea5t c\u1ee9 \u0111\u00e2u.\n<\/p>\n<h2>\n M\u00e3 ngu\u1ed3n WordPress v\u1edbi Theme Flatsome v\u00e0 UX Builder<br \/>\n<\/h2>\n<p>\n Ch\u00fang t\u00f4i s\u1eed d\u1ee5ng m\u00e3 ngu\u1ed3n WordPress v\u1edbi Theme Flatsome \u2013 m\u1ed9t trong nh\u1eefng theme ph\u1ed5 bi\u1ebfn nh\u1ea5t cho c\u00e1c shop tr\u1ef1c tuy\u1ebfn. \u0110i\u1ec1u n\u00e0y kh\u00f4ng ch\u1ec9 \u0111\u1ea3m b\u1ea3o t\u00ednh \u1ed5n \u0111\u1ecbnh m\u00e0 c\u00f2n gi\u00fap b\u1ea1n d\u1ec5 d\u00e0ng t\u00f9y bi\u1ebfn website theo \u00fd mu\u1ed1n v\u1edbi UX Builder th\u00e2n thi\u1ec7n. B\u1ea1n c\u00f3 th\u1ec3 thay \u0111\u1ed5i b\u1ed1 c\u1ee5c, m\u00e0u s\u1eafc v\u00e0 nhi\u1ec1u y\u1ebfu t\u1ed1 kh\u00e1c m\u00e0 kh\u00f4ng c\u1ea7n k\u1ef9 n\u0103ng l\u1eadp tr\u00ecnh.\n<\/p>\n<h2>\n T\u1ed1c \u0111\u1ed9 t\u1ea3i trang nhanh<br \/>\n<\/h2>\n<p>\n Hi\u1ec7u su\u1ea5t l\u00e0 m\u1ed9t y\u1ebfu t\u1ed1 quan tr\u1ecdng \u1ea3nh h\u01b0\u1edfng \u0111\u1ebfn tr\u1ea3i nghi\u1ec7m ng\u01b0\u1eddi d\u00f9ng. V\u1edbi d\u1ecbch v\u1ee5 thi\u1ebft k\u1ebf c\u1ee7a ch\u00fang t\u00f4i, website shop th\u00fa c\u01b0ng c\u1ee7a b\u1ea1n s\u1ebd c\u00f3 t\u1ed1c \u0111\u1ed9 t\u1ea3i trang nhanh ch\u00f3ng, gi\u00fap kh\u00e1ch h\u00e0ng kh\u00f4ng ph\u1ea3i ch\u1edd \u0111\u1ee3i l\u00e2u v\u00e0 t\u1eeb \u0111\u00f3 n\u00e2ng cao t\u1ef7 l\u1ec7 chuy\u1ec3n \u0111\u1ed5i \u0111\u01a1n h\u00e0ng.\n<\/p>\n<hr\/>\n<p>\n N\u1ebfu b\u1ea1n \u0111ang t\u00ecm ki\u1ebfm m\u1ed9t \u0111\u01a1n v\u1ecb thi\u1ebft k\u1ebf website uy t\u00edn v\u00e0 chuy\u00ean nghi\u1ec7p cho shop th\u00fa c\u01b0ng c\u1ee7a m\u00ecnh, h\u00e3y \u0111\u1ebfn v\u1edbi<br \/>\n <strong><br \/>\n  LADIGI Agency<br \/>\n <\/strong><br \/>\n . Ch\u00fang t\u00f4i kh\u00f4ng ch\u1ec9 l\u00e0 m\u1ed9t d\u1ecbch v\u1ee5 thi\u1ebft k\u1ebf th\u00f4ng th\u01b0\u1eddng m\u00e0 c\u00f2n c\u00f3 s\u1ef1 am hi\u1ec3u s\u00e2u s\u1eafc v\u1ec1 th\u1ecb tr\u01b0\u1eddng th\u00fa c\u01b0ng, gi\u00fap b\u1ea1n ph\u00e1t tri\u1ec3n kinh doanh m\u1ed9t c\u00e1ch hi\u1ec7u qu\u1ea3.\n<\/p>\n<p>\n B\u1ea1n c\u00f3 th\u1ec3 tham kh\u1ea3o th\u00eam t\u1ea1i<br \/>\n <a href=\"https:\/\/ladigi.vn\/thiet-ke-website\/\"><br \/>\n  Thi\u1ebft k\u1ebf website tr\u1ecdn g\u00f3i LADIGI<br \/>\n <\/a><br \/>\n .<\/p>\n","protected":false},"excerpt":{"rendered":"<p>D\u1ecbch v\u1ee5 thi\u1ebft k\u1ebf website Shop Th\u00fa C\u01b0ng mang \u0111\u1ebfn giao di\u1ec7n \u0111\u1eb9p, chuy\u00ean nghi\u1ec7p v\u00e0 d\u1ec5 s\u1eed d\u1ee5ng, t\u01b0\u01a1ng th\u00edch tr\u00ean m\u1ecdi thi\u1ebft b\u1ecb. S\u1eed d\u1ee5ng m\u00e3 ngu\u1ed3n Wordpress v\u1edbi Theme Flatsome v\u00e0 UX Builder, ng\u01b0\u1eddi d\u00f9ng d\u1ec5 d\u00e0ng t\u00f9y bi\u1ebfn. \u0110\u1eb7c bi\u1ec7t, t\u1ed1c \u0111\u1ed9 t\u1ea3i trang nhanh ch\u00f3ng gi\u00fap n\u00e2ng cao tr\u1ea3i nghi\u1ec7m kh\u00e1ch h\u00e0ng.<\/p>\n","protected":false},"featured_media":3755,"comment_status":"open","ping_status":"closed","template":"","meta":[],"product_cat":[16,34,49,40],"product_tag":[],"class_list":{"0":"post-3754","1":"product","2":"type-product","3":"status-publish","4":"has-post-thumbnail","6":"product_cat-tat-ca","7":"product_cat-thoi-trang","8":"product_cat-thu-cung","9":"product_cat-thuc-pham","11":"first","12":"instock","13":"shipping-taxable","14":"purchasable","15":"product-type-simple"},"_links":{"self":[{"href":"https:\/\/ladigi.vn\/thiet-ke-website\/wp-json\/wp\/v2\/product\/3754","targetHints":{"allow":["GET"]}}],"collection":[{"href":"https:\/\/ladigi.vn\/thiet-ke-website\/wp-json\/wp\/v2\/product"}],"about":[{"href":"https:\/\/ladigi.vn\/thiet-ke-website\/wp-json\/wp\/v2\/types\/product"}],"replies":[{"embeddable":true,"href":"https:\/\/ladigi.vn\/thiet-ke-website\/wp-json\/wp\/v2\/comments?post=3754"}],"wp:featuredmedia":[{"embeddable":true,"href":"https:\/\/ladigi.vn\/thiet-ke-website\/wp-json\/wp\/v2\/media\/3755"}],"wp:attachment":[{"href":"https:\/\/ladigi.vn\/thiet-ke-website\/wp-json\/wp\/v2\/media?parent=3754"}],"wp:term":[{"taxonomy":"product_cat","embeddable":true,"href":"https:\/\/ladigi.vn\/thiet-ke-website\/wp-json\/wp\/v2\/product_cat?post=3754"},{"taxonomy":"product_tag","embeddable":true,"href":"https:\/\/ladigi.vn\/thiet-ke-website\/wp-json\/wp\/v2\/product_tag?post=3754"}],"curies":[{"name":"wp","href":"https:\/\/api.w.org\/{rel}","templated":true}]}}