{"id":3766,"date":"2021-05-10T14:34:21","date_gmt":"2021-05-10T07:34:21","guid":{"rendered":"https:\/\/ladigi.vn\/thiet-ke-website\/?post_type=product&#038;p=3766"},"modified":"2025-01-10T14:01:09","modified_gmt":"2025-01-10T07:01:09","slug":"thiet-ke-website-nha-hang-tuyet-dep-mau-so-2","status":"publish","type":"product","link":"https:\/\/ladigi.vn\/thiet-ke-website\/mau-web\/thiet-ke-website-nha-hang-tuyet-dep-mau-so-2\/","title":{"rendered":"Nh\u00e0 H\u00e0ng M\u1eabu S\u1ed1 2"},"content":{"rendered":"<h1>\n D\u1ecbch v\u1ee5 Thi\u1ebft k\u1ebf website Nh\u00e0 H\u00e0ng M\u1eabu S\u1ed1 2<br \/>\n<\/h1>\n<p>\n \u0110\u1ec3 n\u1ed5i b\u1eadt trong ng\u00e0nh \u1ea9m th\u1ef1c, m\u1ed9t website nh\u00e0 h\u00e0ng \u0111\u1eb9p, chuy\u00ean nghi\u1ec7p, v\u00e0 d\u1ec5 s\u1eed d\u1ee5ng l\u00e0 \u0111i\u1ec1u c\u1ea7n thi\u1ebft. D\u1ecbch v\u1ee5 thi\u1ebft k\u1ebf website nh\u00e0 h\u00e0ng M\u1eabu S\u1ed1 2 c\u1ee7a ch\u00fang t\u00f4i kh\u00f4ng ch\u1ec9 \u0111\u00e1p \u1ee9ng \u0111\u01b0\u1ee3c t\u1ea5t c\u1ea3 nh\u1eefng ti\u00eau ch\u00ed \u0111\u00f3 m\u00e0 c\u00f2n mang l\u1ea1i tr\u1ea3i nghi\u1ec7m s\u1eed d\u1ee5ng tuy\u1ec7t v\u1eddi cho kh\u00e1ch h\u00e0ng.\n<\/p>\n<h2>\n Giao di\u1ec7n \u0111\u1eb9p, chuy\u00ean nghi\u1ec7p<br \/>\n<\/h2>\n<p>\n Website \u0111\u01b0\u1ee3c thi\u1ebft k\u1ebf v\u1edbi giao di\u1ec7n b\u1eaft m\u1eaft, hi\u1ec7n \u0111\u1ea1i v\u00e0 ph\u00f9 h\u1ee3p v\u1edbi phong c\u00e1ch nh\u00e0 h\u00e0ng. T\u1eeb m\u00e0u s\u1eafc \u0111\u1ebfn b\u1ed1 c\u1ee5c, m\u1ecdi chi ti\u1ebft \u0111\u1ec1u \u0111\u01b0\u1ee3c ch\u0103m ch\u00fat c\u1ea9n th\u1eadn \u0111\u1ec3 t\u1ea1o \u1ea5n t\u01b0\u1ee3ng m\u1ea1nh m\u1ebd ngay t\u1eeb c\u00e1i nh\u00ecn \u0111\u1ea7u ti\u00ean. Kh\u00e1ch h\u00e0ng s\u1ebd d\u1ec5 d\u00e0ng t\u00ecm th\u1ea5y c\u00e1c th\u00f4ng tin c\u1ea7n thi\u1ebft, t\u1eeb th\u1ef1c \u0111\u01a1n \u0111\u1ebfn khuy\u1ebfn m\u00e3i, gi\u00fap t\u0103ng kh\u1ea3 n\u0103ng thu h\u00fat v\u00e0 gi\u1eef ch\u00e2n kh\u00e1ch h\u00e0ng.\n<\/p>\n<h2>\n T\u01b0\u01a1ng th\u00edch tr\u00ean m\u1ecdi thi\u1ebft b\u1ecb<br \/>\n<\/h2>\n<p>\n Ch\u00fang t\u00f4i hi\u1ec3u r\u1eb1ng ng\u01b0\u1eddi d\u00f9ng hi\u1ec7n nay s\u1eed d\u1ee5ng nhi\u1ec1u lo\u1ea1i thi\u1ebft b\u1ecb kh\u00e1c nhau \u0111\u1ec3 truy c\u1eadp internet. V\u1edbi thi\u1ebft k\u1ebf responsive, website nh\u00e0 h\u00e0ng c\u1ee7a b\u1ea1n s\u1ebd hi\u1ec3n th\u1ecb t\u1ed1i \u01b0u tr\u00ean m\u1ecdi thi\u1ebft b\u1ecb, t\u1eeb m\u00e1y t\u00ednh \u0111\u1ec3 b\u00e0n \u0111\u1ebfn \u0111i\u1ec7n tho\u1ea1i di \u0111\u1ed9ng. \u0110i\u1ec1u n\u00e0y gi\u00fap b\u1ea1n ti\u1ebfp c\u1eadn \u0111\u01b0\u1ee3c nhi\u1ec1u kh\u00e1ch h\u00e0ng h\u01a1n, b\u1ea5t k\u1ec3 h\u1ecd \u0111ang \u1edf \u0111\u00e2u.\n<\/p>\n<h2>\n M\u00e3 ngu\u1ed3n WordPress v\u1edbi Theme Flatsome v\u00e0 UX Builder<br \/>\n<\/h2>\n<p>\n D\u1ecbch v\u1ee5 c\u1ee7a ch\u00fang t\u00f4i s\u1eed d\u1ee5ng m\u00e3 ngu\u1ed3n WordPress n\u1ed5i ti\u1ebfng v\u1edbi Theme Flatsome, m\u1ed9t trong nh\u1eefng theme ph\u1ed5 bi\u1ebfn nh\u1ea5t trong ng\u00e0nh thi\u1ebft k\u1ebf web. K\u1ebft h\u1ee3p v\u1edbi UX Builder th\u00e2n thi\u1ec7n, vi\u1ec7c t\u00f9y bi\u1ebfn website tr\u1edf n\u00ean d\u1ec5 d\u00e0ng h\u01a1n bao gi\u1edd h\u1ebft. B\u1ea1n c\u00f3 th\u1ec3 t\u1ef1 tay ch\u1ec9nh s\u1eeda v\u00e0 c\u1eadp nh\u1eadt n\u1ed9i dung m\u00e0 kh\u00f4ng c\u1ea7n ki\u1ebfn th\u1ee9c l\u1eadp tr\u00ecnh s\u00e2u s\u1eafc.\n<\/p>\n<h2>\n T\u1ed1c \u0111\u1ed9 t\u1ea3i trang nhanh<br \/>\n<\/h2>\n<p>\n Ch\u00fang t\u00f4i cam k\u1ebft v\u1ec1 t\u1ed1c \u0111\u1ed9 t\u1ea3i trang nhanh ch\u00f3ng, \u0111i\u1ec1u n\u00e0y kh\u00f4ng ch\u1ec9 c\u1ea3i thi\u1ec7n tr\u1ea3i nghi\u1ec7m ng\u01b0\u1eddi d\u00f9ng m\u00e0 c\u00f2n g\u00f3p ph\u1ea7n t\u1ed1i \u01b0u h\u00f3a SEO cho website c\u1ee7a b\u1ea1n. M\u1ed9t trang web t\u1ea3i nhanh s\u1ebd gi\u00fap b\u1ea1n gi\u1eef ch\u00e2n kh\u00e1ch h\u00e0ng l\u00e2u h\u01a1n v\u00e0 gi\u1ea3m t\u1ef7 l\u1ec7 tho\u00e1t trang.\n<\/p>\n<hr\/>\n<p>\n H\u00e3y \u0111\u1ec3 ch\u00fang t\u00f4i gi\u00fap b\u1ea1n hi\u1ec7n th\u1ef1c h\u00f3a \u00fd t\u01b0\u1edfng c\u1ee7a m\u00ecnh v\u1edbi d\u1ecbch v\u1ee5 thi\u1ebft k\u1ebf website nh\u00e0 h\u00e0ng chuy\u00ean nghi\u1ec7p. Li\u00ean h\u1ec7 v\u1edbi<br \/>\n <strong><br \/>\n  LADIGI Agency<br \/>\n <\/strong><br \/>\n ngay h\u00f4m nay \u0111\u1ec3 \u0111\u01b0\u1ee3c t\u01b0 v\u1ea5n chi ti\u1ebft v\u00e0 nh\u1eadn b\u00e1o gi\u00e1 h\u1ee3p l\u00fd.\n<\/p>\n<p>\n <a href=\"https:\/\/ladigi.vn\/thiet-ke-website\/\"><br \/>\n  Xem th\u00eam v\u1ec1 d\u1ecbch v\u1ee5 thi\u1ebft k\u1ebf web tr\u1ecdn g\u00f3i uy t\u00edn<br \/>\n <\/a><\/p>\n","protected":false},"excerpt":{"rendered":"<p>D\u1ecbch v\u1ee5 Thi\u1ebft k\u1ebf website Nh\u00e0 H\u00e0ng M\u1eabu S\u1ed1 2 mang \u0111\u1ebfn giao di\u1ec7n \u0111\u1eb9p, chuy\u00ean nghi\u1ec7p v\u00e0 d\u1ec5 s\u1eed d\u1ee5ng. Website t\u01b0\u01a1ng th\u00edch m\u1ecdi thi\u1ebft b\u1ecb, s\u1eed d\u1ee5ng m\u00e3 ngu\u1ed3n Wordpress v\u1edbi Theme Flatsome v\u00e0 UX Builder d\u1ec5 t\u00f9y bi\u1ebfn. \u0110\u1eb7c bi\u1ec7t, t\u1ed1c \u0111\u1ed9 t\u1ea3i trang nhanh ch\u00f3ng, n\u00e2ng cao tr\u1ea3i nghi\u1ec7m ng\u01b0\u1eddi d\u00f9ng.<\/p>\n","protected":false},"featured_media":3769,"comment_status":"open","ping_status":"closed","template":"","meta":[],"product_cat":[16,42,27,38],"product_tag":[24],"class_list":{"0":"post-3766","1":"product","2":"type-product","3":"status-publish","4":"has-post-thumbnail","6":"product_cat-tat-ca","7":"product_cat-dich-vu","8":"product_cat-du-lich","9":"product_cat-nha-hang-khach-san","10":"product_tag-cong-ty","12":"first","13":"instock","14":"shipping-taxable","15":"purchasable","16":"product-type-simple"},"_links":{"self":[{"href":"https:\/\/ladigi.vn\/thiet-ke-website\/wp-json\/wp\/v2\/product\/3766","targetHints":{"allow":["GET"]}}],"collection":[{"href":"https:\/\/ladigi.vn\/thiet-ke-website\/wp-json\/wp\/v2\/product"}],"about":[{"href":"https:\/\/ladigi.vn\/thiet-ke-website\/wp-json\/wp\/v2\/types\/product"}],"replies":[{"embeddable":true,"href":"https:\/\/ladigi.vn\/thiet-ke-website\/wp-json\/wp\/v2\/comments?post=3766"}],"wp:featuredmedia":[{"embeddable":true,"href":"https:\/\/ladigi.vn\/thiet-ke-website\/wp-json\/wp\/v2\/media\/3769"}],"wp:attachment":[{"href":"https:\/\/ladigi.vn\/thiet-ke-website\/wp-json\/wp\/v2\/media?parent=3766"}],"wp:term":[{"taxonomy":"product_cat","embeddable":true,"href":"https:\/\/ladigi.vn\/thiet-ke-website\/wp-json\/wp\/v2\/product_cat?post=3766"},{"taxonomy":"product_tag","embeddable":true,"href":"https:\/\/ladigi.vn\/thiet-ke-website\/wp-json\/wp\/v2\/product_tag?post=3766"}],"curies":[{"name":"wp","href":"https:\/\/api.w.org\/{rel}","templated":true}]}}