{"id":3777,"date":"2021-05-10T14:39:03","date_gmt":"2021-05-10T07:39:03","guid":{"rendered":"https:\/\/ladigi.vn\/thiet-ke-website\/?post_type=product&#038;p=3777"},"modified":"2025-01-10T14:06:23","modified_gmt":"2025-01-10T07:06:23","slug":"thiet-ke-website-gioi-thieu-dich-vu-bao-hiem-nhan-tho-sunlife","status":"publish","type":"product","link":"https:\/\/ladigi.vn\/thiet-ke-website\/mau-web\/thiet-ke-website-gioi-thieu-dich-vu-bao-hiem-nhan-tho-sunlife\/","title":{"rendered":"D\u1ecbch V\u1ee5 B\u1ea3o Hi\u1ec3m Nh\u00e2n Th\u1ecd Sunlife"},"content":{"rendered":"<h1>\n D\u1ecbch V\u1ee5 Thi\u1ebft K\u1ebf Website D\u1ecbch V\u1ee5 B\u1ea3o Hi\u1ec3m Nh\u00e2n Th\u1ecd Sunlife<br \/>\n<\/h1>\n<p>\n Ch\u00e0o m\u1eebng b\u1ea1n \u0111\u1ebfn v\u1edbi d\u1ecbch v\u1ee5 thi\u1ebft k\u1ebf website d\u00e0nh cho D\u1ecbch V\u1ee5 B\u1ea3o Hi\u1ec3m Nh\u00e2n Th\u1ecd Sunlife! Ch\u00fang t\u00f4i t\u1ef1 h\u00e0o mang \u0111\u1ebfn cho b\u1ea1n m\u1ed9t giao di\u1ec7n web \u0111\u01b0\u1ee3c thi\u1ebft k\u1ebf \u0111\u1eb9p, chuy\u00ean nghi\u1ec7p v\u00e0 d\u1ec5 s\u1eed d\u1ee5ng. \u0110\u1ed9i ng\u0169 thi\u1ebft k\u1ebf c\u1ee7a ch\u00fang t\u00f4i lu\u00f4n ch\u00fa tr\u1ecdng \u0111\u1ebfn tr\u1ea3i nghi\u1ec7m ng\u01b0\u1eddi d\u00f9ng \u0111\u1ec3 \u0111\u1ea3m b\u1ea3o r\u1eb1ng kh\u00e1ch h\u00e0ng c\u1ee7a b\u1ea1n c\u00f3 th\u1ec3 d\u1ec5 d\u00e0ng truy c\u1eadp v\u00e0 t\u00ecm ki\u1ebfm th\u00f4ng tin c\u1ea7n thi\u1ebft.\n<\/p>\n<h2>\n T\u00ednh N\u0103ng N\u1ed5i B\u1eadt<br \/>\n<\/h2>\n<ul>\n<li>\n  <strong><br \/>\n   Giao Di\u1ec7n \u0110\u1eb9p v\u00e0 Chuy\u00ean Nghi\u1ec7p<br \/>\n  <\/strong><br \/>\n  : Website \u0111\u01b0\u1ee3c t\u1ea1o ra v\u1edbi phong c\u00e1ch hi\u1ec7n \u0111\u1ea1i, h\u00e0i h\u00f2a, thu h\u00fat ng\u01b0\u1eddi xem v\u00e0 t\u1ea1o \u1ea5n t\u01b0\u1ee3ng m\u1ea1nh.\n <\/li>\n<li>\n  <strong><br \/>\n   T\u01b0\u01a1ng Th\u00edch M\u1ecdi Thi\u1ebft B\u1ecb<br \/>\n  <\/strong><br \/>\n  : Ch\u00fang t\u00f4i cam k\u1ebft r\u1eb1ng website s\u1ebd ho\u1ea1t \u0111\u1ed9ng m\u01b0\u1ee3t m\u00e0 tr\u00ean m\u1ecdi thi\u1ebft b\u1ecb, t\u1eeb m\u00e1y t\u00ednh \u0111\u1ec3 b\u00e0n \u0111\u1ebfn \u0111i\u1ec7n tho\u1ea1i di \u0111\u1ed9ng hay m\u00e1y t\u00ednh b\u1ea3ng.\n <\/li>\n<li>\n  <strong><br \/>\n   M\u00e3 Ngu\u1ed3n WordPress<br \/>\n  <\/strong><br \/>\n  : S\u1eed d\u1ee5ng m\u00e3 ngu\u1ed3n m\u1ea1nh m\u1ebd WordPress v\u1edbi Theme Flatsome v\u00e0 UX Builder, gi\u00fap b\u1ea1n d\u1ec5 d\u00e0ng t\u00f9y bi\u1ebfn n\u1ed9i dung theo \u00fd mu\u1ed1n m\u00e0 kh\u00f4ng c\u1ea7n ki\u1ebfn th\u1ee9c l\u1eadp tr\u00ecnh.\n <\/li>\n<li>\n  <strong><br \/>\n   T\u1ed1c \u0110\u1ed9 T\u1ea3i Trang Nhanh<br \/>\n  <\/strong><br \/>\n  : Ch\u00fang t\u00f4i t\u1ed1i \u01b0u h\u00f3a t\u1ea5t c\u1ea3 c\u00e1c y\u1ebfu t\u1ed1 k\u1ef9 thu\u1eadt \u0111\u1ec3 \u0111\u1ea3m b\u1ea3o website c\u1ee7a b\u1ea1n t\u1ea3i trang nhanh ch\u00f3ng, n\u00e2ng cao tr\u1ea3i nghi\u1ec7m ng\u01b0\u1eddi d\u00f9ng v\u00e0 c\u1ea3i thi\u1ec7n SEO.\n <\/li>\n<\/ul>\n<p>\n C\u00e2u chuy\u1ec7n th\u00e0nh c\u00f4ng c\u1ee7a b\u1ea1n b\u1eaft \u0111\u1ea7u t\u1eeb m\u1ed9t website \u0111\u01b0\u1ee3c thi\u1ebft k\u1ebf b\u00e0i b\u1ea3n v\u00e0 chuy\u00ean nghi\u1ec7p. \u0110\u1eebng ch\u1ea7n ch\u1eeb, h\u00e3y li\u00ean h\u1ec7 v\u1edbi ch\u00fang t\u00f4i ngay h\u00f4m nay!\n<\/p>\n<h2>\n Gi\u1edbi thi\u1ec7u v\u1ec1 LADIGI<br \/>\n<\/h2>\n<p>\n Ch\u00fang t\u00f4i l\u00e0 LADIGI Agency &#8211; \u0111\u01a1n v\u1ecb thi\u1ebft k\u1ebf website h\u00e0ng \u0111\u1ea7u, chuy\u00ean cung c\u1ea5p c\u00e1c gi\u1ea3i ph\u00e1p thi\u1ebft k\u1ebf website v\u1edbi gi\u00e1 c\u1ea3 h\u1ee3p l\u00fd nh\u01b0ng ch\u1ea5t l\u01b0\u1ee3ng v\u01b0\u1ee3t tr\u1ed9i. N\u1ebfu b\u1ea1n \u0111ang t\u00ecm ki\u1ebfm m\u1ed9t<br \/>\n <a href=\"https:\/\/ladigi.vn\/thiet-ke-website\/\"><br \/>\n  G\u00f3i d\u1ecbch v\u1ee5 thi\u1ebft k\u1ebf website gi\u00e1 h\u1ee3p l\u00fd LADIGI<br \/>\n <\/a><br \/>\n , h\u00e3y \u0111\u1ebfn v\u1edbi ch\u00fang t\u00f4i \u0111\u1ec3 tr\u1ea3i nghi\u1ec7m d\u1ecbch v\u1ee5 t\u1ed1t nh\u1ea5t!\n<\/p>\n<p>\n H\u00e3y \u0111\u1ec3 ch\u00fang t\u00f4i \u0111\u1ed3ng h\u00e0nh c\u00f9ng b\u1ea1n trong vi\u1ec7c ph\u00e1t tri\u1ec3n th\u01b0\u01a1ng hi\u1ec7u tr\u00ean m\u00f4i tr\u01b0\u1eddng s\u1ed1!<\/p>\n","protected":false},"excerpt":{"rendered":"<p>D\u1ecbch v\u1ee5 thi\u1ebft k\u1ebf website cho B\u1ea3o Hi\u1ec3m Nh\u00e2n Th\u1ecd Sunlife mang \u0111\u1ebfn giao di\u1ec7n \u0111\u1eb9p, chuy\u00ean nghi\u1ec7p v\u00e0 th\u00e2n thi\u1ec7n v\u1edbi ng\u01b0\u1eddi d\u00f9ng. Website t\u01b0\u01a1ng th\u00edch tr\u00ean m\u1ecdi thi\u1ebft b\u1ecb, \u0111\u01b0\u1ee3c x\u00e2y d\u1ef1ng tr\u00ean m\u00e3 ngu\u1ed3n Wordpress v\u1edbi Theme Flatsome v\u00e0 UX Builder d\u1ec5 t\u00f9y bi\u1ebfn, \u0111\u1ea3m b\u1ea3o t\u1ed1c \u0111\u1ed9 t\u1ea3i trang nhanh ch\u00f3ng.<\/p>\n","protected":false},"featured_media":3778,"comment_status":"open","ping_status":"closed","template":"","meta":[],"product_cat":[16,42],"product_tag":[24],"class_list":{"0":"post-3777","1":"product","2":"type-product","3":"status-publish","4":"has-post-thumbnail","6":"product_cat-tat-ca","7":"product_cat-dich-vu","8":"product_tag-cong-ty","10":"first","11":"instock","12":"shipping-taxable","13":"purchasable","14":"product-type-simple"},"_links":{"self":[{"href":"https:\/\/ladigi.vn\/thiet-ke-website\/wp-json\/wp\/v2\/product\/3777","targetHints":{"allow":["GET"]}}],"collection":[{"href":"https:\/\/ladigi.vn\/thiet-ke-website\/wp-json\/wp\/v2\/product"}],"about":[{"href":"https:\/\/ladigi.vn\/thiet-ke-website\/wp-json\/wp\/v2\/types\/product"}],"replies":[{"embeddable":true,"href":"https:\/\/ladigi.vn\/thiet-ke-website\/wp-json\/wp\/v2\/comments?post=3777"}],"wp:featuredmedia":[{"embeddable":true,"href":"https:\/\/ladigi.vn\/thiet-ke-website\/wp-json\/wp\/v2\/media\/3778"}],"wp:attachment":[{"href":"https:\/\/ladigi.vn\/thiet-ke-website\/wp-json\/wp\/v2\/media?parent=3777"}],"wp:term":[{"taxonomy":"product_cat","embeddable":true,"href":"https:\/\/ladigi.vn\/thiet-ke-website\/wp-json\/wp\/v2\/product_cat?post=3777"},{"taxonomy":"product_tag","embeddable":true,"href":"https:\/\/ladigi.vn\/thiet-ke-website\/wp-json\/wp\/v2\/product_tag?post=3777"}],"curies":[{"name":"wp","href":"https:\/\/api.w.org\/{rel}","templated":true}]}}