{"id":3791,"date":"2021-05-10T14:47:09","date_gmt":"2021-05-10T07:47:09","guid":{"rendered":"https:\/\/ladigi.vn\/thiet-ke-website\/?post_type=product&#038;p=3791"},"modified":"2025-01-10T14:11:38","modified_gmt":"2025-01-10T07:11:38","slug":"thiet-ke-website-cua-hang-ga-ran-full-code-viet-hoa","status":"publish","type":"product","link":"https:\/\/ladigi.vn\/thiet-ke-website\/mau-web\/thiet-ke-website-cua-hang-ga-ran-full-code-viet-hoa\/","title":{"rendered":"C\u1eeda H\u00e0ng G\u00e0 R\u00e1n"},"content":{"rendered":"<h1>\n D\u1ecbch v\u1ee5 Thi\u1ebft k\u1ebf website C\u1eeda H\u00e0ng G\u00e0 R\u00e1n<br \/>\n<\/h1>\n<p>\n B\u1ea1n \u0111ang t\u00ecm ki\u1ebfm m\u1ed9t gi\u1ea3i ph\u00e1p t\u1ed1i \u01b0u cho c\u1eeda h\u00e0ng g\u00e0 r\u00e1n c\u1ee7a m\u00ecnh? H\u00e3y \u0111\u1ec3 ch\u00fang t\u00f4i gi\u00fap b\u1ea1n t\u1ea1o ra m\u1ed9t website \u1ea5n t\u01b0\u1ee3ng v\u00e0 hi\u1ec7u qu\u1ea3.\n<\/p>\n<h2>\n Giao di\u1ec7n \u0111\u1eb9p, chuy\u00ean nghi\u1ec7p v\u00e0 d\u1ec5 s\u1eed d\u1ee5ng<br \/>\n<\/h2>\n<p>\n Website c\u1eeda h\u00e0ng g\u00e0 r\u00e1n c\u1ee7a b\u1ea1n s\u1ebd \u0111\u01b0\u1ee3c thi\u1ebft k\u1ebf v\u1edbi giao di\u1ec7n \u0111\u1eb9p m\u1eaft, chuy\u00ean nghi\u1ec7p, ph\u00f9 h\u1ee3p v\u1edbi th\u01b0\u01a1ng hi\u1ec7u c\u1ee7a b\u1ea1n. Ch\u00fang t\u00f4i cam k\u1ebft mang \u0111\u1ebfn cho kh\u00e1ch h\u00e0ng tr\u1ea3i nghi\u1ec7m ng\u01b0\u1eddi d\u00f9ng tuy\u1ec7t v\u1eddi nh\u1ea5t v\u1edbi thi\u1ebft k\u1ebf d\u1ec5 s\u1eed d\u1ee5ng, gi\u00fap kh\u00e1ch h\u00e0ng d\u1ec5 d\u00e0ng t\u00ecm ki\u1ebfm th\u00f4ng tin v\u00e0 \u0111\u1eb7t h\u00e0ng.\n<\/p>\n<h2>\n T\u01b0\u01a1ng th\u00edch tr\u00ean m\u1ecdi thi\u1ebft b\u1ecb<br \/>\n<\/h2>\n<p>\n Trong th\u1eddi \u0111\u1ea1i c\u00f4ng ngh\u1ec7 hi\u1ec7n \u0111\u1ea1i, vi\u1ec7c website t\u01b0\u01a1ng th\u00edch tr\u00ean m\u1ecdi thi\u1ebft b\u1ecb l\u00e0 r\u1ea5t quan tr\u1ecdng. Ch\u00fang t\u00f4i \u0111\u1ea3m b\u1ea3o r\u1eb1ng website c\u1ee7a b\u1ea1n s\u1ebd ho\u1ea1t \u0111\u1ed9ng ho\u00e0n h\u1ea3o tr\u00ean m\u00e1y t\u00ednh, tablet v\u00e0 smartphone, t\u1eeb \u0111\u00f3 t\u0103ng kh\u1ea3 n\u0103ng ti\u1ebfp c\u1eadn v\u00e0 ph\u1ee5c v\u1ee5 kh\u00e1ch h\u00e0ng m\u1ed9t c\u00e1ch t\u1ed1t nh\u1ea5t.\n<\/p>\n<h2>\n M\u00e3 ngu\u1ed3n WordPress v\u1edbi Theme Flatsome v\u00e0 UX Builder<br \/>\n<\/h2>\n<p>\n Ch\u00fang t\u00f4i s\u1eed d\u1ee5ng m\u00e3 ngu\u1ed3n WordPress v\u1edbi Theme Flatsome v\u00e0 UX Builder, gi\u00fap vi\u1ec7c t\u00f9y bi\u1ebfn website tr\u1edf n\u00ean \u0111\u01a1n gi\u1ea3n h\u01a1n bao gi\u1edd h\u1ebft. B\u1ea1n c\u00f3 th\u1ec3 d\u1ec5 d\u00e0ng ch\u1ec9nh s\u1eeda, c\u1eadp nh\u1eadt n\u1ed9i dung v\u00e0 thay \u0111\u1ed5i giao di\u1ec7n theo \u00fd th\u00edch m\u00e0 kh\u00f4ng c\u1ea7n ph\u1ea3i c\u00f3 nhi\u1ec1u ki\u1ebfn th\u1ee9c v\u1ec1 l\u1eadp tr\u00ecnh.\n<\/p>\n<h2>\n T\u1ed1c \u0111\u1ed9 t\u1ea3i trang nhanh<br \/>\n<\/h2>\n<p>\n T\u1ed1c \u0111\u1ed9 t\u1ea3i trang l\u00e0 m\u1ed9t trong nh\u1eefng y\u1ebfu t\u1ed1 quy\u1ebft \u0111\u1ecbnh \u0111\u1ebfn tr\u1ea3i nghi\u1ec7m ng\u01b0\u1eddi d\u00f9ng. Ch\u00fang t\u00f4i thi\u1ebft k\u1ebf website v\u1edbi t\u1ed1c \u0111\u1ed9 t\u1ea3i trang nhanh, gi\u00fap kh\u00e1ch h\u00e0ng kh\u00f4ng ph\u1ea3i ch\u1edd \u0111\u1ee3i l\u00e2u v\u00e0 t\u1ea1o thu\u1eadn l\u1ee3i trong vi\u1ec7c truy c\u1eadp th\u00f4ng tin v\u00e0 \u0111\u1eb7t h\u00e0ng.\n<\/p>\n<hr\/>\n<p>\n Ch\u00fang t\u00f4i l\u00e0 LADIGI (LADIGI Agency) &#8211; \u0111\u01a1n v\u1ecb thi\u1ebft k\u1ebf website chuy\u00ean nghi\u1ec7p v\u1edbi kinh nghi\u1ec7m d\u00e0y d\u1ea1n trong ng\u00e0nh. \u0110\u1ec3 bi\u1ebft th\u00eam chi ti\u1ebft v\u1ec1 d\u1ecbch v\u1ee5 c\u1ee7a ch\u00fang t\u00f4i, vui l\u00f2ng truy c\u1eadp<br \/>\n <a href=\"https:\/\/ladigi.vn\/thiet-ke-website\/\"><br \/>\n  Thi\u1ebft k\u1ebf giao di\u1ec7n website LADIGI<br \/>\n <\/a><br \/>\n . Ch\u00fang t\u00f4i r\u1ea5t h\u00e2n h\u1ea1nh \u0111\u01b0\u1ee3c h\u1ee3p t\u00e1c c\u00f9ng b\u1ea1n!<\/p>\n","protected":false},"excerpt":{"rendered":"<p>D\u1ecbch v\u1ee5 thi\u1ebft k\u1ebf website c\u1eeda h\u00e0ng g\u00e0 r\u00e1n mang \u0111\u1ebfn giao di\u1ec7n \u0111\u1eb9p, chuy\u00ean nghi\u1ec7p v\u00e0 d\u1ec5 s\u1eed d\u1ee5ng. Trang web t\u01b0\u01a1ng th\u00edch tr\u00ean m\u1ecdi thi\u1ebft b\u1ecb, s\u1eed d\u1ee5ng m\u00e3 ngu\u1ed3n WordPress v\u1edbi Theme Flatsome v\u00e0 UX Builder, gi\u00fap d\u1ec5 d\u00e0ng t\u00f9y bi\u1ebfn. \u0110\u1eb7c bi\u1ec7t, t\u1ed1c \u0111\u1ed9 t\u1ea3i trang nhanh ch\u00f3ng, n\u00e2ng cao tr\u1ea3i nghi\u1ec7m kh\u00e1ch h\u00e0ng.<\/p>\n","protected":false},"featured_media":3794,"comment_status":"open","ping_status":"closed","template":"","meta":[],"product_cat":[16,40],"product_tag":[24],"class_list":{"0":"post-3791","1":"product","2":"type-product","3":"status-publish","4":"has-post-thumbnail","6":"product_cat-tat-ca","7":"product_cat-thuc-pham","8":"product_tag-cong-ty","10":"first","11":"instock","12":"shipping-taxable","13":"purchasable","14":"product-type-simple"},"_links":{"self":[{"href":"https:\/\/ladigi.vn\/thiet-ke-website\/wp-json\/wp\/v2\/product\/3791","targetHints":{"allow":["GET"]}}],"collection":[{"href":"https:\/\/ladigi.vn\/thiet-ke-website\/wp-json\/wp\/v2\/product"}],"about":[{"href":"https:\/\/ladigi.vn\/thiet-ke-website\/wp-json\/wp\/v2\/types\/product"}],"replies":[{"embeddable":true,"href":"https:\/\/ladigi.vn\/thiet-ke-website\/wp-json\/wp\/v2\/comments?post=3791"}],"wp:featuredmedia":[{"embeddable":true,"href":"https:\/\/ladigi.vn\/thiet-ke-website\/wp-json\/wp\/v2\/media\/3794"}],"wp:attachment":[{"href":"https:\/\/ladigi.vn\/thiet-ke-website\/wp-json\/wp\/v2\/media?parent=3791"}],"wp:term":[{"taxonomy":"product_cat","embeddable":true,"href":"https:\/\/ladigi.vn\/thiet-ke-website\/wp-json\/wp\/v2\/product_cat?post=3791"},{"taxonomy":"product_tag","embeddable":true,"href":"https:\/\/ladigi.vn\/thiet-ke-website\/wp-json\/wp\/v2\/product_tag?post=3791"}],"curies":[{"name":"wp","href":"https:\/\/api.w.org\/{rel}","templated":true}]}}