{"id":3792,"date":"2021-05-10T14:46:55","date_gmt":"2021-05-10T07:46:55","guid":{"rendered":"https:\/\/ladigi.vn\/thiet-ke-website\/?post_type=product&#038;p=3792"},"modified":"2025-01-10T14:12:31","modified_gmt":"2025-01-10T07:12:31","slug":"thiet-ke-website-ban-gio-qua-tet-qua-tang-tet-2021","status":"publish","type":"product","link":"https:\/\/ladigi.vn\/thiet-ke-website\/mau-web\/thiet-ke-website-ban-gio-qua-tet-qua-tang-tet-2021\/","title":{"rendered":"Gi\u1ecf Qu\u00e0 T\u1ebft Qu\u00e0 T\u1eb7ng T\u1ebft"},"content":{"rendered":"<h1>\n D\u1ecbch v\u1ee5 Thi\u1ebft k\u1ebf website Gi\u1ecf Qu\u00e0 T\u1ebft &#8211; Qu\u00e0 T\u1eb7ng T\u1ebft<br \/>\n<\/h1>\n<p>\n Ch\u00e0o m\u1eebng b\u1ea1n \u0111\u1ebfn v\u1edbi d\u1ecbch v\u1ee5 thi\u1ebft k\u1ebf website Gi\u1ecf Qu\u00e0 T\u1ebft c\u1ee7a ch\u00fang t\u00f4i! V\u1edbi xu h\u01b0\u1edbng ti\u00eau d\u00f9ng ng\u00e0y c\u00e0ng t\u0103ng v\u00e0o d\u1ecbp T\u1ebft Nguy\u00ean \u0110\u00e1n, vi\u1ec7c s\u1edf h\u1eefu m\u1ed9t trang web chuy\u00ean nghi\u1ec7p kh\u00f4ng ch\u1ec9 gi\u00fap b\u1ea1n qu\u1ea3ng b\u00e1 s\u1ea3n ph\u1ea9m hi\u1ec7u qu\u1ea3 m\u00e0 c\u00f2n t\u1ea1o ra tr\u1ea3i nghi\u1ec7m mua s\u1eafm tuy\u1ec7t v\u1eddi cho kh\u00e1ch h\u00e0ng.\n<\/p>\n<h2>\n Giao di\u1ec7n \u0111\u1eb9p, chuy\u00ean nghi\u1ec7p v\u00e0 d\u1ec5 s\u1eed d\u1ee5ng<br \/>\n<\/h2>\n<p>\n Ch\u00fang t\u00f4i cam k\u1ebft mang \u0111\u1ebfn cho b\u1ea1n m\u1ed9t giao di\u1ec7n web \u0111\u01b0\u1ee3c thi\u1ebft k\u1ebf \u0111\u1eb9p m\u1eaft, chuy\u00ean nghi\u1ec7p, gi\u00fap thu h\u00fat s\u1ef1 ch\u00fa \u00fd c\u1ee7a kh\u00e1ch h\u00e0ng ngay t\u1eeb l\u1ea7n \u0111\u1ea7u ti\u00ean gh\u00e9 th\u0103m. T\u00ednh n\u0103ng d\u1ec5 s\u1eed d\u1ee5ng c\u1ee7a website cho ph\u00e9p kh\u00e1ch h\u00e0ng d\u1ec5 d\u00e0ng t\u00ecm ki\u1ebfm v\u00e0 \u0111\u1eb7t h\u00e0ng c\u00e1c gi\u1ecf qu\u00e0 t\u1eb7ng T\u1ebft m\u00e0 h\u1ecd y\u00eau th\u00edch.\n<\/p>\n<h2>\n T\u01b0\u01a1ng th\u00edch tr\u00ean m\u1ecdi thi\u1ebft b\u1ecb<br \/>\n<\/h2>\n<p>\n Website s\u1ebd \u0111\u01b0\u1ee3c t\u1ed1i \u01b0u \u0111\u1ec3 t\u01b0\u01a1ng th\u00edch tr\u00ean m\u1ecdi thi\u1ebft b\u1ecb t\u1eeb m\u00e1y t\u00ednh \u0111\u1ec3 b\u00e0n, laptop \u0111\u1ebfn c\u00e1c thi\u1ebft b\u1ecb di \u0111\u1ed9ng nh\u01b0 smartphone v\u00e0 tablet. \u0110i\u1ec1u n\u00e0y \u0111\u1ea3m b\u1ea3o r\u1eb1ng kh\u00e1ch h\u00e0ng c\u00f3 th\u1ec3 truy c\u1eadp v\u00e0 mua h\u00e0ng m\u1ecdi l\u00fac, m\u1ecdi n\u01a1i m\u00e0 kh\u00f4ng g\u1eb7p b\u1ea5t k\u1ef3 tr\u1edf ng\u1ea1i n\u00e0o.\n<\/p>\n<h2>\n M\u00e3 ngu\u1ed3n WordPress v\u1edbi Theme Flatsome v\u00e0 UX Builder<br \/>\n<\/h2>\n<p>\n Ch\u00fang t\u00f4i s\u1eed d\u1ee5ng m\u00e3 ngu\u1ed3n WordPress m\u1ea1nh m\u1ebd c\u00f9ng v\u1edbi Theme Flatsome v\u00e0 UX Builder, gi\u00fap b\u1ea1n d\u1ec5 d\u00e0ng t\u00f9y bi\u1ebfn giao di\u1ec7n, th\u00eam b\u1edbt c\u00e1c ch\u1ee9c n\u0103ng v\u00e0 qu\u1ea3n l\u00fd n\u1ed9i dung m\u00e0 kh\u00f4ng c\u1ea7n nhi\u1ec1u ki\u1ebfn th\u1ee9c v\u1ec1 l\u1eadp tr\u00ecnh.\n<\/p>\n<h2>\n T\u1ed1c \u0111\u1ed9 t\u1ea3i trang nhanh<br \/>\n<\/h2>\n<p>\n M\u1ed9t trong nh\u1eefng y\u1ebfu t\u1ed1 quy\u1ebft \u0111\u1ecbnh s\u1ef1 h\u00e0i l\u00f2ng c\u1ee7a kh\u00e1ch h\u00e0ng l\u00e0 t\u1ed1c \u0111\u1ed9 t\u1ea3i trang. Website c\u1ee7a b\u1ea1n s\u1ebd \u0111\u01b0\u1ee3c t\u1ed1i \u01b0u h\u00f3a \u0111\u1ec3 t\u1ea3i trang nhanh ch\u00f3ng, gi\u00fap ng\u01b0\u1eddi d\u00f9ng kh\u00f4ng ph\u1ea3i ch\u1edd \u0111\u1ee3i l\u00e2u, t\u1eeb \u0111\u00f3 gia t\u0103ng t\u1ef7 l\u1ec7 chuy\u1ec3n \u0111\u1ed5i \u0111\u01a1n h\u00e0ng.\n<\/p>\n<hr\/>\n<p>\n N\u1ebfu b\u1ea1n \u0111ang t\u00ecm ki\u1ebfm m\u1ed9t \u0111\u01a1n v\u1ecb thi\u1ebft k\u1ebf website chuy\u00ean nghi\u1ec7p cho Gi\u1ecf Qu\u00e0 T\u1ebft, h\u00e3y \u0111\u1ebfn v\u1edbi<br \/>\n <strong><br \/>\n  LADIGI Agency<br \/>\n <\/strong><br \/>\n . Ch\u00fang t\u00f4i kh\u00f4ng ch\u1ec9 cung c\u1ea5p d\u1ecbch v\u1ee5 thi\u1ebft k\u1ebf website m\u00e0 c\u00f2n cam k\u1ebft \u0111\u1ed3ng h\u00e0nh c\u00f9ng b\u1ea1n trong vi\u1ec7c ph\u00e1t tri\u1ec3n th\u01b0\u01a1ng hi\u1ec7u.\n<\/p>\n<p>\n Xem th\u00eam chi ti\u1ebft t\u1ea1i \u0111\u00e2y:<br \/>\n <a href=\"https:\/\/ladigi.vn\/thiet-ke-website\/\"><br \/>\n  D\u1ecbch v\u1ee5 ph\u00e1t tri\u1ec3n website doanh nghi\u1ec7p LADIGI<br \/>\n <\/a><\/p>\n","protected":false},"excerpt":{"rendered":"<p>D\u1ecbch v\u1ee5 thi\u1ebft k\u1ebf website Gi\u1ecf Qu\u00e0 T\u1ebft mang \u0111\u1ebfn giao di\u1ec7n \u0111\u1eb9p, chuy\u00ean nghi\u1ec7p v\u00e0 d\u1ec5 s\u1eed d\u1ee5ng, t\u01b0\u01a1ng th\u00edch tr\u00ean m\u1ecdi thi\u1ebft b\u1ecb. S\u1eed d\u1ee5ng m\u00e3 ngu\u1ed3n Wordpress v\u1edbi Theme Flatsome v\u00e0 UX Builder cho kh\u1ea3 n\u0103ng t\u00f9y bi\u1ebfn cao. T\u1ed1c \u0111\u1ed9 t\u1ea3i trang nhanh, \u0111\u1ea3m b\u1ea3o tr\u1ea3i nghi\u1ec7m ng\u01b0\u1eddi d\u00f9ng t\u1ed1t nh\u1ea5t.<\/p>\n","protected":false},"featured_media":3793,"comment_status":"open","ping_status":"closed","template":"","meta":[],"product_cat":[16,31,40],"product_tag":[23],"class_list":{"0":"post-3792","1":"product","2":"type-product","3":"status-publish","4":"has-post-thumbnail","6":"product_cat-tat-ca","7":"product_cat-dac-san","8":"product_cat-thuc-pham","9":"product_tag-ban-hang","11":"first","12":"instock","13":"shipping-taxable","14":"purchasable","15":"product-type-simple"},"_links":{"self":[{"href":"https:\/\/ladigi.vn\/thiet-ke-website\/wp-json\/wp\/v2\/product\/3792","targetHints":{"allow":["GET"]}}],"collection":[{"href":"https:\/\/ladigi.vn\/thiet-ke-website\/wp-json\/wp\/v2\/product"}],"about":[{"href":"https:\/\/ladigi.vn\/thiet-ke-website\/wp-json\/wp\/v2\/types\/product"}],"replies":[{"embeddable":true,"href":"https:\/\/ladigi.vn\/thiet-ke-website\/wp-json\/wp\/v2\/comments?post=3792"}],"wp:featuredmedia":[{"embeddable":true,"href":"https:\/\/ladigi.vn\/thiet-ke-website\/wp-json\/wp\/v2\/media\/3793"}],"wp:attachment":[{"href":"https:\/\/ladigi.vn\/thiet-ke-website\/wp-json\/wp\/v2\/media?parent=3792"}],"wp:term":[{"taxonomy":"product_cat","embeddable":true,"href":"https:\/\/ladigi.vn\/thiet-ke-website\/wp-json\/wp\/v2\/product_cat?post=3792"},{"taxonomy":"product_tag","embeddable":true,"href":"https:\/\/ladigi.vn\/thiet-ke-website\/wp-json\/wp\/v2\/product_tag?post=3792"}],"curies":[{"name":"wp","href":"https:\/\/api.w.org\/{rel}","templated":true}]}}