{"id":3796,"date":"2021-05-10T14:49:27","date_gmt":"2021-05-10T07:49:27","guid":{"rendered":"https:\/\/ladigi.vn\/thiet-ke-website\/?post_type=product&#038;p=3796"},"modified":"2025-01-10T14:14:15","modified_gmt":"2025-01-10T07:14:15","slug":"thiet-ke-web-ve-thuc-pham-chuc-nang-tuyet-dep-giong-muathuoctot","status":"publish","type":"product","link":"https:\/\/ladigi.vn\/thiet-ke-website\/mau-web\/thiet-ke-web-ve-thuc-pham-chuc-nang-tuyet-dep-giong-muathuoctot\/","title":{"rendered":"Th\u1ef1c Ph\u1ea9m Ch\u1ee9c N\u0103ng Gi\u1ed1ng Muathuoctot"},"content":{"rendered":"<h1>\n D\u1ecbch v\u1ee5 Thi\u1ebft k\u1ebf website Th\u1ef1c Ph\u1ea9m Ch\u1ee9c N\u0103ng Gi\u1ed1ng Muathuoctot<br \/>\n<\/h1>\n<p>\n Khi b\u1ea1n mu\u1ed1n x\u00e2y d\u1ef1ng m\u1ed9t trang web cho l\u0129nh v\u1ef1c th\u1ef1c ph\u1ea9m ch\u1ee9c n\u0103ng, s\u1ef1 chuy\u00ean nghi\u1ec7p v\u00e0 ti\u1ec7n l\u1ee3i trong s\u1eed d\u1ee5ng l\u00e0 \u0111i\u1ec1u kh\u00f4ng th\u1ec3 thi\u1ebfu. \u0110\u1ebfn v\u1edbi d\u1ecbch v\u1ee5 thi\u1ebft k\u1ebf website Th\u1ef1c Ph\u1ea9m Ch\u1ee9c N\u0103ng, b\u1ea1n s\u1ebd \u0111\u01b0\u1ee3c tr\u1ea3i nghi\u1ec7m m\u1ed9t giao di\u1ec7n web \u0111\u01b0\u1ee3c thi\u1ebft k\u1ebf \u0111\u1eb9p m\u1eaft, chuy\u00ean nghi\u1ec7p v\u00e0 d\u1ec5 s\u1eed d\u1ee5ng, gi\u00fap kh\u00e1ch h\u00e0ng c\u1ee7a b\u1ea1n c\u00f3 nh\u1eefng tr\u1ea3i nghi\u1ec7m tuy\u1ec7t v\u1eddi khi truy c\u1eadp.\n<\/p>\n<h2>\n T\u00ednh n\u0103ng n\u1ed5i b\u1eadt:<br \/>\n<\/h2>\n<ul>\n<li>\n<p>\n   <strong><br \/>\n    Giao di\u1ec7n \u0111\u1eb9p v\u00e0 d\u1ec5 s\u1eed d\u1ee5ng<br \/>\n   <\/strong><br \/>\n   : Thi\u1ebft k\u1ebf giao di\u1ec7n thu h\u00fat, d\u1ec5 d\u00e0ng \u0111i\u1ec1u h\u01b0\u1edbng, gi\u00fap ng\u01b0\u1eddi d\u00f9ng t\u00ecm ki\u1ebfm th\u00f4ng tin nhanh ch\u00f3ng v\u00e0 thu\u1eadn ti\u1ec7n nh\u1ea5t.\n  <\/p>\n<\/li>\n<li>\n<p>\n   <strong><br \/>\n    T\u01b0\u01a1ng th\u00edch tr\u00ean m\u1ecdi thi\u1ebft b\u1ecb<br \/>\n   <\/strong><br \/>\n   : Website \u0111\u01b0\u1ee3c t\u1ed1i \u01b0u h\u00f3a \u0111\u1ec3 ho\u1ea1t \u0111\u1ed9ng ho\u00e0n h\u1ea3o tr\u00ean m\u1ecdi lo\u1ea1i thi\u1ebft b\u1ecb, t\u1eeb m\u00e1y t\u00ednh \u0111\u1ec3 b\u00e0n \u0111\u1ebfn \u0111i\u1ec7n tho\u1ea1i di \u0111\u1ed9ng. Kh\u00e1ch h\u00e0ng s\u1ebd c\u00f3 tr\u1ea3i nghi\u1ec7m t\u1ed1t nh\u1ea5t cho d\u00f9 h\u1ecd \u0111ang s\u1eed d\u1ee5ng thi\u1ebft b\u1ecb n\u00e0o.\n  <\/p>\n<\/li>\n<li>\n<p>\n   <strong><br \/>\n    M\u00e3 ngu\u1ed3n WordPress v\u1edbi Theme Flatsome v\u00e0 UX Builder<br \/>\n   <\/strong><br \/>\n   : Ch\u00fang t\u00f4i s\u1eed d\u1ee5ng m\u00e3 ngu\u1ed3n WordPress k\u1ebft h\u1ee3p v\u1edbi Theme Flatsome v\u00e0 UX Builder, gi\u00fap b\u1ea1n d\u1ec5 d\u00e0ng t\u00f9y bi\u1ebfn theo \u00fd t\u01b0\u1edfng c\u0169ng nh\u01b0 nhu c\u1ea7u c\u1ee7a m\u00ecnh m\u00e0 kh\u00f4ng c\u1ea7n nhi\u1ec1u ki\u1ebfn th\u1ee9c v\u1ec1 l\u1eadp tr\u00ecnh.\n  <\/p>\n<\/li>\n<li>\n<p>\n   <strong><br \/>\n    T\u1ed1c \u0111\u1ed9 t\u1ea3i trang nhanh<br \/>\n   <\/strong><br \/>\n   : T\u1ed1i \u01b0u h\u00f3a t\u1ed1c \u0111\u1ed9 t\u1ea3i trang \u0111\u1ec3 \u0111\u1ea3m b\u1ea3o kh\u00e1ch h\u00e0ng kh\u00f4ng ph\u1ea3i ch\u1edd \u0111\u1ee3i l\u00e2u, \u0111i\u1ec1u n\u00e0y kh\u00f4ng ch\u1ec9 c\u1ea3i thi\u1ec7n tr\u1ea3i nghi\u1ec7m ng\u01b0\u1eddi d\u00f9ng m\u00e0 c\u00f2n c\u00f3 l\u1ee3i cho SEO.\n  <\/p>\n<\/li>\n<\/ul>\n<p>\n Cu\u1ed1i c\u00f9ng, ch\u00fang t\u00f4i xin gi\u1edbi thi\u1ec7u \u0111\u01a1n v\u1ecb thi\u1ebft k\u1ebf website chuy\u00ean nghi\u1ec7p \u0111\u00e1ng tin c\u1eady &#8211;<br \/>\n <strong><br \/>\n  LADIGI (LADIGI Agency)<br \/>\n <\/strong><br \/>\n . Ch\u00fang t\u00f4i cam k\u1ebft mang \u0111\u1ebfn nh\u1eefng s\u1ea3n ph\u1ea9m thi\u1ebft k\u1ebf website ch\u1ea5t l\u01b0\u1ee3ng, ph\u00f9 h\u1ee3p v\u1edbi nhu c\u1ea7u kinh doanh c\u1ee7a b\u1ea1n.\n<\/p>\n<p>\n \u0110\u1ec3 bi\u1ebft th\u00eam chi ti\u1ebft v\u1ec1 d\u1ecbch v\u1ee5, h\u00e3y tham kh\u1ea3o \u0111\u01b0\u1eddng link sau:<br \/>\n <a href=\"https:\/\/ladigi.vn\/thiet-ke-website\/\"><br \/>\n  Thi\u1ebft k\u1ebf web chu\u1ea9n responsive LADIGI<br \/>\n <\/a><\/p>\n","protected":false},"excerpt":{"rendered":"<p>D\u1ecbch v\u1ee5 Thi\u1ebft k\u1ebf website Th\u1ef1c Ph\u1ea9m Ch\u1ee9c N\u0103ng Gi\u1ed1ng Muathuoctot cung c\u1ea5p giao di\u1ec7n \u0111\u1eb9p, chuy\u00ean nghi\u1ec7p v\u00e0 d\u1ec5 s\u1eed d\u1ee5ng. Website t\u01b0\u01a1ng th\u00edch tr\u00ean m\u1ecdi thi\u1ebft b\u1ecb, s\u1eed d\u1ee5ng m\u00e3 ngu\u1ed3n Wordpress v\u1edbi Theme Flatsome v\u00e0 UX Builder t\u00f9y bi\u1ebfn. T\u1ed1c \u0111\u1ed9 t\u1ea3i trang nhanh, \u0111\u00e1p \u1ee9ng t\u1ed1t nhu c\u1ea7u ng\u01b0\u1eddi d\u00f9ng.<\/p>\n","protected":false},"featured_media":3798,"comment_status":"open","ping_status":"closed","template":"","meta":[],"product_cat":[16,53,40],"product_tag":[23],"class_list":{"0":"post-3796","1":"product","2":"type-product","3":"status-publish","4":"has-post-thumbnail","6":"product_cat-tat-ca","7":"product_cat-suc-khoe","8":"product_cat-thuc-pham","9":"product_tag-ban-hang","11":"first","12":"instock","13":"shipping-taxable","14":"purchasable","15":"product-type-simple"},"_links":{"self":[{"href":"https:\/\/ladigi.vn\/thiet-ke-website\/wp-json\/wp\/v2\/product\/3796","targetHints":{"allow":["GET"]}}],"collection":[{"href":"https:\/\/ladigi.vn\/thiet-ke-website\/wp-json\/wp\/v2\/product"}],"about":[{"href":"https:\/\/ladigi.vn\/thiet-ke-website\/wp-json\/wp\/v2\/types\/product"}],"replies":[{"embeddable":true,"href":"https:\/\/ladigi.vn\/thiet-ke-website\/wp-json\/wp\/v2\/comments?post=3796"}],"wp:featuredmedia":[{"embeddable":true,"href":"https:\/\/ladigi.vn\/thiet-ke-website\/wp-json\/wp\/v2\/media\/3798"}],"wp:attachment":[{"href":"https:\/\/ladigi.vn\/thiet-ke-website\/wp-json\/wp\/v2\/media?parent=3796"}],"wp:term":[{"taxonomy":"product_cat","embeddable":true,"href":"https:\/\/ladigi.vn\/thiet-ke-website\/wp-json\/wp\/v2\/product_cat?post=3796"},{"taxonomy":"product_tag","embeddable":true,"href":"https:\/\/ladigi.vn\/thiet-ke-website\/wp-json\/wp\/v2\/product_tag?post=3796"}],"curies":[{"name":"wp","href":"https:\/\/api.w.org\/{rel}","templated":true}]}}