{"id":3807,"date":"2021-05-10T14:54:32","date_gmt":"2021-05-10T07:54:32","guid":{"rendered":"https:\/\/ladigi.vn\/thiet-ke-website\/?post_type=product&#038;p=3807"},"modified":"2025-01-10T14:18:37","modified_gmt":"2025-01-10T07:18:37","slug":"thiet-ke-web-ve-thuc-pham-chuc-nang-mau-so-5","status":"publish","type":"product","link":"https:\/\/ladigi.vn\/thiet-ke-website\/mau-web\/thiet-ke-web-ve-thuc-pham-chuc-nang-mau-so-5\/","title":{"rendered":"Th\u1ef1c Ph\u1ea9m Ch\u1ee9c N\u0103ng M\u1eabu S\u1ed1 5"},"content":{"rendered":"<h1>\n D\u1ecbch v\u1ee5 Thi\u1ebft k\u1ebf website Th\u1ef1c Ph\u1ea9m Ch\u1ee9c N\u0103ng M\u1eabu S\u1ed1 5<br \/>\n<\/h1>\n<p>\n Ch\u00e0o m\u1eebng b\u1ea1n \u0111\u1ebfn v\u1edbi d\u1ecbch v\u1ee5 thi\u1ebft k\u1ebf website Th\u1ef1c Ph\u1ea9m Ch\u1ee9c N\u0103ng M\u1eabu S\u1ed1 5 c\u1ee7a ch\u00fang t\u00f4i! Ch\u00fang t\u00f4i t\u1ef1 h\u00e0o mang \u0111\u1ebfn cho b\u1ea1n m\u1ed9t gi\u1ea3i ph\u00e1p ho\u00e0n h\u1ea3o cho vi\u1ec7c hi\u1ec7n di\u1ec7n tr\u1ef1c tuy\u1ebfn c\u1ee7a doanh nghi\u1ec7p trong ng\u00e0nh th\u1ef1c ph\u1ea9m ch\u1ee9c n\u0103ng.\n<\/p>\n<h2>\n Giao di\u1ec7n web \u0111\u1eb9p v\u00e0 chuy\u00ean nghi\u1ec7p<br \/>\n<\/h2>\n<p>\n Website c\u1ee7a ch\u00fang t\u00f4i \u0111\u01b0\u1ee3c thi\u1ebft k\u1ebf v\u1edbi giao di\u1ec7n \u0111\u1eb9p m\u1eaft, chuy\u00ean nghi\u1ec7p, gi\u00fap thu h\u00fat s\u1ef1 ch\u00fa \u00fd c\u1ee7a ng\u01b0\u1eddi d\u00f9ng ngay l\u1ea7n \u0111\u1ea7u truy c\u1eadp. Ch\u00fang t\u00f4i ch\u00fa tr\u1ecdng \u0111\u1ebfn tr\u1ea3i nghi\u1ec7m ng\u01b0\u1eddi d\u00f9ng, \u0111\u1ea3m b\u1ea3o m\u1ecdi th\u00f4ng tin v\u00e0 s\u1ea3n ph\u1ea9m \u0111\u1ec1u \u0111\u01b0\u1ee3c tr\u00ecnh b\u00e0y m\u1ed9t c\u00e1ch r\u00f5 r\u00e0ng, d\u1ec5 hi\u1ec3u.\n<\/p>\n<h2>\n T\u01b0\u01a1ng th\u00edch tr\u00ean m\u1ecdi thi\u1ebft b\u1ecb<br \/>\n<\/h2>\n<p>\n D\u1ecbch v\u1ee5 thi\u1ebft k\u1ebf c\u1ee7a ch\u00fang t\u00f4i \u0111\u1ea3m b\u1ea3o website c\u1ee7a b\u1ea1n t\u01b0\u01a1ng th\u00edch ho\u00e0n h\u1ea3o tr\u00ean m\u1ecdi thi\u1ebft b\u1ecb, bao g\u1ed3m m\u00e1y t\u00ednh \u0111\u1ec3 b\u00e0n, laptop, tablet v\u00e0 \u0111i\u1ec7n tho\u1ea1i di \u0111\u1ed9ng. \u0110i\u1ec1u n\u00e0y gi\u00fap ng\u01b0\u1eddi d\u00f9ng c\u00f3 th\u1ec3 truy c\u1eadp v\u00e0 kh\u00e1m ph\u00e1 s\u1ea3n ph\u1ea9m c\u1ee7a b\u1ea1n m\u1ecdi l\u00fac, m\u1ecdi n\u01a1i.\n<\/p>\n<h2>\n M\u00e3 ngu\u1ed3n WordPress v\u1edbi Theme Flatsome v\u00e0 UX Builder<br \/>\n<\/h2>\n<p>\n Ch\u00fang t\u00f4i s\u1eed d\u1ee5ng m\u00e3 ngu\u1ed3n WordPress k\u1ebft h\u1ee3p v\u1edbi theme Flatsome v\u00e0 UX Builder, mang l\u1ea1i cho b\u1ea1n kh\u1ea3 n\u0103ng t\u00f9y bi\u1ebfn d\u1ec5 d\u00e0ng v\u00e0 linh ho\u1ea1t. B\u1ea1n c\u00f3 th\u1ec3 d\u1ec5 d\u00e0ng thay \u0111\u1ed5i n\u1ed9i dung, b\u1ed1 c\u1ee5c v\u00e0 h\u00ecnh \u1ea3nh m\u00e0 kh\u00f4ng c\u1ea7n c\u00f3 ki\u1ebfn th\u1ee9c l\u1eadp tr\u00ecnh ph\u1ee9c t\u1ea1p.\n<\/p>\n<h2>\n T\u1ed1c \u0111\u1ed9 t\u1ea3i trang nhanh<br \/>\n<\/h2>\n<p>\n Ch\u00fang t\u00f4i hi\u1ec3u r\u1eb1ng t\u1ed1c \u0111\u1ed9 t\u1ea3i trang l\u00e0 y\u1ebfu t\u1ed1 c\u1ef1c k\u1ef3 quan tr\u1ecdng quy\u1ebft \u0111\u1ecbnh s\u1ef1 h\u00e0i l\u00f2ng c\u1ee7a ng\u01b0\u1eddi d\u00f9ng. Do \u0111\u00f3, t\u1ea5t c\u1ea3 c\u00e1c website m\u00e0 ch\u00fang t\u00f4i thi\u1ebft k\u1ebf \u0111\u1ec1u \u0111\u01b0\u1ee3c t\u1ed1i \u01b0u h\u00f3a \u0111\u1ec3 \u0111\u1ea3m b\u1ea3o t\u1ed1c \u0111\u1ed9 t\u1ea3i trang nhanh nh\u1ea5t c\u00f3 th\u1ec3, gi\u00fap gi\u1eef ch\u00e2n ng\u01b0\u1eddi d\u00f9ng v\u00e0 c\u1ea3i thi\u1ec7n th\u1ee9 h\u1ea1ng t\u00ecm ki\u1ebfm tr\u00ean Google.\n<\/p>\n<hr\/>\n<p>\n N\u1ebfu b\u1ea1n \u0111ang t\u00ecm ki\u1ebfm m\u1ed9t \u0111\u01a1n v\u1ecb thi\u1ebft k\u1ebf website chuy\u00ean nghi\u1ec7p cho doanh nghi\u1ec7p c\u1ee7a m\u00ecnh, h\u00e3y li\u00ean h\u1ec7 v\u1edbi<br \/>\n <a href=\"https:\/\/ladigi.vn\/thiet-ke-website\/\"><br \/>\n  D\u1ecbch v\u1ee5 thi\u1ebft k\u1ebf web doanh nghi\u1ec7p<br \/>\n <\/a><br \/>\n c\u1ee7a LADIGI Agency! Ch\u00fang t\u00f4i cam k\u1ebft cung c\u1ea5p nh\u1eefng gi\u1ea3i ph\u00e1p t\u1ed1t nh\u1ea5t \u0111\u1ec3 gi\u00fap b\u1ea1n th\u00e0nh c\u00f4ng tr\u1ef1c tuy\u1ebfn.<\/p>\n","protected":false},"excerpt":{"rendered":"<p>D\u1ecbch v\u1ee5 Thi\u1ebft k\u1ebf website Th\u1ef1c Ph\u1ea9m Ch\u1ee9c N\u0103ng M\u1eabu S\u1ed1 5 mang \u0111\u1ebfn giao di\u1ec7n \u0111\u1eb9p, chuy\u00ean nghi\u1ec7p v\u00e0 d\u1ec5 s\u1eed d\u1ee5ng. Website ho\u00e0n to\u00e0n t\u01b0\u01a1ng th\u00edch tr\u00ean m\u1ecdi thi\u1ebft b\u1ecb, s\u1eed d\u1ee5ng m\u00e3 ngu\u1ed3n Wordpress c\u00f9ng Theme Flatsome v\u00e0 UX Builder d\u1ec5 t\u00f9y bi\u1ebfn. T\u1ed1c \u0111\u1ed9 t\u1ea3i trang nhanh ch\u00f3ng, t\u1ed1i \u01b0u tr\u1ea3i nghi\u1ec7m ng\u01b0\u1eddi d\u00f9ng.<\/p>\n","protected":false},"featured_media":3809,"comment_status":"open","ping_status":"closed","template":"","meta":[],"product_cat":[16,34,40],"product_tag":[23],"class_list":{"0":"post-3807","1":"product","2":"type-product","3":"status-publish","4":"has-post-thumbnail","6":"product_cat-tat-ca","7":"product_cat-thoi-trang","8":"product_cat-thuc-pham","9":"product_tag-ban-hang","11":"first","12":"instock","13":"shipping-taxable","14":"purchasable","15":"product-type-simple"},"_links":{"self":[{"href":"https:\/\/ladigi.vn\/thiet-ke-website\/wp-json\/wp\/v2\/product\/3807","targetHints":{"allow":["GET"]}}],"collection":[{"href":"https:\/\/ladigi.vn\/thiet-ke-website\/wp-json\/wp\/v2\/product"}],"about":[{"href":"https:\/\/ladigi.vn\/thiet-ke-website\/wp-json\/wp\/v2\/types\/product"}],"replies":[{"embeddable":true,"href":"https:\/\/ladigi.vn\/thiet-ke-website\/wp-json\/wp\/v2\/comments?post=3807"}],"wp:featuredmedia":[{"embeddable":true,"href":"https:\/\/ladigi.vn\/thiet-ke-website\/wp-json\/wp\/v2\/media\/3809"}],"wp:attachment":[{"href":"https:\/\/ladigi.vn\/thiet-ke-website\/wp-json\/wp\/v2\/media?parent=3807"}],"wp:term":[{"taxonomy":"product_cat","embeddable":true,"href":"https:\/\/ladigi.vn\/thiet-ke-website\/wp-json\/wp\/v2\/product_cat?post=3807"},{"taxonomy":"product_tag","embeddable":true,"href":"https:\/\/ladigi.vn\/thiet-ke-website\/wp-json\/wp\/v2\/product_tag?post=3807"}],"curies":[{"name":"wp","href":"https:\/\/api.w.org\/{rel}","templated":true}]}}