{"id":3810,"date":"2021-05-10T14:56:50","date_gmt":"2021-05-10T07:56:50","guid":{"rendered":"https:\/\/ladigi.vn\/thiet-ke-website\/?post_type=product&#038;p=3810"},"modified":"2025-01-10T14:19:30","modified_gmt":"2025-01-10T07:19:30","slug":"thiet-ke-website-bat-dong-san-co-tinh-nang-dang-tin-mau-so-34","status":"publish","type":"product","link":"https:\/\/ladigi.vn\/thiet-ke-website\/mau-web\/thiet-ke-website-bat-dong-san-co-tinh-nang-dang-tin-mau-so-34\/","title":{"rendered":"B\u1ea5t \u0110\u1ed9ng S\u1ea3n C\u00f3 T\u00ednh N\u0103ng \u0110\u0103ng Tin"},"content":{"rendered":"<h2>\n D\u1ecbch V\u1ee5 Thi\u1ebft K\u1ebf Website B\u1ea5t \u0110\u1ed9ng S\u1ea3n C\u00f3 T\u00ednh N\u0103ng \u0110\u0103ng Tin<br \/>\n<\/h2>\n<p>\n Trong th\u1eddi \u0111\u1ea1i s\u1ed1 h\u00f3a hi\u1ec7n nay, vi\u1ec7c s\u1edf h\u1eefu m\u1ed9t trang web b\u1ea5t \u0111\u1ed9ng s\u1ea3n chuy\u00ean nghi\u1ec7p kh\u00f4ng ch\u1ec9 gi\u00fap b\u1ea1n qu\u1ea3ng b\u00e1 s\u1ea3n ph\u1ea9m m\u00e0 c\u00f2n t\u1ea1o d\u1ea5u \u1ea5n trong l\u00f2ng kh\u00e1ch h\u00e0ng. Ch\u00fang t\u00f4i cung c\u1ea5p d\u1ecbch v\u1ee5 thi\u1ebft k\u1ebf website b\u1ea5t \u0111\u1ed9ng s\u1ea3n v\u1edbi t\u00ednh n\u0103ng \u0111\u0103ng tin ho\u00e0n h\u1ea3o, mang \u0111\u1ebfn tr\u1ea3i nghi\u1ec7m t\u1ed1i \u01b0u cho ng\u01b0\u1eddi d\u00f9ng v\u00e0 gi\u00fap b\u1ea1n qu\u1ea3n l\u00fd n\u1ed9i dung d\u1ec5 d\u00e0ng.\n<\/p>\n<h3>\n Giao Di\u1ec7n \u0110\u1eb9p, Chuy\u00ean Nghi\u1ec7p, D\u1ec5 S\u1eed D\u1ee5ng<br \/>\n<\/h3>\n<p>\n Ch\u00fang t\u00f4i hi\u1ec3u r\u1eb1ng giao di\u1ec7n l\u00e0 y\u1ebfu t\u1ed1 quan tr\u1ecdng \u0111\u1ea7u ti\u00ean thu h\u00fat s\u1ef1 ch\u00fa \u00fd c\u1ee7a kh\u00e1ch h\u00e0ng. Website c\u1ee7a ch\u00fang t\u00f4i \u0111\u01b0\u1ee3c thi\u1ebft k\u1ebf kh\u00f4ng ch\u1ec9 \u0111\u1eb9p m\u1eaft m\u00e0 c\u00f2n chuy\u00ean nghi\u1ec7p, gi\u00fap b\u1ea1n ghi \u0111i\u1ec3m trong m\u1eaft ng\u01b0\u1eddi d\u00f9ng ngay t\u1eeb c\u00e1i nh\u00ecn \u0111\u1ea7u ti\u00ean. Kh\u00e1ch h\u00e0ng s\u1ebd d\u1ec5 d\u00e0ng t\u00ecm ki\u1ebfm th\u00f4ng tin v\u00e0 t\u01b0\u01a1ng t\u00e1c v\u1edbi c\u00e1c s\u1ea3n ph\u1ea9m, d\u1ecbch v\u1ee5 m\u00e0 b\u1ea1n cung c\u1ea5p.\n<\/p>\n<h3>\n T\u01b0\u01a1ng Th\u00edch Tr\u00ean M\u1ecdi Thi\u1ebft B\u1ecb<br \/>\n<\/h3>\n<p>\n V\u1edbi s\u1ef1 ph\u00e1t tri\u1ec3n nhanh ch\u00f3ng c\u1ee7a c\u00f4ng ngh\u1ec7, ng\u01b0\u1eddi d\u00f9ng ng\u00e0y c\u00e0ng c\u00f3 xu h\u01b0\u1edbng truy c\u1eadp internet b\u1eb1ng nhi\u1ec1u lo\u1ea1i thi\u1ebft b\u1ecb kh\u00e1c nhau. Website b\u1ea5t \u0111\u1ed9ng s\u1ea3n c\u1ee7a ch\u00fang t\u00f4i \u0111\u01b0\u1ee3c t\u1ed1i \u01b0u h\u00f3a \u0111\u1ec3 t\u01b0\u01a1ng th\u00edch ho\u00e0n h\u1ea3o tr\u00ean m\u1ecdi thi\u1ebft b\u1ecb: t\u1eeb m\u00e1y t\u00ednh, laptop cho \u0111\u1ebfn smartphone v\u00e0 tablet. \u0110i\u1ec1u n\u00e0y gi\u00fap b\u1ea1n ti\u1ebfp c\u1eadn kh\u00e1ch h\u00e0ng m\u1ecdi l\u00fac, m\u1ecdi n\u01a1i.\n<\/p>\n<h3>\n M\u00e3 Ngu\u1ed3n WordPress V\u1edbi Theme Flatsome v\u00e0 UX Builder D\u1ec5 T\u00f9y Bi\u1ebfn<br \/>\n<\/h3>\n<p>\n Ch\u00fang t\u00f4i s\u1eed d\u1ee5ng m\u00e3 ngu\u1ed3n WordPress v\u1edbi theme Flatsome v\u00e0 UX Builder, gi\u00fap vi\u1ec7c ch\u1ec9nh s\u1eeda v\u00e0 t\u00f9y bi\u1ebfn giao di\u1ec7n tr\u1edf n\u00ean d\u1ec5 d\u00e0ng. B\u1ea1n c\u00f3 th\u1ec3 t\u1ef1 tay thay \u0111\u1ed5i n\u1ed9i dung, phong c\u00e1ch thi\u1ebft k\u1ebf v\u00e0 b\u1ed1 c\u1ee5c m\u1ed9t c\u00e1ch nhanh ch\u00f3ng m\u00e0 kh\u00f4ng c\u1ea7n \u0111\u1ebfn ki\u1ebfn th\u1ee9c l\u1eadp tr\u00ecnh ph\u1ee9c t\u1ea1p.\n<\/p>\n<h3>\n T\u1ed1c \u0110\u1ed9 T\u1ea3i Trang Nhanh<br \/>\n<\/h3>\n<p>\n Ch\u00fang t\u00f4i cam k\u1ebft t\u1ed1i \u01b0u t\u1ed1c \u0111\u1ed9 t\u1ea3i trang nh\u1eb1m mang \u0111\u1ebfn tr\u1ea3i nghi\u1ec7m tuy\u1ec7t v\u1eddi nh\u1ea5t cho ng\u01b0\u1eddi d\u00f9ng. M\u1ed9t trang web t\u1ea3i nhanh kh\u00f4ng ch\u1ec9 gi\u00fap c\u1ea3i thi\u1ec7n s\u1ef1 h\u00e0i l\u00f2ng c\u1ee7a kh\u00e1ch h\u00e0ng m\u00e0 c\u00f2n g\u00f3p ph\u1ea7n n\u00e2ng cao th\u1ee9 h\u1ea1ng SEO, gi\u00fap b\u1ea1n d\u1ec5 d\u00e0ng thu h\u00fat nhi\u1ec1u l\u01b0\u1ee3t truy c\u1eadp h\u01a1n.\n<\/p>\n<h3>\n Gi\u1edbi Thi\u1ec7u \u0110\u01a1n V\u1ecb Thi\u1ebft K\u1ebf Website<br \/>\n<\/h3>\n<p>\n N\u1ebfu b\u1ea1n \u0111ang t\u00ecm ki\u1ebfm m\u1ed9t \u0111\u01a1n v\u1ecb thi\u1ebft k\u1ebf website uy t\u00edn v\u00e0 chuy\u00ean nghi\u1ec7p, h\u00e3y \u0111\u1ebfn v\u1edbi LADIGI. V\u1edbi kinh nghi\u1ec7m d\u00e0y d\u1ea1n v\u00e0 \u0111\u1ed9i ng\u0169 chuy\u00ean vi\u00ean gi\u00e0u s\u00e1ng t\u1ea1o, ch\u00fang t\u00f4i cam k\u1ebft mang \u0111\u1ebfn cho b\u1ea1n m\u1ed9t website b\u1ea5t \u0111\u1ed9ng s\u1ea3n ho\u00e0n h\u1ea3o. \u0110\u1ec3 bi\u1ebft th\u00eam chi ti\u1ebft, vui l\u00f2ng truy c\u1eadp<br \/>\n <a href=\"https:\/\/ladigi.vn\/thiet-ke-website\/\"><br \/>\n  C\u00f4ng ty x\u00e2y d\u1ef1ng website b\u00e1n h\u00e0ng LADIGI<br \/>\n <\/a><br \/>\n .\n<\/p>\n<p>\n H\u00e3y \u0111\u1ec3 ch\u00fang t\u00f4i gi\u00fap b\u1ea1n hi\u1ec7n th\u1ef1c h\u00f3a gi\u1ea5c m\u01a1 s\u1edf h\u1eefu m\u1ed9t trang web b\u1ea5t \u0111\u1ed9ng s\u1ea3n \u0111\u1eb3ng c\u1ea5p ngay h\u00f4m nay!<\/p>\n","protected":false},"excerpt":{"rendered":"<p>D\u1ecbch v\u1ee5 Thi\u1ebft k\u1ebf website B\u1ea5t \u0110\u1ed9ng S\u1ea3n v\u1edbi giao di\u1ec7n \u0111\u1eb9p, chuy\u00ean nghi\u1ec7p v\u00e0 th\u00e2n thi\u1ec7n gi\u00fap ng\u01b0\u1eddi d\u00f9ng d\u1ec5 d\u00e0ng truy c\u1eadp. T\u01b0\u01a1ng th\u00edch m\u1ecdi thi\u1ebft b\u1ecb, s\u1eed d\u1ee5ng m\u00e3 ngu\u1ed3n Wordpress v\u1edbi Theme Flatsome v\u00e0 UX Builder d\u1ec5 t\u00f9y bi\u1ebfn. \u0110\u1eb7c bi\u1ec7t, t\u1ed1c \u0111\u1ed9 t\u1ea3i trang nhanh, n\u00e2ng cao tr\u1ea3i nghi\u1ec7m ng\u01b0\u1eddi d\u00f9ng.<\/p>\n","protected":false},"featured_media":3812,"comment_status":"open","ping_status":"closed","template":"","meta":[],"product_cat":[16,28],"product_tag":[24],"class_list":{"0":"post-3810","1":"product","2":"type-product","3":"status-publish","4":"has-post-thumbnail","6":"product_cat-tat-ca","7":"product_cat-bat-dong-san","8":"product_tag-cong-ty","10":"first","11":"instock","12":"shipping-taxable","13":"purchasable","14":"product-type-simple"},"_links":{"self":[{"href":"https:\/\/ladigi.vn\/thiet-ke-website\/wp-json\/wp\/v2\/product\/3810","targetHints":{"allow":["GET"]}}],"collection":[{"href":"https:\/\/ladigi.vn\/thiet-ke-website\/wp-json\/wp\/v2\/product"}],"about":[{"href":"https:\/\/ladigi.vn\/thiet-ke-website\/wp-json\/wp\/v2\/types\/product"}],"replies":[{"embeddable":true,"href":"https:\/\/ladigi.vn\/thiet-ke-website\/wp-json\/wp\/v2\/comments?post=3810"}],"wp:featuredmedia":[{"embeddable":true,"href":"https:\/\/ladigi.vn\/thiet-ke-website\/wp-json\/wp\/v2\/media\/3812"}],"wp:attachment":[{"href":"https:\/\/ladigi.vn\/thiet-ke-website\/wp-json\/wp\/v2\/media?parent=3810"}],"wp:term":[{"taxonomy":"product_cat","embeddable":true,"href":"https:\/\/ladigi.vn\/thiet-ke-website\/wp-json\/wp\/v2\/product_cat?post=3810"},{"taxonomy":"product_tag","embeddable":true,"href":"https:\/\/ladigi.vn\/thiet-ke-website\/wp-json\/wp\/v2\/product_tag?post=3810"}],"curies":[{"name":"wp","href":"https:\/\/api.w.org\/{rel}","templated":true}]}}