{"id":3821,"date":"2021-05-10T15:02:28","date_gmt":"2021-05-10T08:02:28","guid":{"rendered":"https:\/\/ladigi.vn\/thiet-ke-website\/?post_type=product&#038;p=3821"},"modified":"2025-01-10T14:24:44","modified_gmt":"2025-01-10T07:24:44","slug":"thiet-ke-website-noi-that-mau-so-20-credo","status":"publish","type":"product","link":"https:\/\/ladigi.vn\/thiet-ke-website\/mau-web\/thiet-ke-website-noi-that-mau-so-20-credo\/","title":{"rendered":"N\u1ed9i Th\u1ea5t M\u1eabu S\u1ed1 20"},"content":{"rendered":"<h1>\n D\u1ecbch v\u1ee5 Thi\u1ebft k\u1ebf website N\u1ed9i Th\u1ea5t M\u1eabu S\u1ed1 20<br \/>\n<\/h1>\n<p>\n Khi n\u00f3i \u0111\u1ebfn thi\u1ebft k\u1ebf website cho l\u0129nh v\u1ef1c n\u1ed9i th\u1ea5t, m\u1eabu s\u1ed1 20 c\u1ee7a ch\u00fang t\u00f4i n\u1ed5i b\u1eadt v\u1edbi<br \/>\n <strong><br \/>\n  giao di\u1ec7n \u0111\u1eb9p<br \/>\n <\/strong><br \/>\n ,<br \/>\n <strong><br \/>\n  chuy\u00ean nghi\u1ec7p<br \/>\n <\/strong><br \/>\n v\u00e0<br \/>\n <strong><br \/>\n  d\u1ec5 s\u1eed d\u1ee5ng<br \/>\n <\/strong><br \/>\n . Ch\u00fang t\u00f4i hi\u1ec3u r\u1eb1ng m\u1ed9t trang web kh\u00f4ng ch\u1ec9 \u0111\u01a1n thu\u1ea7n l\u00e0 m\u1ed9t c\u00f4ng c\u1ee5 qu\u1ea3ng b\u00e1, m\u00e0 c\u00f2n l\u00e0 n\u01a1i \u0111\u1ec3 kh\u00e1ch h\u00e0ng tr\u1ea3i nghi\u1ec7m v\u00e0 t\u00ecm hi\u1ec3u v\u1ec1 s\u1ea3n ph\u1ea9m, d\u1ecbch v\u1ee5 c\u1ee7a b\u1ea1n.\n<\/p>\n<h2>\n T\u01b0\u01a1ng th\u00edch tr\u00ean m\u1ecdi thi\u1ebft b\u1ecb<br \/>\n<\/h2>\n<p>\n V\u1edbi xu h\u01b0\u1edbng ng\u00e0y c\u00e0ng nhi\u1ec1u ng\u01b0\u1eddi s\u1eed d\u1ee5ng di \u0111\u1ed9ng \u0111\u1ec3 truy c\u1eadp website, m\u1eabu thi\u1ebft k\u1ebf n\u00e0y \u0111\u01b0\u1ee3c t\u1ed1i \u01b0u h\u00f3a \u0111\u1ec3<br \/>\n <strong><br \/>\n  t\u01b0\u01a1ng th\u00edch tr\u00ean m\u1ecdi thi\u1ebft b\u1ecb<br \/>\n <\/strong><br \/>\n , t\u1eeb m\u00e1y t\u00ednh \u0111\u1ec3 b\u00e0n cho \u0111\u1ebfn smartphone. \u0110i\u1ec1u n\u00e0y gi\u00fap kh\u00e1ch h\u00e0ng d\u1ec5 d\u00e0ng ti\u1ebfp c\u1eadn th\u00f4ng tin ngay c\u1ea3 khi \u0111ang di chuy\u1ec3n.\n<\/p>\n<h2>\n M\u00e3 ngu\u1ed3n WordPress v\u1edbi Theme Flatsome v\u00e0 UX Builder<br \/>\n<\/h2>\n<p>\n M\u1eabu s\u1ed1 20 s\u1eed d\u1ee5ng<br \/>\n <strong><br \/>\n  m\u00e3 ngu\u1ed3n WordPress<br \/>\n <\/strong><br \/>\n , m\u1ed9t n\u1ec1n t\u1ea3ng m\u1ea1nh m\u1ebd v\u00e0 ph\u1ed5 bi\u1ebfn nh\u1ea5t hi\u1ec7n nay. K\u00e8m theo \u0111\u00f3 l\u00e0<br \/>\n <strong><br \/>\n  Theme Flatsome<br \/>\n <\/strong><br \/>\n v\u00e0<br \/>\n <strong><br \/>\n  UX Builder<br \/>\n <\/strong><br \/>\n , gi\u00fap b\u1ea1n d\u1ec5 d\u00e0ng t\u00f9y bi\u1ebfn giao di\u1ec7n theo \u00fd t\u01b0\u1edfng ri\u00eang c\u1ee7a m\u00ecnh. B\u1ea1n c\u00f3 th\u1ec3 t\u1ef1 do thay \u0111\u1ed5i m\u00e0u s\u1eafc, b\u1ed1 c\u1ee5c v\u00e0 c\u00e1c th\u00e0nh ph\u1ea7n kh\u00e1c m\u00e0 kh\u00f4ng c\u1ea7n qu\u00e1 nhi\u1ec1u ki\u1ebfn th\u1ee9c v\u1ec1 l\u1eadp tr\u00ecnh.\n<\/p>\n<h2>\n T\u1ed1c \u0111\u1ed9 t\u1ea3i trang nhanh<br \/>\n<\/h2>\n<p>\n Ch\u00fang t\u00f4i \u0111\u1ea3m b\u1ea3o r\u1eb1ng t\u1ed1c \u0111\u1ed9 t\u1ea3i trang nhanh, gi\u00fap c\u1ea3i thi\u1ec7n tr\u1ea3i nghi\u1ec7m ng\u01b0\u1eddi d\u00f9ng v\u00e0 t\u0103ng kh\u1ea3 n\u0103ng gi\u1eef ch\u00e2n kh\u00e1ch h\u00e0ng. M\u1ed9t trang web t\u1ea3i nhanh kh\u00f4ng ch\u1ec9 mang l\u1ea1i s\u1ef1 h\u00e0i l\u00f2ng cho ng\u01b0\u1eddi truy c\u1eadp m\u00e0 c\u00f2n gi\u00fap n\u00e2ng cao v\u1ecb tr\u00ed tr\u00ean c\u00e1c c\u00f4ng c\u1ee5 t\u00ecm ki\u1ebfm.\n<\/p>\n<hr\/>\n<p>\n N\u1ebfu b\u1ea1n \u0111ang t\u00ecm ki\u1ebfm m\u1ed9t \u0111\u01a1n v\u1ecb thi\u1ebft k\u1ebf website chuy\u00ean nghi\u1ec7p v\u00e0 uy t\u00edn, LADIGI Agency ch\u00ednh l\u00e0 l\u1ef1a ch\u1ecdn ho\u00e0n h\u1ea3o. V\u1edbi kinh nghi\u1ec7m d\u00e0y d\u1ea1n v\u00e0 \u0111\u1ed9i ng\u0169 nh\u00e2n vi\u00ean s\u00e1ng t\u1ea1o, ch\u00fang t\u00f4i cam k\u1ebft mang \u0111\u1ebfn cho b\u1ea1n m\u1ed9t s\u1ea3n ph\u1ea9m tuy\u1ec7t v\u1eddi.\n<\/p>\n<p>\n Kh\u00e1m ph\u00e1 ngay<br \/>\n <a href=\"https:\/\/ladigi.vn\/thiet-ke-website\/\"><br \/>\n  D\u1ecbch v\u1ee5 thi\u1ebft k\u1ebf web tr\u1ecdn g\u00f3i uy t\u00edn<br \/>\n <\/a><br \/>\n c\u1ee7a ch\u00fang t\u00f4i \u0111\u1ec3 b\u1eaft \u0111\u1ea7u cho d\u1ef1 \u00e1n thi\u1ebft k\u1ebf website c\u1ee7a b\u1ea1n!<\/p>\n","protected":false},"excerpt":{"rendered":"<p>D\u1ecbch v\u1ee5 Thi\u1ebft k\u1ebf website N\u1ed9i Th\u1ea5t M\u1eabu S\u1ed1 20 mang \u0111\u1ebfn giao di\u1ec7n \u0111\u1eb9p, chuy\u00ean nghi\u1ec7p v\u00e0 d\u1ec5 s\u1eed d\u1ee5ng. T\u01b0\u01a1ng th\u00edch ho\u00e0n h\u1ea3o tr\u00ean m\u1ecdi thi\u1ebft b\u1ecb, s\u1eed d\u1ee5ng m\u00e3 ngu\u1ed3n Wordpress v\u1edbi Theme Flatsome v\u00e0 UX Builder d\u1ec5 t\u00f9y bi\u1ebfn, trang web c\u00f2n c\u00f3 t\u1ed1c \u0111\u1ed9 t\u1ea3i nhanh, \u0111\u1ea3m b\u1ea3o tr\u1ea3i nghi\u1ec7m t\u1ed1i \u01b0u cho ng\u01b0\u1eddi d\u00f9ng.<\/p>\n","protected":false},"featured_media":3824,"comment_status":"open","ping_status":"closed","template":"","meta":[],"product_cat":[16,30],"product_tag":[24],"class_list":{"0":"post-3821","1":"product","2":"type-product","3":"status-publish","4":"has-post-thumbnail","6":"product_cat-tat-ca","7":"product_cat-noi-that","8":"product_tag-cong-ty","10":"first","11":"instock","12":"shipping-taxable","13":"purchasable","14":"product-type-simple"},"_links":{"self":[{"href":"https:\/\/ladigi.vn\/thiet-ke-website\/wp-json\/wp\/v2\/product\/3821","targetHints":{"allow":["GET"]}}],"collection":[{"href":"https:\/\/ladigi.vn\/thiet-ke-website\/wp-json\/wp\/v2\/product"}],"about":[{"href":"https:\/\/ladigi.vn\/thiet-ke-website\/wp-json\/wp\/v2\/types\/product"}],"replies":[{"embeddable":true,"href":"https:\/\/ladigi.vn\/thiet-ke-website\/wp-json\/wp\/v2\/comments?post=3821"}],"wp:featuredmedia":[{"embeddable":true,"href":"https:\/\/ladigi.vn\/thiet-ke-website\/wp-json\/wp\/v2\/media\/3824"}],"wp:attachment":[{"href":"https:\/\/ladigi.vn\/thiet-ke-website\/wp-json\/wp\/v2\/media?parent=3821"}],"wp:term":[{"taxonomy":"product_cat","embeddable":true,"href":"https:\/\/ladigi.vn\/thiet-ke-website\/wp-json\/wp\/v2\/product_cat?post=3821"},{"taxonomy":"product_tag","embeddable":true,"href":"https:\/\/ladigi.vn\/thiet-ke-website\/wp-json\/wp\/v2\/product_tag?post=3821"}],"curies":[{"name":"wp","href":"https:\/\/api.w.org\/{rel}","templated":true}]}}