{"id":3828,"date":"2021-05-10T15:05:35","date_gmt":"2021-05-10T08:05:35","guid":{"rendered":"https:\/\/ladigi.vn\/thiet-ke-website\/?post_type=product&#038;p=3828"},"modified":"2025-01-10T14:27:26","modified_gmt":"2025-01-10T07:27:26","slug":"thiet-ke-website-ban-my-pham-mau-so-20-comfortic","status":"publish","type":"product","link":"https:\/\/ladigi.vn\/thiet-ke-website\/mau-web\/thiet-ke-website-ban-my-pham-mau-so-20-comfortic\/","title":{"rendered":"M\u1ef9 Ph\u1ea9m M\u1eabu S\u1ed1 20"},"content":{"rendered":"<h1>\n D\u1ecbch v\u1ee5 Thi\u1ebft k\u1ebf website M\u1ef9 Ph\u1ea9m M\u1eabu S\u1ed1 20<br \/>\n<\/h1>\n<p>\n Ch\u00e0o m\u1eebng b\u1ea1n \u0111\u1ebfn v\u1edbi d\u1ecbch v\u1ee5 thi\u1ebft k\u1ebf website M\u1ef9 Ph\u1ea9m M\u1eabu S\u1ed1 20 \u2013 n\u01a1i ch\u00fang t\u00f4i mang \u0111\u1ebfn cho b\u1ea1n m\u1ed9t trang web ho\u00e0n h\u1ea3o v\u1edbi giao di\u1ec7n \u0111\u1eb9p, chuy\u00ean nghi\u1ec7p v\u00e0 d\u1ec5 s\u1eed d\u1ee5ng. Website \u0111\u01b0\u1ee3c thi\u1ebft k\u1ebf nh\u1eb1m ph\u1ee5c v\u1ee5 nhu c\u1ea7u kinh doanh trong ng\u00e0nh m\u1ef9 ph\u1ea9m, gi\u00fap b\u1ea1n thu h\u00fat kh\u00e1ch h\u00e0ng v\u00e0 t\u0103ng c\u01b0\u1eddng gi\u00e1 tr\u1ecb th\u01b0\u01a1ng hi\u1ec7u.\n<\/p>\n<h2>\n Giao di\u1ec7n \u0111\u1eb9p v\u00e0 th\u00e2n thi\u1ec7n<br \/>\n<\/h2>\n<p>\n Trang web c\u1ee7a ch\u00fang t\u00f4i s\u1edf h\u1eefu<br \/>\n <strong><br \/>\n  giao di\u1ec7n \u0111\u1eb9p m\u1eaft<br \/>\n <\/strong><br \/>\n , \u0111\u01b0\u1ee3c t\u1ed1i \u01b0u h\u00f3a \u0111\u1ec3 mang \u0111\u1ebfn tr\u1ea3i nghi\u1ec7m ng\u01b0\u1eddi d\u00f9ng t\u1ed1t nh\u1ea5t. Thi\u1ebft k\u1ebf chuy\u00ean nghi\u1ec7p gi\u00fap th\u1ec3 hi\u1ec7n h\u00ecnh \u1ea3nh c\u1ee7a th\u01b0\u01a1ng hi\u1ec7u b\u1ea1n m\u1ed9t c\u00e1ch r\u00f5 n\u00e9t v\u00e0 thu h\u00fat, \u0111\u1ed3ng th\u1eddi d\u1ec5 d\u00e0ng h\u01b0\u1edbng d\u1eabn kh\u00e1ch h\u00e0ng \u0111\u1ebfn c\u00e1c s\u1ea3n ph\u1ea9m m\u00e0 b\u1ea1n cung c\u1ea5p.\n<\/p>\n<h2>\n T\u01b0\u01a1ng th\u00edch tr\u00ean m\u1ecdi thi\u1ebft b\u1ecb<br \/>\n<\/h2>\n<p>\n Ch\u00fang t\u00f4i hi\u1ec3u r\u1eb1ng, trong th\u1eddi \u0111\u1ea1i k\u1ef9 thu\u1eadt s\u1ed1 ng\u00e0y nay, kh\u1ea3 n\u0103ng truy c\u1eadp tr\u00ean nhi\u1ec1u thi\u1ebft b\u1ecb l\u00e0 r\u1ea5t quan tr\u1ecdng. Website M\u1ef9 Ph\u1ea9m M\u1eabu S\u1ed1 20 c\u1ee7a ch\u00fang t\u00f4i \u0111\u01b0\u1ee3c t\u1ed1i \u01b0u h\u00f3a \u0111\u1ec3<br \/>\n <strong><br \/>\n  t\u01b0\u01a1ng th\u00edch tr\u00ean m\u1ecdi thi\u1ebft b\u1ecb<br \/>\n <\/strong><br \/>\n t\u1eeb m\u00e1y t\u00ednh \u0111\u1ec3 b\u00e0n, laptop cho \u0111\u1ebfn smartphone v\u00e0 tablet. \u0110i\u1ec1u n\u00e0y gi\u00fap kh\u00e1ch h\u00e0ng c\u00f3 th\u1ec3 d\u1ec5 d\u00e0ng truy c\u1eadp v\u00e0 mua s\u1eafm m\u1ecdi l\u00fac, m\u1ecdi n\u01a1i.\n<\/p>\n<h2>\n M\u00e3 ngu\u1ed3n WordPress v\u1edbi Theme Flatsome v\u00e0 UX Builder<br \/>\n<\/h2>\n<p>\n Ch\u00fang t\u00f4i s\u1eed d\u1ee5ng<br \/>\n <strong><br \/>\n  m\u00e3 ngu\u1ed3n WordPress<br \/>\n <\/strong><br \/>\n v\u1edbi<br \/>\n <strong><br \/>\n  Theme Flatsome<br \/>\n <\/strong><br \/>\n v\u00e0<br \/>\n <strong><br \/>\n  UX Builder<br \/>\n <\/strong><br \/>\n , cho ph\u00e9p b\u1ea1n d\u1ec5 d\u00e0ng t\u00f9y ch\u1ec9nh v\u00e0 thay \u0111\u1ed5i giao di\u1ec7n theo \u00fd mu\u1ed1n. V\u1edbi h\u1ec7 th\u1ed1ng qu\u1ea3n l\u00fd n\u1ed9i dung th\u00e2n thi\u1ec7n, b\u1ea1n c\u00f3 th\u1ec3 c\u1eadp nh\u1eadt th\u00f4ng tin s\u1ea3n ph\u1ea9m, h\u00ecnh \u1ea3nh v\u00e0 n\u1ed9i dung nhanh ch\u00f3ng m\u00e0 kh\u00f4ng c\u1ea7n \u0111\u1ebfn k\u1ef9 n\u0103ng l\u1eadp tr\u00ecnh.\n<\/p>\n<h2>\n T\u1ed1c \u0111\u1ed9 t\u1ea3i trang nhanh<br \/>\n<\/h2>\n<p>\n M\u1ed9t y\u1ebfu t\u1ed1 quan tr\u1ecdng kh\u00f4ng th\u1ec3 b\u1ecf qua \u0111\u00f3 l\u00e0<br \/>\n <strong><br \/>\n  t\u1ed1c \u0111\u1ed9 t\u1ea3i trang nhanh<br \/>\n <\/strong><br \/>\n . Ch\u00fang t\u00f4i cam k\u1ebft t\u1ed1i \u01b0u h\u00f3a website \u0111\u1ec3 th\u1eddi gian t\u1ea3i trang lu\u00f4n \u1edf m\u1ee9c nhanh nh\u1ea5t, gi\u00fap c\u1ea3i thi\u1ec7n tr\u1ea3i nghi\u1ec7m c\u1ee7a kh\u00e1ch h\u00e0ng v\u00e0 t\u0103ng c\u01b0\u1eddng kh\u1ea3 n\u0103ng gi\u1eef ch\u00e2n ng\u01b0\u1eddi truy c\u1eadp.\n<\/p>\n<hr\/>\n<p>\n \u0110\u1ec3 bi\u1ebft th\u00eam th\u00f4ng tin v\u00e0 tr\u1ea3i nghi\u1ec7m d\u1ecbch v\u1ee5 thi\u1ebft k\u1ebf website chuy\u00ean nghi\u1ec7p, h\u00e3y li\u00ean h\u1ec7 v\u1edbi ch\u00fang t\u00f4i t\u1ea1i<br \/>\n <a href=\"https:\/\/ladigi.vn\/thiet-ke-website\/\"><br \/>\n  C\u00f4ng ty thi\u1ebft k\u1ebf website LADIGI<br \/>\n <\/a><br \/>\n . Ch\u00fang t\u00f4i lu\u00f4n s\u1eb5n s\u00e0ng h\u1ed7 tr\u1ee3 b\u1ea1n trong vi\u1ec7c x\u00e2y d\u1ef1ng m\u1ed9t trang web m\u1ef9 ph\u1ea9m \u0111\u1eb3ng c\u1ea5p!<\/p>\n","protected":false},"excerpt":{"rendered":"<p>D\u1ecbch v\u1ee5 Thi\u1ebft k\u1ebf website M\u1ef9 Ph\u1ea9m M\u1eabu S\u1ed1 20 mang \u0111\u1ebfn giao di\u1ec7n \u0111\u1eb9p, chuy\u00ean nghi\u1ec7p v\u00e0 d\u1ec5 s\u1eed d\u1ee5ng. T\u01b0\u01a1ng th\u00edch ho\u00e0n h\u1ea3o tr\u00ean m\u1ecdi thi\u1ebft b\u1ecb, s\u1eed d\u1ee5ng m\u00e3 ngu\u1ed3n Wordpress v\u1edbi Theme Flatsome v\u00e0 UX Builder, d\u1ec5 d\u00e0ng t\u00f9y bi\u1ebfn. \u0110\u1eb7c bi\u1ec7t, t\u1ed1c \u0111\u1ed9 t\u1ea3i trang nhanh ch\u00f3ng, n\u00e2ng cao tr\u1ea3i nghi\u1ec7m ng\u01b0\u1eddi d\u00f9ng.<\/p>\n","protected":false},"featured_media":3830,"comment_status":"open","ping_status":"closed","template":"","meta":[],"product_cat":[16,44,35],"product_tag":[23],"class_list":{"0":"post-3828","1":"product","2":"type-product","3":"status-publish","4":"has-post-thumbnail","6":"product_cat-tat-ca","7":"product_cat-lam-dep","8":"product_cat-my-pham","9":"product_tag-ban-hang","11":"first","12":"instock","13":"shipping-taxable","14":"purchasable","15":"product-type-simple"},"_links":{"self":[{"href":"https:\/\/ladigi.vn\/thiet-ke-website\/wp-json\/wp\/v2\/product\/3828","targetHints":{"allow":["GET"]}}],"collection":[{"href":"https:\/\/ladigi.vn\/thiet-ke-website\/wp-json\/wp\/v2\/product"}],"about":[{"href":"https:\/\/ladigi.vn\/thiet-ke-website\/wp-json\/wp\/v2\/types\/product"}],"replies":[{"embeddable":true,"href":"https:\/\/ladigi.vn\/thiet-ke-website\/wp-json\/wp\/v2\/comments?post=3828"}],"wp:featuredmedia":[{"embeddable":true,"href":"https:\/\/ladigi.vn\/thiet-ke-website\/wp-json\/wp\/v2\/media\/3830"}],"wp:attachment":[{"href":"https:\/\/ladigi.vn\/thiet-ke-website\/wp-json\/wp\/v2\/media?parent=3828"}],"wp:term":[{"taxonomy":"product_cat","embeddable":true,"href":"https:\/\/ladigi.vn\/thiet-ke-website\/wp-json\/wp\/v2\/product_cat?post=3828"},{"taxonomy":"product_tag","embeddable":true,"href":"https:\/\/ladigi.vn\/thiet-ke-website\/wp-json\/wp\/v2\/product_tag?post=3828"}],"curies":[{"name":"wp","href":"https:\/\/api.w.org\/{rel}","templated":true}]}}