{"id":3829,"date":"2021-05-10T15:06:37","date_gmt":"2021-05-10T08:06:37","guid":{"rendered":"https:\/\/ladigi.vn\/thiet-ke-website\/?post_type=product&#038;p=3829"},"modified":"2025-01-10T14:28:18","modified_gmt":"2025-01-10T07:28:18","slug":"thiet-ke-website-thoi-trang-tre-em-da-viet-hoa-full-code","status":"publish","type":"product","link":"https:\/\/ladigi.vn\/thiet-ke-website\/mau-web\/thiet-ke-website-thoi-trang-tre-em-da-viet-hoa-full-code\/","title":{"rendered":"Thi\u1ebft k\u1ebf Website th\u1eddi trang tr\u1ebb em \u0111\u00e3 Vi\u1ec7t h\u00f3a \u2013 Full Code"},"content":{"rendered":"<h1>\n D\u1ecbch v\u1ee5 Thi\u1ebft k\u1ebf Website Th\u1eddi trang Tr\u1ebb em \u0111\u00e3 Vi\u1ec7t h\u00f3a \u2013 Full Code<br \/>\n<\/h1>\n<p>\n Ch\u00e0o m\u1eebng b\u1ea1n \u0111\u1ebfn v\u1edbi d\u1ecbch v\u1ee5<br \/>\n <strong><br \/>\n  Thi\u1ebft k\u1ebf Website Th\u1eddi trang Tr\u1ebb em<br \/>\n <\/strong><br \/>\n c\u1ee7a ch\u00fang t\u00f4i! N\u1ebfu b\u1ea1n \u0111ang t\u00ecm ki\u1ebfm m\u1ed9t gi\u1ea3i ph\u00e1p ho\u00e0n h\u1ea3o \u0111\u1ec3 x\u00e2y d\u1ef1ng trang web cho c\u1eeda h\u00e0ng th\u1eddi trang tr\u1ebb em c\u1ee7a m\u00ecnh, h\u00e3y \u0111\u1ec3 ch\u00fang t\u00f4i gi\u00fap b\u1ea1n:\n<\/p>\n<h2>\n Giao di\u1ec7n Web \u0110\u1eb9p v\u00e0 Chuy\u00ean Nghi\u1ec7p<br \/>\n<\/h2>\n<p>\n Website c\u1ee7a b\u1ea1n s\u1ebd \u0111\u01b0\u1ee3c thi\u1ebft k\u1ebf v\u1edbi giao di\u1ec7n hi\u1ec7n \u0111\u1ea1i, thu h\u00fat s\u1ef1 ch\u00fa \u00fd c\u1ee7a kh\u00e1ch h\u00e0ng. V\u1edbi b\u1ed1 c\u1ee5c r\u00f5 r\u00e0ng v\u00e0 h\u00ecnh \u1ea3nh s\u1eafc n\u00e9t, website s\u1ebd t\u1ea1o \u1ea5n t\u01b0\u1ee3ng m\u1ea1nh m\u1ebd v\u00e0 gi\u00fap n\u00e2ng cao uy t\u00edn th\u01b0\u01a1ng hi\u1ec7u c\u1ee7a b\u1ea1n.\n<\/p>\n<h2>\n D\u1ec5 S\u1eed D\u1ee5ng<br \/>\n<\/h2>\n<p>\n Ch\u00fang t\u00f4i cam k\u1ebft mang l\u1ea1i tr\u1ea3i nghi\u1ec7m ng\u01b0\u1eddi d\u00f9ng tuy\u1ec7t v\u1eddi v\u1edbi c\u00e1c t\u00ednh n\u0103ng d\u1ec5 s\u1eed d\u1ee5ng. Kh\u00e1ch h\u00e0ng c\u00f3 th\u1ec3 d\u1ec5 d\u00e0ng \u0111i\u1ec1u h\u01b0\u1edbng v\u00e0 t\u00ecm ki\u1ebfm s\u1ea3n ph\u1ea9m ch\u1ec9 v\u1edbi v\u00e0i c\u00fa nh\u1ea5p chu\u1ed9t.\n<\/p>\n<h2>\n T\u01b0\u01a1ng Th\u00edch Tr\u00ean M\u1ecdi Thi\u1ebft B\u1ecb<br \/>\n<\/h2>\n<p>\n Website \u0111\u01b0\u1ee3c t\u1ed1i \u01b0u h\u00f3a \u0111\u1ec3 ho\u1ea1t \u0111\u1ed9ng t\u1ed1t tr\u00ean t\u1ea5t c\u1ea3 c\u00e1c thi\u1ebft b\u1ecb, t\u1eeb m\u00e1y t\u00ednh \u0111\u1ec3 b\u00e0n cho \u0111\u1ebfn \u0111i\u1ec7n tho\u1ea1i di \u0111\u1ed9ng. Nh\u1edd v\u1eady, b\u1ea1n c\u00f3 th\u1ec3 ti\u1ebfp c\u1eadn kh\u00e1ch h\u00e0ng \u1edf b\u1ea5t k\u1ef3 \u0111\u00e2u, b\u1ea5t k\u1ef3 l\u00fac n\u00e0o.\n<\/p>\n<h2>\n M\u00e3 Ngu\u1ed3n WordPress V\u1edbi Theme Flatsome v\u00e0 UX Builder<br \/>\n<\/h2>\n<p>\n Ch\u00fang t\u00f4i s\u1eed d\u1ee5ng m\u00e3 ngu\u1ed3n<br \/>\n <strong><br \/>\n  WordPress<br \/>\n <\/strong><br \/>\n k\u1ebft h\u1ee3p v\u1edbi theme<br \/>\n <strong><br \/>\n  Flatsome<br \/>\n <\/strong><br \/>\n v\u00e0<br \/>\n <strong><br \/>\n  UX Builder<br \/>\n <\/strong><br \/>\n . \u0110i\u1ec1u n\u00e0y cho ph\u00e9p b\u1ea1n d\u1ec5 d\u00e0ng t\u00f9y bi\u1ebfn giao di\u1ec7n theo s\u1edf th\u00edch v\u00e0 nhu c\u1ea7u c\u1ee5 th\u1ec3 c\u1ee7a b\u1ea1n, ngay c\u1ea3 khi b\u1ea1n kh\u00f4ng c\u00f3 k\u1ef9 n\u0103ng l\u1eadp tr\u00ecnh.\n<\/p>\n<h2>\n T\u1ed1c \u0110\u1ed9 T\u1ea3i Trang Nhanh<br \/>\n<\/h2>\n<p>\n Ch\u00fang t\u00f4i t\u1ed1i \u01b0u h\u00f3a website \u0111\u1ec3 \u0111\u1ea3m b\u1ea3o t\u1ed1c \u0111\u1ed9 t\u1ea3i trang nhanh nh\u1ea5t c\u00f3 th\u1ec3, gi\u00fap kh\u00e1ch h\u00e0ng kh\u00f4ng ph\u1ea3i ch\u1edd \u0111\u1ee3i l\u00e2u v\u00e0 n\u00e2ng cao kh\u1ea3 n\u0103ng gi\u1eef ch\u00e2n kh\u00e1ch h\u00e0ng.\n<\/p>\n<hr\/>\n<p>\n H\u00e3y \u0111\u1ec3 LADIGI Agency \u0111\u1ed3ng h\u00e0nh c\u00f9ng b\u1ea1n trong h\u00e0nh tr\u00ecnh x\u00e2y d\u1ef1ng website th\u1eddi trang tr\u1ebb em \u0111\u1eb9p v\u00e0 chuy\u00ean nghi\u1ec7p. V\u1edbi kinh nghi\u1ec7m nhi\u1ec1u n\u0103m trong l\u0129nh v\u1ef1c thi\u1ebft k\u1ebf web, ch\u00fang t\u00f4i cam k\u1ebft mang l\u1ea1i s\u1ef1 h\u00e0i l\u00f2ng cho b\u1ea1n.\n<\/p>\n<p>\n <a href=\"https:\/\/ladigi.vn\/thiet-ke-website\/\"><br \/>\n  X\u00e2y d\u1ef1ng website<br \/>\n <\/a><br \/>\n c\u00f9ng LADIGI ngay h\u00f4m nay!<\/p>\n","protected":false},"excerpt":{"rendered":"<p>D\u1ecbch v\u1ee5 thi\u1ebft k\u1ebf website th\u1eddi trang tr\u1ebb em \u0111\u00e3 Vi\u1ec7t h\u00f3a cung c\u1ea5p giao di\u1ec7n \u0111\u1eb9p, chuy\u00ean nghi\u1ec7p v\u00e0 th\u00e2n thi\u1ec7n v\u1edbi ng\u01b0\u1eddi d\u00f9ng. Trang web t\u01b0\u01a1ng th\u00edch tr\u00ean m\u1ecdi thi\u1ebft b\u1ecb, s\u1eed d\u1ee5ng m\u00e3 ngu\u1ed3n Wordpress v\u1edbi Theme Flatsome v\u00e0 UX Builder d\u1ec5 t\u00f9y bi\u1ebfn, \u0111\u1ea3m b\u1ea3o t\u1ed1c \u0111\u1ed9 t\u1ea3i trang nhanh ch\u00f3ng.<\/p>\n","protected":false},"featured_media":3833,"comment_status":"open","ping_status":"closed","template":"","meta":[],"product_cat":[16],"product_tag":[],"class_list":{"0":"post-3829","1":"product","2":"type-product","3":"status-publish","4":"has-post-thumbnail","6":"product_cat-tat-ca","8":"first","9":"instock","10":"shipping-taxable","11":"purchasable","12":"product-type-simple"},"_links":{"self":[{"href":"https:\/\/ladigi.vn\/thiet-ke-website\/wp-json\/wp\/v2\/product\/3829","targetHints":{"allow":["GET"]}}],"collection":[{"href":"https:\/\/ladigi.vn\/thiet-ke-website\/wp-json\/wp\/v2\/product"}],"about":[{"href":"https:\/\/ladigi.vn\/thiet-ke-website\/wp-json\/wp\/v2\/types\/product"}],"replies":[{"embeddable":true,"href":"https:\/\/ladigi.vn\/thiet-ke-website\/wp-json\/wp\/v2\/comments?post=3829"}],"wp:featuredmedia":[{"embeddable":true,"href":"https:\/\/ladigi.vn\/thiet-ke-website\/wp-json\/wp\/v2\/media\/3833"}],"wp:attachment":[{"href":"https:\/\/ladigi.vn\/thiet-ke-website\/wp-json\/wp\/v2\/media?parent=3829"}],"wp:term":[{"taxonomy":"product_cat","embeddable":true,"href":"https:\/\/ladigi.vn\/thiet-ke-website\/wp-json\/wp\/v2\/product_cat?post=3829"},{"taxonomy":"product_tag","embeddable":true,"href":"https:\/\/ladigi.vn\/thiet-ke-website\/wp-json\/wp\/v2\/product_tag?post=3829"}],"curies":[{"name":"wp","href":"https:\/\/api.w.org\/{rel}","templated":true}]}}