{"id":3832,"date":"2021-05-10T15:07:06","date_gmt":"2021-05-10T08:07:06","guid":{"rendered":"https:\/\/ladigi.vn\/thiet-ke-website\/?post_type=product&#038;p=3832"},"modified":"2025-01-10T14:29:10","modified_gmt":"2025-01-10T07:29:10","slug":"thiet-ke-website-dien-may-mau-so-7","status":"publish","type":"product","link":"https:\/\/ladigi.vn\/thiet-ke-website\/mau-web\/thiet-ke-website-dien-may-mau-so-7\/","title":{"rendered":"Si\u00eau Th\u1ecb \u0110i\u1ec7n M\u00e1y"},"content":{"rendered":"<h1>\n D\u1ecbch V\u1ee5 Thi\u1ebft K\u1ebf Website Si\u00eau Th\u1ecb \u0110i\u1ec7n M\u00e1y<br \/>\n<\/h1>\n<p>\n Trong th\u1eddi \u0111\u1ea1i s\u1ed1 h\u00f3a hi\u1ec7n nay, vi\u1ec7c s\u1edf h\u1eefu m\u1ed9t trang web chuy\u00ean nghi\u1ec7p l\u00e0 \u0111i\u1ec1u c\u1ea7n thi\u1ebft \u0111\u1ed1i v\u1edbi c\u00e1c si\u00eau th\u1ecb \u0111i\u1ec7n m\u00e1y. Ch\u00fang t\u00f4i cung c\u1ea5p d\u1ecbch v\u1ee5 thi\u1ebft k\u1ebf website Si\u00eau Th\u1ecb \u0110i\u1ec7n M\u00e1y v\u1edbi nhi\u1ec1u \u01b0u \u0111i\u1ec3m n\u1ed5i b\u1eadt, gi\u00fap b\u1ea1n thu h\u00fat kh\u00e1ch h\u00e0ng v\u00e0 n\u00e2ng cao tr\u1ea3i nghi\u1ec7m mua s\u1eafm tr\u1ef1c tuy\u1ebfn.\n<\/p>\n<h2>\n Giao Di\u1ec7n \u0110\u1eb9p, Chuy\u00ean Nghi\u1ec7p, D\u1ec5 S\u1eed D\u1ee5ng<br \/>\n<\/h2>\n<p>\n Website c\u1ee7a b\u1ea1n s\u1ebd \u0111\u01b0\u1ee3c thi\u1ebft k\u1ebf v\u1edbi giao di\u1ec7n b\u1eaft m\u1eaft v\u00e0 chuy\u00ean nghi\u1ec7p, d\u1ec5 d\u00e0ng thu h\u00fat s\u1ef1 ch\u00fa \u00fd c\u1ee7a kh\u00e1ch h\u00e0ng ngay t\u1eeb l\u1ea7n \u0111\u1ea7u ti\u00ean truy c\u1eadp. Ch\u00fang t\u00f4i ch\u00fa tr\u1ecdng \u0111\u1ebfn vi\u1ec7c t\u1ed1i \u01b0u h\u00f3a tr\u1ea3i nghi\u1ec7m ng\u01b0\u1eddi d\u00f9ng, gi\u00fap kh\u00e1ch h\u00e0ng c\u00f3 th\u1ec3 t\u00ecm ki\u1ebfm s\u1ea3n ph\u1ea9m m\u1ed9t c\u00e1ch nhanh ch\u00f3ng v\u00e0 thu\u1eadn ti\u1ec7n.\n<\/p>\n<h2>\n T\u01b0\u01a1ng Th\u00edch Tr\u00ean M\u1ecdi Thi\u1ebft B\u1ecb<br \/>\n<\/h2>\n<p>\n Kh\u00f4ng ch\u1ec9 \u0111\u1eb9p m\u1eaft, website c\u00f2n \u0111\u01b0\u1ee3c thi\u1ebft k\u1ebf \u0111\u1ec3 t\u01b0\u01a1ng th\u00edch tr\u00ean m\u1ecdi thi\u1ebft b\u1ecb, bao g\u1ed3m m\u00e1y t\u00ednh \u0111\u1ec3 b\u00e0n, laptop, tablet v\u00e0 \u0111i\u1ec7n tho\u1ea1i di \u0111\u1ed9ng. \u0110i\u1ec1u n\u00e0y \u0111\u1ea3m b\u1ea3o r\u1eb1ng kh\u00e1ch h\u00e0ng c\u00f3 th\u1ec3 truy c\u1eadp v\u00e0 tr\u1ea3i nghi\u1ec7m trang web c\u1ee7a b\u1ea1n \u1edf b\u1ea5t c\u1ee9 \u0111\u00e2u, b\u1ea5t k\u1ef3 l\u00fac n\u00e0o.\n<\/p>\n<h2>\n M\u00e3 Ngu\u1ed3n WordPress V\u1edbi Theme Flatsome V\u00e0 UX Builder D\u1ec5 T\u00f9y Bi\u1ebfn<br \/>\n<\/h2>\n<p>\n Ch\u00fang t\u00f4i s\u1eed d\u1ee5ng m\u00e3 ngu\u1ed3n WordPress v\u1edbi theme Flatsome v\u00e0 UX Builder, mang l\u1ea1i s\u1ef1 linh ho\u1ea1t t\u1ed1i \u01b0u cho vi\u1ec7c t\u00f9y bi\u1ebfn thi\u1ebft k\u1ebf. B\u1ea1n c\u00f3 th\u1ec3 d\u1ec5 d\u00e0ng \u0111i\u1ec1u ch\u1ec9nh giao di\u1ec7n, th\u00eam b\u1edbt c\u00e1c ch\u1ee9c n\u0103ng, v\u00e0 c\u1eadp nh\u1eadt n\u1ed9i dung m\u00e0 kh\u00f4ng c\u1ea7n nhi\u1ec1u ki\u1ebfn th\u1ee9c v\u1ec1 l\u1eadp tr\u00ecnh.\n<\/p>\n<h2>\n T\u1ed1c \u0110\u1ed9 T\u1ea3i Trang Nhanh<br \/>\n<\/h2>\n<p>\n M\u1ed9t trong nh\u1eefng y\u1ebfu t\u1ed1 quan tr\u1ecdng nh\u1ea5t c\u1ee7a m\u1ed9t trang web th\u00e0nh c\u00f4ng l\u00e0 t\u1ed1c \u0111\u1ed9 t\u1ea3i trang. Website Si\u00eau Th\u1ecb \u0110i\u1ec7n M\u00e1y c\u1ee7a ch\u00fang t\u00f4i \u0111\u01b0\u1ee3c t\u1ed1i \u01b0u h\u00f3a \u0111\u1ec3 \u0111\u1ea3m b\u1ea3o t\u1ed1c \u0111\u1ed9 t\u1ea3i nhanh nh\u1ea5t c\u00f3 th\u1ec3, gi\u00fap gi\u1eef ch\u00e2n kh\u00e1ch h\u00e0ng v\u00e0 c\u1ea3i thi\u1ec7n th\u1ee9 h\u1ea1ng t\u00ecm ki\u1ebfm tr\u00ean Google.\n<\/p>\n<p>\n V\u1edbi t\u1ea5t c\u1ea3 nh\u1eefng \u01b0u \u0111i\u1ec3m tr\u00ean, ch\u00fang t\u00f4i t\u1ef1 tin r\u1eb1ng d\u1ecbch v\u1ee5 thi\u1ebft k\u1ebf website Si\u00eau Th\u1ecb \u0110i\u1ec7n M\u00e1y c\u1ee7a ch\u00fang t\u00f4i s\u1ebd mang l\u1ea1i gi\u00e1 tr\u1ecb \u0111\u00edch th\u1ef1c cho doanh nghi\u1ec7p c\u1ee7a b\u1ea1n.\n<\/p>\n<p>\n N\u1ebfu b\u1ea1n \u0111ang t\u00ecm ki\u1ebfm m\u1ed9t \u0111\u1ed1i t\u00e1c \u0111\u00e1ng tin c\u1eady trong l\u0129nh v\u1ef1c thi\u1ebft k\u1ebf website, h\u00e3y \u0111\u1ebfn v\u1edbi<br \/>\n <a href=\"https:\/\/ladigi.vn\/thiet-ke-website\/\"><br \/>\n  C\u00f4ng ty thi\u1ebft k\u1ebf website LADIGI<br \/>\n <\/a><br \/>\n . Ch\u00fang t\u00f4i s\u1ebd \u0111\u1ed3ng h\u00e0nh c\u00f9ng b\u1ea1n trong t\u1eebng b\u01b0\u1edbc ph\u00e1t tri\u1ec3n tr\u1ef1c tuy\u1ebfn.<\/p>\n","protected":false},"excerpt":{"rendered":"<p>D\u1ecbch v\u1ee5 Thi\u1ebft k\u1ebf website Si\u00eau Th\u1ecb \u0110i\u1ec7n M\u00e1y cung c\u1ea5p giao di\u1ec7n \u0111\u1eb9p, chuy\u00ean nghi\u1ec7p v\u00e0 d\u1ec5 s\u1eed d\u1ee5ng. Website t\u01b0\u01a1ng th\u00edch tr\u00ean m\u1ecdi thi\u1ebft b\u1ecb, s\u1eed d\u1ee5ng m\u00e3 ngu\u1ed3n Wordpress v\u1edbi Theme Flatsome v\u00e0 UX Builder d\u1ec5 t\u00f9y bi\u1ebfn. \u0110\u1eb7c bi\u1ec7t, t\u1ed1c \u0111\u1ed9 t\u1ea3i trang nhanh, mang \u0111\u1ebfn tr\u1ea3i nghi\u1ec7m t\u1ed1t nh\u1ea5t cho ng\u01b0\u1eddi d\u00f9ng.<\/p>\n","protected":false},"featured_media":3835,"comment_status":"open","ping_status":"closed","template":"","meta":[],"product_cat":[16,37],"product_tag":[23],"class_list":{"0":"post-3832","1":"product","2":"type-product","3":"status-publish","4":"has-post-thumbnail","6":"product_cat-tat-ca","7":"product_cat-dien-may","8":"product_tag-ban-hang","10":"first","11":"instock","12":"shipping-taxable","13":"purchasable","14":"product-type-simple"},"_links":{"self":[{"href":"https:\/\/ladigi.vn\/thiet-ke-website\/wp-json\/wp\/v2\/product\/3832","targetHints":{"allow":["GET"]}}],"collection":[{"href":"https:\/\/ladigi.vn\/thiet-ke-website\/wp-json\/wp\/v2\/product"}],"about":[{"href":"https:\/\/ladigi.vn\/thiet-ke-website\/wp-json\/wp\/v2\/types\/product"}],"replies":[{"embeddable":true,"href":"https:\/\/ladigi.vn\/thiet-ke-website\/wp-json\/wp\/v2\/comments?post=3832"}],"wp:featuredmedia":[{"embeddable":true,"href":"https:\/\/ladigi.vn\/thiet-ke-website\/wp-json\/wp\/v2\/media\/3835"}],"wp:attachment":[{"href":"https:\/\/ladigi.vn\/thiet-ke-website\/wp-json\/wp\/v2\/media?parent=3832"}],"wp:term":[{"taxonomy":"product_cat","embeddable":true,"href":"https:\/\/ladigi.vn\/thiet-ke-website\/wp-json\/wp\/v2\/product_cat?post=3832"},{"taxonomy":"product_tag","embeddable":true,"href":"https:\/\/ladigi.vn\/thiet-ke-website\/wp-json\/wp\/v2\/product_tag?post=3832"}],"curies":[{"name":"wp","href":"https:\/\/api.w.org\/{rel}","templated":true}]}}