{"id":3836,"date":"2021-05-10T15:10:06","date_gmt":"2021-05-10T08:10:06","guid":{"rendered":"https:\/\/ladigi.vn\/thiet-ke-website\/?post_type=product&#038;p=3836"},"modified":"2025-01-10T14:30:03","modified_gmt":"2025-01-10T07:30:03","slug":"thiet-ke-website-nha-hang-pizza-paradise","status":"publish","type":"product","link":"https:\/\/ladigi.vn\/thiet-ke-website\/mau-web\/thiet-ke-website-nha-hang-pizza-paradise\/","title":{"rendered":"Nh\u00e0 H\u00e0ng Pizza Paradise"},"content":{"rendered":"<h1>\n D\u1ecbch V\u1ee5 Thi\u1ebft K\u1ebf Website Nh\u00e0 H\u00e0ng Pizza Paradise<br \/>\n<\/h1>\n<p>\n Ch\u00e0o m\u1eebng b\u1ea1n \u0111\u1ebfn v\u1edbi d\u1ecbch v\u1ee5 thi\u1ebft k\u1ebf website cho Nh\u00e0 H\u00e0ng Pizza Paradise! Ch\u00fang t\u00f4i t\u1ef1 h\u00e0o mang \u0111\u1ebfn cho b\u1ea1n m\u1ed9t trang web kh\u00f4ng ch\u1ec9 \u0111\u1eb9p, chuy\u00ean nghi\u1ec7p m\u00e0 c\u00f2n d\u1ec5 s\u1eed d\u1ee5ng, gi\u00fap b\u1ea1n thu h\u00fat nhi\u1ec1u kh\u00e1ch h\u00e0ng h\u01a1n.\n<\/p>\n<h2>\n Giao Di\u1ec7n \u0110\u1eb9p M\u1eaft, Chuy\u00ean Nghi\u1ec7p<br \/>\n<\/h2>\n<p>\n Website c\u1ee7a Pizza Paradise \u0111\u01b0\u1ee3c thi\u1ebft k\u1ebf v\u1edbi giao di\u1ec7n hi\u1ec7n \u0111\u1ea1i v\u00e0 b\u1eaft m\u1eaft. M\u00e0u s\u1eafc h\u00e0i h\u00f2a, h\u00ecnh \u1ea3nh s\u1eafc n\u00e9t s\u1ebd gi\u00fap kh\u00e1ch h\u00e0ng c\u1ea3m nh\u1eadn \u0111\u01b0\u1ee3c h\u01b0\u01a1ng v\u1ecb tuy\u1ec7t v\u1eddi c\u1ee7a nh\u1eefng chi\u1ebfc pizza ngay t\u1eeb l\u1ea7n truy c\u1eadp \u0111\u1ea7u ti\u00ean. \u0110i\u1ec1u n\u00e0y kh\u00f4ng ch\u1ec9 mang \u0111\u1ebfn s\u1ef1 thu h\u00fat m\u00e0 c\u00f2n t\u1ea1o s\u1ef1 tin t\u01b0\u1edfng t\u1eeb kh\u00e1ch h\u00e0ng \u0111\u1ed1i v\u1edbi th\u01b0\u01a1ng hi\u1ec7u c\u1ee7a b\u1ea1n.\n<\/p>\n<h2>\n T\u01b0\u01a1ng Th\u00edch Tr\u00ean M\u1ecdi Thi\u1ebft B\u1ecb<br \/>\n<\/h2>\n<p>\n Ch\u00fang t\u00f4i cam k\u1ebft r\u1eb1ng website Pizza Paradise t\u01b0\u01a1ng th\u00edch ho\u00e0n h\u1ea3o tr\u00ean m\u1ecdi thi\u1ebft b\u1ecb, t\u1eeb m\u00e1y t\u00ednh \u0111\u1ec3 b\u00e0n \u0111\u1ebfn \u0111i\u1ec7n tho\u1ea1i di \u0111\u1ed9ng. \u0110i\u1ec1u n\u00e0y gi\u00fap kh\u00e1ch h\u00e0ng d\u1ec5 d\u00e0ng truy c\u1eadp v\u00e0 t\u00ecm hi\u1ec3u th\u00f4ng tin v\u1ec1 menu, \u0111\u1eb7t h\u00e0ng v\u00e0 d\u1ecbch v\u1ee5 c\u1ee7a b\u1ea1n m\u1ed9t c\u00e1ch thu\u1eadn ti\u1ec7n nh\u1ea5t.\n<\/p>\n<h2>\n M\u00e3 Ngu\u1ed3n WordPress D\u1ec5 T\u00f9y Bi\u1ebfn<br \/>\n<\/h2>\n<p>\n Pizza Paradise s\u1eed d\u1ee5ng m\u00e3 ngu\u1ed3n WordPress v\u1edbi theme Flatsome v\u00e0 UX Builder, mang l\u1ea1i s\u1ef1 linh ho\u1ea1t trong vi\u1ec7c t\u00f9y bi\u1ebfn. B\u1ea1n c\u00f3 th\u1ec3 d\u1ec5 d\u00e0ng c\u1eadp nh\u1eadt n\u1ed9i dung, thay \u0111\u1ed5i h\u00ecnh \u1ea3nh v\u00e0 \u0111i\u1ec1u ch\u1ec9nh c\u00e1c t\u00ednh n\u0103ng c\u1ee7a website ch\u1ec9 v\u1edbi v\u00e0i c\u00fa click chu\u1ed9t. \u0110i\u1ec1u n\u00e0y gi\u00fap b\u1ea1n ti\u1ebft ki\u1ec7m th\u1eddi gian v\u00e0 c\u00f4ng s\u1ee9c trong vi\u1ec7c qu\u1ea3n l\u00fd v\u00e0 n\u00e2ng c\u1ea5p website c\u1ee7a m\u00ecnh.\n<\/p>\n<h2>\n T\u1ed1c \u0110\u1ed9 T\u1ea3i Trang Nhanh<br \/>\n<\/h2>\n<p>\n Ch\u00fang t\u00f4i cam k\u1ebft t\u1ed1i \u01b0u h\u00f3a t\u1ed1c \u0111\u1ed9 t\u1ea3i trang cho website Pizza Paradise. M\u1ed9t trang web t\u1ea3i nhanh kh\u00f4ng ch\u1ec9 mang \u0111\u1ebfn tr\u1ea3i nghi\u1ec7m t\u1ed1t h\u01a1n cho ng\u01b0\u1eddi d\u00f9ng m\u00e0 c\u00f2n gi\u00fap c\u1ea3i thi\u1ec7n th\u1ee9 h\u1ea1ng t\u00ecm ki\u1ebfm tr\u00ean Google. Kh\u00e1ch h\u00e0ng s\u1ebd kh\u00f4ng ph\u1ea3i ch\u1edd \u0111\u1ee3i l\u00e2u \u0111\u1ec3 th\u01b0\u1edfng th\u1ee9c c\u00e1c m\u00f3n \u0103n th\u01a1m ngon c\u1ee7a b\u1ea1n!\n<\/p>\n<hr\/>\n<p>\n \u0110\u1ec3 hi\u1ec7n th\u1ef1c h\u00f3a gi\u1ea5c m\u01a1 s\u1edf h\u1eefu m\u1ed9t website ho\u00e0n h\u1ea3o cho nh\u00e0 h\u00e0ng c\u1ee7a b\u1ea1n, h\u00e3y \u0111\u1ebfn v\u1edbi LADIGI (LADIGI Agency) &#8211; \u0111\u01a1n v\u1ecb thi\u1ebft k\u1ebf website chuy\u00ean nghi\u1ec7p v\u1edbi nhi\u1ec1u n\u0103m kinh nghi\u1ec7m. \u0110\u1ed9i ng\u0169 c\u1ee7a ch\u00fang t\u00f4i s\u1ebd \u0111\u1ed3ng h\u00e0nh c\u00f9ng b\u1ea1n t\u1eeb kh\u00e2u thi\u1ebft k\u1ebf cho \u0111\u1ebfn khi website \u0111i v\u00e0o ho\u1ea1t \u0111\u1ed9ng.\n<\/p>\n<p>\n <a href=\"https:\/\/ladigi.vn\/thiet-ke-website\/\"><br \/>\n  Thi\u1ebft k\u1ebf website th\u00e2n thi\u1ec7n v\u1edbi di \u0111\u1ed9ng LADIGI<br \/>\n <\/a><br \/>\n &#8211; Ch\u00fang t\u00f4i lu\u00f4n s\u1eb5n s\u00e0ng h\u1ed7 tr\u1ee3 b\u1ea1n!<\/p>\n","protected":false},"excerpt":{"rendered":"<p>D\u1ecbch v\u1ee5 thi\u1ebft k\u1ebf website cho Nh\u00e0 H\u00e0ng Pizza Paradise mang \u0111\u1ebfn giao di\u1ec7n \u0111\u1eb9p, chuy\u00ean nghi\u1ec7p v\u00e0 d\u1ec5 s\u1eed d\u1ee5ng, ph\u00f9 h\u1ee3p tr\u00ean m\u1ecdi thi\u1ebft b\u1ecb. S\u1eed d\u1ee5ng m\u00e3 ngu\u1ed3n Wordpress v\u1edbi Theme Flatsome v\u00e0 UX Builder, website d\u1ec5 d\u00e0ng t\u00f9y bi\u1ebfn, \u0111\u1ea3m b\u1ea3o t\u1ed1c \u0111\u1ed9 t\u1ea3i trang nhanh, n\u00e2ng cao tr\u1ea3i nghi\u1ec7m kh\u00e1ch h\u00e0ng.<\/p>\n","protected":false},"featured_media":3840,"comment_status":"open","ping_status":"closed","template":"","meta":[],"product_cat":[16,42,38],"product_tag":[24],"class_list":{"0":"post-3836","1":"product","2":"type-product","3":"status-publish","4":"has-post-thumbnail","6":"product_cat-tat-ca","7":"product_cat-dich-vu","8":"product_cat-nha-hang-khach-san","9":"product_tag-cong-ty","11":"first","12":"instock","13":"shipping-taxable","14":"purchasable","15":"product-type-simple"},"_links":{"self":[{"href":"https:\/\/ladigi.vn\/thiet-ke-website\/wp-json\/wp\/v2\/product\/3836","targetHints":{"allow":["GET"]}}],"collection":[{"href":"https:\/\/ladigi.vn\/thiet-ke-website\/wp-json\/wp\/v2\/product"}],"about":[{"href":"https:\/\/ladigi.vn\/thiet-ke-website\/wp-json\/wp\/v2\/types\/product"}],"replies":[{"embeddable":true,"href":"https:\/\/ladigi.vn\/thiet-ke-website\/wp-json\/wp\/v2\/comments?post=3836"}],"wp:featuredmedia":[{"embeddable":true,"href":"https:\/\/ladigi.vn\/thiet-ke-website\/wp-json\/wp\/v2\/media\/3840"}],"wp:attachment":[{"href":"https:\/\/ladigi.vn\/thiet-ke-website\/wp-json\/wp\/v2\/media?parent=3836"}],"wp:term":[{"taxonomy":"product_cat","embeddable":true,"href":"https:\/\/ladigi.vn\/thiet-ke-website\/wp-json\/wp\/v2\/product_cat?post=3836"},{"taxonomy":"product_tag","embeddable":true,"href":"https:\/\/ladigi.vn\/thiet-ke-website\/wp-json\/wp\/v2\/product_tag?post=3836"}],"curies":[{"name":"wp","href":"https:\/\/api.w.org\/{rel}","templated":true}]}}