{"id":3841,"date":"2021-05-10T15:12:22","date_gmt":"2021-05-10T08:12:22","guid":{"rendered":"https:\/\/ladigi.vn\/thiet-ke-website\/?post_type=product&#038;p=3841"},"modified":"2025-01-10T14:32:38","modified_gmt":"2025-01-10T07:32:38","slug":"thiet-ke-website-ban-may-loc-nuoc-may-nong-lanh","status":"publish","type":"product","link":"https:\/\/ladigi.vn\/thiet-ke-website\/mau-web\/thiet-ke-website-ban-may-loc-nuoc-may-nong-lanh\/","title":{"rendered":"M\u00e1y L\u1ecdc N\u01b0\u1edbc, M\u00e1y N\u00f3ng L\u1ea1nh"},"content":{"rendered":"<h1>\n D\u1ecbch V\u1ee5 Thi\u1ebft K\u1ebf Website M\u00e1y L\u1ecdc N\u01b0\u1edbc, M\u00e1y N\u00f3ng L\u1ea1nh<br \/>\n<\/h1>\n<p>\n Ch\u00e0o m\u1eebng b\u1ea1n \u0111\u1ebfn v\u1edbi d\u1ecbch v\u1ee5 thi\u1ebft k\u1ebf website chuy\u00ean nghi\u1ec7p d\u00e0nh ri\u00eang cho c\u00e1c doanh nghi\u1ec7p kinh doanh m\u00e1y l\u1ecdc n\u01b0\u1edbc v\u00e0 m\u00e1y n\u00f3ng l\u1ea1nh. V\u1edbi \u0111\u1ed9i ng\u0169 thi\u1ebft k\u1ebf gi\u00e0u kinh nghi\u1ec7m, ch\u00fang t\u00f4i cam k\u1ebft mang \u0111\u1ebfn cho b\u1ea1n m\u1ed9t trang web kh\u00f4ng ch\u1ec9 \u0111\u1eb9p m\u1eaft m\u00e0 c\u00f2n d\u1ec5 s\u1eed d\u1ee5ng, gi\u00fap thu h\u00fat v\u00e0 gi\u1eef ch\u00e2n kh\u00e1ch h\u00e0ng m\u1ed9t c\u00e1ch hi\u1ec7u qu\u1ea3.\n<\/p>\n<h3>\n Giao Di\u1ec7n \u0110\u1eb9p, Chuy\u00ean Nghi\u1ec7p<br \/>\n<\/h3>\n<p>\n Giao di\u1ec7n website \u0111\u01b0\u1ee3c thi\u1ebft k\u1ebf b\u1eaft m\u1eaft v\u00e0 chuy\u00ean nghi\u1ec7p, gi\u00fap s\u1ea3n ph\u1ea9m c\u1ee7a b\u1ea1n \u0111\u01b0\u1ee3c n\u1ed5i b\u1eadt h\u01a1n. Ch\u00fang t\u00f4i cam k\u1ebft t\u1ea1o ra m\u1ed9t tr\u1ea3i nghi\u1ec7m ng\u01b0\u1eddi d\u00f9ng ho\u00e0n h\u1ea3o, \u0111\u1ea3m b\u1ea3o m\u1ecdi th\u00f4ng tin \u0111\u1ec1u d\u1ec5 d\u00e0ng ti\u1ebfp c\u1eadn.\n<\/p>\n<h3>\n T\u01b0\u01a1ng Th\u00edch V\u1edbi M\u1ecdi Thi\u1ebft B\u1ecb<br \/>\n<\/h3>\n<p>\n B\u1ea5t k\u1ec3 kh\u00e1ch h\u00e0ng c\u1ee7a b\u1ea1n s\u1eed d\u1ee5ng thi\u1ebft b\u1ecb n\u00e0o, t\u1eeb \u0111i\u1ec7n tho\u1ea1i di \u0111\u1ed9ng, m\u00e1y t\u00ednh b\u1ea3ng \u0111\u1ebfn m\u00e1y t\u00ednh \u0111\u1ec3 b\u00e0n, website c\u1ee7a b\u1ea1n s\u1ebd hi\u1ec3n th\u1ecb m\u1ed9t c\u00e1ch t\u1ed1i \u01b0u nh\u1ea5t. T\u00ednh n\u0103ng responsive gi\u00fap trang web t\u1ef1 \u0111\u1ed9ng \u0111i\u1ec1u ch\u1ec9nh k\u00edch th\u01b0\u1edbc v\u00e0 b\u1ed1 c\u1ee5c \u0111\u1ec3 ph\u00f9 h\u1ee3p v\u1edbi k\u00edch th\u01b0\u1edbc m\u00e0n h\u00ecnh c\u1ee7a t\u1eebng thi\u1ebft b\u1ecb.\n<\/p>\n<h3>\n M\u00e3 Ngu\u1ed3n WordPress Kh\u00f4ng Gi\u1edbi H\u1ea1n T\u00f9y Bi\u1ebfn<br \/>\n<\/h3>\n<p>\n Ch\u00fang t\u00f4i s\u1eed d\u1ee5ng m\u00e3 ngu\u1ed3n WordPress v\u1edbi theme Flatsome v\u00e0 UX Builder, m\u1ed9t trong nh\u1eefng h\u1ec7 th\u1ed1ng m\u1ea1nh m\u1ebd v\u00e0 d\u1ec5 d\u00e0ng t\u00f9y bi\u1ebfn nh\u1ea5t hi\u1ec7n nay. B\u1ea1n c\u00f3 th\u1ec3 d\u1ec5 d\u00e0ng thay \u0111\u1ed5i n\u1ed9i dung, h\u00ecnh \u1ea3nh, v\u00e0 c\u1ea5u tr\u00fac website theo \u00fd mu\u1ed1n m\u00e0 kh\u00f4ng c\u1ea7n ph\u1ea3i am hi\u1ec3u qu\u00e1 nhi\u1ec1u v\u1ec1 l\u1eadp tr\u00ecnh.\n<\/p>\n<h3>\n T\u1ed1c \u0110\u1ed9 T\u1ea3i Trang Nhanh<br \/>\n<\/h3>\n<p>\n M\u1ed9t website nhanh ch\u00f3ng kh\u00f4ng ch\u1ec9 t\u1ea1o ra tr\u1ea3i nghi\u1ec7m t\u1ed1t cho ng\u01b0\u1eddi d\u00f9ng m\u00e0 c\u00f2n g\u00f3p ph\u1ea7n n\u00e2ng cao th\u1ee9 h\u1ea1ng t\u00ecm ki\u1ebfm tr\u00ean c\u00e1c c\u00f4ng c\u1ee5 t\u00ecm ki\u1ebfm. Ch\u00fang t\u00f4i t\u1ed1i \u01b0u h\u00f3a t\u1ed1c \u0111\u1ed9 t\u1ea3i trang \u0111\u1ec3 \u0111\u1ea3m b\u1ea3o kh\u00e1ch h\u00e0ng c\u1ee7a b\u1ea1n kh\u00f4ng ph\u1ea3i ch\u1edd \u0111\u1ee3i l\u00e2u khi truy c\u1eadp website.\n<\/p>\n<hr\/>\n<p>\n N\u1ebfu b\u1ea1n \u0111ang t\u00ecm ki\u1ebfm m\u1ed9t \u0111\u01a1n v\u1ecb thi\u1ebft k\u1ebf website uy t\u00edn v\u00e0 ch\u1ea5t l\u01b0\u1ee3ng, h\u00e3y li\u00ean h\u1ec7 v\u1edbi<br \/>\n <strong><br \/>\n  LADIGI Agency<br \/>\n <\/strong><br \/>\n . Ch\u00fang t\u00f4i s\u1eb5n s\u00e0ng \u0111\u1ed3ng h\u00e0nh c\u00f9ng b\u1ea1n \u0111\u1ec3 t\u1ea1o ra m\u1ed9t trang web \u1ea5n t\u01b0\u1ee3ng cho c\u00e1c s\u1ea3n ph\u1ea9m m\u00e1y l\u1ecdc n\u01b0\u1edbc v\u00e0 m\u00e1y n\u00f3ng l\u1ea1nh c\u1ee7a b\u1ea1n.\n<\/p>\n<p>\n \u0110\u1ec3 bi\u1ebft th\u00eam th\u00f4ng tin chi ti\u1ebft, vui l\u00f2ng tham kh\u1ea3o<br \/>\n <a href=\"https:\/\/ladigi.vn\/thiet-ke-website\/\"><br \/>\n  Thi\u1ebft k\u1ebf web b\u00e1n h\u00e0ng<br \/>\n <\/a><br \/>\n .<\/p>\n","protected":false},"excerpt":{"rendered":"<p>D\u1ecbch v\u1ee5 Thi\u1ebft k\u1ebf website cho M\u00e1y L\u1ecdc N\u01b0\u1edbc v\u00e0 M\u00e1y N\u00f3ng L\u1ea1nh mang \u0111\u1ebfn giao di\u1ec7n \u0111\u1eb9p, chuy\u00ean nghi\u1ec7p, d\u1ec5 s\u1eed d\u1ee5ng, t\u01b0\u01a1ng th\u00edch tr\u00ean m\u1ecdi thi\u1ebft b\u1ecb. S\u1eed d\u1ee5ng m\u00e3 ngu\u1ed3n Wordpress v\u1edbi Theme Flatsome v\u00e0 UX Builder d\u1ec5 t\u00f9y bi\u1ebfn, \u0111\u1ea3m b\u1ea3o t\u1ed1c \u0111\u1ed9 t\u1ea3i trang nhanh, ph\u1ee5c v\u1ee5 t\u1ed1t nhu c\u1ea7u kh\u00e1ch h\u00e0ng.<\/p>\n","protected":false},"featured_media":3843,"comment_status":"open","ping_status":"closed","template":"","meta":[],"product_cat":[16,37],"product_tag":[23],"class_list":{"0":"post-3841","1":"product","2":"type-product","3":"status-publish","4":"has-post-thumbnail","6":"product_cat-tat-ca","7":"product_cat-dien-may","8":"product_tag-ban-hang","10":"first","11":"instock","12":"shipping-taxable","13":"purchasable","14":"product-type-simple"},"_links":{"self":[{"href":"https:\/\/ladigi.vn\/thiet-ke-website\/wp-json\/wp\/v2\/product\/3841","targetHints":{"allow":["GET"]}}],"collection":[{"href":"https:\/\/ladigi.vn\/thiet-ke-website\/wp-json\/wp\/v2\/product"}],"about":[{"href":"https:\/\/ladigi.vn\/thiet-ke-website\/wp-json\/wp\/v2\/types\/product"}],"replies":[{"embeddable":true,"href":"https:\/\/ladigi.vn\/thiet-ke-website\/wp-json\/wp\/v2\/comments?post=3841"}],"wp:featuredmedia":[{"embeddable":true,"href":"https:\/\/ladigi.vn\/thiet-ke-website\/wp-json\/wp\/v2\/media\/3843"}],"wp:attachment":[{"href":"https:\/\/ladigi.vn\/thiet-ke-website\/wp-json\/wp\/v2\/media?parent=3841"}],"wp:term":[{"taxonomy":"product_cat","embeddable":true,"href":"https:\/\/ladigi.vn\/thiet-ke-website\/wp-json\/wp\/v2\/product_cat?post=3841"},{"taxonomy":"product_tag","embeddable":true,"href":"https:\/\/ladigi.vn\/thiet-ke-website\/wp-json\/wp\/v2\/product_tag?post=3841"}],"curies":[{"name":"wp","href":"https:\/\/api.w.org\/{rel}","templated":true}]}}