{"id":3852,"date":"2021-05-10T15:18:20","date_gmt":"2021-05-10T08:18:20","guid":{"rendered":"https:\/\/ladigi.vn\/thiet-ke-website\/?post_type=product&#038;p=3852"},"modified":"2025-01-10T14:36:58","modified_gmt":"2025-01-10T07:36:58","slug":"thiet-ke-website-cong-ty-truyen-thong-marketing-thuong-hieu-so-2","status":"publish","type":"product","link":"https:\/\/ladigi.vn\/thiet-ke-website\/mau-web\/thiet-ke-website-cong-ty-truyen-thong-marketing-thuong-hieu-so-2\/","title":{"rendered":"Truy\u1ec1n Th\u00f4ng, Marketing, Th\u01b0\u01a1ng Hi\u1ec7u"},"content":{"rendered":"<h2>\n D\u1ecbch V\u1ee5 Thi\u1ebft K\u1ebf Website Truy\u1ec1n Th\u00f4ng, Marketing, Th\u01b0\u01a1ng Hi\u1ec7u<br \/>\n<\/h2>\n<p>\n Ch\u00e0o m\u1eebng b\u1ea1n \u0111\u1ebfn v\u1edbi d\u1ecbch v\u1ee5 thi\u1ebft k\u1ebf website chuy\u00ean nghi\u1ec7p t\u1ea1i LADIGI! Ch\u00fang t\u00f4i mang \u0111\u1ebfn nh\u1eefng gi\u1ea3i ph\u00e1p t\u1ed1i \u01b0u gi\u00fap n\u00e2ng cao h\u00ecnh \u1ea3nh th\u01b0\u01a1ng hi\u1ec7u v\u00e0 hi\u1ec7u qu\u1ea3 truy\u1ec1n th\u00f4ng c\u1ee7a b\u1ea1n. D\u01b0\u1edbi \u0111\u00e2y l\u00e0 nh\u1eefng \u0111i\u1ec3m n\u1ed5i b\u1eadt trong d\u1ecbch v\u1ee5 thi\u1ebft k\u1ebf website c\u1ee7a ch\u00fang t\u00f4i:\n<\/p>\n<h3>\n Giao Di\u1ec7n \u0110\u1eb9p, Chuy\u00ean Nghi\u1ec7p, D\u1ec5 S\u1eed D\u1ee5ng<br \/>\n<\/h3>\n<p>\n Ch\u00fang t\u00f4i cam k\u1ebft thi\u1ebft k\u1ebf giao di\u1ec7n website \u0111\u1eb9p m\u1eaft, hi\u1ec7n \u0111\u1ea1i v\u00e0 chuy\u00ean nghi\u1ec7p, gi\u00fap t\u1ea1o \u1ea5n t\u01b0\u1ee3ng m\u1ea1nh m\u1ebd v\u1edbi kh\u00e1ch h\u00e0ng ngay t\u1eeb l\u1ea7n \u0111\u1ea7u truy c\u1eadp. Giao di\u1ec7n \u0111\u01b0\u1ee3c t\u1ed1i \u01b0u h\u00f3a \u0111\u1ec3 ng\u01b0\u1eddi d\u00f9ng c\u00f3 th\u1ec3 d\u1ec5 d\u00e0ng \u0111i\u1ec1u h\u01b0\u1edbng v\u00e0 t\u00ecm ki\u1ebfm th\u00f4ng tin m\u1ed9t c\u00e1ch hi\u1ec7u qu\u1ea3 nh\u1ea5t.\n<\/p>\n<h3>\n T\u01b0\u01a1ng Th\u00edch Tr\u00ean M\u1ecdi Thi\u1ebft B\u1ecb<br \/>\n<\/h3>\n<p>\n Website c\u1ee7a b\u1ea1n s\u1ebd \u0111\u01b0\u1ee3c thi\u1ebft k\u1ebf ho\u00e0n to\u00e0n t\u01b0\u01a1ng th\u00edch tr\u00ean m\u1ecdi thi\u1ebft b\u1ecb, t\u1eeb m\u00e1y t\u00ednh \u0111\u1ec3 b\u00e0n \u0111\u1ebfn \u0111i\u1ec7n tho\u1ea1i di \u0111\u1ed9ng v\u00e0 m\u00e1y t\u00ednh b\u1ea3ng. \u0110i\u1ec1u n\u00e0y \u0111\u1ea3m b\u1ea3o r\u1eb1ng kh\u00e1ch h\u00e0ng c\u1ee7a b\u1ea1n c\u00f3 th\u1ec3 truy c\u1eadp v\u00e0 tr\u1ea3i nghi\u1ec7m website m\u1ed9t c\u00e1ch m\u01b0\u1ee3t m\u00e0, b\u1ea5t k\u1ec3 h\u1ecd \u1edf \u0111\u00e2u.\n<\/p>\n<h3>\n M\u00e3 Ngu\u1ed3n WordPress V\u1edbi Theme Flatsome V\u00e0 UX Builder<br \/>\n<\/h3>\n<p>\n S\u1eed d\u1ee5ng m\u00e3 ngu\u1ed3n WordPress v\u1edbi Theme Flatsome v\u00e0 UX Builder, ch\u00fang t\u00f4i cung c\u1ea5p kh\u1ea3 n\u0103ng t\u00f9y bi\u1ebfn d\u1ec5 d\u00e0ng cho b\u1ea1n. B\u1ea1n c\u00f3 th\u1ec3 linh ho\u1ea1t thay \u0111\u1ed5i n\u1ed9i dung, h\u00ecnh \u1ea3nh v\u00e0 b\u1ed1 c\u1ee5c theo \u00fd mu\u1ed1n m\u00e0 kh\u00f4ng c\u1ea7n qu\u00e1 nhi\u1ec1u ki\u1ebfn th\u1ee9c k\u1ef9 thu\u1eadt.\n<\/p>\n<h3>\n T\u1ed1c \u0110\u1ed9 T\u1ea3i Trang Nhanh<br \/>\n<\/h3>\n<p>\n T\u1ed1c \u0111\u1ed9 t\u1ea3i trang l\u00e0 y\u1ebfu t\u1ed1 then ch\u1ed1t trong tr\u1ea3i nghi\u1ec7m ng\u01b0\u1eddi d\u00f9ng, v\u00e0 ch\u00fang t\u00f4i \u0111\u1ea3m b\u1ea3o r\u1eb1ng website c\u1ee7a b\u1ea1n s\u1ebd c\u00f3 t\u1ed1c \u0111\u1ed9 t\u1ea3i trang nhanh ch\u00f3ng, gi\u00fap gi\u1eef ch\u00e2n kh\u00e1ch h\u00e0ng v\u00e0 c\u1ea3i thi\u1ec7n th\u1ee9 h\u1ea1ng SEO.\n<\/p>\n<h3>\n Gi\u1edbi Thi\u1ec7u \u0110\u01a1n V\u1ecb Thi\u1ebft K\u1ebf Website LADIGI<br \/>\n<\/h3>\n<p>\n \u0110\u1ec3 n\u00e2ng cao hi\u1ec7u qu\u1ea3 truy\u1ec1n th\u00f4ng v\u00e0 ph\u00e1t tri\u1ec3n th\u01b0\u01a1ng hi\u1ec7u, h\u00e3y \u0111\u1ec3 LADIGI Agency \u0111\u1ed3ng h\u00e0nh c\u00f9ng b\u1ea1n trong vi\u1ec7c thi\u1ebft k\u1ebf website. V\u1edbi kinh nghi\u1ec7m v\u00e0 \u0111\u1ed9i ng\u0169 chuy\u00ean gia nhi\u1ec7t huy\u1ebft, ch\u00fang t\u00f4i t\u1ef1 tin mang \u0111\u1ebfn cho b\u1ea1n gi\u1ea3i ph\u00e1p thi\u1ebft k\u1ebf website ho\u00e0n h\u1ea3o.\n<\/p>\n<p>\n Kh\u00e1m ph\u00e1 th\u00eam v\u1ec1 d\u1ecbch v\u1ee5 c\u1ee7a ch\u00fang t\u00f4i qua link d\u01b0\u1edbi \u0111\u00e2y:<br \/>\n <a href=\"https:\/\/ladigi.vn\/thiet-ke-website\/\"><br \/>\n  D\u1ecbch v\u1ee5 thi\u1ebft k\u1ebf web doanh nghi\u1ec7p LADIGI<br \/>\n <\/a><\/p>\n","protected":false},"excerpt":{"rendered":"<p>D\u1ecbch v\u1ee5 Thi\u1ebft k\u1ebf website Truy\u1ec1n Th\u00f4ng, Marketing, Th\u01b0\u01a1ng Hi\u1ec7u cung c\u1ea5p giao di\u1ec7n \u0111\u1eb9p, chuy\u00ean nghi\u1ec7p v\u00e0 d\u1ec5 s\u1eed d\u1ee5ng. Website t\u01b0\u01a1ng th\u00edch m\u1ecdi thi\u1ebft b\u1ecb, s\u1eed d\u1ee5ng m\u00e3 ngu\u1ed3n Wordpress c\u00f9ng Theme Flatsome v\u00e0 UX Builder d\u1ec5 t\u00f9y bi\u1ebfn, \u0111\u1ea3m b\u1ea3o t\u1ed1c \u0111\u1ed9 t\u1ea3i trang nhanh.<\/p>\n","protected":false},"featured_media":3853,"comment_status":"open","ping_status":"closed","template":"","meta":[],"product_cat":[16,27,41],"product_tag":[24],"class_list":{"0":"post-3852","1":"product","2":"type-product","3":"status-publish","4":"has-post-thumbnail","6":"product_cat-tat-ca","7":"product_cat-du-lich","8":"product_cat-marketing","9":"product_tag-cong-ty","11":"first","12":"instock","13":"shipping-taxable","14":"purchasable","15":"product-type-simple"},"_links":{"self":[{"href":"https:\/\/ladigi.vn\/thiet-ke-website\/wp-json\/wp\/v2\/product\/3852","targetHints":{"allow":["GET"]}}],"collection":[{"href":"https:\/\/ladigi.vn\/thiet-ke-website\/wp-json\/wp\/v2\/product"}],"about":[{"href":"https:\/\/ladigi.vn\/thiet-ke-website\/wp-json\/wp\/v2\/types\/product"}],"replies":[{"embeddable":true,"href":"https:\/\/ladigi.vn\/thiet-ke-website\/wp-json\/wp\/v2\/comments?post=3852"}],"wp:featuredmedia":[{"embeddable":true,"href":"https:\/\/ladigi.vn\/thiet-ke-website\/wp-json\/wp\/v2\/media\/3853"}],"wp:attachment":[{"href":"https:\/\/ladigi.vn\/thiet-ke-website\/wp-json\/wp\/v2\/media?parent=3852"}],"wp:term":[{"taxonomy":"product_cat","embeddable":true,"href":"https:\/\/ladigi.vn\/thiet-ke-website\/wp-json\/wp\/v2\/product_cat?post=3852"},{"taxonomy":"product_tag","embeddable":true,"href":"https:\/\/ladigi.vn\/thiet-ke-website\/wp-json\/wp\/v2\/product_tag?post=3852"}],"curies":[{"name":"wp","href":"https:\/\/api.w.org\/{rel}","templated":true}]}}