{"id":3856,"date":"2021-05-10T15:20:31","date_gmt":"2021-05-10T08:20:31","guid":{"rendered":"https:\/\/ladigi.vn\/thiet-ke-website\/?post_type=product&#038;p=3856"},"modified":"2025-01-10T14:38:42","modified_gmt":"2025-01-10T07:38:42","slug":"thiet-ke-web-thoi-trang-tre-em-baby-vn","status":"publish","type":"product","link":"https:\/\/ladigi.vn\/thiet-ke-website\/mau-web\/thiet-ke-web-thoi-trang-tre-em-baby-vn\/","title":{"rendered":"Th\u1eddi Trang Tr\u1ebb Em Baby.vn"},"content":{"rendered":"<h1>\n D\u1ecbch v\u1ee5 Thi\u1ebft k\u1ebf website Th\u1eddi Trang Tr\u1ebb Em Baby.vn<br \/>\n<\/h1>\n<p>\n Ch\u00e0o m\u1eebng b\u1ea1n \u0111\u1ebfn v\u1edbi d\u1ecbch v\u1ee5 thi\u1ebft k\u1ebf website Th\u1eddi Trang Tr\u1ebb Em Baby.vn! Ch\u00fang t\u00f4i t\u1ef1 h\u00e0o mang \u0111\u1ebfn cho b\u1ea1n m\u1ed9t trang web kh\u00f4ng ch\u1ec9 \u0111\u1eb9p m\u1eaft m\u00e0 c\u00f2n chuy\u00ean nghi\u1ec7p v\u00e0 d\u1ec5 s\u1eed d\u1ee5ng. V\u1edbi giao di\u1ec7n \u0111\u01b0\u1ee3c thi\u1ebft k\u1ebf t\u1ec9 m\u1ec9, Baby.vn ch\u1eafc ch\u1eafn s\u1ebd thu h\u00fat \u00e1nh nh\u00ecn t\u1eeb nh\u1eefng b\u1eadc ph\u1ee5 huynh \u0111ang t\u00ecm ki\u1ebfm nh\u1eefng s\u1ea3n ph\u1ea9m th\u1eddi trang ch\u1ea5t l\u01b0\u1ee3ng cho tr\u1ebb nh\u1ecf.\n<\/p>\n<h2>\n Giao di\u1ec7n \u0110\u1eb9p v\u00e0 D\u1ec5 S\u1eed D\u1ee5ng<br \/>\n<\/h2>\n<p>\n Giao di\u1ec7n c\u1ee7a Baby.vn \u0111\u01b0\u1ee3c thi\u1ebft k\u1ebf \u0111\u1ec3 th\u00e2n thi\u1ec7n v\u1edbi ng\u01b0\u1eddi d\u00f9ng. T\u1eeb c\u00e1ch s\u1eafp x\u1ebfp c\u00e1c danh m\u1ee5c s\u1ea3n ph\u1ea9m \u0111\u1ebfn m\u00e0u s\u1eafc v\u00e0 h\u00ecnh \u1ea3nh, t\u1ea5t c\u1ea3 \u0111\u1ec1u nh\u1eb1m mang l\u1ea1i tr\u1ea3i nghi\u1ec7m mua s\u1eafm tuy\u1ec7t v\u1eddi cho kh\u00e1ch h\u00e0ng. B\u1ea1n s\u1ebd d\u1ec5 d\u00e0ng t\u00ecm ki\u1ebfm nh\u1eefng s\u1ea3n ph\u1ea9m th\u1eddi trang y\u00eau th\u00edch ch\u1ec9 trong v\u00e0i c\u00fa click chu\u1ed9t.\n<\/p>\n<h2>\n T\u01b0\u01a1ng Th\u00edch tr\u00ean M\u1ecdi Thi\u1ebft B\u1ecb<br \/>\n<\/h2>\n<p>\n Ch\u00fang t\u00f4i hi\u1ec3u r\u1eb1ng ng\u00e0y nay, ng\u01b0\u1eddi d\u00f9ng th\u01b0\u1eddng xuy\u00ean truy c\u1eadp internet qua nhi\u1ec1u thi\u1ebft b\u1ecb kh\u00e1c nhau. \u0110\u00f3 l\u00e0 l\u00fd do t\u1ea1i sao website Baby.vn \u0111\u01b0\u1ee3c t\u1ed1i \u01b0u h\u00f3a \u0111\u1ec3 ho\u1ea1t \u0111\u1ed9ng m\u01b0\u1ee3t m\u00e0 tr\u00ean m\u1ecdi n\u1ec1n t\u1ea3ng, t\u1eeb m\u00e1y t\u00ednh, m\u00e1y t\u00ednh b\u1ea3ng cho \u0111\u1ebfn \u0111i\u1ec7n tho\u1ea1i di \u0111\u1ed9ng. Kh\u00e1ch h\u00e0ng c\u1ee7a b\u1ea1n c\u00f3 th\u1ec3 d\u1ec5 d\u00e0ng mua s\u1eafm m\u1ecdi l\u00fac, m\u1ecdi n\u01a1i m\u00e0 kh\u00f4ng g\u1eb7p ph\u1ea3i kh\u00f3 kh\u0103n n\u00e0o.\n<\/p>\n<h2>\n M\u00e3 Ngu\u1ed3n WordPress v\u1edbi Theme Flatsome v\u00e0 UX Builder<br \/>\n<\/h2>\n<p>\n Baby.vn \u0111\u01b0\u1ee3c x\u00e2y d\u1ef1ng tr\u00ean n\u1ec1n t\u1ea3ng WordPress v\u1edbi theme Flatsome, m\u1ed9t trong nh\u1eefng theme ph\u1ed5 bi\u1ebfn nh\u1ea5t cho c\u00e1c website th\u01b0\u01a1ng m\u1ea1i \u0111i\u1ec7n t\u1eed. B\u00ean c\u1ea1nh \u0111\u00f3, UX Builder gi\u00fap b\u1ea1n d\u1ec5 d\u00e0ng t\u00f9y bi\u1ebfn giao di\u1ec7n theo nhu c\u1ea7u m\u00e0 kh\u00f4ng c\u1ea7n nhi\u1ec1u ki\u1ebfn th\u1ee9c k\u1ef9 thu\u1eadt. B\u1ea1n c\u00f3 th\u1ec3 t\u1ea1o ra nh\u1eefng trang web \u0111\u1ed9c \u0111\u00e1o ch\u1ec9 v\u1edbi m\u1ed9t v\u00e0i thao t\u00e1c \u0111\u01a1n gi\u1ea3n.\n<\/p>\n<h2>\n T\u1ed1c \u0110\u1ed9 T\u1ea3i Trang Nhanh<br \/>\n<\/h2>\n<p>\n Ch\u00fang t\u00f4i \u0111\u1eb7c bi\u1ec7t ch\u00fa tr\u1ecdng \u0111\u1ebfn t\u1ed1c \u0111\u1ed9 t\u1ea3i trang c\u1ee7a website. M\u1ed9t trang web t\u1ea3i nhanh kh\u00f4ng ch\u1ec9 gi\u00fap c\u1ea3i thi\u1ec7n tr\u1ea3i nghi\u1ec7m ng\u01b0\u1eddi d\u00f9ng m\u00e0 c\u00f2n g\u00f3p ph\u1ea7n n\u00e2ng cao th\u1ee9 h\u1ea1ng SEO tr\u00ean c\u00e1c c\u00f4ng c\u1ee5 t\u00ecm ki\u1ebfm. V\u1edbi Baby.vn, b\u1ea1n v\u00e0 kh\u00e1ch h\u00e0ng s\u1ebd kh\u00f4ng ph\u1ea3i ch\u1edd \u0111\u1ee3i l\u00e2u m\u1ed7i khi truy c\u1eadp v\u00e0o trang web.\n<\/p>\n<hr\/>\n<p>\n N\u1ebfu b\u1ea1n \u0111ang t\u00ecm ki\u1ebfm m\u1ed9t \u0111\u01a1n v\u1ecb thi\u1ebft k\u1ebf website chuy\u00ean nghi\u1ec7p cho th\u01b0\u01a1ng hi\u1ec7u c\u1ee7a m\u00ecnh, h\u00e3y \u0111\u1ebfn v\u1edbi<br \/>\n <a href=\"https:\/\/ladigi.vn\/thiet-ke-website\/\"><br \/>\n  X\u00e2y d\u1ef1ng website chu\u1ea9n SEO LADIGI<br \/>\n <\/a><br \/>\n . LADIGI Agency s\u1ebd \u0111\u1ed3ng h\u00e0nh c\u00f9ng b\u1ea1n trong vi\u1ec7c hi\u1ec7n th\u1ef1c h\u00f3a nh\u1eefng \u00fd t\u01b0\u1edfng kinh doanh c\u1ee7a m\u00ecnh v\u00e0 gi\u00fap b\u1ea1n n\u1ed5i b\u1eadt trong th\u1ecb tr\u01b0\u1eddng c\u1ea1nh tranh. H\u00e3y li\u00ean h\u1ec7 v\u1edbi ch\u00fang t\u00f4i ngay h\u00f4m nay!<\/p>\n","protected":false},"excerpt":{"rendered":"<p>D\u1ecbch v\u1ee5 Thi\u1ebft k\u1ebf website Th\u1eddi Trang Tr\u1ebb Em Baby.vn mang \u0111\u1ebfn giao di\u1ec7n \u0111\u1eb9p, chuy\u00ean nghi\u1ec7p v\u00e0 d\u1ec5 s\u1eed d\u1ee5ng, t\u01b0\u01a1ng th\u00edch tr\u00ean m\u1ecdi thi\u1ebft b\u1ecb. S\u1eed d\u1ee5ng m\u00e3 ngu\u1ed3n Wordpress v\u1edbi Theme Flatsome v\u00e0 UX Builder, kh\u00e1ch h\u00e0ng d\u1ec5 d\u00e0ng t\u00f9y bi\u1ebfn. T\u1ed1c \u0111\u1ed9 t\u1ea3i trang nhanh ch\u00f3ng \u0111\u1ea3m b\u1ea3o tr\u1ea3i nghi\u1ec7m t\u1ed1t nh\u1ea5t.<\/p>\n","protected":false},"featured_media":3858,"comment_status":"open","ping_status":"closed","template":"","meta":[],"product_cat":[16,34],"product_tag":[23],"class_list":{"0":"post-3856","1":"product","2":"type-product","3":"status-publish","4":"has-post-thumbnail","6":"product_cat-tat-ca","7":"product_cat-thoi-trang","8":"product_tag-ban-hang","10":"first","11":"instock","12":"shipping-taxable","13":"purchasable","14":"product-type-simple"},"_links":{"self":[{"href":"https:\/\/ladigi.vn\/thiet-ke-website\/wp-json\/wp\/v2\/product\/3856","targetHints":{"allow":["GET"]}}],"collection":[{"href":"https:\/\/ladigi.vn\/thiet-ke-website\/wp-json\/wp\/v2\/product"}],"about":[{"href":"https:\/\/ladigi.vn\/thiet-ke-website\/wp-json\/wp\/v2\/types\/product"}],"replies":[{"embeddable":true,"href":"https:\/\/ladigi.vn\/thiet-ke-website\/wp-json\/wp\/v2\/comments?post=3856"}],"wp:featuredmedia":[{"embeddable":true,"href":"https:\/\/ladigi.vn\/thiet-ke-website\/wp-json\/wp\/v2\/media\/3858"}],"wp:attachment":[{"href":"https:\/\/ladigi.vn\/thiet-ke-website\/wp-json\/wp\/v2\/media?parent=3856"}],"wp:term":[{"taxonomy":"product_cat","embeddable":true,"href":"https:\/\/ladigi.vn\/thiet-ke-website\/wp-json\/wp\/v2\/product_cat?post=3856"},{"taxonomy":"product_tag","embeddable":true,"href":"https:\/\/ladigi.vn\/thiet-ke-website\/wp-json\/wp\/v2\/product_tag?post=3856"}],"curies":[{"name":"wp","href":"https:\/\/api.w.org\/{rel}","templated":true}]}}