{"id":3866,"date":"2021-05-10T15:25:05","date_gmt":"2021-05-10T08:25:05","guid":{"rendered":"https:\/\/ladigi.vn\/thiet-ke-website\/?post_type=product&#038;p=3866"},"modified":"2025-01-10T14:43:06","modified_gmt":"2025-01-10T07:43:06","slug":"thiet-ke-web-ban-tranh-tuong-canvas-trang-tri-nha-cua","status":"publish","type":"product","link":"https:\/\/ladigi.vn\/thiet-ke-website\/mau-web\/thiet-ke-web-ban-tranh-tuong-canvas-trang-tri-nha-cua\/","title":{"rendered":"Tranh T\u01b0\u1eddng Canvas, Trang Tr\u00ed Nh\u00e0 C\u1eeda"},"content":{"rendered":"<h1>\n D\u1ecbch V\u1ee5 Thi\u1ebft K\u1ebf Website Tranh T\u01b0\u1eddng Canvas, Trang Tr\u00ed Nh\u00e0 C\u1eeda<br \/>\n<\/h1>\n<p>\n Ch\u00e0o m\u1eebng b\u1ea1n \u0111\u1ebfn v\u1edbi d\u1ecbch v\u1ee5 thi\u1ebft k\u1ebf website chuy\u00ean nghi\u1ec7p cho tranh t\u01b0\u1eddng canvas v\u00e0 trang tr\u00ed nh\u00e0 c\u1eeda! Ch\u00fang t\u00f4i t\u1ef1 h\u00e0o mang \u0111\u1ebfn cho b\u1ea1n m\u1ed9t giao di\u1ec7n web \u0111\u01b0\u1ee3c thi\u1ebft k\u1ebf \u0111\u1eb9p m\u1eaft, chuy\u00ean nghi\u1ec7p v\u00e0 d\u1ec5 s\u1eed d\u1ee5ng. Tr\u1ea3i nghi\u1ec7m ng\u01b0\u1eddi d\u00f9ng m\u01b0\u1ee3t m\u00e0 v\u00e0 thu h\u00fat s\u1ebd gi\u00fap b\u1ea1n thu h\u00fat \u0111\u01b0\u1ee3c nhi\u1ec1u kh\u00e1ch h\u00e0ng h\u01a1n.\n<\/p>\n<h2>\n \u01afu \u0110i\u1ec3m N\u1ed5i B\u1eadt<br \/>\n<\/h2>\n<ul>\n<li>\n<p>\n   <strong><br \/>\n    Giao Di\u1ec7n \u0110\u1eb9p, Chuy\u00ean Nghi\u1ec7p<br \/>\n   <\/strong><br \/>\n   : Website c\u1ee7a b\u1ea1n s\u1ebd \u0111\u01b0\u1ee3c thi\u1ebft k\u1ebf theo ti\u00eau chu\u1ea9n cao nh\u1ea5t, \u0111\u1ea3m b\u1ea3o t\u00ednh th\u1ea9m m\u1ef9 v\u00e0 s\u1ef1 chuy\u00ean nghi\u1ec7p \u0111\u1ec3 g\u00e2y \u1ea5n t\u01b0\u1ee3ng v\u1edbi kh\u00e1ch h\u00e0ng ngay t\u1eeb c\u00e1i nh\u00ecn \u0111\u1ea7u ti\u00ean.\n  <\/p>\n<\/li>\n<li>\n<p>\n   <strong><br \/>\n    T\u01b0\u01a1ng Th\u00edch Tr\u00ean M\u1ecdi Thi\u1ebft B\u1ecb<br \/>\n   <\/strong><br \/>\n   : Ch\u00fang t\u00f4i \u0111\u1ea3m b\u1ea3o r\u1eb1ng website s\u1ebd ho\u1ea1t \u0111\u1ed9ng ho\u00e0n h\u1ea3o tr\u00ean m\u1ecdi thi\u1ebft b\u1ecb t\u1eeb m\u00e1y t\u00ednh b\u00e0n \u0111\u1ebfn \u0111i\u1ec7n tho\u1ea1i di \u0111\u1ed9ng, gi\u00fap kh\u00e1ch h\u00e0ng c\u00f3 th\u1ec3 d\u1ec5 d\u00e0ng truy c\u1eadp t\u1eeb b\u1ea5t c\u1ee9 \u0111\u00e2u.\n  <\/p>\n<\/li>\n<li>\n<p>\n   <strong><br \/>\n    M\u00e3 Ngu\u1ed3n WordPress V\u1edbi Theme Flatsome v\u00e0 UX Builder<br \/>\n   <\/strong><br \/>\n   : S\u1eed d\u1ee5ng m\u00e3 ngu\u1ed3n WordPress k\u1ebft h\u1ee3p v\u1edbi theme Flatsome v\u00e0 UX Builder, vi\u1ec7c t\u00f9y bi\u1ebfn giao di\u1ec7n v\u00e0 t\u00ednh n\u0103ng tr\u00ean website tr\u1edf n\u00ean \u0111\u01a1n gi\u1ea3n h\u01a1n bao gi\u1edd h\u1ebft. B\u1ea1n c\u00f3 th\u1ec3 d\u1ec5 d\u00e0ng c\u1eadp nh\u1eadt n\u1ed9i dung v\u00e0 thay \u0111\u1ed5i b\u1ed1 c\u1ee5c theo \u00fd mu\u1ed1n.\n  <\/p>\n<\/li>\n<li>\n<p>\n   <strong><br \/>\n    T\u1ed1c \u0110\u1ed9 T\u1ea3i Trang Nhanh<br \/>\n   <\/strong><br \/>\n   : Nh\u1eb1m mang \u0111\u1ebfn tr\u1ea3i nghi\u1ec7m t\u1ed1t nh\u1ea5t cho ng\u01b0\u1eddi d\u00f9ng, ch\u00fang t\u00f4i t\u1ed1i \u01b0u h\u00f3a t\u1ed1c \u0111\u1ed9 t\u1ea3i trang, gi\u00fap kh\u00e1ch h\u00e0ng ti\u1ebfp c\u1eadn th\u00f4ng tin m\u00e0 kh\u00f4ng g\u1eb7p b\u1ea5t k\u1ef3 tr\u1edf ng\u1ea1i n\u00e0o.\n  <\/p>\n<\/li>\n<\/ul>\n<h2>\n Gi\u1edbi Thi\u1ec7u \u0110\u01a1n V\u1ecb Thi\u1ebft K\u1ebf Website<br \/>\n<\/h2>\n<p>\n Ch\u00fang t\u00f4i,<br \/>\n <strong><br \/>\n  LADIGI (LADIGI Agency)<br \/>\n <\/strong><br \/>\n , l\u00e0 \u0111\u01a1n v\u1ecb thi\u1ebft k\u1ebf website h\u00e0ng \u0111\u1ea7u v\u1edbi nhi\u1ec1u n\u0103m kinh nghi\u1ec7m trong l\u0129nh v\u1ef1c n\u00e0y. Ch\u00fang t\u00f4i cam k\u1ebft mang \u0111\u1ebfn cho b\u1ea1n gi\u1ea3i ph\u00e1p thi\u1ebft k\u1ebf website to\u00e0n di\u1ec7n, t\u1eeb \u00fd t\u01b0\u1edfng \u0111\u1ebfn th\u1ef1c thi, nh\u1eb1m gi\u00fap b\u1ea1n ph\u00e1t tri\u1ec3n kinh doanh m\u1ed9t c\u00e1ch hi\u1ec7u qu\u1ea3 nh\u1ea5t.\n<\/p>\n<p>\n N\u1ebfu b\u1ea1n \u0111ang t\u00ecm ki\u1ebfm m\u1ed9t g\u00f3i d\u1ecbch v\u1ee5 thi\u1ebft k\u1ebf website ph\u00f9 h\u1ee3p cho doanh nghi\u1ec7p c\u1ee7a m\u00ecnh, h\u00e3y tham kh\u1ea3o ngay<br \/>\n <a href=\"https:\/\/ladigi.vn\/thiet-ke-website\/\"><br \/>\n  G\u00f3i website doanh nghi\u1ec7p to\u00e0n di\u1ec7n<br \/>\n <\/a><br \/>\n . Ch\u00fang t\u00f4i r\u1ea5t mong \u0111\u01b0\u1ee3c \u0111\u1ed3ng h\u00e0nh c\u00f9ng b\u1ea1n trong h\u00e0nh tr\u00ecnh ph\u00e1t tri\u1ec3n th\u01b0\u01a1ng hi\u1ec7u!<\/p>\n","protected":false},"excerpt":{"rendered":"<p>D\u1ecbch v\u1ee5 Thi\u1ebft k\u1ebf website Tranh T\u01b0\u1eddng Canvas v\u00e0 Trang Tr\u00ed Nh\u00e0 C\u1eeda mang \u0111\u1ebfn giao di\u1ec7n \u0111\u1eb9p, chuy\u00ean nghi\u1ec7p v\u00e0 d\u1ec5 s\u1eed d\u1ee5ng, t\u01b0\u01a1ng th\u00edch tr\u00ean m\u1ecdi thi\u1ebft b\u1ecb. S\u1eed d\u1ee5ng m\u00e3 ngu\u1ed3n Wordpress v\u1edbi Theme Flatsome v\u00e0 UX Builder, gi\u00fap ng\u01b0\u1eddi d\u00f9ng t\u00f9y bi\u1ebfn d\u1ec5 d\u00e0ng. T\u1ed1c \u0111\u1ed9 t\u1ea3i trang nhanh ch\u00f3ng, \u0111\u1ea3m b\u1ea3o tr\u1ea3i nghi\u1ec7m t\u1ed1t nh\u1ea5t.<\/p>\n","protected":false},"featured_media":3868,"comment_status":"open","ping_status":"closed","template":"","meta":[],"product_cat":[16,41],"product_tag":[24],"class_list":{"0":"post-3866","1":"product","2":"type-product","3":"status-publish","4":"has-post-thumbnail","6":"product_cat-tat-ca","7":"product_cat-marketing","8":"product_tag-cong-ty","10":"first","11":"instock","12":"shipping-taxable","13":"purchasable","14":"product-type-simple"},"_links":{"self":[{"href":"https:\/\/ladigi.vn\/thiet-ke-website\/wp-json\/wp\/v2\/product\/3866","targetHints":{"allow":["GET"]}}],"collection":[{"href":"https:\/\/ladigi.vn\/thiet-ke-website\/wp-json\/wp\/v2\/product"}],"about":[{"href":"https:\/\/ladigi.vn\/thiet-ke-website\/wp-json\/wp\/v2\/types\/product"}],"replies":[{"embeddable":true,"href":"https:\/\/ladigi.vn\/thiet-ke-website\/wp-json\/wp\/v2\/comments?post=3866"}],"wp:featuredmedia":[{"embeddable":true,"href":"https:\/\/ladigi.vn\/thiet-ke-website\/wp-json\/wp\/v2\/media\/3868"}],"wp:attachment":[{"href":"https:\/\/ladigi.vn\/thiet-ke-website\/wp-json\/wp\/v2\/media?parent=3866"}],"wp:term":[{"taxonomy":"product_cat","embeddable":true,"href":"https:\/\/ladigi.vn\/thiet-ke-website\/wp-json\/wp\/v2\/product_cat?post=3866"},{"taxonomy":"product_tag","embeddable":true,"href":"https:\/\/ladigi.vn\/thiet-ke-website\/wp-json\/wp\/v2\/product_tag?post=3866"}],"curies":[{"name":"wp","href":"https:\/\/api.w.org\/{rel}","templated":true}]}}