{"id":3876,"date":"2021-05-10T15:31:12","date_gmt":"2021-05-10T08:31:12","guid":{"rendered":"https:\/\/ladigi.vn\/thiet-ke-website\/?post_type=product&#038;p=3876"},"modified":"2025-01-10T14:46:36","modified_gmt":"2025-01-10T07:46:36","slug":"thiet-ke-landing-page-bat-dong-san-du-an-gemriverside","status":"publish","type":"product","link":"https:\/\/ladigi.vn\/thiet-ke-website\/mau-web\/thiet-ke-landing-page-bat-dong-san-du-an-gemriverside\/","title":{"rendered":"B\u1ea5t \u0110\u1ed9ng S\u1ea3n D\u1ef1 \u00c1n Gemriverside"},"content":{"rendered":"<h1>\n D\u1ecbch v\u1ee5 Thi\u1ebft k\u1ebf website B\u1ea5t \u0110\u1ed9ng S\u1ea3n D\u1ef1 \u00c1n Gemriverside<br \/>\n<\/h1>\n<p>\n Ch\u00e0o m\u1eebng b\u1ea1n \u0111\u1ebfn v\u1edbi d\u1ecbch v\u1ee5 thi\u1ebft k\u1ebf website b\u1ea5t \u0111\u1ed9ng s\u1ea3n d\u1ef1 \u00e1n Gemriverside! Ch\u00fang t\u00f4i t\u1ef1 h\u00e0o mang \u0111\u1ebfn cho b\u1ea1n m\u1ed9t gi\u1ea3i ph\u00e1p website to\u00e0n di\u1ec7n, gi\u00fap b\u1ea1n d\u1ec5 d\u00e0ng qu\u1ea3ng b\u00e1 v\u00e0 qu\u1ea3n l\u00fd d\u1ef1 \u00e1n b\u1ea5t \u0111\u1ed9ng s\u1ea3n c\u1ee7a m\u00ecnh.\n<\/p>\n<h2>\n Giao di\u1ec7n web \u0111\u1eb9p, chuy\u00ean nghi\u1ec7p v\u00e0 d\u1ec5 s\u1eed d\u1ee5ng<br \/>\n<\/h2>\n<p>\n Website Gemriverside \u0111\u01b0\u1ee3c thi\u1ebft k\u1ebf v\u1edbi giao di\u1ec7n hi\u1ec7n \u0111\u1ea1i, thu h\u00fat v\u00e0 d\u1ec5 d\u00e0ng s\u1eed d\u1ee5ng. Ch\u00fang t\u00f4i cam k\u1ebft mang \u0111\u1ebfn cho b\u1ea1n tr\u1ea3i nghi\u1ec7m ng\u01b0\u1eddi d\u00f9ng tuy\u1ec7t v\u1eddi, gi\u00fap ngo\u00e0i vi\u1ec7c t\u00ecm ki\u1ebfm th\u00f4ng tin, kh\u00e1ch h\u00e0ng c\u00f2n c\u00f3 th\u1ec3 d\u1ec5 d\u00e0ng t\u01b0\u01a1ng t\u00e1c v\u00e0 k\u1ebft n\u1ed1i v\u1edbi b\u1ea1n.\n<\/p>\n<h2>\n T\u01b0\u01a1ng th\u00edch tr\u00ean m\u1ecdi thi\u1ebft b\u1ecb<br \/>\n<\/h2>\n<p>\n V\u1edbi thi\u1ebft k\u1ebf responsive, website c\u1ee7a ch\u00fang t\u00f4i t\u01b0\u01a1ng th\u00edch ho\u00e0n h\u1ea3o tr\u00ean m\u1ecdi thi\u1ebft b\u1ecb nh\u01b0 m\u00e1y t\u00ednh, m\u00e1y t\u00ednh b\u1ea3ng v\u00e0 \u0111i\u1ec7n tho\u1ea1i di \u0111\u1ed9ng. \u0110i\u1ec1u n\u00e0y gi\u00fap \u0111\u1ea3m b\u1ea3o kh\u00e1ch h\u00e0ng c\u00f3 th\u1ec3 truy c\u1eadp th\u00f4ng tin v\u1ec1 d\u1ef1 \u00e1n b\u1ea5t k\u1ef3 l\u00fac n\u00e0o, \u1edf \u0111\u00e2u.\n<\/p>\n<h2>\n M\u00e3 ngu\u1ed3n WordPress v\u1edbi Theme Flatsome v\u00e0 UX Builder d\u1ec5 t\u00f9y bi\u1ebfn<br \/>\n<\/h2>\n<p>\n Ch\u00fang t\u00f4i s\u1eed d\u1ee5ng m\u00e3 ngu\u1ed3n WordPress v\u1edbi Theme Flatsome, \u0111i k\u00e8m v\u1edbi UX Builder, gi\u00fap b\u1ea1n d\u1ec5 d\u00e0ng t\u00f9y bi\u1ebfn c\u1ea5u tr\u00fac website theo \u00fd mu\u1ed1n m\u00e0 kh\u00f4ng c\u1ea7n ph\u1ea3i c\u00f3 ki\u1ebfn th\u1ee9c l\u1eadp tr\u00ecnh. \u0110i\u1ec1u n\u00e0y mang l\u1ea1i s\u1ef1 linh ho\u1ea1t cho b\u1ea1n trong vi\u1ec7c c\u1eadp nh\u1eadt th\u00f4ng tin v\u00e0 qu\u1ea3n l\u00fd n\u1ed9i dung.\n<\/p>\n<h2>\n T\u1ed1c \u0111\u1ed9 t\u1ea3i trang nhanh<br \/>\n<\/h2>\n<p>\n Website \u0111\u01b0\u1ee3c t\u1ed1i \u01b0u h\u00f3a t\u1ed1c \u0111\u1ed9 t\u1ea3i trang, gi\u00fap n\u00e2ng cao tr\u1ea3i nghi\u1ec7m ng\u01b0\u1eddi d\u00f9ng v\u00e0 gi\u1eef ch\u00e2n kh\u00e1ch h\u00e0ng l\u00e2u h\u01a1n tr\u00ean trang c\u1ee7a b\u1ea1n. T\u1ed1c \u0111\u1ed9 nhanh c\u00f2n g\u00f3p ph\u1ea7n c\u1ea3i thi\u1ec7n SEO, t\u1eeb \u0111\u00f3 gi\u00fap website xu\u1ea5t hi\u1ec7n cao h\u01a1n trong c\u00e1c k\u1ebft qu\u1ea3 t\u00ecm ki\u1ebfm.\n<\/p>\n<p>\n N\u1ebfu b\u1ea1n \u0111ang t\u00ecm ki\u1ebfm m\u1ed9t \u0111\u01a1n v\u1ecb thi\u1ebft k\u1ebf website chuy\u00ean nghi\u1ec7p, \u0111\u1eebng ng\u1ea7n ng\u1ea1i li\u00ean h\u1ec7 v\u1edbi<br \/>\n <a href=\"https:\/\/ladigi.vn\/thiet-ke-website\/\"><br \/>\n  C\u00f4ng ty x\u00e2y d\u1ef1ng website b\u00e1n h\u00e0ng<br \/>\n <\/a><br \/>\n &#8211; LADIGI Agency. Ch\u00fang t\u00f4i lu\u00f4n s\u1eb5n s\u00e0ng h\u1ed7 tr\u1ee3 b\u1ea1n v\u1edbi nh\u1eefng gi\u1ea3i ph\u00e1p t\u1ed1t nh\u1ea5t cho d\u1ef1 \u00e1n Gemriverside c\u1ee7a b\u1ea1n!<\/p>\n","protected":false},"excerpt":{"rendered":"<p>D\u1ecbch v\u1ee5 Thi\u1ebft k\u1ebf website B\u1ea5t \u0110\u1ed9ng S\u1ea3n D\u1ef1 \u00c1n Gemriverside mang \u0111\u1ebfn giao di\u1ec7n \u0111\u1eb9p, chuy\u00ean nghi\u1ec7p v\u00e0 d\u1ec5 s\u1eed d\u1ee5ng. Website t\u01b0\u01a1ng th\u00edch tr\u00ean m\u1ecdi thi\u1ebft b\u1ecb, s\u1eed d\u1ee5ng m\u00e3 ngu\u1ed3n Wordpress c\u00f9ng Theme Flatsome v\u00e0 UX Builder d\u1ec5 t\u00f9y bi\u1ebfn, \u0111\u1ea3m b\u1ea3o t\u1ed1c \u0111\u1ed9 t\u1ea3i trang nhanh ch\u00f3ng.<\/p>\n","protected":false},"featured_media":3879,"comment_status":"open","ping_status":"closed","template":"","meta":[],"product_cat":[16,30],"product_tag":[24],"class_list":{"0":"post-3876","1":"product","2":"type-product","3":"status-publish","4":"has-post-thumbnail","6":"product_cat-tat-ca","7":"product_cat-noi-that","8":"product_tag-cong-ty","10":"first","11":"instock","12":"shipping-taxable","13":"purchasable","14":"product-type-simple"},"_links":{"self":[{"href":"https:\/\/ladigi.vn\/thiet-ke-website\/wp-json\/wp\/v2\/product\/3876","targetHints":{"allow":["GET"]}}],"collection":[{"href":"https:\/\/ladigi.vn\/thiet-ke-website\/wp-json\/wp\/v2\/product"}],"about":[{"href":"https:\/\/ladigi.vn\/thiet-ke-website\/wp-json\/wp\/v2\/types\/product"}],"replies":[{"embeddable":true,"href":"https:\/\/ladigi.vn\/thiet-ke-website\/wp-json\/wp\/v2\/comments?post=3876"}],"wp:featuredmedia":[{"embeddable":true,"href":"https:\/\/ladigi.vn\/thiet-ke-website\/wp-json\/wp\/v2\/media\/3879"}],"wp:attachment":[{"href":"https:\/\/ladigi.vn\/thiet-ke-website\/wp-json\/wp\/v2\/media?parent=3876"}],"wp:term":[{"taxonomy":"product_cat","embeddable":true,"href":"https:\/\/ladigi.vn\/thiet-ke-website\/wp-json\/wp\/v2\/product_cat?post=3876"},{"taxonomy":"product_tag","embeddable":true,"href":"https:\/\/ladigi.vn\/thiet-ke-website\/wp-json\/wp\/v2\/product_tag?post=3876"}],"curies":[{"name":"wp","href":"https:\/\/api.w.org\/{rel}","templated":true}]}}