{"id":3893,"date":"2021-05-10T15:37:58","date_gmt":"2021-05-10T08:37:58","guid":{"rendered":"https:\/\/ladigi.vn\/thiet-ke-website\/?post_type=product&#038;p=3893"},"modified":"2025-01-10T14:53:40","modified_gmt":"2025-01-10T07:53:40","slug":"thiet-ke-website-ve-thoi-trang-dung-cu-the-thao-vikisport","status":"publish","type":"product","link":"https:\/\/ladigi.vn\/thiet-ke-website\/mau-web\/thiet-ke-website-ve-thoi-trang-dung-cu-the-thao-vikisport\/","title":{"rendered":"Th\u1eddi Trang, D\u1ee5ng C\u1ee5 Th\u1ec3 Thao Vikisport"},"content":{"rendered":"<h1>\n D\u1ecbch v\u1ee5 Thi\u1ebft k\u1ebf website Th\u1eddi Trang, D\u1ee5ng C\u1ee5 Th\u1ec3 Thao Vikisport<br \/>\n<\/h1>\n<p>\n Ch\u00e0o m\u1eebng b\u1ea1n \u0111\u1ebfn v\u1edbi d\u1ecbch v\u1ee5 thi\u1ebft k\u1ebf website \u0111\u1eb7c bi\u1ec7t d\u00e0nh ri\u00eang cho ng\u00e0nh th\u1eddi trang v\u00e0 d\u1ee5ng c\u1ee5 th\u1ec3 thao t\u1ea1i Vikisport! Ch\u00fang t\u00f4i t\u1ef1 h\u00e0o mang \u0111\u1ebfn cho b\u1ea1n m\u1ed9t trang web ho\u00e0n h\u1ea3o, \u0111\u00e1p \u1ee9ng m\u1ecdi nhu c\u1ea7u v\u00e0 y\u00eau c\u1ea7u c\u1ee7a b\u1ea1n.\n<\/p>\n<h2>\n Giao di\u1ec7n web \u0111\u1eb9p, chuy\u00ean nghi\u1ec7p v\u00e0 d\u1ec5 s\u1eed d\u1ee5ng<br \/>\n<\/h2>\n<p>\n Website c\u1ee7a Vikisport \u0111\u01b0\u1ee3c thi\u1ebft k\u1ebf v\u1edbi giao di\u1ec7n hi\u1ec7n \u0111\u1ea1i, \u1ea5n t\u01b0\u1ee3ng v\u00e0 chuy\u00ean nghi\u1ec7p, gi\u00fap kh\u00e1ch h\u00e0ng d\u1ec5 d\u00e0ng duy\u1ec7t c\u00e1c s\u1ea3n ph\u1ea9m v\u00e0 d\u1ecbch v\u1ee5 c\u1ee7a b\u1ea1n. Ch\u00fang t\u00f4i ch\u00fa tr\u1ecdng v\u00e0o tr\u1ea3i nghi\u1ec7m ng\u01b0\u1eddi d\u00f9ng, \u0111\u1ea3m b\u1ea3o r\u1eb1ng m\u1ecdi ch\u1ee9c n\u0103ng tr\u00ean website \u0111\u1ec1u d\u1ec5 s\u1eed d\u1ee5ng v\u00e0 tr\u1ef1c quan.\n<\/p>\n<h2>\n T\u01b0\u01a1ng th\u00edch tr\u00ean m\u1ecdi thi\u1ebft b\u1ecb<br \/>\n<\/h2>\n<p>\n Trong th\u1eddi \u0111\u1ea1i c\u00f4ng ngh\u1ec7 hi\u1ec7n nay, vi\u1ec7c trang web c\u1ee7a b\u1ea1n t\u01b0\u01a1ng th\u00edch v\u1edbi m\u1ecdi thi\u1ebft b\u1ecb l\u00e0 r\u1ea5t quan tr\u1ecdng. V\u1edbi thi\u1ebft k\u1ebf Responsive, website Vikisport s\u1ebd hi\u1ec3n th\u1ecb ho\u00e0n h\u1ea3o tr\u00ean c\u1ea3 m\u00e1y t\u00ednh b\u00e0n, laptop, tablet v\u00e0 \u0111i\u1ec7n tho\u1ea1i di \u0111\u1ed9ng, gi\u00fap b\u1ea1n ti\u1ebfp c\u1eadn kh\u00e1ch h\u00e0ng m\u1ecdi l\u00fac, m\u1ecdi n\u01a1i.\n<\/p>\n<h2>\n M\u00e3 ngu\u1ed3n WordPress v\u1edbi Theme Flatsome v\u00e0 UX Builder d\u1ec5 t\u00f9y bi\u1ebfn<br \/>\n<\/h2>\n<p>\n Ch\u00fang t\u00f4i s\u1eed d\u1ee5ng m\u00e3 ngu\u1ed3n WordPress v\u1edbi theme Flatsome v\u00e0 UX Builder, gi\u00fap b\u1ea1n d\u1ec5 d\u00e0ng t\u00f9y ch\u1ec9nh giao di\u1ec7n website theo \u00fd th\u00edch m\u00e0 kh\u00f4ng c\u1ea7n ph\u1ea3i c\u00f3 ki\u1ebfn th\u1ee9c l\u1eadp tr\u00ecnh. B\u1ea1n c\u00f3 th\u1ec3 thay \u0111\u1ed5i m\u00e0u s\u1eafc, b\u1ed1 c\u1ee5c v\u00e0 th\u00eam c\u00e1c ph\u1ea7n t\u1eed m\u1edbi m\u1ed9t c\u00e1ch nhanh ch\u00f3ng v\u00e0 hi\u1ec7u qu\u1ea3.\n<\/p>\n<h2>\n T\u1ed1c \u0111\u1ed9 t\u1ea3i trang nhanh<br \/>\n<\/h2>\n<p>\n V\u1edbi g\u00f3i d\u1ecbch v\u1ee5 thi\u1ebft k\u1ebf website c\u1ee7a Vikisport, b\u1ea1n ho\u00e0n to\u00e0n y\u00ean t\u00e2m v\u1ec1 t\u1ed1c \u0111\u1ed9 t\u1ea3i trang. Ch\u00fang t\u00f4i t\u1ed1i \u01b0u h\u00f3a m\u1ecdi y\u1ebfu t\u1ed1 k\u1ef9 thu\u1eadt \u0111\u1ec3 \u0111\u1ea3m b\u1ea3o r\u1eb1ng website c\u1ee7a b\u1ea1n t\u1ea3i nhanh ch\u00f3ng, mang \u0111\u1ebfn tr\u1ea3i nghi\u1ec7m tuy\u1ec7t v\u1eddi cho kh\u00e1ch h\u00e0ng v\u00e0 g\u00f3p ph\u1ea7n n\u00e2ng cao th\u1ee9 h\u1ea1ng t\u00ecm ki\u1ebfm tr\u00ean Google.\n<\/p>\n<hr\/>\n<p>\n \u0110\u1ec3 bi\u1ebfn \u01b0\u1edbc m\u01a1 s\u1edf h\u1eefu m\u1ed9t website th\u1eddi trang v\u00e0 d\u1ee5ng c\u1ee5 th\u1ec3 thao tr\u1edf th\u00e0nh hi\u1ec7n th\u1ef1c, h\u00e3y li\u00ean h\u1ec7 v\u1edbi ch\u00fang t\u00f4i!\n<\/p>\n<h3>\n \u0110\u01a1n v\u1ecb thi\u1ebft k\u1ebf website LADIGI (LADIGI Agency)<br \/>\n<\/h3>\n<p>\n Ch\u00fang t\u00f4i &#8211; LADIGI Agency &#8211; l\u00e0 \u0111\u1ed1i t\u00e1c tin c\u1eady trong l\u0129nh v\u1ef1c thi\u1ebft k\u1ebf website, mang \u0111\u1ebfn c\u00e1c gi\u1ea3i ph\u00e1p t\u1ed1i \u01b0u v\u00e0 chuy\u00ean nghi\u1ec7p cho doanh nghi\u1ec7p c\u1ee7a b\u1ea1n. \u0110\u1eebng ng\u1ea7n ng\u1ea1i, h\u00e3y<br \/>\n <a href=\"https:\/\/ladigi.vn\/thiet-ke-website\/\"><br \/>\n  T\u01b0 v\u1ea5n thi\u1ebft k\u1ebf website LADIGI<br \/>\n <\/a><br \/>\n ngay h\u00f4m nay \u0111\u1ec3 c\u00f9ng nhau chinh ph\u1ee5c th\u1ecb tr\u01b0\u1eddng tr\u1ef1c tuy\u1ebfn!<\/p>\n","protected":false},"excerpt":{"rendered":"<p>D\u1ecbch v\u1ee5 Thi\u1ebft k\u1ebf website Th\u1eddi Trang, D\u1ee5ng C\u1ee5 Th\u1ec3 Thao Vikisport cung c\u1ea5p giao di\u1ec7n \u0111\u1eb9p, chuy\u00ean nghi\u1ec7p v\u00e0 d\u1ec5 s\u1eed d\u1ee5ng, t\u01b0\u01a1ng th\u00edch m\u1ecdi thi\u1ebft b\u1ecb. S\u1eed d\u1ee5ng m\u00e3 ngu\u1ed3n Wordpress v\u1edbi Theme Flatsome c\u00f9ng UX Builder d\u1ec5 t\u00f9y bi\u1ebfn, \u0111\u1ea3m b\u1ea3o t\u1ed1c \u0111\u1ed9 t\u1ea3i trang nhanh ch\u00f3ng cho ng\u01b0\u1eddi d\u00f9ng.<\/p>\n","protected":false},"featured_media":3894,"comment_status":"open","ping_status":"closed","template":"","meta":[],"product_cat":[16,34],"product_tag":[23],"class_list":{"0":"post-3893","1":"product","2":"type-product","3":"status-publish","4":"has-post-thumbnail","6":"product_cat-tat-ca","7":"product_cat-thoi-trang","8":"product_tag-ban-hang","10":"first","11":"instock","12":"shipping-taxable","13":"purchasable","14":"product-type-simple"},"_links":{"self":[{"href":"https:\/\/ladigi.vn\/thiet-ke-website\/wp-json\/wp\/v2\/product\/3893","targetHints":{"allow":["GET"]}}],"collection":[{"href":"https:\/\/ladigi.vn\/thiet-ke-website\/wp-json\/wp\/v2\/product"}],"about":[{"href":"https:\/\/ladigi.vn\/thiet-ke-website\/wp-json\/wp\/v2\/types\/product"}],"replies":[{"embeddable":true,"href":"https:\/\/ladigi.vn\/thiet-ke-website\/wp-json\/wp\/v2\/comments?post=3893"}],"wp:featuredmedia":[{"embeddable":true,"href":"https:\/\/ladigi.vn\/thiet-ke-website\/wp-json\/wp\/v2\/media\/3894"}],"wp:attachment":[{"href":"https:\/\/ladigi.vn\/thiet-ke-website\/wp-json\/wp\/v2\/media?parent=3893"}],"wp:term":[{"taxonomy":"product_cat","embeddable":true,"href":"https:\/\/ladigi.vn\/thiet-ke-website\/wp-json\/wp\/v2\/product_cat?post=3893"},{"taxonomy":"product_tag","embeddable":true,"href":"https:\/\/ladigi.vn\/thiet-ke-website\/wp-json\/wp\/v2\/product_tag?post=3893"}],"curies":[{"name":"wp","href":"https:\/\/api.w.org\/{rel}","templated":true}]}}