{"id":3905,"date":"2021-05-10T15:45:48","date_gmt":"2021-05-10T08:45:48","guid":{"rendered":"https:\/\/ladigi.vn\/thiet-ke-website\/?post_type=product&#038;p=3905"},"modified":"2025-01-10T14:58:55","modified_gmt":"2025-01-10T07:58:55","slug":"thiet-ke-web-thuong-mai-dien-tu-tuyet-dep-da-viet-hoa","status":"publish","type":"product","link":"https:\/\/ladigi.vn\/thiet-ke-website\/mau-web\/thiet-ke-web-thuong-mai-dien-tu-tuyet-dep-da-viet-hoa\/","title":{"rendered":"Th\u01b0\u01a1ng M\u1ea1i \u0110i\u1ec7n T\u1eed M\u1eabu S\u1ed1 9"},"content":{"rendered":"<h1>\n D\u1ecbch v\u1ee5 Thi\u1ebft k\u1ebf website Th\u01b0\u01a1ng M\u1ea1i \u0110i\u1ec7n T\u1eed M\u1eabu S\u1ed1 9<br \/>\n<\/h1>\n<p>\n Ch\u00e0o m\u1eebng b\u1ea1n \u0111\u1ebfn v\u1edbi d\u1ecbch v\u1ee5 Thi\u1ebft k\u1ebf website Th\u01b0\u01a1ng M\u1ea1i \u0110i\u1ec7n T\u1eed M\u1eabu S\u1ed1 9! Ch\u00fang t\u00f4i t\u1ef1 h\u00e0o gi\u1edbi thi\u1ec7u \u0111\u1ebfn b\u1ea1n m\u1ed9t gi\u1ea3i ph\u00e1p ho\u00e0n h\u1ea3o cho kinh doanh tr\u1ef1c tuy\u1ebfn, v\u1edbi nh\u1eefng \u0111\u1eb7c \u0111i\u1ec3m v\u01b0\u1ee3t tr\u1ed9i nh\u01b0 sau:\n<\/p>\n<h2>\n Giao di\u1ec7n \u0111\u1eb9p, chuy\u00ean nghi\u1ec7p &amp; d\u1ec5 s\u1eed d\u1ee5ng<br \/>\n<\/h2>\n<p>\n Website Th\u01b0\u01a1ng M\u1ea1i \u0110i\u1ec7n T\u1eed M\u1eabu S\u1ed1 9 \u0111\u01b0\u1ee3c thi\u1ebft k\u1ebf v\u1edbi giao di\u1ec7n hi\u1ec7n \u0111\u1ea1i, chuy\u00ean nghi\u1ec7p, gi\u00fap thu h\u00fat kh\u00e1ch h\u00e0ng ngay t\u1eeb c\u00e1i nh\u00ecn \u0111\u1ea7u ti\u00ean. Ch\u00fang t\u00f4i ch\u00fa tr\u1ecdng \u0111\u1ebfn tr\u1ea3i nghi\u1ec7m ng\u01b0\u1eddi d\u00f9ng, \u0111\u1ea3m b\u1ea3o m\u1ecdi thao t\u00e1c \u0111\u1ec1u v\u00f4 c\u00f9ng \u0111\u01a1n gi\u1ea3n v\u00e0 d\u1ec5 d\u00e0ng.\n<\/p>\n<h2>\n T\u01b0\u01a1ng th\u00edch tr\u00ean m\u1ecdi thi\u1ebft b\u1ecb<br \/>\n<\/h2>\n<p>\n \u0110\u1ec3 \u0111\u00e1p \u1ee9ng nhu c\u1ea7u s\u1eed d\u1ee5ng ng\u00e0y c\u00e0ng cao, m\u1eabu website c\u1ee7a ch\u00fang t\u00f4i ho\u00e0n to\u00e0n t\u01b0\u01a1ng th\u00edch tr\u00ean m\u1ecdi thi\u1ebft b\u1ecb t\u1eeb m\u00e1y t\u00ednh \u0111\u1ec3 b\u00e0n \u0111\u1ebfn \u0111i\u1ec7n tho\u1ea1i di \u0111\u1ed9ng. Kh\u00e1ch h\u00e0ng c\u1ee7a b\u1ea1n s\u1ebd c\u00f3 tr\u1ea3i nghi\u1ec7m t\u1ed1t nh\u1ea5t, d\u00f9 h\u1ecd truy c\u1eadp t\u1eeb \u0111\u00e2u.\n<\/p>\n<h2>\n M\u00e3 ngu\u1ed3n WordPress v\u1edbi Theme Flatsome v\u00e0 UX Builder<br \/>\n<\/h2>\n<p>\n S\u1eed d\u1ee5ng m\u00e3 ngu\u1ed3n WordPress c\u00f9ng v\u1edbi Theme Flatsome, ch\u00fang t\u00f4i mang \u0111\u1ebfn cho b\u1ea1n m\u1ed9t n\u1ec1n t\u1ea3ng d\u1ec5 d\u00e0ng t\u00f9y bi\u1ebfn. C\u00f4ng c\u1ee5 UX Builder cho ph\u00e9p b\u1ea1n linh ho\u1ea1t ch\u1ec9nh s\u1eeda v\u00e0 thi\u1ebft l\u1eadp giao di\u1ec7n m\u00e0 kh\u00f4ng c\u1ea7n \u0111\u1ebfn ki\u1ebfn th\u1ee9c l\u1eadp tr\u00ecnh ph\u1ee9c t\u1ea1p.\n<\/p>\n<h2>\n T\u1ed1c \u0111\u1ed9 t\u1ea3i trang nhanh<br \/>\n<\/h2>\n<p>\n Ch\u00fang t\u00f4i hi\u1ec3u r\u1eb1ng t\u1ed1c \u0111\u1ed9 t\u1ea3i trang l\u00e0 r\u1ea5t quan tr\u1ecdng trong vi\u1ec7c gi\u1eef ch\u00e2n kh\u00e1ch h\u00e0ng. V\u00ec v\u1eady, website c\u1ee7a ch\u00fang t\u00f4i \u0111\u01b0\u1ee3c t\u1ed1i \u01b0u h\u00f3a \u0111\u1ec3 c\u00f3 t\u1ed1c \u0111\u1ed9 t\u1ea3i nhanh ch\u00f3ng, gi\u00fap n\u00e2ng cao tr\u1ea3i nghi\u1ec7m mua s\u1eafm tr\u1ef1c tuy\u1ebfn cho ng\u01b0\u1eddi d\u00f9ng.\n<\/p>\n<hr\/>\n<p>\n \u0110\u1ec3 t\u00ecm hi\u1ec3u th\u00eam v\u1ec1 d\u1ecbch v\u1ee5 v\u00e0 nh\u1eefng gi\u1ea3i ph\u00e1p kh\u00e1c m\u00e0 ch\u00fang t\u00f4i cung c\u1ea5p, h\u00e3y li\u00ean h\u1ec7 v\u1edbi<br \/>\n <a href=\"https:\/\/ladigi.vn\/thiet-ke-website\/\"><br \/>\n  C\u00f4ng ty thi\u1ebft k\u1ebf website chuy\u00ean nghi\u1ec7p<br \/>\n <\/a><br \/>\n . \u0110\u1ed9i ng\u0169 LADIGI Agency lu\u00f4n s\u1eb5n s\u00e0ng \u0111\u1ed3ng h\u00e0nh c\u00f9ng b\u1ea1n trong h\u00e0nh tr\u00ecnh ph\u00e1t tri\u1ec3n th\u01b0\u01a1ng hi\u1ec7u tr\u1ef1c tuy\u1ebfn!<\/p>\n","protected":false},"excerpt":{"rendered":"<p>D\u1ecbch v\u1ee5 Thi\u1ebft k\u1ebf website Th\u01b0\u01a1ng M\u1ea1i \u0110i\u1ec7n T\u1eed M\u1eabu S\u1ed1 9 mang \u0111\u1ebfn giao di\u1ec7n \u0111\u1eb9p, chuy\u00ean nghi\u1ec7p v\u00e0 d\u1ec5 s\u1eed d\u1ee5ng. Website t\u01b0\u01a1ng th\u00edch tr\u00ean m\u1ecdi thi\u1ebft b\u1ecb, s\u1eed d\u1ee5ng m\u00e3 ngu\u1ed3n Wordpress v\u1edbi Theme Flatsome v\u00e0 UX Builder d\u1ec5 t\u00f9y bi\u1ebfn. T\u1ed1c \u0111\u1ed9 t\u1ea3i trang nhanh, n\u00e2ng cao tr\u1ea3i nghi\u1ec7m ng\u01b0\u1eddi d\u00f9ng.<\/p>\n","protected":false},"featured_media":3907,"comment_status":"open","ping_status":"closed","template":"","meta":[],"product_cat":[16,65],"product_tag":[23],"class_list":{"0":"post-3905","1":"product","2":"type-product","3":"status-publish","4":"has-post-thumbnail","6":"product_cat-tat-ca","7":"product_cat-tmdt","8":"product_tag-ban-hang","10":"first","11":"instock","12":"shipping-taxable","13":"purchasable","14":"product-type-simple"},"_links":{"self":[{"href":"https:\/\/ladigi.vn\/thiet-ke-website\/wp-json\/wp\/v2\/product\/3905","targetHints":{"allow":["GET"]}}],"collection":[{"href":"https:\/\/ladigi.vn\/thiet-ke-website\/wp-json\/wp\/v2\/product"}],"about":[{"href":"https:\/\/ladigi.vn\/thiet-ke-website\/wp-json\/wp\/v2\/types\/product"}],"replies":[{"embeddable":true,"href":"https:\/\/ladigi.vn\/thiet-ke-website\/wp-json\/wp\/v2\/comments?post=3905"}],"wp:featuredmedia":[{"embeddable":true,"href":"https:\/\/ladigi.vn\/thiet-ke-website\/wp-json\/wp\/v2\/media\/3907"}],"wp:attachment":[{"href":"https:\/\/ladigi.vn\/thiet-ke-website\/wp-json\/wp\/v2\/media?parent=3905"}],"wp:term":[{"taxonomy":"product_cat","embeddable":true,"href":"https:\/\/ladigi.vn\/thiet-ke-website\/wp-json\/wp\/v2\/product_cat?post=3905"},{"taxonomy":"product_tag","embeddable":true,"href":"https:\/\/ladigi.vn\/thiet-ke-website\/wp-json\/wp\/v2\/product_tag?post=3905"}],"curies":[{"name":"wp","href":"https:\/\/api.w.org\/{rel}","templated":true}]}}