{"id":3915,"date":"2021-05-10T15:50:51","date_gmt":"2021-05-10T08:50:51","guid":{"rendered":"https:\/\/ladigi.vn\/thiet-ke-website\/?post_type=product&#038;p=3915"},"modified":"2025-01-10T15:03:22","modified_gmt":"2025-01-10T08:03:22","slug":"thiet-ke-website-cho-thue-van-phong-mtoffice","status":"publish","type":"product","link":"https:\/\/ladigi.vn\/thiet-ke-website\/mau-web\/thiet-ke-website-cho-thue-van-phong-mtoffice\/","title":{"rendered":"D\u1ecbch V\u1ee5 Cho Thu\u00ea V\u0103n Ph\u00f2ng MTOffice"},"content":{"rendered":"<h1>\n D\u1ecbch v\u1ee5 Thi\u1ebft k\u1ebf website D\u1ecbch V\u1ee5 Cho Thu\u00ea V\u0103n Ph\u00f2ng MTOffice<br \/>\n<\/h1>\n<p>\n Trong th\u1eddi \u0111\u1ea1i c\u00f4ng ngh\u1ec7 4.0 hi\u1ec7n nay, vi\u1ec7c s\u1edf h\u1eefu m\u1ed9t website chuy\u00ean nghi\u1ec7p l\u00e0 \u0111i\u1ec1u c\u1ea7n thi\u1ebft cho b\u1ea5t k\u1ef3 doanh nghi\u1ec7p n\u00e0o. V\u1edbi d\u1ecbch v\u1ee5 thi\u1ebft k\u1ebf website cho D\u1ecbch V\u1ee5 Cho Thu\u00ea V\u0103n Ph\u00f2ng MTOffice, ch\u00fang t\u00f4i mang \u0111\u1ebfn cho b\u1ea1n m\u1ed9t giao di\u1ec7n web kh\u00f4ng ch\u1ec9 \u0111\u1eb9p m\u1eaft m\u00e0 c\u00f2n c\u1ef1c k\u1ef3 chuy\u00ean nghi\u1ec7p v\u00e0 d\u1ec5 s\u1eed d\u1ee5ng.\n<\/p>\n<h2>\n \u0110\u1eb7c \u0111i\u1ec3m n\u1ed5i b\u1eadt c\u1ee7a website MTOffice:<br \/>\n<\/h2>\n<h3>\n Giao di\u1ec7n \u0111\u1eb9p, chuy\u00ean nghi\u1ec7p<br \/>\n<\/h3>\n<p>\n Website \u0111\u01b0\u1ee3c thi\u1ebft k\u1ebf v\u1edbi giao di\u1ec7n hi\u1ec7n \u0111\u1ea1i, b\u1eaft m\u1eaft, gi\u00fap thu h\u00fat kh\u00e1ch h\u00e0ng ngay t\u1eeb c\u00e1i nh\u00ecn \u0111\u1ea7u ti\u00ean. M\u1ed7i chi ti\u1ebft \u0111\u1ec1u \u0111\u01b0\u1ee3c ch\u0103m ch\u00fat k\u1ef9 l\u01b0\u1ee1ng \u0111\u1ec3 ph\u00f9 h\u1ee3p v\u1edbi th\u01b0\u01a1ng hi\u1ec7u c\u1ee7a MTOffice.\n<\/p>\n<h3>\n T\u01b0\u01a1ng th\u00edch tr\u00ean m\u1ecdi thi\u1ebft b\u1ecb<br \/>\n<\/h3>\n<p>\n Kh\u00f4ng ch\u1ec9 d\u1eebng l\u1ea1i \u1edf thi\u1ebft k\u1ebf \u0111\u1eb9p, website c\u00f2n ho\u00e0n to\u00e0n t\u01b0\u01a1ng th\u00edch v\u1edbi c\u00e1c thi\u1ebft b\u1ecb nh\u01b0 m\u00e1y t\u00ednh b\u00e0n, laptop, tablet, v\u00e0 \u0111i\u1ec7n tho\u1ea1i di \u0111\u1ed9ng. Kh\u00e1ch h\u00e0ng c\u00f3 th\u1ec3 d\u1ec5 d\u00e0ng truy c\u1eadp th\u00f4ng tin b\u1ea5t c\u1ee9 l\u00fac n\u00e0o, t\u1eeb \u0111\u00e2u.\n<\/p>\n<h3>\n M\u00e3 ngu\u1ed3n WordPress v\u1edbi Theme Flatsome v\u00e0 UX Builder<br \/>\n<\/h3>\n<p>\n Ch\u00fang t\u00f4i s\u1eed d\u1ee5ng m\u00e3 ngu\u1ed3n WordPress c\u00f9ng v\u1edbi Theme Flatsome v\u00e0 UX Builder, gi\u00fap b\u1ea1n d\u1ec5 d\u00e0ng t\u00f9y bi\u1ebfn theo nhu c\u1ea7u m\u00e0 kh\u00f4ng g\u1eb7p kh\u00f3 kh\u0103n. \u0110i\u1ec1u n\u00e0y cho ph\u00e9p b\u1ea1n linh ho\u1ea1t ch\u1ec9nh s\u1eeda n\u1ed9i dung v\u00e0 giao di\u1ec7n website m\u1ed9t c\u00e1ch nhanh ch\u00f3ng.\n<\/p>\n<h3>\n T\u1ed1c \u0111\u1ed9 t\u1ea3i trang nhanh<br \/>\n<\/h3>\n<p>\n T\u1ed1c \u0111\u1ed9 t\u1ea3i trang l\u00e0 m\u1ed9t y\u1ebfu t\u1ed1 quan tr\u1ecdng \u1ea3nh h\u01b0\u1edfng \u0111\u1ebfn tr\u1ea3i nghi\u1ec7m ng\u01b0\u1eddi d\u00f9ng. V\u1edbi thi\u1ebft k\u1ebf t\u1ed1i \u01b0u, website MTOffice \u0111\u1ea3m b\u1ea3o t\u1ed1c \u0111\u1ed9 t\u1ea3i trang nhanh ch\u00f3ng, gi\u00fap kh\u00e1ch h\u00e0ng kh\u00f4ng ph\u1ea3i ch\u1edd \u0111\u1ee3i l\u00e2u \u0111\u1ec3 ti\u1ebfp c\u1eadn th\u00f4ng tin.\n<\/p>\n<h3>\n K\u1ebft lu\u1eadn<br \/>\n<\/h3>\n<p>\n V\u1edbi m\u1ee5c ti\u00eau mang \u0111\u1ebfn gi\u00e1 tr\u1ecb cao nh\u1ea5t cho kh\u00e1ch h\u00e0ng, d\u1ecbch v\u1ee5 thi\u1ebft k\u1ebf website c\u1ee7a ch\u00fang t\u00f4i cam k\u1ebft s\u1ebd gi\u00fap doanh nghi\u1ec7p D\u1ecbch V\u1ee5 Cho Thu\u00ea V\u0103n Ph\u00f2ng MTOffice n\u1ed5i b\u1eadt gi\u1eefa th\u1ecb tr\u01b0\u1eddng c\u1ea1nh tranh.\n<\/p>\n<p>\n N\u1ebfu b\u1ea1n \u0111ang t\u00ecm ki\u1ebfm m\u1ed9t \u0111\u01a1n v\u1ecb thi\u1ebft k\u1ebf website uy t\u00edn, h\u00e3y li\u00ean h\u1ec7 v\u1edbi LADIGI Agency. Ch\u00fang t\u00f4i l\u00e0 nh\u1eefng chuy\u00ean gia trong l\u0129nh v\u1ef1c thi\u1ebft k\u1ebf giao di\u1ec7n website, lu\u00f4n s\u1eb5n s\u00e0ng l\u1eafng nghe v\u00e0 \u0111\u00e1p \u1ee9ng m\u1ecdi nhu c\u1ea7u c\u1ee7a b\u1ea1n.\n<\/p>\n<p>\n <a href=\"https:\/\/ladigi.vn\/thiet-ke-website\/\"><br \/>\n  Thi\u1ebft k\u1ebf giao di\u1ec7n website<br \/>\n <\/a><\/p>\n","protected":false},"excerpt":{"rendered":"<p>D\u1ecbch v\u1ee5 Thi\u1ebft k\u1ebf website MTOffice cung c\u1ea5p giao di\u1ec7n \u0111\u1eb9p, chuy\u00ean nghi\u1ec7p v\u00e0 d\u1ec5 s\u1eed d\u1ee5ng, t\u01b0\u01a1ng th\u00edch tr\u00ean m\u1ecdi thi\u1ebft b\u1ecb. S\u1eed d\u1ee5ng m\u00e3 ngu\u1ed3n Wordpress v\u1edbi Theme Flatsome v\u00e0 UX Builder, ng\u01b0\u1eddi d\u00f9ng c\u00f3 th\u1ec3 d\u1ec5 d\u00e0ng t\u00f9y bi\u1ebfn. \u0110\u1eb7c bi\u1ec7t, trang web c\u00f3 t\u1ed1c \u0111\u1ed9 t\u1ea3i nhanh, n\u00e2ng cao tr\u1ea3i nghi\u1ec7m ng\u01b0\u1eddi d\u00f9ng.<\/p>\n","protected":false},"featured_media":3916,"comment_status":"open","ping_status":"closed","template":"","meta":[],"product_cat":[16,42],"product_tag":[24],"class_list":{"0":"post-3915","1":"product","2":"type-product","3":"status-publish","4":"has-post-thumbnail","6":"product_cat-tat-ca","7":"product_cat-dich-vu","8":"product_tag-cong-ty","10":"first","11":"instock","12":"shipping-taxable","13":"purchasable","14":"product-type-simple"},"_links":{"self":[{"href":"https:\/\/ladigi.vn\/thiet-ke-website\/wp-json\/wp\/v2\/product\/3915","targetHints":{"allow":["GET"]}}],"collection":[{"href":"https:\/\/ladigi.vn\/thiet-ke-website\/wp-json\/wp\/v2\/product"}],"about":[{"href":"https:\/\/ladigi.vn\/thiet-ke-website\/wp-json\/wp\/v2\/types\/product"}],"replies":[{"embeddable":true,"href":"https:\/\/ladigi.vn\/thiet-ke-website\/wp-json\/wp\/v2\/comments?post=3915"}],"wp:featuredmedia":[{"embeddable":true,"href":"https:\/\/ladigi.vn\/thiet-ke-website\/wp-json\/wp\/v2\/media\/3916"}],"wp:attachment":[{"href":"https:\/\/ladigi.vn\/thiet-ke-website\/wp-json\/wp\/v2\/media?parent=3915"}],"wp:term":[{"taxonomy":"product_cat","embeddable":true,"href":"https:\/\/ladigi.vn\/thiet-ke-website\/wp-json\/wp\/v2\/product_cat?post=3915"},{"taxonomy":"product_tag","embeddable":true,"href":"https:\/\/ladigi.vn\/thiet-ke-website\/wp-json\/wp\/v2\/product_tag?post=3915"}],"curies":[{"name":"wp","href":"https:\/\/api.w.org\/{rel}","templated":true}]}}