{"id":3918,"date":"2021-05-10T15:53:01","date_gmt":"2021-05-10T08:53:01","guid":{"rendered":"https:\/\/ladigi.vn\/thiet-ke-website\/?post_type=product&#038;p=3918"},"modified":"2025-01-10T15:04:14","modified_gmt":"2025-01-10T08:04:14","slug":"thiet-ke-web-ban-giay-nam-dep-sang-trong-chuyen-nghiep","status":"publish","type":"product","link":"https:\/\/ladigi.vn\/thiet-ke-website\/mau-web\/thiet-ke-web-ban-giay-nam-dep-sang-trong-chuyen-nghiep\/","title":{"rendered":"Gi\u00e0y Nam Sang Tr\u1ecdng"},"content":{"rendered":"<h2>\n D\u1ecbch V\u1ee5 Thi\u1ebft K\u1ebf Website Gi\u00e0y Nam Sang Tr\u1ecdng<br \/>\n<\/h2>\n<p>\n Ch\u00e0o m\u1eebng b\u1ea1n \u0111\u1ebfn v\u1edbi d\u1ecbch v\u1ee5 thi\u1ebft k\u1ebf website gi\u00e0y nam sang tr\u1ecdng c\u1ee7a ch\u00fang t\u00f4i! V\u1edbi s\u1ee9 m\u1ec7nh mang \u0111\u1ebfn cho b\u1ea1n nh\u1eefng tr\u1ea3i nghi\u1ec7m duy\u1ec7t web tuy\u1ec7t v\u1eddi nh\u1ea5t, ch\u00fang t\u00f4i cam k\u1ebft thi\u1ebft k\u1ebf m\u1ed9t giao di\u1ec7n web \u0111\u1eb9p, chuy\u00ean nghi\u1ec7p v\u00e0 d\u1ec5 s\u1eed d\u1ee5ng.\n<\/p>\n<h3>\n Giao Di\u1ec7n \u0110\u1eb9p M\u1eaft, Chuy\u00ean Nghi\u1ec7p<br \/>\n<\/h3>\n<p>\n Website gi\u00e0y nam sang tr\u1ecdng c\u1ee7a b\u1ea1n s\u1ebd \u0111\u01b0\u1ee3c x\u00e2y d\u1ef1ng tr\u00ean n\u1ec1n t\u1ea3ng giao di\u1ec7n hi\u1ec7n \u0111\u1ea1i, b\u1eaft m\u1eaft v\u00e0 th\u00e2n thi\u1ec7n v\u1edbi ng\u01b0\u1eddi d\u00f9ng. M\u1ecdi y\u1ebfu t\u1ed1 \u0111\u1ec1u \u0111\u01b0\u1ee3c t\u1ed1i \u01b0u \u0111\u1ec3 kh\u00e1ch h\u00e0ng d\u1ec5 d\u00e0ng t\u00ecm ki\u1ebfm v\u00e0 mua s\u1eafm s\u1ea3n ph\u1ea9m m\u00e0 kh\u00f4ng g\u1eb7p kh\u00f3 kh\u0103n.\n<\/p>\n<h3>\n T\u01b0\u01a1ng Th\u00edch Tr\u00ean M\u1ecdi Thi\u1ebft B\u1ecb<br \/>\n<\/h3>\n<p>\n Ch\u00fang t\u00f4i \u0111\u1ea3m b\u1ea3o r\u1eb1ng website c\u1ee7a b\u1ea1n s\u1ebd tr\u1ea3i nghi\u1ec7m m\u01b0\u1ee3t m\u00e0 tr\u00ean m\u1ecdi thi\u1ebft b\u1ecb, t\u1eeb m\u00e1y t\u00ednh \u0111\u1ec3 b\u00e0n, laptop cho \u0111\u1ebfn \u0111i\u1ec7n tho\u1ea1i di \u0111\u1ed9ng. \u0110i\u1ec1u n\u00e0y gi\u00fap t\u0103ng c\u01b0\u1eddng kh\u1ea3 n\u0103ng ti\u1ebfp c\u1eadn v\u00e0 thu h\u00fat kh\u00e1ch h\u00e0ng ti\u1ec1m n\u0103ng \u1edf m\u1ecdi l\u00fac m\u1ecdi n\u01a1i.\n<\/p>\n<h3>\n M\u00e3 Ngu\u1ed3n WordPress v\u1edbi Theme Flatsome v\u00e0 UX Builder<br \/>\n<\/h3>\n<p>\n V\u1edbi vi\u1ec7c s\u1eed d\u1ee5ng m\u00e3 ngu\u1ed3n WordPress v\u00e0 Theme Flatsome k\u1ebft h\u1ee3p v\u1edbi UX Builder, ch\u00fang t\u00f4i cung c\u1ea5p cho b\u1ea1n m\u1ed9t n\u1ec1n t\u1ea3ng d\u1ec5 d\u00e0ng t\u00f9y bi\u1ebfn, cho ph\u00e9p b\u1ea1n ch\u1ec9nh s\u1eeda v\u00e0 c\u1eadp nh\u1eadt n\u1ed9i dung m\u1ed9t c\u00e1ch nhanh ch\u00f3ng m\u00e0 kh\u00f4ng c\u1ea7n qu\u00e1 nhi\u1ec1u k\u1ef9 thu\u1eadt.\n<\/p>\n<h3>\n T\u1ed1c \u0110\u1ed9 T\u1ea3i Trang Nhanh<br \/>\n<\/h3>\n<p>\n M\u1ed9t trang web t\u1ea3i nhanh l\u00e0 r\u1ea5t quan tr\u1ecdng \u0111\u1ec3 gi\u1eef ch\u00e2n kh\u00e1ch h\u00e0ng. Ch\u00fang t\u00f4i ch\u00fa tr\u1ecdng t\u1ed1i \u01b0u t\u1ed1c \u0111\u1ed9 t\u1ea3i trang, gi\u00fap tr\u1ea3i nghi\u1ec7m ng\u01b0\u1eddi d\u00f9ng c\u1ef1c k\u1ef3 thu\u1eadn l\u1ee3i v\u00e0 cao c\u1ea5p. Kh\u00e1ch h\u00e0ng s\u1ebd kh\u00f4ng ph\u1ea3i ch\u1edd \u0111\u1ee3i l\u00e2u \u0111\u1ec3 t\u00ecm th\u1ea5y nh\u1eefng s\u1ea3n ph\u1ea9m y\u00eau th\u00edch c\u1ee7a h\u1ecd.\n<\/p>\n<h3>\n Gi\u1edbi Thi\u1ec7u \u0110\u01a1n V\u1ecb Thi\u1ebft K\u1ebf Website LADIGI<br \/>\n<\/h3>\n<p>\n Ch\u00fang t\u00f4i t\u1ef1 h\u00e0o l\u00e0 m\u1ed9t trong nh\u1eefng \u0111\u01a1n v\u1ecb h\u00e0ng \u0111\u1ea7u trong l\u0129nh v\u1ef1c thi\u1ebft k\u1ebf website t\u1ea1i Vi\u1ec7t Nam &#8211;<br \/>\n <strong><br \/>\n  LADIGI Agency<br \/>\n <\/strong><br \/>\n . V\u1edbi \u0111\u1ed9i ng\u0169 chuy\u00ean vi\u00ean d\u00e0y d\u1ea1n kinh nghi\u1ec7m, ch\u00fang t\u00f4i cam k\u1ebft mang \u0111\u1ebfn cho b\u1ea1n nh\u1eefng s\u1ea3n ph\u1ea9m t\u1ed1t nh\u1ea5t v\u1edbi d\u1ecbch v\u1ee5 chuy\u00ean nghi\u1ec7p. N\u1ebfu b\u1ea1n \u0111ang t\u00ecm ki\u1ebfm m\u1ed9t gi\u1ea3i ph\u00e1p ho\u00e0n h\u1ea3o cho website c\u1ee7a m\u00ecnh, \u0111\u1eebng ng\u1ea7n ng\u1ea1i<br \/>\n <a href=\"https:\/\/ladigi.vn\/thiet-ke-website\/\"><br \/>\n  D\u1ecbch v\u1ee5 ph\u00e1t tri\u1ec3n website doanh nghi\u1ec7p LADIGI<br \/>\n <\/a><br \/>\n .\n<\/p>\n<p>\n H\u00e3y \u0111\u1ec3 ch\u00fang t\u00f4i gi\u00fap b\u1ea1n hi\u1ec7n th\u1ef1c h\u00f3a \u01b0\u1edbc m\u01a1 s\u1edf h\u1eefu m\u1ed9t website gi\u00e0y nam sang tr\u1ecdng, hi\u1ec7n \u0111\u1ea1i v\u00e0 hi\u1ec7u qu\u1ea3 nh\u1ea5t!<\/p>\n","protected":false},"excerpt":{"rendered":"<p>D\u1ecbch v\u1ee5 thi\u1ebft k\u1ebf website gi\u00e0y nam sang tr\u1ecdng mang \u0111\u1ebfn giao di\u1ec7n \u0111\u1eb9p, chuy\u00ean nghi\u1ec7p v\u00e0 d\u1ec5 s\u1eed d\u1ee5ng. Website t\u01b0\u01a1ng th\u00edch m\u1ecdi thi\u1ebft b\u1ecb, \u0111\u01b0\u1ee3c x\u00e2y d\u1ef1ng tr\u00ean m\u00e3 ngu\u1ed3n Wordpress v\u1edbi Theme Flatsome v\u00e0 UX Builder d\u1ec5 t\u00f9y bi\u1ebfn. T\u1ed1c \u0111\u1ed9 t\u1ea3i trang nhanh, \u0111\u1ea3m b\u1ea3o tr\u1ea3i nghi\u1ec7m ng\u01b0\u1eddi d\u00f9ng m\u01b0\u1ee3t m\u00e0.<\/p>\n","protected":false},"featured_media":3920,"comment_status":"open","ping_status":"closed","template":"","meta":[],"product_cat":[16,34],"product_tag":[23],"class_list":{"0":"post-3918","1":"product","2":"type-product","3":"status-publish","4":"has-post-thumbnail","6":"product_cat-tat-ca","7":"product_cat-thoi-trang","8":"product_tag-ban-hang","10":"first","11":"instock","12":"shipping-taxable","13":"purchasable","14":"product-type-simple"},"_links":{"self":[{"href":"https:\/\/ladigi.vn\/thiet-ke-website\/wp-json\/wp\/v2\/product\/3918","targetHints":{"allow":["GET"]}}],"collection":[{"href":"https:\/\/ladigi.vn\/thiet-ke-website\/wp-json\/wp\/v2\/product"}],"about":[{"href":"https:\/\/ladigi.vn\/thiet-ke-website\/wp-json\/wp\/v2\/types\/product"}],"replies":[{"embeddable":true,"href":"https:\/\/ladigi.vn\/thiet-ke-website\/wp-json\/wp\/v2\/comments?post=3918"}],"wp:featuredmedia":[{"embeddable":true,"href":"https:\/\/ladigi.vn\/thiet-ke-website\/wp-json\/wp\/v2\/media\/3920"}],"wp:attachment":[{"href":"https:\/\/ladigi.vn\/thiet-ke-website\/wp-json\/wp\/v2\/media?parent=3918"}],"wp:term":[{"taxonomy":"product_cat","embeddable":true,"href":"https:\/\/ladigi.vn\/thiet-ke-website\/wp-json\/wp\/v2\/product_cat?post=3918"},{"taxonomy":"product_tag","embeddable":true,"href":"https:\/\/ladigi.vn\/thiet-ke-website\/wp-json\/wp\/v2\/product_tag?post=3918"}],"curies":[{"name":"wp","href":"https:\/\/api.w.org\/{rel}","templated":true}]}}