{"id":3942,"date":"2021-05-10T16:07:06","date_gmt":"2021-05-10T09:07:06","guid":{"rendered":"https:\/\/ladigi.vn\/thiet-ke-website\/?post_type=product&#038;p=3942"},"modified":"2025-01-10T21:24:09","modified_gmt":"2025-01-10T14:24:09","slug":"thiet-ke-website-bat-dong-san-tuyet-dep-vinhouse","status":"publish","type":"product","link":"https:\/\/ladigi.vn\/thiet-ke-website\/mau-web\/thiet-ke-website-bat-dong-san-tuyet-dep-vinhouse\/","title":{"rendered":"B\u1ea5t \u0110\u1ed9ng S\u1ea3n Vinhouse"},"content":{"rendered":"<h1>\n D\u1ecbch v\u1ee5 Thi\u1ebft k\u1ebf website B\u1ea5t \u0110\u1ed9ng S\u1ea3n Vinhouse<br \/>\n<\/h1>\n<p>\n Ch\u00e0o m\u1eebng b\u1ea1n \u0111\u1ebfn v\u1edbi d\u1ecbch v\u1ee5 thi\u1ebft k\u1ebf website B\u1ea5t \u0110\u1ed9ng S\u1ea3n Vinhouse, n\u01a1i ch\u00fang t\u00f4i cung c\u1ea5p gi\u1ea3i ph\u00e1p ho\u00e0n h\u1ea3o cho nhu c\u1ea7u kinh doanh tr\u1ef1c tuy\u1ebfn c\u1ee7a b\u1ea1n. D\u01b0\u1edbi \u0111\u00e2y l\u00e0 nh\u1eefng \u0111i\u1ec3m n\u1ed5i b\u1eadt c\u1ee7a d\u1ecbch v\u1ee5 thi\u1ebft k\u1ebf website m\u00e0 ch\u00fang t\u00f4i cung c\u1ea5p:\n<\/p>\n<h2>\n Giao di\u1ec7n \u0111\u1eb9p, chuy\u00ean nghi\u1ec7p v\u00e0 d\u1ec5 s\u1eed d\u1ee5ng<br \/>\n<\/h2>\n<p>\n Ch\u00fang t\u00f4i hi\u1ec3u r\u1eb1ng giao di\u1ec7n l\u00e0 y\u1ebfu t\u1ed1 quan tr\u1ecdng nh\u1ea5t trong vi\u1ec7c thu h\u00fat kh\u00e1ch h\u00e0ng. \u0110\u1ed9i ng\u0169 thi\u1ebft k\u1ebf c\u1ee7a Vinhouse cam k\u1ebft t\u1ea1o ra nh\u1eefng giao di\u1ec7n web tinh t\u1ebf, hi\u1ec7n \u0111\u1ea1i, th\u1ec3 hi\u1ec7n \u0111\u01b0\u1ee3c th\u01b0\u01a1ng hi\u1ec7u c\u1ee7a b\u1ea1n m\u1ed9t c\u00e1ch chuy\u00ean nghi\u1ec7p nh\u1ea5t. Ng\u01b0\u1eddi d\u00f9ng s\u1ebd d\u1ec5 d\u00e0ng t\u00ecm th\u1ea5y th\u00f4ng tin c\u1ea7n thi\u1ebft nh\u1edd v\u00e0o s\u1ef1 t\u1ed1i \u01b0u trong thi\u1ebft k\u1ebf.\n<\/p>\n<h2>\n T\u01b0\u01a1ng th\u00edch tr\u00ean m\u1ecdi thi\u1ebft b\u1ecb<br \/>\n<\/h2>\n<p>\n V\u1edbi xu h\u01b0\u1edbng s\u1eed d\u1ee5ng thi\u1ebft b\u1ecb di \u0111\u1ed9ng ng\u00e0y c\u00e0ng t\u0103ng, website c\u1ee7a Vinhouse \u0111\u01b0\u1ee3c thi\u1ebft k\u1ebf \u0111\u1ec3 hi\u1ec3n th\u1ecb ho\u00e0n h\u1ea3o tr\u00ean t\u1ea5t c\u1ea3 c\u00e1c thi\u1ebft b\u1ecb, t\u1eeb m\u00e1y t\u00ednh b\u1ea3ng, smartphone cho \u0111\u1ebfn m\u00e1y t\u00ednh \u0111\u1ec3 b\u00e0n. \u0110i\u1ec1u n\u00e0y gi\u00fap kh\u00e1ch h\u00e0ng c\u1ee7a b\u1ea1n truy c\u1eadp th\u00f4ng tin m\u1ed9t c\u00e1ch thu\u1eadn ti\u1ec7n m\u1ecdi l\u00fac, m\u1ecdi n\u01a1i.\n<\/p>\n<h2>\n M\u00e3 ngu\u1ed3n WordPress v\u1edbi Theme Flatsome v\u00e0 UX Builder d\u1ec5 t\u00f9y bi\u1ebfn<br \/>\n<\/h2>\n<p>\n Ch\u00fang t\u00f4i s\u1eed d\u1ee5ng m\u00e3 ngu\u1ed3n WordPress k\u1ebft h\u1ee3p v\u1edbi Theme Flatsome, gi\u00fap b\u1ea1n d\u1ec5 d\u00e0ng t\u00f9y ch\u1ec9nh website theo nhu c\u1ea7u c\u1ee7a m\u00ecnh. V\u1edbi UX Builder tr\u1ef1c quan, b\u1ea1n kh\u00f4ng c\u1ea7n ph\u1ea3i c\u00f3 ki\u1ebfn th\u1ee9c l\u1eadp tr\u00ecnh \u0111\u1ec3 t\u1ea1o ra nh\u1eefng thay \u0111\u1ed5i ho\u1eb7c th\u00eam m\u1edbi n\u1ed9i dung cho website c\u1ee7a m\u00ecnh. \u0110i\u1ec1u n\u00e0y gi\u00fap b\u1ea1n ti\u1ebft ki\u1ec7m th\u1eddi gian v\u00e0 ti\u1ec1n b\u1ea1c.\n<\/p>\n<h2>\n T\u1ed1c \u0111\u1ed9 t\u1ea3i trang nhanh<br \/>\n<\/h2>\n<p>\n Ch\u00fang t\u00f4i cam k\u1ebft t\u1ed1i \u01b0u h\u00f3a t\u1ed1c \u0111\u1ed9 t\u1ea3i trang cho website c\u1ee7a b\u1ea1n, \u0111\u1ea3m b\u1ea3o r\u1eb1ng ng\u01b0\u1eddi d\u00f9ng s\u1ebd kh\u00f4ng ph\u1ea3i ch\u1edd \u0111\u1ee3i l\u00e2u khi truy c\u1eadp. T\u1ed1c \u0111\u1ed9 t\u1ea3i nhanh kh\u00f4ng ch\u1ec9 mang \u0111\u1ebfn tr\u1ea3i nghi\u1ec7m t\u1ed1t cho ng\u01b0\u1eddi d\u00f9ng m\u00e0 c\u00f2n \u1ea3nh h\u01b0\u1edfng \u0111\u1ebfn th\u1ee9 h\u1ea1ng SEO c\u1ee7a website tr\u00ean c\u00f4ng c\u1ee5 t\u00ecm ki\u1ebfm.\n<\/p>\n<hr\/>\n<p>\n N\u1ebfu b\u1ea1n \u0111ang t\u00ecm ki\u1ebfm m\u1ed9t \u0111\u01a1n v\u1ecb thi\u1ebft k\u1ebf website uy t\u00edn v\u00e0 chuy\u00ean nghi\u1ec7p, h\u00e3y li\u00ean h\u1ec7 ngay v\u1edbi<br \/>\n <strong><br \/>\n  LADIGI Agency<br \/>\n <\/strong><br \/>\n . Ch\u00fang t\u00f4i s\u1eb5n s\u00e0ng \u0111\u1ed3ng h\u00e0nh c\u00f9ng b\u1ea1n trong h\u00e0nh tr\u00ecnh ph\u00e1t tri\u1ec3n kinh doanh tr\u1ef1c tuy\u1ebfn c\u1ee7a m\u00ecnh.\n<\/p>\n<p>\n T\u00ecm hi\u1ec3u th\u00eam v\u1ec1 d\u1ecbch v\u1ee5 c\u1ee7a ch\u00fang t\u00f4i qua<br \/>\n <a href=\"https:\/\/ladigi.vn\/thiet-ke-website\/\"><br \/>\n  G\u00f3i website doanh nghi\u1ec7p to\u00e0n di\u1ec7n<br \/>\n <\/a><br \/>\n .<\/p>\n","protected":false},"excerpt":{"rendered":"<p>D\u1ecbch v\u1ee5 Thi\u1ebft k\u1ebf website B\u1ea5t \u0110\u1ed9ng S\u1ea3n Vinhouse cung c\u1ea5p giao di\u1ec7n \u0111\u1eb9p, chuy\u00ean nghi\u1ec7p v\u00e0 d\u1ec5 s\u1eed d\u1ee5ng. Website t\u01b0\u01a1ng th\u00edch tr\u00ean m\u1ecdi thi\u1ebft b\u1ecb v\u00e0 s\u1eed d\u1ee5ng m\u00e3 ngu\u1ed3n Wordpress v\u1edbi Theme Flatsome c\u00f9ng UX Builder, cho ph\u00e9p t\u00f9y bi\u1ebfn linh ho\u1ea1t. T\u1ed1c \u0111\u1ed9 t\u1ea3i trang nhanh, n\u00e2ng cao tr\u1ea3i nghi\u1ec7m ng\u01b0\u1eddi d\u00f9ng.<\/p>\n","protected":false},"featured_media":3943,"comment_status":"open","ping_status":"closed","template":"","meta":[],"product_cat":[16,28],"product_tag":[24],"class_list":{"0":"post-3942","1":"product","2":"type-product","3":"status-publish","4":"has-post-thumbnail","6":"product_cat-tat-ca","7":"product_cat-bat-dong-san","8":"product_tag-cong-ty","10":"first","11":"instock","12":"shipping-taxable","13":"purchasable","14":"product-type-simple"},"_links":{"self":[{"href":"https:\/\/ladigi.vn\/thiet-ke-website\/wp-json\/wp\/v2\/product\/3942","targetHints":{"allow":["GET"]}}],"collection":[{"href":"https:\/\/ladigi.vn\/thiet-ke-website\/wp-json\/wp\/v2\/product"}],"about":[{"href":"https:\/\/ladigi.vn\/thiet-ke-website\/wp-json\/wp\/v2\/types\/product"}],"replies":[{"embeddable":true,"href":"https:\/\/ladigi.vn\/thiet-ke-website\/wp-json\/wp\/v2\/comments?post=3942"}],"wp:featuredmedia":[{"embeddable":true,"href":"https:\/\/ladigi.vn\/thiet-ke-website\/wp-json\/wp\/v2\/media\/3943"}],"wp:attachment":[{"href":"https:\/\/ladigi.vn\/thiet-ke-website\/wp-json\/wp\/v2\/media?parent=3942"}],"wp:term":[{"taxonomy":"product_cat","embeddable":true,"href":"https:\/\/ladigi.vn\/thiet-ke-website\/wp-json\/wp\/v2\/product_cat?post=3942"},{"taxonomy":"product_tag","embeddable":true,"href":"https:\/\/ladigi.vn\/thiet-ke-website\/wp-json\/wp\/v2\/product_tag?post=3942"}],"curies":[{"name":"wp","href":"https:\/\/api.w.org\/{rel}","templated":true}]}}