{"id":3959,"date":"2021-05-10T16:20:15","date_gmt":"2021-05-10T09:20:15","guid":{"rendered":"https:\/\/ladigi.vn\/thiet-ke-website\/?post_type=product&#038;p=3959"},"modified":"2025-01-10T21:31:36","modified_gmt":"2025-01-10T14:31:36","slug":"thiet-ke-website-cho-benh-vien-phong-kham-mau-so-1","status":"publish","type":"product","link":"https:\/\/ladigi.vn\/thiet-ke-website\/mau-web\/thiet-ke-website-cho-benh-vien-phong-kham-mau-so-1\/","title":{"rendered":"B\u1ec7nh Vi\u1ec7n, Ph\u00f2ng Kh\u00e1m"},"content":{"rendered":"<h1>\n D\u1ecbch v\u1ee5 Thi\u1ebft k\u1ebf website B\u1ec7nh Vi\u1ec7n, Ph\u00f2ng Kh\u00e1m<br \/>\n<\/h1>\n<p>\n Trong th\u1eddi \u0111\u1ea1i c\u00f4ng ngh\u1ec7 s\u1ed1, vi\u1ec7c s\u1edf h\u1eefu m\u1ed9t website chuy\u00ean nghi\u1ec7p l\u00e0 \u0111i\u1ec1u c\u1ea7n thi\u1ebft cho m\u1ecdi b\u1ec7nh vi\u1ec7n v\u00e0 ph\u00f2ng kh\u00e1m. D\u1ecbch v\u1ee5 thi\u1ebft k\u1ebf website cho b\u1ec7nh vi\u1ec7n v\u00e0 ph\u00f2ng kh\u00e1m c\u1ee7a ch\u00fang t\u00f4i cam k\u1ebft mang \u0111\u1ebfn cho b\u1ea1n m\u1ed9t giao di\u1ec7n web \u0111\u1eb9p, chuy\u00ean nghi\u1ec7p v\u00e0 d\u1ec5 s\u1eed d\u1ee5ng. V\u1edbi thi\u1ebft k\u1ebf tr\u1ef1c quan, ng\u01b0\u1eddi d\u00f9ng d\u1ec5 d\u00e0ng t\u00ecm th\u1ea5y th\u00f4ng tin c\u1ea7n thi\u1ebft m\u00e0 kh\u00f4ng g\u1eb7p b\u1ea5t k\u1ef3 kh\u00f3 kh\u0103n n\u00e0o.\n<\/p>\n<h2>\n Giao di\u1ec7n \u0111\u1eb9p v\u00e0 d\u1ec5 s\u1eed d\u1ee5ng<br \/>\n<\/h2>\n<p>\n Ch\u00fang t\u00f4i hi\u1ec3u r\u1eb1ng m\u1ed9t giao di\u1ec7n b\u1eaft m\u1eaft v\u00e0 d\u1ec5 s\u1eed d\u1ee5ng s\u1ebd t\u1ea1o \u1ea5n t\u01b0\u1ee3ng \u0111\u1ea7u ti\u00ean t\u00edch c\u1ef1c v\u1edbi b\u1ec7nh nh\u00e2n. Website \u0111\u01b0\u1ee3c thi\u1ebft k\u1ebf theo phong c\u00e1ch hi\u1ec7n \u0111\u1ea1i, ph\u00f9 h\u1ee3p v\u1edbi xu h\u01b0\u1edbng y t\u1ebf hi\u1ec7n nay, gi\u00fap ng\u01b0\u1eddi d\u00f9ng c\u1ea3m th\u1ea5y tho\u1ea3i m\u00e1i khi truy c\u1eadp v\u00e0 t\u00ecm ki\u1ebfm th\u00f4ng tin.\n<\/p>\n<h2>\n T\u01b0\u01a1ng th\u00edch tr\u00ean m\u1ecdi thi\u1ebft b\u1ecb<br \/>\n<\/h2>\n<p>\n V\u1edbi s\u1ed1 l\u01b0\u1ee3ng ng\u01b0\u1eddi d\u00f9ng di \u0111\u1ed9ng ng\u00e0y c\u00e0ng t\u0103ng, m\u1ecdi thi\u1ebft k\u1ebf website c\u1ee7a ch\u00fang t\u00f4i \u0111\u1ec1u t\u01b0\u01a1ng th\u00edch v\u1edbi c\u00e1c thi\u1ebft b\u1ecb, t\u1eeb m\u00e1y t\u00ednh, m\u00e1y t\u00ednh b\u1ea3ng \u0111\u1ebfn \u0111i\u1ec7n tho\u1ea1i di \u0111\u1ed9ng. \u0110i\u1ec1u n\u00e0y \u0111\u1ea3m b\u1ea3o r\u1eb1ng b\u1ec7nh nh\u00e2n c\u00f3 th\u1ec3 truy c\u1eadp th\u00f4ng tin b\u1ea1n cung c\u1ea5p m\u1ed9t c\u00e1ch thu\u1eadn ti\u1ec7n nh\u1ea5t, b\u1ea5t k\u1ec3 h\u1ecd \u0111ang \u1edf \u0111\u00e2u.\n<\/p>\n<h2>\n M\u00e3 ngu\u1ed3n WordPress v\u1edbi Theme Flatsome v\u00e0 UX Builder<br \/>\n<\/h2>\n<p>\n Ch\u00fang t\u00f4i s\u1eed d\u1ee5ng m\u00e3 ngu\u1ed3n WordPress k\u1ebft h\u1ee3p v\u1edbi Theme Flatsome v\u00e0 UX Builder, gi\u00fap b\u1ea1n d\u1ec5 d\u00e0ng t\u00f9y bi\u1ebfn v\u00e0 ch\u1ec9nh s\u1eeda n\u1ed9i dung theo nhu c\u1ea7u c\u1ee7a m\u00ecnh. B\u1ea1n c\u00f3 th\u1ec3 c\u1eadp nh\u1eadt th\u00f4ng tin m\u1edbi nh\u1ea5t, h\u00ecnh \u1ea3nh v\u00e0 d\u1ecbch v\u1ee5 m\u00e0 kh\u00f4ng g\u1eb7p ph\u1ea3i b\u1ea5t k\u1ef3 kh\u00f3 kh\u0103n n\u00e0o.\n<\/p>\n<h2>\n T\u1ed1c \u0111\u1ed9 t\u1ea3i trang nhanh<br \/>\n<\/h2>\n<p>\n M\u1ed9t trong nh\u1eefng y\u1ebfu t\u1ed1 quan tr\u1ecdng quy\u1ebft \u0111\u1ecbnh \u0111\u1ebfn tr\u1ea3i nghi\u1ec7m ng\u01b0\u1eddi d\u00f9ng l\u00e0 t\u1ed1c \u0111\u1ed9 t\u1ea3i trang. Website \u0111\u01b0\u1ee3c t\u1ed1i \u01b0u h\u00f3a \u0111\u1ec3 c\u00f3 t\u1ed1c \u0111\u1ed9 t\u1ea3i trang nhanh, gi\u00fap b\u1ec7nh nh\u00e2n kh\u00f4ng ph\u1ea3i ch\u1edd \u0111\u1ee3i l\u00e2u v\u00e0 d\u1ec5 d\u00e0ng t\u00ecm ki\u1ebfm th\u00f4ng tin trong th\u1eddi gian ng\u1eafn nh\u1ea5t.\n<\/p>\n<hr\/>\n<p>\n N\u1ebfu b\u1ea1n \u0111ang t\u00ecm ki\u1ebfm m\u1ed9t \u0111\u01a1n v\u1ecb thi\u1ebft k\u1ebf website uy t\u00edn v\u00e0 chuy\u00ean nghi\u1ec7p cho b\u1ec7nh vi\u1ec7n ho\u1eb7c ph\u00f2ng kh\u00e1m c\u1ee7a m\u00ecnh, h\u00e3y \u0111\u1ebfn v\u1edbi LADIGI Agency. Ch\u00fang t\u00f4i t\u1ef1 h\u00e0o mang \u0111\u1ebfn cho b\u1ea1n d\u1ecbch v\u1ee5 thi\u1ebft k\u1ebf website \u0111\u1ea7y \u0111\u1ee7 t\u00ednh n\u0103ng v\u00e0 \u0111\u00e1p \u1ee9ng m\u1ecdi y\u00eau c\u1ea7u c\u1ee7a b\u1ea1n.\n<\/p>\n<p>\n <a href=\"https:\/\/ladigi.vn\/thiet-ke-website\/\"><br \/>\n  Thi\u1ebft k\u1ebf website \u0111\u1ea7y \u0111\u1ee7 t\u00ednh n\u0103ng LADIGI<br \/>\n <\/a><\/p>\n","protected":false},"excerpt":{"rendered":"<p>D\u1ecbch v\u1ee5 thi\u1ebft k\u1ebf website cho b\u1ec7nh vi\u1ec7n, ph\u00f2ng kh\u00e1m t\u1ea1o ra giao di\u1ec7n \u0111\u1eb9p, chuy\u00ean nghi\u1ec7p v\u00e0 d\u1ec5 s\u1eed d\u1ee5ng. Trang web t\u01b0\u01a1ng th\u00edch tr\u00ean m\u1ecdi thi\u1ebft b\u1ecb, s\u1eed d\u1ee5ng m\u00e3 ngu\u1ed3n Wordpress v\u1edbi Theme Flatsome v\u00e0 UX Builder \u0111\u1ec3 d\u1ec5 d\u00e0ng t\u00f9y bi\u1ebfn. \u0110\u1ea3m b\u1ea3o t\u1ed1c \u0111\u1ed9 t\u1ea3i trang nhanh ch\u00f3ng.<\/p>\n","protected":false},"featured_media":3962,"comment_status":"open","ping_status":"closed","template":"","meta":[],"product_cat":[16,26,53],"product_tag":[24],"class_list":{"0":"post-3959","1":"product","2":"type-product","3":"status-publish","4":"has-post-thumbnail","6":"product_cat-tat-ca","7":"product_cat-phong-kham","8":"product_cat-suc-khoe","9":"product_tag-cong-ty","11":"first","12":"instock","13":"shipping-taxable","14":"purchasable","15":"product-type-simple"},"_links":{"self":[{"href":"https:\/\/ladigi.vn\/thiet-ke-website\/wp-json\/wp\/v2\/product\/3959","targetHints":{"allow":["GET"]}}],"collection":[{"href":"https:\/\/ladigi.vn\/thiet-ke-website\/wp-json\/wp\/v2\/product"}],"about":[{"href":"https:\/\/ladigi.vn\/thiet-ke-website\/wp-json\/wp\/v2\/types\/product"}],"replies":[{"embeddable":true,"href":"https:\/\/ladigi.vn\/thiet-ke-website\/wp-json\/wp\/v2\/comments?post=3959"}],"wp:featuredmedia":[{"embeddable":true,"href":"https:\/\/ladigi.vn\/thiet-ke-website\/wp-json\/wp\/v2\/media\/3962"}],"wp:attachment":[{"href":"https:\/\/ladigi.vn\/thiet-ke-website\/wp-json\/wp\/v2\/media?parent=3959"}],"wp:term":[{"taxonomy":"product_cat","embeddable":true,"href":"https:\/\/ladigi.vn\/thiet-ke-website\/wp-json\/wp\/v2\/product_cat?post=3959"},{"taxonomy":"product_tag","embeddable":true,"href":"https:\/\/ladigi.vn\/thiet-ke-website\/wp-json\/wp\/v2\/product_tag?post=3959"}],"curies":[{"name":"wp","href":"https:\/\/api.w.org\/{rel}","templated":true}]}}