{"id":3963,"date":"2021-05-10T16:23:02","date_gmt":"2021-05-10T09:23:02","guid":{"rendered":"https:\/\/ladigi.vn\/thiet-ke-website\/?post_type=product&#038;p=3963"},"modified":"2025-01-10T21:33:24","modified_gmt":"2025-01-10T14:33:24","slug":"thiet-ke-website-bat-dong-san-mau-so-14-guam-island","status":"publish","type":"product","link":"https:\/\/ladigi.vn\/thiet-ke-website\/mau-web\/thiet-ke-website-bat-dong-san-mau-so-14-guam-island\/","title":{"rendered":"B\u1ea5t \u0110\u1ed9ng S\u1ea3n M\u1eabu S\u1ed1 14"},"content":{"rendered":"<h1>\n D\u1ecbch v\u1ee5 Thi\u1ebft k\u1ebf website B\u1ea5t \u0110\u1ed9ng S\u1ea3n M\u1eabu S\u1ed1 14<br \/>\n<\/h1>\n<p>\n Ch\u00e0o m\u1eebng b\u1ea1n \u0111\u1ebfn v\u1edbi d\u1ecbch v\u1ee5<br \/>\n <strong><br \/>\n  Thi\u1ebft k\u1ebf website B\u1ea5t \u0110\u1ed9ng S\u1ea3n M\u1eabu S\u1ed1 14<br \/>\n <\/strong><br \/>\n &#8211; gi\u1ea3i ph\u00e1p ho\u00e0n h\u1ea3o cho c\u00e1c doanh nghi\u1ec7p b\u1ea5t \u0111\u1ed9ng s\u1ea3n mu\u1ed1n kh\u1eb3ng \u0111\u1ecbnh th\u01b0\u01a1ng hi\u1ec7u v\u00e0 thu h\u00fat kh\u00e1ch h\u00e0ng. V\u1edbi giao di\u1ec7n web \u0111\u01b0\u1ee3c thi\u1ebft k\u1ebf \u0111\u1eb9p, chuy\u00ean nghi\u1ec7p v\u00e0 d\u1ec5 s\u1eed d\u1ee5ng, ch\u00fang t\u00f4i cam k\u1ebft mang l\u1ea1i tr\u1ea3i nghi\u1ec7m t\u1ed1t nh\u1ea5t cho ng\u01b0\u1eddi d\u00f9ng.\n<\/p>\n<h2>\n T\u00ednh n\u0103ng n\u1ed5i b\u1eadt:<br \/>\n<\/h2>\n<ul>\n<li>\n  <strong><br \/>\n   Giao di\u1ec7n \u0111\u1eb9p v\u00e0 chuy\u00ean nghi\u1ec7p<br \/>\n  <\/strong><br \/>\n  : Website \u0111\u01b0\u1ee3c thi\u1ebft k\u1ebf v\u1edbi phong c\u00e1ch hi\u1ec7n \u0111\u1ea1i, tinh t\u1ebf, d\u1ec5 d\u00e0ng t\u1ea1o \u1ea5n t\u01b0\u1ee3ng v\u1edbi kh\u00e1ch h\u00e0ng ngay t\u1eeb l\u1ea7n xem \u0111\u1ea7u ti\u00ean.\n <\/li>\n<li>\n  <strong><br \/>\n   T\u01b0\u01a1ng th\u00edch tr\u00ean m\u1ecdi thi\u1ebft b\u1ecb<br \/>\n  <\/strong><br \/>\n  : Ch\u00fang t\u00f4i \u0111\u1ea3m b\u1ea3o r\u1eb1ng trang web c\u1ee7a b\u1ea1n ho\u1ea1t \u0111\u1ed9ng m\u01b0\u1ee3t m\u00e0 tr\u00ean t\u1ea5t c\u1ea3 c\u00e1c thi\u1ebft b\u1ecb, t\u1eeb m\u00e1y t\u00ednh \u0111\u1ec3 b\u00e0n cho \u0111\u1ebfn \u0111i\u1ec7n tho\u1ea1i di \u0111\u1ed9ng, gi\u00fap ng\u01b0\u1eddi d\u00f9ng c\u00f3 th\u1ec3 truy c\u1eadp m\u1ecdi l\u00fac, m\u1ecdi n\u01a1i.\n <\/li>\n<li>\n  <strong><br \/>\n   M\u00e3 ngu\u1ed3n WordPress v\u1edbi Theme Flatsome v\u00e0 UX Builder<br \/>\n  <\/strong><br \/>\n  : D\u1ec5 d\u00e0ng t\u00f9y bi\u1ebfn theo nhu c\u1ea7u c\u1ee7a b\u1ea1n. B\u1ea1n c\u00f3 th\u1ec3 c\u1eadp nh\u1eadt n\u1ed9i dung, h\u00ecnh \u1ea3nh, v\u00e0 c\u00e1c th\u00f4ng tin kh\u00e1c nhanh ch\u00f3ng v\u00e0 \u0111\u01a1n gi\u1ea3n m\u00e0 kh\u00f4ng c\u1ea7n ph\u1ea3i c\u00f3 k\u1ef9 n\u0103ng l\u1eadp tr\u00ecnh.\n <\/li>\n<li>\n  <strong><br \/>\n   T\u1ed1c \u0111\u1ed9 t\u1ea3i trang nhanh<br \/>\n  <\/strong><br \/>\n  : M\u1ed9t website t\u1ea3i nhanh gi\u00fap c\u1ea3i thi\u1ec7n tr\u1ea3i nghi\u1ec7m ng\u01b0\u1eddi d\u00f9ng v\u00e0 t\u0103ng kh\u1ea3 n\u0103ng gi\u1eef ch\u00e2n kh\u00e1ch h\u00e0ng, t\u1eeb \u0111\u00f3 n\u00e2ng cao t\u1ef7 l\u1ec7 chuy\u1ec3n \u0111\u1ed5i.\n <\/li>\n<\/ul>\n<p>\n N\u1ebfu b\u1ea1n \u0111ang t\u00ecm ki\u1ebfm m\u1ed9t \u0111\u01a1n v\u1ecb thi\u1ebft k\u1ebf website chuy\u00ean nghi\u1ec7p, h\u00e3y \u0111\u1ebfn v\u1edbi<br \/>\n <strong><br \/>\n  LADIGI Agency<br \/>\n <\/strong><br \/>\n . Ch\u00fang t\u00f4i t\u1ef1 h\u00e0o mang \u0111\u1ebfn nh\u1eefng gi\u1ea3i ph\u00e1p t\u1ed1i \u01b0u cho doanh nghi\u1ec7p c\u1ee7a b\u1ea1n, t\u1eeb kh\u1ea3o s\u00e1t nhu c\u1ea7u \u0111\u1ebfn thi\u1ebft k\u1ebf v\u00e0 b\u1ea3o tr\u00ec website.\n<\/p>\n<p>\n T\u00ecm hi\u1ec3u th\u00eam v\u1ec1 ch\u00fang t\u00f4i t\u1ea1i \u0111\u00e2y:<br \/>\n <a href=\"https:\/\/ladigi.vn\/thiet-ke-website\/\"><br \/>\n  Thi\u1ebft k\u1ebf website chuy\u00ean nghi\u1ec7p tr\u1ecdn g\u00f3i LADIGI<br \/>\n <\/a><\/p>\n","protected":false},"excerpt":{"rendered":"<p>D\u1ecbch v\u1ee5 Thi\u1ebft k\u1ebf website B\u1ea5t \u0110\u1ed9ng S\u1ea3n M\u1eabu S\u1ed1 14 mang \u0111\u1ebfn giao di\u1ec7n \u0111\u1eb9p, chuy\u00ean nghi\u1ec7p v\u00e0 d\u1ec5 s\u1eed d\u1ee5ng. Website t\u01b0\u01a1ng th\u00edch tr\u00ean m\u1ecdi thi\u1ebft b\u1ecb, s\u1eed d\u1ee5ng m\u00e3 ngu\u1ed3n Wordpress v\u1edbi Theme Flatsome v\u00e0 UX Builder, cho ph\u00e9p t\u00f9y bi\u1ebfn linh ho\u1ea1t. T\u1ed1c \u0111\u1ed9 t\u1ea3i trang nhanh, \u0111\u1ea3m b\u1ea3o tr\u1ea3i nghi\u1ec7m ng\u01b0\u1eddi d\u00f9ng t\u1ed1i \u01b0u.<\/p>\n","protected":false},"featured_media":3967,"comment_status":"open","ping_status":"closed","template":"","meta":[],"product_cat":[16,28],"product_tag":[24],"class_list":{"0":"post-3963","1":"product","2":"type-product","3":"status-publish","4":"has-post-thumbnail","6":"product_cat-tat-ca","7":"product_cat-bat-dong-san","8":"product_tag-cong-ty","10":"first","11":"instock","12":"shipping-taxable","13":"purchasable","14":"product-type-simple"},"_links":{"self":[{"href":"https:\/\/ladigi.vn\/thiet-ke-website\/wp-json\/wp\/v2\/product\/3963","targetHints":{"allow":["GET"]}}],"collection":[{"href":"https:\/\/ladigi.vn\/thiet-ke-website\/wp-json\/wp\/v2\/product"}],"about":[{"href":"https:\/\/ladigi.vn\/thiet-ke-website\/wp-json\/wp\/v2\/types\/product"}],"replies":[{"embeddable":true,"href":"https:\/\/ladigi.vn\/thiet-ke-website\/wp-json\/wp\/v2\/comments?post=3963"}],"wp:featuredmedia":[{"embeddable":true,"href":"https:\/\/ladigi.vn\/thiet-ke-website\/wp-json\/wp\/v2\/media\/3967"}],"wp:attachment":[{"href":"https:\/\/ladigi.vn\/thiet-ke-website\/wp-json\/wp\/v2\/media?parent=3963"}],"wp:term":[{"taxonomy":"product_cat","embeddable":true,"href":"https:\/\/ladigi.vn\/thiet-ke-website\/wp-json\/wp\/v2\/product_cat?post=3963"},{"taxonomy":"product_tag","embeddable":true,"href":"https:\/\/ladigi.vn\/thiet-ke-website\/wp-json\/wp\/v2\/product_tag?post=3963"}],"curies":[{"name":"wp","href":"https:\/\/api.w.org\/{rel}","templated":true}]}}