{"id":3965,"date":"2021-05-10T16:22:49","date_gmt":"2021-05-10T09:22:49","guid":{"rendered":"https:\/\/ladigi.vn\/thiet-ke-website\/?post_type=product&#038;p=3965"},"modified":"2025-01-10T21:34:24","modified_gmt":"2025-01-10T14:34:24","slug":"thiet-ke-website-cho-cong-ty-xay-dung-mau-so-7","status":"publish","type":"product","link":"https:\/\/ladigi.vn\/thiet-ke-website\/mau-web\/thiet-ke-website-cho-cong-ty-xay-dung-mau-so-7\/","title":{"rendered":"X\u00e2y D\u1ef1ng M\u1eabu S\u1ed1 7"},"content":{"rendered":"<h1>\n D\u1ecbch v\u1ee5 Thi\u1ebft k\u1ebf website X\u00e2y D\u1ef1ng M\u1eabu S\u1ed1 7<br \/>\n<\/h1>\n<p>\n Ch\u00e0o m\u1eebng b\u1ea1n \u0111\u1ebfn v\u1edbi d\u1ecbch v\u1ee5 Thi\u1ebft k\u1ebf website X\u00e2y D\u1ef1ng M\u1eabu S\u1ed1 7 c\u1ee7a ch\u00fang t\u00f4i! \u0110\u1ed9i ng\u0169 thi\u1ebft k\u1ebf chuy\u00ean nghi\u1ec7p c\u1ee7a ch\u00fang t\u00f4i cam k\u1ebft mang \u0111\u1ebfn cho b\u1ea1n m\u1ed9t trang web kh\u00f4ng ch\u1ec9 \u0111\u1eb9p m\u00e0 c\u00f2n c\u1ef1c k\u1ef3 hi\u1ec7u qu\u1ea3 trong vi\u1ec7c thu h\u00fat kh\u00e1ch h\u00e0ng.\n<\/p>\n<h2>\n Giao di\u1ec7n \u0111\u1eb9p v\u00e0 chuy\u00ean nghi\u1ec7p<br \/>\n<\/h2>\n<p>\n Giao di\u1ec7n c\u1ee7a website \u0111\u01b0\u1ee3c thi\u1ebft k\u1ebf t\u1ec9 m\u1ec9, \u0111\u1ea3m b\u1ea3o t\u00ednh th\u1ea9m m\u1ef9 cao v\u00e0 s\u1ef1 chuy\u00ean nghi\u1ec7p. Ng\u01b0\u1eddi d\u00f9ng s\u1ebd d\u1ec5 d\u00e0ng c\u00f3 \u0111\u01b0\u1ee3c tr\u1ea3i nghi\u1ec7m tuy\u1ec7t v\u1eddi khi truy c\u1eadp v\u00e0o trang c\u1ee7a b\u1ea1n, nh\u1edd v\u00e0o vi\u1ec7c b\u1ed1 tr\u00ed h\u1ee3p l\u00fd v\u00e0 m\u00e0u s\u1eafc h\u00e0i h\u00f2a.\n<\/p>\n<h2>\n T\u01b0\u01a1ng th\u00edch tr\u00ean m\u1ecdi thi\u1ebft b\u1ecb<br \/>\n<\/h2>\n<p>\n Trong th\u1eddi \u0111\u1ea1i c\u00f4ng ngh\u1ec7 hi\u1ec7n nay, vi\u1ec7c trang web \u1ee9ng d\u1ee5ng t\u1ed1t tr\u00ean m\u1ecdi thi\u1ebft b\u1ecb l\u00e0 v\u00f4 c\u00f9ng c\u1ea7n thi\u1ebft. V\u1edbi thi\u1ebft k\u1ebf responsive, website c\u1ee7a b\u1ea1n s\u1ebd lu\u00f4n hi\u1ec3n th\u1ecb ho\u00e0n h\u1ea3o tr\u00ean m\u00e1y t\u00ednh, m\u00e1y t\u00ednh b\u1ea3ng v\u00e0 \u0111i\u1ec7n tho\u1ea1i di \u0111\u1ed9ng.\n<\/p>\n<h2>\n M\u00e3 ngu\u1ed3n WordPress v\u1edbi Theme Flatsome v\u00e0 UX Builder<br \/>\n<\/h2>\n<p>\n Website \u0111\u01b0\u1ee3c ph\u00e1t tri\u1ec3n tr\u00ean n\u1ec1n t\u1ea3ng WordPress s\u1eed d\u1ee5ng Theme Flatsome \u0111i k\u00e8m v\u1edbi UX Builder, gi\u00fap b\u1ea1n d\u1ec5 d\u00e0ng t\u00f9y ch\u1ec9nh giao di\u1ec7n theo \u00fd th\u00edch m\u00e0 kh\u00f4ng c\u1ea7n ph\u1ea3i c\u00f3 ki\u1ebfn th\u1ee9c l\u1eadp tr\u00ecnh s\u00e2u. \u0110i\u1ec1u n\u00e0y mang l\u1ea1i s\u1ef1 linh ho\u1ea1t tuy\u1ec7t v\u1eddi cho b\u1ea1n trong vi\u1ec7c c\u1eadp nh\u1eadt v\u00e0 thay \u0111\u1ed5i n\u1ed9i dung trang web.\n<\/p>\n<h2>\n T\u1ed1c \u0111\u1ed9 t\u1ea3i trang nhanh<br \/>\n<\/h2>\n<p>\n Ng\u01b0\u1eddi d\u00f9ng hi\u1ec7n nay kh\u00f4ng c\u00f3 nhi\u1ec1u ki\u00ean nh\u1eabn. Do \u0111\u00f3, t\u1ed1c \u0111\u1ed9 t\u1ea3i trang nhanh l\u00e0 m\u1ed9t y\u1ebfu t\u1ed1 quan tr\u1ecdng m\u00e0 ch\u00fang t\u00f4i lu\u00f4n ch\u00fa tr\u1ecdng. V\u1edbi c\u00e1c c\u00f4ng ngh\u1ec7 t\u1ed1i \u01b0u h\u00f3a, website c\u1ee7a b\u1ea1n s\u1ebd c\u00f3 t\u1ed1c \u0111\u1ed9 t\u1ea3i trang nhanh, gi\u00fap t\u0103ng tr\u1ea3i nghi\u1ec7m ng\u01b0\u1eddi d\u00f9ng v\u00e0 c\u1ea3i thi\u1ec7n th\u1ee9 h\u1ea1ng tr\u00ean Google.\n<\/p>\n<h2>\n Gi\u1edbi thi\u1ec7u v\u1ec1 LADIGI<br \/>\n<\/h2>\n<p>\n \u0110\u1ec3 c\u00f3 \u0111\u01b0\u1ee3c m\u1ed9t website \u1ea5n t\u01b0\u1ee3ng v\u00e0 chuy\u00ean nghi\u1ec7p, h\u00e3y \u0111\u1ebfn v\u1edbi<br \/>\n <a href=\"https:\/\/ladigi.vn\/thiet-ke-website\/\"><br \/>\n  C\u00f4ng ty thi\u1ebft k\u1ebf website chuy\u00ean nghi\u1ec7p<br \/>\n <\/a><br \/>\n \u2013 LADIGI Agency. Ch\u00fang t\u00f4i cam k\u1ebft mang \u0111\u1ebfn nh\u1eefng gi\u1ea3i ph\u00e1p thi\u1ebft k\u1ebf website t\u1ed1t nh\u1ea5t cho doanh nghi\u1ec7p c\u1ee7a b\u1ea1n!<\/p>\n","protected":false},"excerpt":{"rendered":"<p>D\u1ecbch v\u1ee5 Thi\u1ebft k\u1ebf website X\u00e2y D\u1ef1ng M\u1eabu S\u1ed1 7 l\u00e0 s\u1ef1 l\u1ef1a ch\u1ecdn ho\u00e0n h\u1ea3o cho nh\u1eefng ai \u0111ang t\u00ecm ki\u1ebfm m\u1ed9t giao di\u1ec7n web \u0111\u1eb9p, chuy\u00ean nghi\u1ec7p v\u00e0 d\u1ec5 s\u1eed d\u1ee5ng. V\u1edbi thi\u1ebft k\u1ebf t\u01b0\u01a1ng th\u00edch tr\u00ean m\u1ecdi thi\u1ebft b\u1ecb, ng\u01b0\u1eddi d\u00f9ng c\u00f3 th\u1ec3 tr\u1ea3i nghi\u1ec7m trang web m\u1ed9t c\u00e1ch thu\u1eadn ti\u1ec7n v\u00e0 m\u01b0\u1ee3t m\u00e0. M\u00e3 ngu\u1ed3n Wordpress k\u1ebft h\u1ee3p v\u1edbi Theme Flatsome v\u00e0 UX Builder gi\u00fap t\u00f9y bi\u1ebfn trang web d\u1ec5 d\u00e0ng v\u00e0 linh ho\u1ea1t. \u0110\u1eb7c bi\u1ec7t, t\u1ed1c \u0111\u1ed9 t\u1ea3i trang nhanh s\u1ebd mang l\u1ea1i tr\u1ea3i nghi\u1ec7m tuy\u1ec7t v\u1eddi cho ng\u01b0\u1eddi d\u00f9ng.<\/p>\n","protected":false},"featured_media":3966,"comment_status":"open","ping_status":"closed","template":"","meta":[],"product_cat":[16,30],"product_tag":[24],"class_list":{"0":"post-3965","1":"product","2":"type-product","3":"status-publish","4":"has-post-thumbnail","6":"product_cat-tat-ca","7":"product_cat-noi-that","8":"product_tag-cong-ty","10":"first","11":"instock","12":"shipping-taxable","13":"purchasable","14":"product-type-simple"},"_links":{"self":[{"href":"https:\/\/ladigi.vn\/thiet-ke-website\/wp-json\/wp\/v2\/product\/3965","targetHints":{"allow":["GET"]}}],"collection":[{"href":"https:\/\/ladigi.vn\/thiet-ke-website\/wp-json\/wp\/v2\/product"}],"about":[{"href":"https:\/\/ladigi.vn\/thiet-ke-website\/wp-json\/wp\/v2\/types\/product"}],"replies":[{"embeddable":true,"href":"https:\/\/ladigi.vn\/thiet-ke-website\/wp-json\/wp\/v2\/comments?post=3965"}],"wp:featuredmedia":[{"embeddable":true,"href":"https:\/\/ladigi.vn\/thiet-ke-website\/wp-json\/wp\/v2\/media\/3966"}],"wp:attachment":[{"href":"https:\/\/ladigi.vn\/thiet-ke-website\/wp-json\/wp\/v2\/media?parent=3965"}],"wp:term":[{"taxonomy":"product_cat","embeddable":true,"href":"https:\/\/ladigi.vn\/thiet-ke-website\/wp-json\/wp\/v2\/product_cat?post=3965"},{"taxonomy":"product_tag","embeddable":true,"href":"https:\/\/ladigi.vn\/thiet-ke-website\/wp-json\/wp\/v2\/product_tag?post=3965"}],"curies":[{"name":"wp","href":"https:\/\/api.w.org\/{rel}","templated":true}]}}