{"id":3981,"date":"2021-05-10T16:33:23","date_gmt":"2021-05-10T09:33:23","guid":{"rendered":"https:\/\/ladigi.vn\/thiet-ke-website\/?post_type=product&#038;p=3981"},"modified":"2025-01-10T21:41:52","modified_gmt":"2025-01-10T14:41:52","slug":"thiet-ke-landing-page-gioi-thieu-cong-ty-vcheck","status":"publish","type":"product","link":"https:\/\/ladigi.vn\/thiet-ke-website\/mau-web\/thiet-ke-landing-page-gioi-thieu-cong-ty-vcheck\/","title":{"rendered":"C\u00f4ng Ty Vcheck"},"content":{"rendered":"<h1>\n D\u1ecbch v\u1ee5 Thi\u1ebft k\u1ebf website C\u00f4ng Ty Vcheck<br \/>\n<\/h1>\n<p>\n Ch\u00fang t\u00f4i t\u1ef1 h\u00e0o gi\u1edbi thi\u1ec7u d\u1ecbch v\u1ee5 thi\u1ebft k\u1ebf website chuy\u00ean nghi\u1ec7p c\u1ee7a C\u00f4ng Ty Vcheck, n\u01a1i b\u1ea1n c\u00f3 th\u1ec3 t\u00ecm th\u1ea5y nh\u1eefng gi\u1ea3i ph\u00e1p tuy\u1ec7t v\u1eddi cho s\u1ef1 hi\u1ec7n di\u1ec7n tr\u1ef1c tuy\u1ebfn c\u1ee7a doanh nghi\u1ec7p m\u00ecnh.\n<\/p>\n<h2>\n Giao di\u1ec7n web \u0111\u1eb9p m\u1eaft v\u00e0 chuy\u00ean nghi\u1ec7p<br \/>\n<\/h2>\n<p>\n Website \u0111\u01b0\u1ee3c thi\u1ebft k\u1ebf v\u1edbi giao di\u1ec7n hi\u1ec7n \u0111\u1ea1i, thu h\u00fat v\u00e0 chuy\u00ean nghi\u1ec7p, gi\u00fap t\u1ea1o \u1ea5n t\u01b0\u1ee3ng t\u1ed1t v\u1edbi kh\u00e1ch h\u00e0ng ngay t\u1eeb c\u00e1i nh\u00ecn \u0111\u1ea7u ti\u00ean. Ch\u00fang t\u00f4i ch\u00fa tr\u1ecdng \u0111\u1ebfn tr\u1ea3i nghi\u1ec7m ng\u01b0\u1eddi d\u00f9ng, \u0111\u1ea3m b\u1ea3o m\u1ecdi y\u1ebfu t\u1ed1 \u0111\u1ec1u d\u1ec5 s\u1eed d\u1ee5ng v\u00e0 th\u00e2n thi\u1ec7n.\n<\/p>\n<h2>\n T\u01b0\u01a1ng th\u00edch tr\u00ean m\u1ecdi thi\u1ebft b\u1ecb<br \/>\n<\/h2>\n<p>\n Ch\u00fang t\u00f4i cam k\u1ebft thi\u1ebft k\u1ebf website t\u01b0\u01a1ng th\u00edch tr\u00ean t\u1ea5t c\u1ea3 c\u00e1c thi\u1ebft b\u1ecb, t\u1eeb m\u00e1y t\u00ednh \u0111\u1ec3 b\u00e0n \u0111\u1ebfn \u0111i\u1ec7n tho\u1ea1i di \u0111\u1ed9ng. Kh\u00e1ch h\u00e0ng c\u00f3 th\u1ec3 truy c\u1eadp website c\u1ee7a b\u1ea1n m\u1ecdi l\u00fac, m\u1ecdi n\u01a1i m\u00e0 kh\u00f4ng g\u1eb7p b\u1ea5t k\u1ef3 tr\u1edf ng\u1ea1i n\u00e0o.\n<\/p>\n<h2>\n M\u00e3 ngu\u1ed3n WordPress v\u1edbi Theme Flatsome v\u00e0 UX Builder<br \/>\n<\/h2>\n<p>\n Website c\u1ee7a b\u1ea1n s\u1ebd \u0111\u01b0\u1ee3c ph\u00e1t tri\u1ec3n tr\u00ean n\u1ec1n t\u1ea3ng WordPress, s\u1eed d\u1ee5ng Theme Flatsome, n\u1ed5i b\u1eadt v\u1edbi kh\u1ea3 n\u0103ng t\u00f9y bi\u1ebfn d\u1ec5 d\u00e0ng th\u00f4ng qua UX Builder. \u0110i\u1ec1u n\u00e0y cho ph\u00e9p b\u1ea1n t\u1ef1 do s\u00e1ng t\u1ea1o, ch\u1ec9nh s\u1eeda v\u00e0 t\u1ed1i \u01b0u h\u00f3a giao di\u1ec7n theo phong c\u00e1ch ri\u00eang c\u1ee7a doanh nghi\u1ec7p.\n<\/p>\n<h2>\n T\u1ed1c \u0111\u1ed9 t\u1ea3i trang nhanh<br \/>\n<\/h2>\n<p>\n Ch\u00fang t\u00f4i hi\u1ec3u r\u1eb1ng t\u1ed1c \u0111\u1ed9 t\u1ea3i trang l\u00e0 m\u1ed9t y\u1ebfu t\u1ed1 quan tr\u1ecdng kh\u00f4ng ch\u1ec9 \u1ea3nh h\u01b0\u1edfng \u0111\u1ebfn tr\u1ea3i nghi\u1ec7m ng\u01b0\u1eddi d\u00f9ng m\u00e0 c\u00f2n t\u00e1c \u0111\u1ed9ng \u0111\u1ebfn th\u1ee9 h\u1ea1ng SEO. \u0110\u00f3 l\u00e0 l\u00fd do t\u1ea1i sao ch\u00fang t\u00f4i lu\u00f4n t\u1ed1i \u01b0u h\u00f3a t\u1ed1c \u0111\u1ed9 t\u1ea3i trang \u0111\u1ec3 \u0111em \u0111\u1ebfn th\u1eddi gian load nhanh nh\u1ea5t cho website c\u1ee7a b\u1ea1n.\n<\/p>\n<hr\/>\n<p>\n N\u1ebfu b\u1ea1n \u0111ang t\u00ecm ki\u1ebfm d\u1ecbch v\u1ee5 thi\u1ebft k\u1ebf website ch\u1ea5t l\u01b0\u1ee3ng v\u00e0 gi\u00e1 c\u1ea3 h\u1ee3p l\u00fd, h\u00e3y tham kh\u1ea3o<br \/>\n <strong><br \/>\n  <a href=\"https:\/\/ladigi.vn\/thiet-ke-website\/\"><br \/>\n   G\u00f3i d\u1ecbch v\u1ee5 thi\u1ebft k\u1ebf website gi\u00e1 h\u1ee3p l\u00fd LADIGI<br \/>\n  <\/a><br \/>\n <\/strong><br \/>\n t\u1eeb LADIGI Agency. Ch\u00fang t\u00f4i cam k\u1ebft mang \u0111\u1ebfn nh\u1eefng gi\u1ea3i ph\u00e1p tuy\u1ec7t v\u1eddi nh\u1ea5t cho s\u1ef1 ph\u00e1t tri\u1ec3n online c\u1ee7a b\u1ea1n!<\/p>\n","protected":false},"excerpt":{"rendered":"<p>D\u1ecbch v\u1ee5 Thi\u1ebft k\u1ebf website C\u00f4ng Ty Vcheck cung c\u1ea5p giao di\u1ec7n web \u0111\u1eb9p, chuy\u00ean nghi\u1ec7p v\u00e0 d\u1ec5 s\u1eed d\u1ee5ng, t\u01b0\u01a1ng th\u00edch tr\u00ean m\u1ecdi thi\u1ebft b\u1ecb. V\u1edbi m\u00e3 ngu\u1ed3n Wordpress, theme Flatsome v\u00e0 UX Builder, ng\u01b0\u1eddi d\u00f9ng c\u00f3 th\u1ec3 t\u00f9y bi\u1ebfn d\u1ec5 d\u00e0ng. Trang web c\u00f2n n\u1ed5i b\u1eadt v\u1edbi t\u1ed1c \u0111\u1ed9 t\u1ea3i nhanh ch\u00f3ng.<\/p>\n","protected":false},"featured_media":3984,"comment_status":"open","ping_status":"closed","template":"","meta":[],"product_cat":[16],"product_tag":[24],"class_list":{"0":"post-3981","1":"product","2":"type-product","3":"status-publish","4":"has-post-thumbnail","6":"product_cat-tat-ca","7":"product_tag-cong-ty","9":"first","10":"instock","11":"shipping-taxable","12":"purchasable","13":"product-type-simple"},"_links":{"self":[{"href":"https:\/\/ladigi.vn\/thiet-ke-website\/wp-json\/wp\/v2\/product\/3981","targetHints":{"allow":["GET"]}}],"collection":[{"href":"https:\/\/ladigi.vn\/thiet-ke-website\/wp-json\/wp\/v2\/product"}],"about":[{"href":"https:\/\/ladigi.vn\/thiet-ke-website\/wp-json\/wp\/v2\/types\/product"}],"replies":[{"embeddable":true,"href":"https:\/\/ladigi.vn\/thiet-ke-website\/wp-json\/wp\/v2\/comments?post=3981"}],"wp:featuredmedia":[{"embeddable":true,"href":"https:\/\/ladigi.vn\/thiet-ke-website\/wp-json\/wp\/v2\/media\/3984"}],"wp:attachment":[{"href":"https:\/\/ladigi.vn\/thiet-ke-website\/wp-json\/wp\/v2\/media?parent=3981"}],"wp:term":[{"taxonomy":"product_cat","embeddable":true,"href":"https:\/\/ladigi.vn\/thiet-ke-website\/wp-json\/wp\/v2\/product_cat?post=3981"},{"taxonomy":"product_tag","embeddable":true,"href":"https:\/\/ladigi.vn\/thiet-ke-website\/wp-json\/wp\/v2\/product_tag?post=3981"}],"curies":[{"name":"wp","href":"https:\/\/api.w.org\/{rel}","templated":true}]}}